{"id":9409,"date":"2025-09-21T10:44:44","date_gmt":"2025-09-21T09:44:44","guid":{"rendered":"https:\/\/cloakmyads.com\/?post_type=product&#038;p=9409"},"modified":"2025-10-03T16:14:51","modified_gmt":"2025-10-03T15:14:51","slug":"cuentas-de-instagram-ads-cloaking","status":"publish","type":"product","link":"https:\/\/cloakmyads.com\/es\/comprar\/cuentas-de-instagram-ads-cloaking\/","title":{"rendered":"Cuentas de Instagram Ads Cloaking"},"content":{"rendered":"<p data-start=\"313\" data-end=\"724\">Instagram es una de las plataformas m\u00e1s potentes para afiliados, comercio electr\u00f3nico y ofertas de alto compromiso, pero su proceso de revisi\u00f3n de anuncios no perdona. Las cuentas nuevas se marcan r\u00e1pidamente, las creatividades se rechazan nada m\u00e1s verlas y, a menudo, las cuentas de anuncios se desactivan incluso antes de que empiecen las campa\u00f1as. Por eso, los vendedores serios optan por <strong data-start=\"630\" data-end=\"660\">comprar cuentas de Instagram Ads<\/strong> que son antiguos, estables y construidos para una verdadera longevidad de campa\u00f1a.<\/p>\n<p data-start=\"726\" data-end=\"1004\">Con <strong data-start=\"731\" data-end=\"766\">cuentas verificadas de Instagram Ads<\/strong>, con el que obtendr\u00e1 acceso a perfiles vinculados a entidades comerciales de EE. UU. y el Reino Unido, con edades comprendidas entre 2022 y 2024, y que se entregan limpios, sin historial de suspensiones. Estas cuentas ya est\u00e1n identificadas, verificadas por tel\u00e9fono y listas para conectar la facturaci\u00f3n al instante.<\/p>\n<p data-start=\"1006\" data-end=\"1299\">Combinadas con un camuflaje avanzado, las campa\u00f1as de Instagram Ads en nichos como <strong data-start=\"1076\" data-end=\"1131\">nutra, citas, sorteos, finanzas y comercio electr\u00f3nico<\/strong> por fin puede sobrevivir m\u00e1s all\u00e1 de la revisi\u00f3n. Los moderadores y los bots ven una p\u00e1gina segura, mientras que los usuarios reales son redirigidos al sitio de dinero - d\u00e1ndole m\u00e1s tiempo para escalar y obtener beneficios.<\/p>\n<p data-start=\"1301\" data-end=\"1513\">Si desea una mayor duraci\u00f3n de las campa\u00f1as, menos rechazos de anuncios y la libertad de ampliar las ofertas de forma agresiva, lo m\u00e1s inteligente es sencillo: <strong data-start=\"1436\" data-end=\"1466\">comprar cuentas de Instagram Ads<\/strong> verificadas, envejecidas y listas para la capa.<\/p>","protected":false},"excerpt":{"rendered":"<p>Cuentas verificadas de Instagram Ads listas para la ocultaci\u00f3n: promociona criptomonedas, apuestas y otras ofertas marcadas sin que te cierren.<\/p>","protected":false},"featured_media":9411,"template":"","meta":{"_acf_changed":false},"product_brand":[],"product_cat":[65],"product_tag":[],"class_list":{"0":"post-9409","1":"product","2":"type-product","3":"status-publish","4":"has-post-thumbnail","6":"product_cat-accounts","8":"first","9":"instock","10":"purchasable","11":"product-type-simple"},"acf":[],"yoast_head":"<!-- This site is optimized with the Yoast SEO Premium plugin v26.6 (Yoast SEO v26.7) - https:\/\/yoast.com\/wordpress\/plugins\/seo\/ -->\n<title>Buy Instagram Ads Cloaking Accounts \u2013 Run Campaigns Safely<\/title>\n<meta name=\"description\" content=\"Buy Instagram Ads Cloaking Accounts to hide restricted creatives from reviewers while showing real offers to users. Reduce bans and scale campaigns.\" \/>\n<meta name=\"robots\" content=\"index, follow, max-snippet:-1, max-image-preview:large, max-video-preview:-1\" \/>\n<link rel=\"canonical\" href=\"https:\/\/cloakmyads.com\/es\/comprar\/cuentas-de-instagram-ads-cloaking\/\" \/>\n<meta property=\"og:locale\" content=\"es_ES\" \/>\n<meta property=\"og:type\" content=\"article\" \/>\n<meta property=\"og:title\" content=\"Instagram Ads Cloaking Accounts\" \/>\n<meta property=\"og:description\" content=\"Buy Instagram Ads Cloaking Accounts to hide restricted creatives from reviewers while showing real offers to users. Reduce bans and scale campaigns.\" \/>\n<meta property=\"og:url\" content=\"https:\/\/cloakmyads.com\/es\/comprar\/cuentas-de-instagram-ads-cloaking\/\" \/>\n<meta property=\"og:site_name\" content=\"CloakMyAds\" \/>\n<meta property=\"article:modified_time\" content=\"2025-10-03T15:14:51+00:00\" \/>\n<meta property=\"og:image\" content=\"https:\/\/cloakmyads.com\/wp-content\/uploads\/2025\/09\/instagram-ads-cloaking.png\" \/>\n\t<meta property=\"og:image:width\" content=\"940\" \/>\n\t<meta property=\"og:image:height\" content=\"640\" \/>\n\t<meta property=\"og:image:type\" content=\"image\/png\" \/>\n<meta name=\"twitter:card\" content=\"summary_large_image\" \/>\n<meta name=\"twitter:label1\" content=\"Tiempo de lectura\" \/>\n\t<meta name=\"twitter:data1\" content=\"1 minuto\" \/>\n<script type=\"application\/ld+json\" class=\"yoast-schema-graph\">{\"@context\":\"https:\/\/schema.org\",\"@graph\":[{\"@type\":\"WebPage\",\"@id\":\"https:\/\/cloakmyads.com\/buy\/instagram-ads-cloaking-accounts\/\",\"url\":\"https:\/\/cloakmyads.com\/buy\/instagram-ads-cloaking-accounts\/\",\"name\":\"Buy Instagram Ads Cloaking Accounts \u2013 Run Campaigns Safely\",\"isPartOf\":{\"@id\":\"https:\/\/cloakmyads.com\/#website\"},\"primaryImageOfPage\":{\"@id\":\"https:\/\/cloakmyads.com\/buy\/instagram-ads-cloaking-accounts\/#primaryimage\"},\"image\":{\"@id\":\"https:\/\/cloakmyads.com\/buy\/instagram-ads-cloaking-accounts\/#primaryimage\"},\"thumbnailUrl\":\"https:\/\/cloakmyads.com\/wp-content\/uploads\/2025\/09\/instagram-ads-cloaking.png\",\"datePublished\":\"2025-09-21T09:44:44+00:00\",\"dateModified\":\"2025-10-03T15:14:51+00:00\",\"description\":\"Buy Instagram Ads Cloaking Accounts to hide restricted creatives from reviewers while showing real offers to users. Reduce bans and scale campaigns.\",\"breadcrumb\":{\"@id\":\"https:\/\/cloakmyads.com\/buy\/instagram-ads-cloaking-accounts\/#breadcrumb\"},\"inLanguage\":\"es\",\"potentialAction\":[{\"@type\":\"ReadAction\",\"target\":[\"https:\/\/cloakmyads.com\/buy\/instagram-ads-cloaking-accounts\/\"]}]},{\"@type\":\"ImageObject\",\"inLanguage\":\"es\",\"@id\":\"https:\/\/cloakmyads.com\/buy\/instagram-ads-cloaking-accounts\/#primaryimage\",\"url\":\"https:\/\/cloakmyads.com\/wp-content\/uploads\/2025\/09\/instagram-ads-cloaking.png\",\"contentUrl\":\"https:\/\/cloakmyads.com\/wp-content\/uploads\/2025\/09\/instagram-ads-cloaking.png\",\"width\":940,\"height\":640,\"caption\":\"Instagram Cloaking Ads Accounts\"},{\"@type\":\"BreadcrumbList\",\"@id\":\"https:\/\/cloakmyads.com\/buy\/instagram-ads-cloaking-accounts\/#breadcrumb\",\"itemListElement\":[{\"@type\":\"ListItem\",\"position\":1,\"name\":\"Home\",\"item\":\"https:\/\/cloakmyads.com\/\"},{\"@type\":\"ListItem\",\"position\":2,\"name\":\"Shop\",\"item\":\"https:\/\/cloakmyads.com\/ar\/%d9%85%d8%aa%d8%ac%d8%b1\/\"},{\"@type\":\"ListItem\",\"position\":3,\"name\":\"Instagram Ads Cloaking Accounts\"}]},{\"@type\":\"WebSite\",\"@id\":\"https:\/\/cloakmyads.com\/#website\",\"url\":\"https:\/\/cloakmyads.com\/\",\"name\":\"CloakMyAds\",\"description\":\"\",\"publisher\":{\"@id\":\"https:\/\/cloakmyads.com\/#organization\"},\"potentialAction\":[{\"@type\":\"SearchAction\",\"target\":{\"@type\":\"EntryPoint\",\"urlTemplate\":\"https:\/\/cloakmyads.com\/?s={search_term_string}\"},\"query-input\":{\"@type\":\"PropertyValueSpecification\",\"valueRequired\":true,\"valueName\":\"search_term_string\"}}],\"inLanguage\":\"es\"},{\"@type\":\"Organization\",\"@id\":\"https:\/\/cloakmyads.com\/#organization\",\"name\":\"Buy Google Ads Accounts\",\"url\":\"https:\/\/cloakmyads.com\/\",\"logo\":{\"@type\":\"ImageObject\",\"inLanguage\":\"es\",\"@id\":\"https:\/\/cloakmyads.com\/#\/schema\/logo\/image\/\",\"url\":\"https:\/\/cloakmyads.com\/wp-content\/uploads\/2025\/11\/fav-cloak.jpg\",\"contentUrl\":\"https:\/\/cloakmyads.com\/wp-content\/uploads\/2025\/11\/fav-cloak.jpg\",\"width\":512,\"height\":512,\"caption\":\"Buy Google Ads Accounts\"},\"image\":{\"@id\":\"https:\/\/cloakmyads.com\/#\/schema\/logo\/image\/\"}}]}<\/script>\n<!-- \/ Yoast SEO Premium plugin. -->","yoast_head_json":{"title":"Comprar cuentas de Instagram Ads Cloaking - Ejecutar campa\u00f1as de forma segura.","description":"Compra cuentas de Instagram Ads Cloaking para ocultar creatividades restringidas a los revisores mientras muestras ofertas reales a los usuarios. Reduce las prohibiciones y escala las campa\u00f1as.","robots":{"index":"index","follow":"follow","max-snippet":"max-snippet:-1","max-image-preview":"max-image-preview:large","max-video-preview":"max-video-preview:-1"},"canonical":"https:\/\/cloakmyads.com\/es\/comprar\/cuentas-de-instagram-ads-cloaking\/","og_locale":"es_ES","og_type":"article","og_title":"Instagram Ads Cloaking Accounts","og_description":"Buy Instagram Ads Cloaking Accounts to hide restricted creatives from reviewers while showing real offers to users. Reduce bans and scale campaigns.","og_url":"https:\/\/cloakmyads.com\/es\/comprar\/cuentas-de-instagram-ads-cloaking\/","og_site_name":"CloakMyAds","article_modified_time":"2025-10-03T15:14:51+00:00","og_image":[{"width":940,"height":640,"url":"https:\/\/cloakmyads.com\/wp-content\/uploads\/2025\/09\/instagram-ads-cloaking.png","type":"image\/png"}],"twitter_card":"summary_large_image","twitter_misc":{"Tiempo de lectura":"1 minuto"},"schema":{"@context":"https:\/\/schema.org","@graph":[{"@type":"WebPage","@id":"https:\/\/cloakmyads.com\/buy\/instagram-ads-cloaking-accounts\/","url":"https:\/\/cloakmyads.com\/buy\/instagram-ads-cloaking-accounts\/","name":"Comprar cuentas de Instagram Ads Cloaking - Ejecutar campa\u00f1as de forma segura.","isPartOf":{"@id":"https:\/\/cloakmyads.com\/#website"},"primaryImageOfPage":{"@id":"https:\/\/cloakmyads.com\/buy\/instagram-ads-cloaking-accounts\/#primaryimage"},"image":{"@id":"https:\/\/cloakmyads.com\/buy\/instagram-ads-cloaking-accounts\/#primaryimage"},"thumbnailUrl":"https:\/\/cloakmyads.com\/wp-content\/uploads\/2025\/09\/instagram-ads-cloaking.png","datePublished":"2025-09-21T09:44:44+00:00","dateModified":"2025-10-03T15:14:51+00:00","description":"Compra cuentas de Instagram Ads Cloaking para ocultar creatividades restringidas a los revisores mientras muestras ofertas reales a los usuarios. Reduce las prohibiciones y escala las campa\u00f1as.","breadcrumb":{"@id":"https:\/\/cloakmyads.com\/buy\/instagram-ads-cloaking-accounts\/#breadcrumb"},"inLanguage":"es","potentialAction":[{"@type":"ReadAction","target":["https:\/\/cloakmyads.com\/buy\/instagram-ads-cloaking-accounts\/"]}]},{"@type":"ImageObject","inLanguage":"es","@id":"https:\/\/cloakmyads.com\/buy\/instagram-ads-cloaking-accounts\/#primaryimage","url":"https:\/\/cloakmyads.com\/wp-content\/uploads\/2025\/09\/instagram-ads-cloaking.png","contentUrl":"https:\/\/cloakmyads.com\/wp-content\/uploads\/2025\/09\/instagram-ads-cloaking.png","width":940,"height":640,"caption":"Instagram Cloaking Ads Accounts"},{"@type":"BreadcrumbList","@id":"https:\/\/cloakmyads.com\/buy\/instagram-ads-cloaking-accounts\/#breadcrumb","itemListElement":[{"@type":"ListItem","position":1,"name":"Home","item":"https:\/\/cloakmyads.com\/"},{"@type":"ListItem","position":2,"name":"Shop","item":"https:\/\/cloakmyads.com\/ar\/%d9%85%d8%aa%d8%ac%d8%b1\/"},{"@type":"ListItem","position":3,"name":"Instagram Ads Cloaking Accounts"}]},{"@type":"WebSite","@id":"https:\/\/cloakmyads.com\/#website","url":"https:\/\/cloakmyads.com\/","name":"CloakMyAds","description":"","publisher":{"@id":"https:\/\/cloakmyads.com\/#organization"},"potentialAction":[{"@type":"SearchAction","target":{"@type":"EntryPoint","urlTemplate":"https:\/\/cloakmyads.com\/?s={search_term_string}"},"query-input":{"@type":"PropertyValueSpecification","valueRequired":true,"valueName":"search_term_string"}}],"inLanguage":"es"},{"@type":"Organization","@id":"https:\/\/cloakmyads.com\/#organization","name":"Comprar cuentas de Google Ads","url":"https:\/\/cloakmyads.com\/","logo":{"@type":"ImageObject","inLanguage":"es","@id":"https:\/\/cloakmyads.com\/#\/schema\/logo\/image\/","url":"https:\/\/cloakmyads.com\/wp-content\/uploads\/2025\/11\/fav-cloak.jpg","contentUrl":"https:\/\/cloakmyads.com\/wp-content\/uploads\/2025\/11\/fav-cloak.jpg","width":512,"height":512,"caption":"Buy Google Ads Accounts"},"image":{"@id":"https:\/\/cloakmyads.com\/#\/schema\/logo\/image\/"}}]}},"_links":{"self":[{"href":"https:\/\/cloakmyads.com\/es\/wp-json\/wp\/v2\/product\/9409","targetHints":{"allow":["GET"]}}],"collection":[{"href":"https:\/\/cloakmyads.com\/es\/wp-json\/wp\/v2\/product"}],"about":[{"href":"https:\/\/cloakmyads.com\/es\/wp-json\/wp\/v2\/types\/product"}],"version-history":[{"count":3,"href":"https:\/\/cloakmyads.com\/es\/wp-json\/wp\/v2\/product\/9409\/revisions"}],"predecessor-version":[{"id":9745,"href":"https:\/\/cloakmyads.com\/es\/wp-json\/wp\/v2\/product\/9409\/revisions\/9745"}],"wp:featuredmedia":[{"embeddable":true,"href":"https:\/\/cloakmyads.com\/es\/wp-json\/wp\/v2\/media\/9411"}],"wp:attachment":[{"href":"https:\/\/cloakmyads.com\/es\/wp-json\/wp\/v2\/media?parent=9409"}],"wp:term":[{"taxonomy":"product_brand","embeddable":true,"href":"https:\/\/cloakmyads.com\/es\/wp-json\/wp\/v2\/product_brand?post=9409"},{"taxonomy":"product_cat","embeddable":true,"href":"https:\/\/cloakmyads.com\/es\/wp-json\/wp\/v2\/product_cat?post=9409"},{"taxonomy":"product_tag","embeddable":true,"href":"https:\/\/cloakmyads.com\/es\/wp-json\/wp\/v2\/product_tag?post=9409"}],"curies":[{"name":"wp","href":"https:\/\/api.w.org\/{rel}","templated":true}]}}