{"id":4939,"date":"2024-04-01T17:25:57","date_gmt":"2024-04-01T16:25:57","guid":{"rendered":"https:\/\/rentaccounts.net\/?post_type=product&#038;p=4939"},"modified":"2025-10-03T16:31:22","modified_gmt":"2025-10-03T15:31:22","slug":"comprar-cuentas-de-desarrollador-apple-cloaking","status":"publish","type":"product","link":"https:\/\/cloakmyads.com\/es\/comprar\/comprar-cuentas-de-desarrollador-apple-cloaking\/","title":{"rendered":"Cuentas encubiertas para desarrolladores de Apple"},"content":{"rendered":"<p data-start=\"349\" data-end=\"789\">Publicar en el App Store requiere una cuenta de desarrollador verificada: sin ella, no puedes enviar aplicaciones, ejecutar actualizaciones ni gestionar listas. El proceso de verificaci\u00f3n de Apple es estricto y lento, y a menudo bloquea el registro de personas o empresas sin las credenciales adecuadas. Por eso, los editores de aplicaciones, proveedores de SaaS y redes de afiliados serios optan por <strong data-start=\"711\" data-end=\"743\">comprar cuentas de desarrollador de Apple<\/strong> que ya est\u00e1n verificados y listos para usar.<\/p>\n<p data-start=\"791\" data-end=\"1166\">Con <strong data-start=\"796\" data-end=\"833\">cuentas de desarrollador de Apple verificadas<\/strong>, con la que se ahorrar\u00e1 los retrasos, las interminables solicitudes de verificaci\u00f3n y los rechazos aleatorios. Estas cuentas est\u00e1n vinculadas a entidades comerciales de EE.UU. y Reino Unido, con edades comprendidas entre 2022 y 2024, y totalmente verificadas con tel\u00e9fono, correo electr\u00f3nico y datos legales. Cada cuenta incluye acceso al Programa para Desarrolladores de Apple, con la posibilidad de publicar aplicaciones directamente en el App Store.<\/p>\n<p data-start=\"1168\" data-end=\"1436\">Estas cuentas son la infraestructura que necesitas para lanzar una aplicaci\u00f3n de iOS compatible, probar varias versiones o ampliar una red de aplicaciones. A\u00f1ade tus propias apps, gestiona certificados y perfiles de aprovisionamiento y env\u00eda actualizaciones sin esperar semanas a que las aprueben.<\/p>\n<p data-start=\"1438\" data-end=\"1613\">Si quiere velocidad, fiabilidad y control, la soluci\u00f3n es sencilla: <strong data-start=\"1507\" data-end=\"1539\">comprar cuentas de desarrollador de Apple<\/strong> verificados, envejecidos y listos para su publicaci\u00f3n en el App Store.<\/p>","protected":false},"excerpt":{"rendered":"<p>Cuentas verificadas de desarrollador de Apple listas para el env\u00edo de aplicaciones, revisiones y aprobaciones r\u00e1pidas, perfectas para lanzar aplicaciones camufladas, eludir restricciones y distribuirlas sigilosamente.<\/p>","protected":false},"featured_media":9383,"template":"","meta":{"_acf_changed":false},"product_brand":[],"product_cat":[327],"product_tag":[],"class_list":{"0":"post-4939","1":"product","2":"type-product","3":"status-publish","4":"has-post-thumbnail","6":"product_cat-app-accounts","8":"first","9":"instock","10":"purchasable","11":"product-type-simple"},"acf":[],"yoast_head":"<!-- This site is optimized with the Yoast SEO Premium plugin v26.6 (Yoast SEO v26.7) - https:\/\/yoast.com\/wordpress\/plugins\/seo\/ -->\n<title>Buy Apple Developer Cloaking Accounts \u2013 Crypto &amp; Gambling<\/title>\n<meta name=\"description\" content=\"Buy Apple Developer Cloaking Accounts for crypto, gambling, dating and IPTV apps. Verified accounts to publish high-risk iOS apps and scale campaigns.\" \/>\n<meta name=\"robots\" content=\"index, follow, max-snippet:-1, max-image-preview:large, max-video-preview:-1\" \/>\n<link rel=\"canonical\" href=\"https:\/\/cloakmyads.com\/es\/comprar\/comprar-cuentas-de-desarrollador-apple-cloaking\/\" \/>\n<meta property=\"og:locale\" content=\"es_ES\" \/>\n<meta property=\"og:type\" content=\"article\" \/>\n<meta property=\"og:title\" content=\"Apple Developer Cloaking Accounts\" \/>\n<meta property=\"og:description\" content=\"Buy Apple Developer Cloaking Accounts for crypto, gambling, dating and IPTV apps. Verified accounts to publish high-risk iOS apps and scale campaigns.\" \/>\n<meta property=\"og:url\" content=\"https:\/\/cloakmyads.com\/es\/comprar\/comprar-cuentas-de-desarrollador-apple-cloaking\/\" \/>\n<meta property=\"og:site_name\" content=\"CloakMyAds\" \/>\n<meta property=\"article:modified_time\" content=\"2025-10-03T15:31:22+00:00\" \/>\n<meta property=\"og:image\" content=\"https:\/\/cloakmyads.com\/wp-content\/uploads\/2024\/04\/apple-developer-accounts-cloaking.png\" \/>\n\t<meta property=\"og:image:width\" content=\"940\" \/>\n\t<meta property=\"og:image:height\" content=\"640\" \/>\n\t<meta property=\"og:image:type\" content=\"image\/png\" \/>\n<meta name=\"twitter:card\" content=\"summary_large_image\" \/>\n<meta name=\"twitter:label1\" content=\"Tiempo de lectura\" \/>\n\t<meta name=\"twitter:data1\" content=\"2 minutos\" \/>\n<script type=\"application\/ld+json\" class=\"yoast-schema-graph\">{\"@context\":\"https:\/\/schema.org\",\"@graph\":[{\"@type\":\"WebPage\",\"@id\":\"https:\/\/cloakmyads.com\/buy\/buy-apple-developer-accounts-cloaking\/\",\"url\":\"https:\/\/cloakmyads.com\/buy\/buy-apple-developer-accounts-cloaking\/\",\"name\":\"Buy Apple Developer Cloaking Accounts \u2013 Crypto & Gambling\",\"isPartOf\":{\"@id\":\"https:\/\/cloakmyads.com\/#website\"},\"primaryImageOfPage\":{\"@id\":\"https:\/\/cloakmyads.com\/buy\/buy-apple-developer-accounts-cloaking\/#primaryimage\"},\"image\":{\"@id\":\"https:\/\/cloakmyads.com\/buy\/buy-apple-developer-accounts-cloaking\/#primaryimage\"},\"thumbnailUrl\":\"https:\/\/cloakmyads.com\/wp-content\/uploads\/2024\/04\/apple-developer-accounts-cloaking.png\",\"datePublished\":\"2024-04-01T16:25:57+00:00\",\"dateModified\":\"2025-10-03T15:31:22+00:00\",\"description\":\"Buy Apple Developer Cloaking Accounts for crypto, gambling, dating and IPTV apps. Verified accounts to publish high-risk iOS apps and scale campaigns.\",\"breadcrumb\":{\"@id\":\"https:\/\/cloakmyads.com\/buy\/buy-apple-developer-accounts-cloaking\/#breadcrumb\"},\"inLanguage\":\"es\",\"potentialAction\":[{\"@type\":\"ReadAction\",\"target\":[\"https:\/\/cloakmyads.com\/buy\/buy-apple-developer-accounts-cloaking\/\"]}]},{\"@type\":\"ImageObject\",\"inLanguage\":\"es\",\"@id\":\"https:\/\/cloakmyads.com\/buy\/buy-apple-developer-accounts-cloaking\/#primaryimage\",\"url\":\"https:\/\/cloakmyads.com\/wp-content\/uploads\/2024\/04\/apple-developer-accounts-cloaking.png\",\"contentUrl\":\"https:\/\/cloakmyads.com\/wp-content\/uploads\/2024\/04\/apple-developer-accounts-cloaking.png\",\"width\":940,\"height\":640},{\"@type\":\"BreadcrumbList\",\"@id\":\"https:\/\/cloakmyads.com\/buy\/buy-apple-developer-accounts-cloaking\/#breadcrumb\",\"itemListElement\":[{\"@type\":\"ListItem\",\"position\":1,\"name\":\"Home\",\"item\":\"https:\/\/cloakmyads.com\/\"},{\"@type\":\"ListItem\",\"position\":2,\"name\":\"Shop\",\"item\":\"https:\/\/cloakmyads.com\/ar\/%d9%85%d8%aa%d8%ac%d8%b1\/\"},{\"@type\":\"ListItem\",\"position\":3,\"name\":\"Apple Developer Cloaking Accounts\"}]},{\"@type\":\"WebSite\",\"@id\":\"https:\/\/cloakmyads.com\/#website\",\"url\":\"https:\/\/cloakmyads.com\/\",\"name\":\"CloakMyAds\",\"description\":\"\",\"publisher\":{\"@id\":\"https:\/\/cloakmyads.com\/#organization\"},\"potentialAction\":[{\"@type\":\"SearchAction\",\"target\":{\"@type\":\"EntryPoint\",\"urlTemplate\":\"https:\/\/cloakmyads.com\/?s={search_term_string}\"},\"query-input\":{\"@type\":\"PropertyValueSpecification\",\"valueRequired\":true,\"valueName\":\"search_term_string\"}}],\"inLanguage\":\"es\"},{\"@type\":\"Organization\",\"@id\":\"https:\/\/cloakmyads.com\/#organization\",\"name\":\"Buy Google Ads Accounts\",\"url\":\"https:\/\/cloakmyads.com\/\",\"logo\":{\"@type\":\"ImageObject\",\"inLanguage\":\"es\",\"@id\":\"https:\/\/cloakmyads.com\/#\/schema\/logo\/image\/\",\"url\":\"https:\/\/cloakmyads.com\/wp-content\/uploads\/2025\/11\/fav-cloak.jpg\",\"contentUrl\":\"https:\/\/cloakmyads.com\/wp-content\/uploads\/2025\/11\/fav-cloak.jpg\",\"width\":512,\"height\":512,\"caption\":\"Buy Google Ads Accounts\"},\"image\":{\"@id\":\"https:\/\/cloakmyads.com\/#\/schema\/logo\/image\/\"}}]}<\/script>\n<!-- \/ Yoast SEO Premium plugin. -->","yoast_head_json":{"title":"Comprar Apple Developer Cloaking Accounts - Cripto y apuestas","description":"Compra cuentas Apple Developer Cloaking para apps de criptomonedas, apuestas, citas e IPTV. Cuentas verificadas para publicar apps iOS de alto riesgo y escalar campa\u00f1as.","robots":{"index":"index","follow":"follow","max-snippet":"max-snippet:-1","max-image-preview":"max-image-preview:large","max-video-preview":"max-video-preview:-1"},"canonical":"https:\/\/cloakmyads.com\/es\/comprar\/comprar-cuentas-de-desarrollador-apple-cloaking\/","og_locale":"es_ES","og_type":"article","og_title":"Apple Developer Cloaking Accounts","og_description":"Buy Apple Developer Cloaking Accounts for crypto, gambling, dating and IPTV apps. Verified accounts to publish high-risk iOS apps and scale campaigns.","og_url":"https:\/\/cloakmyads.com\/es\/comprar\/comprar-cuentas-de-desarrollador-apple-cloaking\/","og_site_name":"CloakMyAds","article_modified_time":"2025-10-03T15:31:22+00:00","og_image":[{"width":940,"height":640,"url":"https:\/\/cloakmyads.com\/wp-content\/uploads\/2024\/04\/apple-developer-accounts-cloaking.png","type":"image\/png"}],"twitter_card":"summary_large_image","twitter_misc":{"Tiempo de lectura":"2 minutos"},"schema":{"@context":"https:\/\/schema.org","@graph":[{"@type":"WebPage","@id":"https:\/\/cloakmyads.com\/buy\/buy-apple-developer-accounts-cloaking\/","url":"https:\/\/cloakmyads.com\/buy\/buy-apple-developer-accounts-cloaking\/","name":"Comprar Apple Developer Cloaking Accounts - Cripto y apuestas","isPartOf":{"@id":"https:\/\/cloakmyads.com\/#website"},"primaryImageOfPage":{"@id":"https:\/\/cloakmyads.com\/buy\/buy-apple-developer-accounts-cloaking\/#primaryimage"},"image":{"@id":"https:\/\/cloakmyads.com\/buy\/buy-apple-developer-accounts-cloaking\/#primaryimage"},"thumbnailUrl":"https:\/\/cloakmyads.com\/wp-content\/uploads\/2024\/04\/apple-developer-accounts-cloaking.png","datePublished":"2024-04-01T16:25:57+00:00","dateModified":"2025-10-03T15:31:22+00:00","description":"Compra cuentas Apple Developer Cloaking para apps de criptomonedas, apuestas, citas e IPTV. Cuentas verificadas para publicar apps iOS de alto riesgo y escalar campa\u00f1as.","breadcrumb":{"@id":"https:\/\/cloakmyads.com\/buy\/buy-apple-developer-accounts-cloaking\/#breadcrumb"},"inLanguage":"es","potentialAction":[{"@type":"ReadAction","target":["https:\/\/cloakmyads.com\/buy\/buy-apple-developer-accounts-cloaking\/"]}]},{"@type":"ImageObject","inLanguage":"es","@id":"https:\/\/cloakmyads.com\/buy\/buy-apple-developer-accounts-cloaking\/#primaryimage","url":"https:\/\/cloakmyads.com\/wp-content\/uploads\/2024\/04\/apple-developer-accounts-cloaking.png","contentUrl":"https:\/\/cloakmyads.com\/wp-content\/uploads\/2024\/04\/apple-developer-accounts-cloaking.png","width":940,"height":640},{"@type":"BreadcrumbList","@id":"https:\/\/cloakmyads.com\/buy\/buy-apple-developer-accounts-cloaking\/#breadcrumb","itemListElement":[{"@type":"ListItem","position":1,"name":"Home","item":"https:\/\/cloakmyads.com\/"},{"@type":"ListItem","position":2,"name":"Shop","item":"https:\/\/cloakmyads.com\/ar\/%d9%85%d8%aa%d8%ac%d8%b1\/"},{"@type":"ListItem","position":3,"name":"Apple Developer Cloaking Accounts"}]},{"@type":"WebSite","@id":"https:\/\/cloakmyads.com\/#website","url":"https:\/\/cloakmyads.com\/","name":"CloakMyAds","description":"","publisher":{"@id":"https:\/\/cloakmyads.com\/#organization"},"potentialAction":[{"@type":"SearchAction","target":{"@type":"EntryPoint","urlTemplate":"https:\/\/cloakmyads.com\/?s={search_term_string}"},"query-input":{"@type":"PropertyValueSpecification","valueRequired":true,"valueName":"search_term_string"}}],"inLanguage":"es"},{"@type":"Organization","@id":"https:\/\/cloakmyads.com\/#organization","name":"Comprar cuentas de Google Ads","url":"https:\/\/cloakmyads.com\/","logo":{"@type":"ImageObject","inLanguage":"es","@id":"https:\/\/cloakmyads.com\/#\/schema\/logo\/image\/","url":"https:\/\/cloakmyads.com\/wp-content\/uploads\/2025\/11\/fav-cloak.jpg","contentUrl":"https:\/\/cloakmyads.com\/wp-content\/uploads\/2025\/11\/fav-cloak.jpg","width":512,"height":512,"caption":"Buy Google Ads Accounts"},"image":{"@id":"https:\/\/cloakmyads.com\/#\/schema\/logo\/image\/"}}]}},"_links":{"self":[{"href":"https:\/\/cloakmyads.com\/es\/wp-json\/wp\/v2\/product\/4939","targetHints":{"allow":["GET"]}}],"collection":[{"href":"https:\/\/cloakmyads.com\/es\/wp-json\/wp\/v2\/product"}],"about":[{"href":"https:\/\/cloakmyads.com\/es\/wp-json\/wp\/v2\/types\/product"}],"version-history":[{"count":5,"href":"https:\/\/cloakmyads.com\/es\/wp-json\/wp\/v2\/product\/4939\/revisions"}],"predecessor-version":[{"id":9753,"href":"https:\/\/cloakmyads.com\/es\/wp-json\/wp\/v2\/product\/4939\/revisions\/9753"}],"wp:featuredmedia":[{"embeddable":true,"href":"https:\/\/cloakmyads.com\/es\/wp-json\/wp\/v2\/media\/9383"}],"wp:attachment":[{"href":"https:\/\/cloakmyads.com\/es\/wp-json\/wp\/v2\/media?parent=4939"}],"wp:term":[{"taxonomy":"product_brand","embeddable":true,"href":"https:\/\/cloakmyads.com\/es\/wp-json\/wp\/v2\/product_brand?post=4939"},{"taxonomy":"product_cat","embeddable":true,"href":"https:\/\/cloakmyads.com\/es\/wp-json\/wp\/v2\/product_cat?post=4939"},{"taxonomy":"product_tag","embeddable":true,"href":"https:\/\/cloakmyads.com\/es\/wp-json\/wp\/v2\/product_tag?post=4939"}],"curies":[{"name":"wp","href":"https:\/\/api.w.org\/{rel}","templated":true}]}}