{"id":9608,"date":"2025-09-22T16:36:33","date_gmt":"2025-09-22T15:36:33","guid":{"rendered":"https:\/\/cloakmyads.com\/?post_type=product&#038;p=9608"},"modified":"2025-11-08T09:39:00","modified_gmt":"2025-11-08T14:39:00","slug":"affiliate-cpa-angebote-werbung-cloaking","status":"publish","type":"product","link":"https:\/\/cloakmyads.com\/de\/kaufen\/affiliate-cpa-angebote-werbung-cloaking\/","title":{"rendered":"Affiliate \/ CPA Angebote Anzeigenverschleierung"},"content":{"rendered":"<p data-start=\"960\" data-end=\"1191\">Affiliate-Marketing ist sehr wirkungsvoll - aber das meiste, was konvertiert, wird verboten. Egal, ob Sie Nutra-Tests, finanzielle Lead-Generierung, Sweeps, bin\u00e4re Optionen oder aggressive Dropshipping-L\u00e4nder betreiben, die Werbeplattformen werden sie nicht direkt genehmigen.<\/p>\n<p data-start=\"1193\" data-end=\"1462\">Unser Cloaking-System l\u00f6st dieses Problem. Sie f\u00fchren Ihren echten Trichter aus, mit Umleitungen, die auf Browser-Fingerprinting, IP, Geo, Ger\u00e4t und Verkehrsverhalten basieren. Pr\u00fcfer sehen eine saubere Landing Page, w\u00e4hrend echte Nutzer sofort zu Ihrem hochprofitablen Affiliate-Angebot weitergeleitet werden.<\/p>\n<p data-start=\"1464\" data-end=\"1735\">Verwenden Sie es zur F\u00f6rderung <strong data-start=\"1482\" data-end=\"1501\">Produkte zur\u00fcckerstatten<\/strong>, <strong data-start=\"1503\" data-end=\"1523\">Umfrage-Wand CPAs<\/strong>, <strong data-start=\"1525\" data-end=\"1551\">App-Installationen mit einem Klick<\/strong>, und <strong data-start=\"1557\" data-end=\"1575\">bin\u00e4re Optionen<\/strong> ohne sofortige Ablehnung oder Sperrung zu riskieren. Wir filtern Plattform-Bots, menschliche Moderatoren, Headless-Browser und Crawler heraus - damit Ihre Geldseiten privat bleiben.<\/p>\n<p data-start=\"1737\" data-end=\"1913\">Affiliates auf der ganzen Welt vertrauen auf diesen Cloaker, um ihre Kampagnen \u00fcber mehrere Branchen und Traffic-Quellen hinweg am Leben zu erhalten - von Facebook Lead Gen bis hin zu Google Retargeting und TikTok Installs.<\/p>","protected":false},"excerpt":{"rendered":"<p>Das Cloaking-System wurde entwickelt, um Affiliates dabei zu helfen, aggressive, nicht konforme CPA-Angebote \u00fcber Google, Facebook, TikTok und andere wichtige Werbeplattformen zu schalten - einschlie\u00dflich Tests, Umfragen, Finanzfl\u00fcsse und bin\u00e4re Angebote - ohne gesperrt zu werden.<\/p>","protected":false},"featured_media":9556,"template":"","meta":{"_acf_changed":false},"product_brand":[],"product_cat":[325],"product_tag":[],"class_list":{"0":"post-9608","1":"product","2":"type-product","3":"status-publish","4":"has-post-thumbnail","6":"product_cat-cloaking","8":"first","9":"instock","10":"purchasable","11":"product-type-simple"},"acf":[],"yoast_head":"<!-- This site is optimized with the Yoast SEO Premium plugin v26.6 (Yoast SEO v26.7) - https:\/\/yoast.com\/wordpress\/plugins\/seo\/ -->\n<title>Buy Affiliate &amp; CPA Ads Cloaking \u2013 Run Offers Safely<\/title>\n<meta name=\"description\" content=\"Buy Affiliate &amp; CPA Offers Ads Cloaking to bypass strict ad checks, hide blackhat offers, and keep campaigns approved.\" \/>\n<meta name=\"robots\" content=\"index, follow, max-snippet:-1, max-image-preview:large, max-video-preview:-1\" \/>\n<link rel=\"canonical\" href=\"https:\/\/cloakmyads.com\/de\/kaufen\/affiliate-cpa-angebote-werbung-cloaking\/\" \/>\n<meta property=\"og:locale\" content=\"de_DE\" \/>\n<meta property=\"og:type\" content=\"article\" \/>\n<meta property=\"og:title\" content=\"Affiliate \/ CPA Offers Ads Cloaking\" \/>\n<meta property=\"og:description\" content=\"Buy Affiliate &amp; CPA Offers Ads Cloaking to bypass strict ad checks, hide blackhat offers, and keep campaigns approved.\" \/>\n<meta property=\"og:url\" content=\"https:\/\/cloakmyads.com\/de\/kaufen\/affiliate-cpa-angebote-werbung-cloaking\/\" \/>\n<meta property=\"og:site_name\" content=\"CloakMyAds\" \/>\n<meta property=\"article:modified_time\" content=\"2025-11-08T14:39:00+00:00\" \/>\n<meta property=\"og:image\" content=\"https:\/\/cloakmyads.com\/wp-content\/uploads\/2025\/09\/cloaking-ads.jpg\" \/>\n\t<meta property=\"og:image:width\" content=\"605\" \/>\n\t<meta property=\"og:image:height\" content=\"400\" \/>\n\t<meta property=\"og:image:type\" content=\"image\/jpeg\" \/>\n<meta name=\"twitter:card\" content=\"summary_large_image\" \/>\n<meta name=\"twitter:label1\" content=\"Gesch\u00e4tzte Lesezeit\" \/>\n\t<meta name=\"twitter:data1\" content=\"1\u00a0Minute\" \/>\n<script type=\"application\/ld+json\" class=\"yoast-schema-graph\">{\"@context\":\"https:\/\/schema.org\",\"@graph\":[{\"@type\":\"WebPage\",\"@id\":\"https:\/\/cloakmyads.com\/buy\/affiliate-cpa-offers-ads-cloaking\/\",\"url\":\"https:\/\/cloakmyads.com\/buy\/affiliate-cpa-offers-ads-cloaking\/\",\"name\":\"Buy Affiliate & CPA Ads Cloaking \u2013 Run Offers Safely\",\"isPartOf\":{\"@id\":\"https:\/\/cloakmyads.com\/#website\"},\"primaryImageOfPage\":{\"@id\":\"https:\/\/cloakmyads.com\/buy\/affiliate-cpa-offers-ads-cloaking\/#primaryimage\"},\"image\":{\"@id\":\"https:\/\/cloakmyads.com\/buy\/affiliate-cpa-offers-ads-cloaking\/#primaryimage\"},\"thumbnailUrl\":\"https:\/\/cloakmyads.com\/wp-content\/uploads\/2025\/09\/cloaking-ads.jpg\",\"datePublished\":\"2025-09-22T15:36:33+00:00\",\"dateModified\":\"2025-11-08T14:39:00+00:00\",\"description\":\"Buy Affiliate & CPA Offers Ads Cloaking to bypass strict ad checks, hide blackhat offers, and keep campaigns approved.\",\"breadcrumb\":{\"@id\":\"https:\/\/cloakmyads.com\/buy\/affiliate-cpa-offers-ads-cloaking\/#breadcrumb\"},\"inLanguage\":\"de\",\"potentialAction\":[{\"@type\":\"ReadAction\",\"target\":[\"https:\/\/cloakmyads.com\/buy\/affiliate-cpa-offers-ads-cloaking\/\"]}]},{\"@type\":\"ImageObject\",\"inLanguage\":\"de\",\"@id\":\"https:\/\/cloakmyads.com\/buy\/affiliate-cpa-offers-ads-cloaking\/#primaryimage\",\"url\":\"https:\/\/cloakmyads.com\/wp-content\/uploads\/2025\/09\/cloaking-ads.jpg\",\"contentUrl\":\"https:\/\/cloakmyads.com\/wp-content\/uploads\/2025\/09\/cloaking-ads.jpg\",\"width\":605,\"height\":400,\"caption\":\"Ads cloaking\"},{\"@type\":\"BreadcrumbList\",\"@id\":\"https:\/\/cloakmyads.com\/buy\/affiliate-cpa-offers-ads-cloaking\/#breadcrumb\",\"itemListElement\":[{\"@type\":\"ListItem\",\"position\":1,\"name\":\"Home\",\"item\":\"https:\/\/cloakmyads.com\/\"},{\"@type\":\"ListItem\",\"position\":2,\"name\":\"Shop\",\"item\":\"https:\/\/cloakmyads.com\/ar\/%d9%85%d8%aa%d8%ac%d8%b1\/\"},{\"@type\":\"ListItem\",\"position\":3,\"name\":\"Affiliate \/ CPA Offers Ads Cloaking\"}]},{\"@type\":\"WebSite\",\"@id\":\"https:\/\/cloakmyads.com\/#website\",\"url\":\"https:\/\/cloakmyads.com\/\",\"name\":\"CloakMyAds\",\"description\":\"\",\"publisher\":{\"@id\":\"https:\/\/cloakmyads.com\/#organization\"},\"potentialAction\":[{\"@type\":\"SearchAction\",\"target\":{\"@type\":\"EntryPoint\",\"urlTemplate\":\"https:\/\/cloakmyads.com\/?s={search_term_string}\"},\"query-input\":{\"@type\":\"PropertyValueSpecification\",\"valueRequired\":true,\"valueName\":\"search_term_string\"}}],\"inLanguage\":\"de\"},{\"@type\":\"Organization\",\"@id\":\"https:\/\/cloakmyads.com\/#organization\",\"name\":\"Buy Google Ads Accounts\",\"url\":\"https:\/\/cloakmyads.com\/\",\"logo\":{\"@type\":\"ImageObject\",\"inLanguage\":\"de\",\"@id\":\"https:\/\/cloakmyads.com\/#\/schema\/logo\/image\/\",\"url\":\"https:\/\/cloakmyads.com\/wp-content\/uploads\/2025\/11\/fav-cloak.jpg\",\"contentUrl\":\"https:\/\/cloakmyads.com\/wp-content\/uploads\/2025\/11\/fav-cloak.jpg\",\"width\":512,\"height\":512,\"caption\":\"Buy Google Ads Accounts\"},\"image\":{\"@id\":\"https:\/\/cloakmyads.com\/#\/schema\/logo\/image\/\"}}]}<\/script>\n<!-- \/ Yoast SEO Premium plugin. -->","yoast_head_json":{"title":"Affiliate &amp; CPA Ads Cloaking kaufen - Angebote sicher betreiben","description":"Kaufen Sie Affiliate- &amp; CPA-Angebote Ads Cloaking, um strenge Anzeigenkontrollen zu umgehen, Blackhat-Angebote zu verbergen und Kampagnen genehmigt zu halten.","robots":{"index":"index","follow":"follow","max-snippet":"max-snippet:-1","max-image-preview":"max-image-preview:large","max-video-preview":"max-video-preview:-1"},"canonical":"https:\/\/cloakmyads.com\/de\/kaufen\/affiliate-cpa-angebote-werbung-cloaking\/","og_locale":"de_DE","og_type":"article","og_title":"Affiliate \/ CPA Offers Ads Cloaking","og_description":"Buy Affiliate & CPA Offers Ads Cloaking to bypass strict ad checks, hide blackhat offers, and keep campaigns approved.","og_url":"https:\/\/cloakmyads.com\/de\/kaufen\/affiliate-cpa-angebote-werbung-cloaking\/","og_site_name":"CloakMyAds","article_modified_time":"2025-11-08T14:39:00+00:00","og_image":[{"width":605,"height":400,"url":"https:\/\/cloakmyads.com\/wp-content\/uploads\/2025\/09\/cloaking-ads.jpg","type":"image\/jpeg"}],"twitter_card":"summary_large_image","twitter_misc":{"Gesch\u00e4tzte Lesezeit":"1\u00a0Minute"},"schema":{"@context":"https:\/\/schema.org","@graph":[{"@type":"WebPage","@id":"https:\/\/cloakmyads.com\/buy\/affiliate-cpa-offers-ads-cloaking\/","url":"https:\/\/cloakmyads.com\/buy\/affiliate-cpa-offers-ads-cloaking\/","name":"Affiliate &amp; CPA Ads Cloaking kaufen - Angebote sicher betreiben","isPartOf":{"@id":"https:\/\/cloakmyads.com\/#website"},"primaryImageOfPage":{"@id":"https:\/\/cloakmyads.com\/buy\/affiliate-cpa-offers-ads-cloaking\/#primaryimage"},"image":{"@id":"https:\/\/cloakmyads.com\/buy\/affiliate-cpa-offers-ads-cloaking\/#primaryimage"},"thumbnailUrl":"https:\/\/cloakmyads.com\/wp-content\/uploads\/2025\/09\/cloaking-ads.jpg","datePublished":"2025-09-22T15:36:33+00:00","dateModified":"2025-11-08T14:39:00+00:00","description":"Kaufen Sie Affiliate- &amp; CPA-Angebote Ads Cloaking, um strenge Anzeigenkontrollen zu umgehen, Blackhat-Angebote zu verbergen und Kampagnen genehmigt zu halten.","breadcrumb":{"@id":"https:\/\/cloakmyads.com\/buy\/affiliate-cpa-offers-ads-cloaking\/#breadcrumb"},"inLanguage":"de","potentialAction":[{"@type":"ReadAction","target":["https:\/\/cloakmyads.com\/buy\/affiliate-cpa-offers-ads-cloaking\/"]}]},{"@type":"ImageObject","inLanguage":"de","@id":"https:\/\/cloakmyads.com\/buy\/affiliate-cpa-offers-ads-cloaking\/#primaryimage","url":"https:\/\/cloakmyads.com\/wp-content\/uploads\/2025\/09\/cloaking-ads.jpg","contentUrl":"https:\/\/cloakmyads.com\/wp-content\/uploads\/2025\/09\/cloaking-ads.jpg","width":605,"height":400,"caption":"Ads cloaking"},{"@type":"BreadcrumbList","@id":"https:\/\/cloakmyads.com\/buy\/affiliate-cpa-offers-ads-cloaking\/#breadcrumb","itemListElement":[{"@type":"ListItem","position":1,"name":"Home","item":"https:\/\/cloakmyads.com\/"},{"@type":"ListItem","position":2,"name":"Shop","item":"https:\/\/cloakmyads.com\/ar\/%d9%85%d8%aa%d8%ac%d8%b1\/"},{"@type":"ListItem","position":3,"name":"Affiliate \/ CPA Offers Ads Cloaking"}]},{"@type":"WebSite","@id":"https:\/\/cloakmyads.com\/#website","url":"https:\/\/cloakmyads.com\/","name":"CloakMyAds","description":"","publisher":{"@id":"https:\/\/cloakmyads.com\/#organization"},"potentialAction":[{"@type":"SearchAction","target":{"@type":"EntryPoint","urlTemplate":"https:\/\/cloakmyads.com\/?s={search_term_string}"},"query-input":{"@type":"PropertyValueSpecification","valueRequired":true,"valueName":"search_term_string"}}],"inLanguage":"de"},{"@type":"Organization","@id":"https:\/\/cloakmyads.com\/#organization","name":"Google Ads-Konten kaufen","url":"https:\/\/cloakmyads.com\/","logo":{"@type":"ImageObject","inLanguage":"de","@id":"https:\/\/cloakmyads.com\/#\/schema\/logo\/image\/","url":"https:\/\/cloakmyads.com\/wp-content\/uploads\/2025\/11\/fav-cloak.jpg","contentUrl":"https:\/\/cloakmyads.com\/wp-content\/uploads\/2025\/11\/fav-cloak.jpg","width":512,"height":512,"caption":"Buy Google Ads Accounts"},"image":{"@id":"https:\/\/cloakmyads.com\/#\/schema\/logo\/image\/"}}]}},"_links":{"self":[{"href":"https:\/\/cloakmyads.com\/de\/wp-json\/wp\/v2\/product\/9608","targetHints":{"allow":["GET"]}}],"collection":[{"href":"https:\/\/cloakmyads.com\/de\/wp-json\/wp\/v2\/product"}],"about":[{"href":"https:\/\/cloakmyads.com\/de\/wp-json\/wp\/v2\/types\/product"}],"version-history":[{"count":3,"href":"https:\/\/cloakmyads.com\/de\/wp-json\/wp\/v2\/product\/9608\/revisions"}],"predecessor-version":[{"id":9851,"href":"https:\/\/cloakmyads.com\/de\/wp-json\/wp\/v2\/product\/9608\/revisions\/9851"}],"wp:featuredmedia":[{"embeddable":true,"href":"https:\/\/cloakmyads.com\/de\/wp-json\/wp\/v2\/media\/9556"}],"wp:attachment":[{"href":"https:\/\/cloakmyads.com\/de\/wp-json\/wp\/v2\/media?parent=9608"}],"wp:term":[{"taxonomy":"product_brand","embeddable":true,"href":"https:\/\/cloakmyads.com\/de\/wp-json\/wp\/v2\/product_brand?post=9608"},{"taxonomy":"product_cat","embeddable":true,"href":"https:\/\/cloakmyads.com\/de\/wp-json\/wp\/v2\/product_cat?post=9608"},{"taxonomy":"product_tag","embeddable":true,"href":"https:\/\/cloakmyads.com\/de\/wp-json\/wp\/v2\/product_tag?post=9608"}],"curies":[{"name":"wp","href":"https:\/\/api.w.org\/{rel}","templated":true}]}}