{"id":9593,"date":"2025-09-22T15:24:52","date_gmt":"2025-09-22T14:24:52","guid":{"rendered":"https:\/\/cloakmyads.com\/?post_type=product&#038;p=9593"},"modified":"2025-11-08T09:40:30","modified_gmt":"2025-11-08T14:40:30","slug":"glucksspiel-wetten-lotterie-anzeigen-cloaking","status":"publish","type":"product","link":"https:\/\/cloakmyads.com\/de\/kaufen\/glucksspiel-wetten-lotterie-anzeigen-cloaking\/","title":{"rendered":"Gl\u00fccksspiel Wetten Lotterie Anzeigen Cloaking"},"content":{"rendered":"<p data-start=\"447\" data-end=\"723\">Schalten Sie vertrauensvoll Anzeigen auf Google, Facebook, TikTok und Native, ohne dass dies zu Ablehnungen oder Verboten f\u00fchrt.<\/p>\n<p data-start=\"725\" data-end=\"1015\">Ob Sie nun die <strong data-start=\"748\" data-end=\"757\">1xWette<\/strong>, <strong data-start=\"759\" data-end=\"769\">Bet365<\/strong>, <strong data-start=\"771\" data-end=\"794\">Spin-to-Win-Trichter<\/strong>, oder <strong data-start=\"799\" data-end=\"827\">\u201ciPhone gewinnen\u201d-Gewinnspiel<\/strong>, Unser Cloaker filtert Rezensenten, Bots und verd\u00e4chtige Aktivit\u00e4ten heraus, bevor sie Ihre echte Landing Page erreichen. Umleitungen erfolgen sofort und k\u00f6nnen nach Ger\u00e4t, Standort, Sprache und mehr angepasst werden.<\/p>\n<p data-start=\"1017\" data-end=\"1239\">Diese L\u00f6sung genie\u00dft das Vertrauen von <strong data-start=\"1045\" data-end=\"1068\">Affiliate-Vermarkter<\/strong>, <strong data-start=\"1070\" data-end=\"1085\">Hauptabnehmer<\/strong>, und <strong data-start=\"1091\" data-end=\"1103\">Agenturen<\/strong> die in Hochrisikoregionen oder -branchen t\u00e4tig sind. So k\u00f6nnen Sie Kampagnen skalieren, ohne st\u00e4ndig neue Konten einrichten oder gegen die Einhaltung von Vorschriften k\u00e4mpfen zu m\u00fcssen.<\/p>","protected":false},"excerpt":{"rendered":"<p>Schalten Sie eingeschr\u00e4nkte Anzeigen wie Casinos, Sportwetten, Gewinnspiele und Lotterien mit einer leistungsstarken Tarnung, die Ihre Anzeigen live und Ihre Konten sicher h\u00e4lt.<\/p>","protected":false},"featured_media":9556,"template":"","meta":{"_acf_changed":false},"product_brand":[],"product_cat":[325],"product_tag":[],"class_list":{"0":"post-9593","1":"product","2":"type-product","3":"status-publish","4":"has-post-thumbnail","6":"product_cat-cloaking","8":"first","9":"instock","10":"purchasable","11":"product-type-simple"},"acf":[],"yoast_head":"<!-- This site is optimized with the Yoast SEO Premium plugin v26.6 (Yoast SEO v26.7) - https:\/\/yoast.com\/wordpress\/plugins\/seo\/ -->\n<title>Buy Gambling Ads Cloaking \u2013 Betting &amp; Lottery Safe<\/title>\n<meta name=\"description\" content=\"Buy Betting &amp; Lottery Ads Cloaking to bypass ad policies, hide gambling content, and keep campaigns running without bans.\" \/>\n<meta name=\"robots\" content=\"index, follow, max-snippet:-1, max-image-preview:large, max-video-preview:-1\" \/>\n<link rel=\"canonical\" href=\"https:\/\/cloakmyads.com\/de\/kaufen\/glucksspiel-wetten-lotterie-anzeigen-cloaking\/\" \/>\n<meta property=\"og:locale\" content=\"de_DE\" \/>\n<meta property=\"og:type\" content=\"article\" \/>\n<meta property=\"og:title\" content=\"Gambling Betting Lottery Ads Cloaking\" \/>\n<meta property=\"og:description\" content=\"Buy Betting &amp; Lottery Ads Cloaking to bypass ad policies, hide gambling content, and keep campaigns running without bans.\" \/>\n<meta property=\"og:url\" content=\"https:\/\/cloakmyads.com\/de\/kaufen\/glucksspiel-wetten-lotterie-anzeigen-cloaking\/\" \/>\n<meta property=\"og:site_name\" content=\"CloakMyAds\" \/>\n<meta property=\"article:modified_time\" content=\"2025-11-08T14:40:30+00:00\" \/>\n<meta property=\"og:image\" content=\"https:\/\/cloakmyads.com\/wp-content\/uploads\/2025\/09\/cloaking-ads.jpg\" \/>\n\t<meta property=\"og:image:width\" content=\"605\" \/>\n\t<meta property=\"og:image:height\" content=\"400\" \/>\n\t<meta property=\"og:image:type\" content=\"image\/jpeg\" \/>\n<meta name=\"twitter:card\" content=\"summary_large_image\" \/>\n<meta name=\"twitter:label1\" content=\"Gesch\u00e4tzte Lesezeit\" \/>\n\t<meta name=\"twitter:data1\" content=\"1\u00a0Minute\" \/>\n<script type=\"application\/ld+json\" class=\"yoast-schema-graph\">{\"@context\":\"https:\/\/schema.org\",\"@graph\":[{\"@type\":\"WebPage\",\"@id\":\"https:\/\/cloakmyads.com\/buy\/gambling-betting-lottery-ads-cloaking\/\",\"url\":\"https:\/\/cloakmyads.com\/buy\/gambling-betting-lottery-ads-cloaking\/\",\"name\":\"Buy Gambling Ads Cloaking \u2013 Betting & Lottery Safe\",\"isPartOf\":{\"@id\":\"https:\/\/cloakmyads.com\/#website\"},\"primaryImageOfPage\":{\"@id\":\"https:\/\/cloakmyads.com\/buy\/gambling-betting-lottery-ads-cloaking\/#primaryimage\"},\"image\":{\"@id\":\"https:\/\/cloakmyads.com\/buy\/gambling-betting-lottery-ads-cloaking\/#primaryimage\"},\"thumbnailUrl\":\"https:\/\/cloakmyads.com\/wp-content\/uploads\/2025\/09\/cloaking-ads.jpg\",\"datePublished\":\"2025-09-22T14:24:52+00:00\",\"dateModified\":\"2025-11-08T14:40:30+00:00\",\"description\":\"Buy Betting & Lottery Ads Cloaking to bypass ad policies, hide gambling content, and keep campaigns running without bans.\",\"breadcrumb\":{\"@id\":\"https:\/\/cloakmyads.com\/buy\/gambling-betting-lottery-ads-cloaking\/#breadcrumb\"},\"inLanguage\":\"de\",\"potentialAction\":[{\"@type\":\"ReadAction\",\"target\":[\"https:\/\/cloakmyads.com\/buy\/gambling-betting-lottery-ads-cloaking\/\"]}]},{\"@type\":\"ImageObject\",\"inLanguage\":\"de\",\"@id\":\"https:\/\/cloakmyads.com\/buy\/gambling-betting-lottery-ads-cloaking\/#primaryimage\",\"url\":\"https:\/\/cloakmyads.com\/wp-content\/uploads\/2025\/09\/cloaking-ads.jpg\",\"contentUrl\":\"https:\/\/cloakmyads.com\/wp-content\/uploads\/2025\/09\/cloaking-ads.jpg\",\"width\":605,\"height\":400,\"caption\":\"Ads cloaking\"},{\"@type\":\"BreadcrumbList\",\"@id\":\"https:\/\/cloakmyads.com\/buy\/gambling-betting-lottery-ads-cloaking\/#breadcrumb\",\"itemListElement\":[{\"@type\":\"ListItem\",\"position\":1,\"name\":\"Home\",\"item\":\"https:\/\/cloakmyads.com\/\"},{\"@type\":\"ListItem\",\"position\":2,\"name\":\"Shop\",\"item\":\"https:\/\/cloakmyads.com\/ar\/%d9%85%d8%aa%d8%ac%d8%b1\/\"},{\"@type\":\"ListItem\",\"position\":3,\"name\":\"Gambling Betting Lottery Ads Cloaking\"}]},{\"@type\":\"WebSite\",\"@id\":\"https:\/\/cloakmyads.com\/#website\",\"url\":\"https:\/\/cloakmyads.com\/\",\"name\":\"CloakMyAds\",\"description\":\"\",\"publisher\":{\"@id\":\"https:\/\/cloakmyads.com\/#organization\"},\"potentialAction\":[{\"@type\":\"SearchAction\",\"target\":{\"@type\":\"EntryPoint\",\"urlTemplate\":\"https:\/\/cloakmyads.com\/?s={search_term_string}\"},\"query-input\":{\"@type\":\"PropertyValueSpecification\",\"valueRequired\":true,\"valueName\":\"search_term_string\"}}],\"inLanguage\":\"de\"},{\"@type\":\"Organization\",\"@id\":\"https:\/\/cloakmyads.com\/#organization\",\"name\":\"Buy Google Ads Accounts\",\"url\":\"https:\/\/cloakmyads.com\/\",\"logo\":{\"@type\":\"ImageObject\",\"inLanguage\":\"de\",\"@id\":\"https:\/\/cloakmyads.com\/#\/schema\/logo\/image\/\",\"url\":\"https:\/\/cloakmyads.com\/wp-content\/uploads\/2025\/11\/fav-cloak.jpg\",\"contentUrl\":\"https:\/\/cloakmyads.com\/wp-content\/uploads\/2025\/11\/fav-cloak.jpg\",\"width\":512,\"height\":512,\"caption\":\"Buy Google Ads Accounts\"},\"image\":{\"@id\":\"https:\/\/cloakmyads.com\/#\/schema\/logo\/image\/\"}}]}<\/script>\n<!-- \/ Yoast SEO Premium plugin. -->","yoast_head_json":{"title":"Kaufen Gl\u00fccksspiel Anzeigen Cloaking - Wetten &amp; Lotterie sicher","description":"Kaufen Sie Cloaking f\u00fcr Wett- und Lotterieanzeigen, um Anzeigenrichtlinien zu umgehen, Gl\u00fccksspielinhalte zu verbergen und Kampagnen ohne Sperren laufen zu lassen.","robots":{"index":"index","follow":"follow","max-snippet":"max-snippet:-1","max-image-preview":"max-image-preview:large","max-video-preview":"max-video-preview:-1"},"canonical":"https:\/\/cloakmyads.com\/de\/kaufen\/glucksspiel-wetten-lotterie-anzeigen-cloaking\/","og_locale":"de_DE","og_type":"article","og_title":"Gambling Betting Lottery Ads Cloaking","og_description":"Buy Betting & Lottery Ads Cloaking to bypass ad policies, hide gambling content, and keep campaigns running without bans.","og_url":"https:\/\/cloakmyads.com\/de\/kaufen\/glucksspiel-wetten-lotterie-anzeigen-cloaking\/","og_site_name":"CloakMyAds","article_modified_time":"2025-11-08T14:40:30+00:00","og_image":[{"width":605,"height":400,"url":"https:\/\/cloakmyads.com\/wp-content\/uploads\/2025\/09\/cloaking-ads.jpg","type":"image\/jpeg"}],"twitter_card":"summary_large_image","twitter_misc":{"Gesch\u00e4tzte Lesezeit":"1\u00a0Minute"},"schema":{"@context":"https:\/\/schema.org","@graph":[{"@type":"WebPage","@id":"https:\/\/cloakmyads.com\/buy\/gambling-betting-lottery-ads-cloaking\/","url":"https:\/\/cloakmyads.com\/buy\/gambling-betting-lottery-ads-cloaking\/","name":"Kaufen Gl\u00fccksspiel Anzeigen Cloaking - Wetten &amp; Lotterie sicher","isPartOf":{"@id":"https:\/\/cloakmyads.com\/#website"},"primaryImageOfPage":{"@id":"https:\/\/cloakmyads.com\/buy\/gambling-betting-lottery-ads-cloaking\/#primaryimage"},"image":{"@id":"https:\/\/cloakmyads.com\/buy\/gambling-betting-lottery-ads-cloaking\/#primaryimage"},"thumbnailUrl":"https:\/\/cloakmyads.com\/wp-content\/uploads\/2025\/09\/cloaking-ads.jpg","datePublished":"2025-09-22T14:24:52+00:00","dateModified":"2025-11-08T14:40:30+00:00","description":"Kaufen Sie Cloaking f\u00fcr Wett- und Lotterieanzeigen, um Anzeigenrichtlinien zu umgehen, Gl\u00fccksspielinhalte zu verbergen und Kampagnen ohne Sperren laufen zu lassen.","breadcrumb":{"@id":"https:\/\/cloakmyads.com\/buy\/gambling-betting-lottery-ads-cloaking\/#breadcrumb"},"inLanguage":"de","potentialAction":[{"@type":"ReadAction","target":["https:\/\/cloakmyads.com\/buy\/gambling-betting-lottery-ads-cloaking\/"]}]},{"@type":"ImageObject","inLanguage":"de","@id":"https:\/\/cloakmyads.com\/buy\/gambling-betting-lottery-ads-cloaking\/#primaryimage","url":"https:\/\/cloakmyads.com\/wp-content\/uploads\/2025\/09\/cloaking-ads.jpg","contentUrl":"https:\/\/cloakmyads.com\/wp-content\/uploads\/2025\/09\/cloaking-ads.jpg","width":605,"height":400,"caption":"Ads cloaking"},{"@type":"BreadcrumbList","@id":"https:\/\/cloakmyads.com\/buy\/gambling-betting-lottery-ads-cloaking\/#breadcrumb","itemListElement":[{"@type":"ListItem","position":1,"name":"Home","item":"https:\/\/cloakmyads.com\/"},{"@type":"ListItem","position":2,"name":"Shop","item":"https:\/\/cloakmyads.com\/ar\/%d9%85%d8%aa%d8%ac%d8%b1\/"},{"@type":"ListItem","position":3,"name":"Gambling Betting Lottery Ads Cloaking"}]},{"@type":"WebSite","@id":"https:\/\/cloakmyads.com\/#website","url":"https:\/\/cloakmyads.com\/","name":"CloakMyAds","description":"","publisher":{"@id":"https:\/\/cloakmyads.com\/#organization"},"potentialAction":[{"@type":"SearchAction","target":{"@type":"EntryPoint","urlTemplate":"https:\/\/cloakmyads.com\/?s={search_term_string}"},"query-input":{"@type":"PropertyValueSpecification","valueRequired":true,"valueName":"search_term_string"}}],"inLanguage":"de"},{"@type":"Organization","@id":"https:\/\/cloakmyads.com\/#organization","name":"Google Ads-Konten kaufen","url":"https:\/\/cloakmyads.com\/","logo":{"@type":"ImageObject","inLanguage":"de","@id":"https:\/\/cloakmyads.com\/#\/schema\/logo\/image\/","url":"https:\/\/cloakmyads.com\/wp-content\/uploads\/2025\/11\/fav-cloak.jpg","contentUrl":"https:\/\/cloakmyads.com\/wp-content\/uploads\/2025\/11\/fav-cloak.jpg","width":512,"height":512,"caption":"Buy Google Ads Accounts"},"image":{"@id":"https:\/\/cloakmyads.com\/#\/schema\/logo\/image\/"}}]}},"_links":{"self":[{"href":"https:\/\/cloakmyads.com\/de\/wp-json\/wp\/v2\/product\/9593","targetHints":{"allow":["GET"]}}],"collection":[{"href":"https:\/\/cloakmyads.com\/de\/wp-json\/wp\/v2\/product"}],"about":[{"href":"https:\/\/cloakmyads.com\/de\/wp-json\/wp\/v2\/types\/product"}],"version-history":[{"count":3,"href":"https:\/\/cloakmyads.com\/de\/wp-json\/wp\/v2\/product\/9593\/revisions"}],"predecessor-version":[{"id":9856,"href":"https:\/\/cloakmyads.com\/de\/wp-json\/wp\/v2\/product\/9593\/revisions\/9856"}],"wp:featuredmedia":[{"embeddable":true,"href":"https:\/\/cloakmyads.com\/de\/wp-json\/wp\/v2\/media\/9556"}],"wp:attachment":[{"href":"https:\/\/cloakmyads.com\/de\/wp-json\/wp\/v2\/media?parent=9593"}],"wp:term":[{"taxonomy":"product_brand","embeddable":true,"href":"https:\/\/cloakmyads.com\/de\/wp-json\/wp\/v2\/product_brand?post=9593"},{"taxonomy":"product_cat","embeddable":true,"href":"https:\/\/cloakmyads.com\/de\/wp-json\/wp\/v2\/product_cat?post=9593"},{"taxonomy":"product_tag","embeddable":true,"href":"https:\/\/cloakmyads.com\/de\/wp-json\/wp\/v2\/product_tag?post=9593"}],"curies":[{"name":"wp","href":"https:\/\/api.w.org\/{rel}","templated":true}]}}