{"id":9409,"date":"2025-09-21T10:44:44","date_gmt":"2025-09-21T09:44:44","guid":{"rendered":"https:\/\/cloakmyads.com\/?post_type=product&#038;p=9409"},"modified":"2025-10-03T16:14:51","modified_gmt":"2025-10-03T15:14:51","slug":"instagram-anzeigen-cloaking-konten","status":"publish","type":"product","link":"https:\/\/cloakmyads.com\/de\/kaufen\/instagram-anzeigen-cloaking-konten\/","title":{"rendered":"Instagram Ads Cloaking Konten"},"content":{"rendered":"<p data-start=\"313\" data-end=\"724\">Instagram ist eine der leistungsst\u00e4rksten Plattformen f\u00fcr Affiliates, E-Commerce und Angebote mit hohem Engagement - aber der Prozess der Anzeigenpr\u00fcfung ist gnadenlos. Neue Konten werden schnell markiert, Werbemotive werden sofort abgelehnt und Anzeigenkonten werden oft deaktiviert, bevor Kampagnen \u00fcberhaupt gestartet werden. Deshalb entscheiden sich seri\u00f6se Vermarkter f\u00fcr <strong data-start=\"630\" data-end=\"660\">Instagram Ads Konten kaufen<\/strong> die alt, stabil und f\u00fcr eine lange Lebensdauer der Kampagne ausgelegt sind.<\/p>\n<p data-start=\"726\" data-end=\"1004\">Mit <strong data-start=\"731\" data-end=\"766\">verifizierte Instagram Ads-Konten<\/strong>, erhalten Sie Zugang zu Profilen, die an Unternehmen in den USA und im Vereinigten K\u00f6nigreich gebunden sind, zwischen 2022 und 2024 alt sind und ohne Aussetzungshistorie geliefert werden. Diese Konten sind bereits identit\u00e4tsgepr\u00fcft, telefonisch verifiziert und bereit f\u00fcr die sofortige Rechnungsstellung.<\/p>\n<p data-start=\"1006\" data-end=\"1299\">Gepaart mit fortschrittlichem Cloaking k\u00f6nnen Instagram Ads-Kampagnen in Nischen wie <strong data-start=\"1076\" data-end=\"1131\">nutra, Dating, Gewinnspiele, Finanzen und E-Commerce<\/strong> kann endlich die \u00dcberpr\u00fcfung \u00fcberstehen. Moderatoren und Bots sehen eine sichere Seite, w\u00e4hrend echte Nutzer auf die Geldseite umgeleitet werden - so haben Sie mehr Zeit zum Skalieren und Profitieren.<\/p>\n<p data-start=\"1301\" data-end=\"1513\">Wenn Sie l\u00e4ngere Kampagnenlaufzeiten, weniger Ablehnungen und die Freiheit, Angebote aggressiv zu skalieren, w\u00fcnschen, ist der kl\u00fcgste Schritt einfach: <strong data-start=\"1436\" data-end=\"1466\">Instagram Ads Konten kaufen<\/strong> die gepr\u00fcft, gealtert und zur Tarnung bereit sind.<\/p>","protected":false},"excerpt":{"rendered":"<p>Verifizierte Instagram Ads-Konten k\u00f6nnen getarnt werden - pushen Sie Kryptow\u00e4hrungen, Gl\u00fccksspiele und andere gekennzeichnete Angebote, ohne gesperrt zu werden.<\/p>","protected":false},"featured_media":9411,"template":"","meta":{"_acf_changed":false},"product_brand":[],"product_cat":[65],"product_tag":[],"class_list":{"0":"post-9409","1":"product","2":"type-product","3":"status-publish","4":"has-post-thumbnail","6":"product_cat-accounts","8":"first","9":"instock","10":"purchasable","11":"product-type-simple"},"acf":[],"yoast_head":"<!-- This site is optimized with the Yoast SEO Premium plugin v26.6 (Yoast SEO v26.7) - https:\/\/yoast.com\/wordpress\/plugins\/seo\/ -->\n<title>Buy Instagram Ads Cloaking Accounts \u2013 Run Campaigns Safely<\/title>\n<meta name=\"description\" content=\"Buy Instagram Ads Cloaking Accounts to hide restricted creatives from reviewers while showing real offers to users. Reduce bans and scale campaigns.\" \/>\n<meta name=\"robots\" content=\"index, follow, max-snippet:-1, max-image-preview:large, max-video-preview:-1\" \/>\n<link rel=\"canonical\" href=\"https:\/\/cloakmyads.com\/de\/kaufen\/instagram-anzeigen-cloaking-konten\/\" \/>\n<meta property=\"og:locale\" content=\"de_DE\" \/>\n<meta property=\"og:type\" content=\"article\" \/>\n<meta property=\"og:title\" content=\"Instagram Ads Cloaking Accounts\" \/>\n<meta property=\"og:description\" content=\"Buy Instagram Ads Cloaking Accounts to hide restricted creatives from reviewers while showing real offers to users. Reduce bans and scale campaigns.\" \/>\n<meta property=\"og:url\" content=\"https:\/\/cloakmyads.com\/de\/kaufen\/instagram-anzeigen-cloaking-konten\/\" \/>\n<meta property=\"og:site_name\" content=\"CloakMyAds\" \/>\n<meta property=\"article:modified_time\" content=\"2025-10-03T15:14:51+00:00\" \/>\n<meta property=\"og:image\" content=\"https:\/\/cloakmyads.com\/wp-content\/uploads\/2025\/09\/instagram-ads-cloaking.png\" \/>\n\t<meta property=\"og:image:width\" content=\"940\" \/>\n\t<meta property=\"og:image:height\" content=\"640\" \/>\n\t<meta property=\"og:image:type\" content=\"image\/png\" \/>\n<meta name=\"twitter:card\" content=\"summary_large_image\" \/>\n<meta name=\"twitter:label1\" content=\"Gesch\u00e4tzte Lesezeit\" \/>\n\t<meta name=\"twitter:data1\" content=\"1\u00a0Minute\" \/>\n<script type=\"application\/ld+json\" class=\"yoast-schema-graph\">{\"@context\":\"https:\/\/schema.org\",\"@graph\":[{\"@type\":\"WebPage\",\"@id\":\"https:\/\/cloakmyads.com\/buy\/instagram-ads-cloaking-accounts\/\",\"url\":\"https:\/\/cloakmyads.com\/buy\/instagram-ads-cloaking-accounts\/\",\"name\":\"Buy Instagram Ads Cloaking Accounts \u2013 Run Campaigns Safely\",\"isPartOf\":{\"@id\":\"https:\/\/cloakmyads.com\/#website\"},\"primaryImageOfPage\":{\"@id\":\"https:\/\/cloakmyads.com\/buy\/instagram-ads-cloaking-accounts\/#primaryimage\"},\"image\":{\"@id\":\"https:\/\/cloakmyads.com\/buy\/instagram-ads-cloaking-accounts\/#primaryimage\"},\"thumbnailUrl\":\"https:\/\/cloakmyads.com\/wp-content\/uploads\/2025\/09\/instagram-ads-cloaking.png\",\"datePublished\":\"2025-09-21T09:44:44+00:00\",\"dateModified\":\"2025-10-03T15:14:51+00:00\",\"description\":\"Buy Instagram Ads Cloaking Accounts to hide restricted creatives from reviewers while showing real offers to users. Reduce bans and scale campaigns.\",\"breadcrumb\":{\"@id\":\"https:\/\/cloakmyads.com\/buy\/instagram-ads-cloaking-accounts\/#breadcrumb\"},\"inLanguage\":\"de\",\"potentialAction\":[{\"@type\":\"ReadAction\",\"target\":[\"https:\/\/cloakmyads.com\/buy\/instagram-ads-cloaking-accounts\/\"]}]},{\"@type\":\"ImageObject\",\"inLanguage\":\"de\",\"@id\":\"https:\/\/cloakmyads.com\/buy\/instagram-ads-cloaking-accounts\/#primaryimage\",\"url\":\"https:\/\/cloakmyads.com\/wp-content\/uploads\/2025\/09\/instagram-ads-cloaking.png\",\"contentUrl\":\"https:\/\/cloakmyads.com\/wp-content\/uploads\/2025\/09\/instagram-ads-cloaking.png\",\"width\":940,\"height\":640,\"caption\":\"Instagram Cloaking Ads Accounts\"},{\"@type\":\"BreadcrumbList\",\"@id\":\"https:\/\/cloakmyads.com\/buy\/instagram-ads-cloaking-accounts\/#breadcrumb\",\"itemListElement\":[{\"@type\":\"ListItem\",\"position\":1,\"name\":\"Home\",\"item\":\"https:\/\/cloakmyads.com\/\"},{\"@type\":\"ListItem\",\"position\":2,\"name\":\"Shop\",\"item\":\"https:\/\/cloakmyads.com\/ar\/%d9%85%d8%aa%d8%ac%d8%b1\/\"},{\"@type\":\"ListItem\",\"position\":3,\"name\":\"Instagram Ads Cloaking Accounts\"}]},{\"@type\":\"WebSite\",\"@id\":\"https:\/\/cloakmyads.com\/#website\",\"url\":\"https:\/\/cloakmyads.com\/\",\"name\":\"CloakMyAds\",\"description\":\"\",\"publisher\":{\"@id\":\"https:\/\/cloakmyads.com\/#organization\"},\"potentialAction\":[{\"@type\":\"SearchAction\",\"target\":{\"@type\":\"EntryPoint\",\"urlTemplate\":\"https:\/\/cloakmyads.com\/?s={search_term_string}\"},\"query-input\":{\"@type\":\"PropertyValueSpecification\",\"valueRequired\":true,\"valueName\":\"search_term_string\"}}],\"inLanguage\":\"de\"},{\"@type\":\"Organization\",\"@id\":\"https:\/\/cloakmyads.com\/#organization\",\"name\":\"Buy Google Ads Accounts\",\"url\":\"https:\/\/cloakmyads.com\/\",\"logo\":{\"@type\":\"ImageObject\",\"inLanguage\":\"de\",\"@id\":\"https:\/\/cloakmyads.com\/#\/schema\/logo\/image\/\",\"url\":\"https:\/\/cloakmyads.com\/wp-content\/uploads\/2025\/11\/fav-cloak.jpg\",\"contentUrl\":\"https:\/\/cloakmyads.com\/wp-content\/uploads\/2025\/11\/fav-cloak.jpg\",\"width\":512,\"height\":512,\"caption\":\"Buy Google Ads Accounts\"},\"image\":{\"@id\":\"https:\/\/cloakmyads.com\/#\/schema\/logo\/image\/\"}}]}<\/script>\n<!-- \/ Yoast SEO Premium plugin. -->","yoast_head_json":{"title":"Instagram Ads Cloaking Accounts kaufen - Kampagnen sicher durchf\u00fchren","description":"Kaufen Sie Instagram Ads Cloaking-Konten, um eingeschr\u00e4nkte Werbemotive vor Pr\u00fcfern zu verbergen, w\u00e4hrend Sie den Nutzern echte Angebote zeigen. Reduzieren Sie Sperrungen und skalieren Sie Kampagnen.","robots":{"index":"index","follow":"follow","max-snippet":"max-snippet:-1","max-image-preview":"max-image-preview:large","max-video-preview":"max-video-preview:-1"},"canonical":"https:\/\/cloakmyads.com\/de\/kaufen\/instagram-anzeigen-cloaking-konten\/","og_locale":"de_DE","og_type":"article","og_title":"Instagram Ads Cloaking Accounts","og_description":"Buy Instagram Ads Cloaking Accounts to hide restricted creatives from reviewers while showing real offers to users. Reduce bans and scale campaigns.","og_url":"https:\/\/cloakmyads.com\/de\/kaufen\/instagram-anzeigen-cloaking-konten\/","og_site_name":"CloakMyAds","article_modified_time":"2025-10-03T15:14:51+00:00","og_image":[{"width":940,"height":640,"url":"https:\/\/cloakmyads.com\/wp-content\/uploads\/2025\/09\/instagram-ads-cloaking.png","type":"image\/png"}],"twitter_card":"summary_large_image","twitter_misc":{"Gesch\u00e4tzte Lesezeit":"1\u00a0Minute"},"schema":{"@context":"https:\/\/schema.org","@graph":[{"@type":"WebPage","@id":"https:\/\/cloakmyads.com\/buy\/instagram-ads-cloaking-accounts\/","url":"https:\/\/cloakmyads.com\/buy\/instagram-ads-cloaking-accounts\/","name":"Instagram Ads Cloaking Accounts kaufen - Kampagnen sicher durchf\u00fchren","isPartOf":{"@id":"https:\/\/cloakmyads.com\/#website"},"primaryImageOfPage":{"@id":"https:\/\/cloakmyads.com\/buy\/instagram-ads-cloaking-accounts\/#primaryimage"},"image":{"@id":"https:\/\/cloakmyads.com\/buy\/instagram-ads-cloaking-accounts\/#primaryimage"},"thumbnailUrl":"https:\/\/cloakmyads.com\/wp-content\/uploads\/2025\/09\/instagram-ads-cloaking.png","datePublished":"2025-09-21T09:44:44+00:00","dateModified":"2025-10-03T15:14:51+00:00","description":"Kaufen Sie Instagram Ads Cloaking-Konten, um eingeschr\u00e4nkte Werbemotive vor Pr\u00fcfern zu verbergen, w\u00e4hrend Sie den Nutzern echte Angebote zeigen. Reduzieren Sie Sperrungen und skalieren Sie Kampagnen.","breadcrumb":{"@id":"https:\/\/cloakmyads.com\/buy\/instagram-ads-cloaking-accounts\/#breadcrumb"},"inLanguage":"de","potentialAction":[{"@type":"ReadAction","target":["https:\/\/cloakmyads.com\/buy\/instagram-ads-cloaking-accounts\/"]}]},{"@type":"ImageObject","inLanguage":"de","@id":"https:\/\/cloakmyads.com\/buy\/instagram-ads-cloaking-accounts\/#primaryimage","url":"https:\/\/cloakmyads.com\/wp-content\/uploads\/2025\/09\/instagram-ads-cloaking.png","contentUrl":"https:\/\/cloakmyads.com\/wp-content\/uploads\/2025\/09\/instagram-ads-cloaking.png","width":940,"height":640,"caption":"Instagram Cloaking Ads Accounts"},{"@type":"BreadcrumbList","@id":"https:\/\/cloakmyads.com\/buy\/instagram-ads-cloaking-accounts\/#breadcrumb","itemListElement":[{"@type":"ListItem","position":1,"name":"Home","item":"https:\/\/cloakmyads.com\/"},{"@type":"ListItem","position":2,"name":"Shop","item":"https:\/\/cloakmyads.com\/ar\/%d9%85%d8%aa%d8%ac%d8%b1\/"},{"@type":"ListItem","position":3,"name":"Instagram Ads Cloaking Accounts"}]},{"@type":"WebSite","@id":"https:\/\/cloakmyads.com\/#website","url":"https:\/\/cloakmyads.com\/","name":"CloakMyAds","description":"","publisher":{"@id":"https:\/\/cloakmyads.com\/#organization"},"potentialAction":[{"@type":"SearchAction","target":{"@type":"EntryPoint","urlTemplate":"https:\/\/cloakmyads.com\/?s={search_term_string}"},"query-input":{"@type":"PropertyValueSpecification","valueRequired":true,"valueName":"search_term_string"}}],"inLanguage":"de"},{"@type":"Organization","@id":"https:\/\/cloakmyads.com\/#organization","name":"Google Ads-Konten kaufen","url":"https:\/\/cloakmyads.com\/","logo":{"@type":"ImageObject","inLanguage":"de","@id":"https:\/\/cloakmyads.com\/#\/schema\/logo\/image\/","url":"https:\/\/cloakmyads.com\/wp-content\/uploads\/2025\/11\/fav-cloak.jpg","contentUrl":"https:\/\/cloakmyads.com\/wp-content\/uploads\/2025\/11\/fav-cloak.jpg","width":512,"height":512,"caption":"Buy Google Ads Accounts"},"image":{"@id":"https:\/\/cloakmyads.com\/#\/schema\/logo\/image\/"}}]}},"_links":{"self":[{"href":"https:\/\/cloakmyads.com\/de\/wp-json\/wp\/v2\/product\/9409","targetHints":{"allow":["GET"]}}],"collection":[{"href":"https:\/\/cloakmyads.com\/de\/wp-json\/wp\/v2\/product"}],"about":[{"href":"https:\/\/cloakmyads.com\/de\/wp-json\/wp\/v2\/types\/product"}],"version-history":[{"count":3,"href":"https:\/\/cloakmyads.com\/de\/wp-json\/wp\/v2\/product\/9409\/revisions"}],"predecessor-version":[{"id":9745,"href":"https:\/\/cloakmyads.com\/de\/wp-json\/wp\/v2\/product\/9409\/revisions\/9745"}],"wp:featuredmedia":[{"embeddable":true,"href":"https:\/\/cloakmyads.com\/de\/wp-json\/wp\/v2\/media\/9411"}],"wp:attachment":[{"href":"https:\/\/cloakmyads.com\/de\/wp-json\/wp\/v2\/media?parent=9409"}],"wp:term":[{"taxonomy":"product_brand","embeddable":true,"href":"https:\/\/cloakmyads.com\/de\/wp-json\/wp\/v2\/product_brand?post=9409"},{"taxonomy":"product_cat","embeddable":true,"href":"https:\/\/cloakmyads.com\/de\/wp-json\/wp\/v2\/product_cat?post=9409"},{"taxonomy":"product_tag","embeddable":true,"href":"https:\/\/cloakmyads.com\/de\/wp-json\/wp\/v2\/product_tag?post=9409"}],"curies":[{"name":"wp","href":"https:\/\/api.w.org\/{rel}","templated":true}]}}