{"id":4939,"date":"2024-04-01T17:25:57","date_gmt":"2024-04-01T16:25:57","guid":{"rendered":"https:\/\/rentaccounts.net\/?post_type=product&#038;p=4939"},"modified":"2025-10-03T16:31:22","modified_gmt":"2025-10-03T15:31:22","slug":"apple-developer-accounts-cloaking-kaufen","status":"publish","type":"product","link":"https:\/\/cloakmyads.com\/de\/kaufen\/apple-developer-accounts-cloaking-kaufen\/","title":{"rendered":"Apple Developer Cloaking Accounts"},"content":{"rendered":"<p data-start=\"349\" data-end=\"789\">F\u00fcr die Ver\u00f6ffentlichung im App Store ist ein verifiziertes Entwicklerkonto erforderlich - ohne ein solches k\u00f6nnen Sie keine Apps einreichen, keine Aktualisierungen durchf\u00fchren und keine Eintr\u00e4ge verwalten. Der Verifizierungsprozess von Apple ist streng und zeitaufw\u00e4ndig und blockiert oft Anmeldungen f\u00fcr Einzelpersonen oder Unternehmen ohne die richtigen Anmeldedaten. Aus diesem Grund entscheiden sich seri\u00f6se App-Publisher, SaaS-Anbieter und Affiliate-Netzwerke f\u00fcr <strong data-start=\"711\" data-end=\"743\">Apple Entwickler-Konten kaufen<\/strong> die bereits gepr\u00fcft und einsatzbereit sind.<\/p>\n<p data-start=\"791\" data-end=\"1166\">Mit <strong data-start=\"796\" data-end=\"833\">verifizierte Apple-Entwicklerkonten<\/strong>, sparen Sie sich Verz\u00f6gerungen, endlose \u00dcberpr\u00fcfungsanfragen und zuf\u00e4llige Ablehnungen. Diese Konten sind an US-amerikanische und britische Unternehmen gebunden, zwischen 2022 und 2024 Jahre alt und vollst\u00e4ndig mit Telefon-, E-Mail- und rechtlichen Angaben verifiziert. Jedes Konto beinhaltet den Zugang zum Apple Developer Program und die M\u00f6glichkeit, Apps direkt im App Store zu ver\u00f6ffentlichen.<\/p>\n<p data-start=\"1168\" data-end=\"1436\">Ganz gleich, ob Sie eine konforme iOS-App starten, mehrere Builds testen oder ein App-Netzwerk skalieren m\u00f6chten - diese Konten bieten die Infrastruktur, die Sie ben\u00f6tigen. F\u00fcgen Sie Ihre eigenen Apps hinzu, verwalten Sie Zertifikate und Bereitstellungsprofile und reichen Sie Updates ein, ohne wochenlang auf die Genehmigung zu warten.<\/p>\n<p data-start=\"1438\" data-end=\"1613\">Wenn Sie Geschwindigkeit, Zuverl\u00e4ssigkeit und Kontrolle w\u00fcnschen, ist die L\u00f6sung einfach: <strong data-start=\"1507\" data-end=\"1539\">Apple Entwickler-Konten kaufen<\/strong> die verifiziert, gealtert und garantiert bereit f\u00fcr die Ver\u00f6ffentlichung im App Store sind.<\/p>","protected":false},"excerpt":{"rendered":"<p>Verifizierte Apple-Entwicklerkonten, die f\u00fcr App-Einreichungen, \u00dcberpr\u00fcfungen und schnelle Genehmigungen bereit sind - perfekt f\u00fcr die Einf\u00fchrung getarnter Apps, die Umgehung von Beschr\u00e4nkungen und die heimliche Verbreitung.<\/p>","protected":false},"featured_media":9383,"template":"","meta":{"_acf_changed":false},"product_brand":[],"product_cat":[327],"product_tag":[],"class_list":{"0":"post-4939","1":"product","2":"type-product","3":"status-publish","4":"has-post-thumbnail","6":"product_cat-app-accounts","8":"first","9":"instock","10":"purchasable","11":"product-type-simple"},"acf":[],"yoast_head":"<!-- This site is optimized with the Yoast SEO Premium plugin v26.6 (Yoast SEO v26.7) - https:\/\/yoast.com\/wordpress\/plugins\/seo\/ -->\n<title>Buy Apple Developer Cloaking Accounts \u2013 Crypto &amp; Gambling<\/title>\n<meta name=\"description\" content=\"Buy Apple Developer Cloaking Accounts for crypto, gambling, dating and IPTV apps. Verified accounts to publish high-risk iOS apps and scale campaigns.\" \/>\n<meta name=\"robots\" content=\"index, follow, max-snippet:-1, max-image-preview:large, max-video-preview:-1\" \/>\n<link rel=\"canonical\" href=\"https:\/\/cloakmyads.com\/de\/kaufen\/apple-developer-accounts-cloaking-kaufen\/\" \/>\n<meta property=\"og:locale\" content=\"de_DE\" \/>\n<meta property=\"og:type\" content=\"article\" \/>\n<meta property=\"og:title\" content=\"Apple Developer Cloaking Accounts\" \/>\n<meta property=\"og:description\" content=\"Buy Apple Developer Cloaking Accounts for crypto, gambling, dating and IPTV apps. Verified accounts to publish high-risk iOS apps and scale campaigns.\" \/>\n<meta property=\"og:url\" content=\"https:\/\/cloakmyads.com\/de\/kaufen\/apple-developer-accounts-cloaking-kaufen\/\" \/>\n<meta property=\"og:site_name\" content=\"CloakMyAds\" \/>\n<meta property=\"article:modified_time\" content=\"2025-10-03T15:31:22+00:00\" \/>\n<meta property=\"og:image\" content=\"https:\/\/cloakmyads.com\/wp-content\/uploads\/2024\/04\/apple-developer-accounts-cloaking.png\" \/>\n\t<meta property=\"og:image:width\" content=\"940\" \/>\n\t<meta property=\"og:image:height\" content=\"640\" \/>\n\t<meta property=\"og:image:type\" content=\"image\/png\" \/>\n<meta name=\"twitter:card\" content=\"summary_large_image\" \/>\n<meta name=\"twitter:label1\" content=\"Gesch\u00e4tzte Lesezeit\" \/>\n\t<meta name=\"twitter:data1\" content=\"2\u00a0Minuten\" \/>\n<script type=\"application\/ld+json\" class=\"yoast-schema-graph\">{\"@context\":\"https:\/\/schema.org\",\"@graph\":[{\"@type\":\"WebPage\",\"@id\":\"https:\/\/cloakmyads.com\/buy\/buy-apple-developer-accounts-cloaking\/\",\"url\":\"https:\/\/cloakmyads.com\/buy\/buy-apple-developer-accounts-cloaking\/\",\"name\":\"Buy Apple Developer Cloaking Accounts \u2013 Crypto & Gambling\",\"isPartOf\":{\"@id\":\"https:\/\/cloakmyads.com\/#website\"},\"primaryImageOfPage\":{\"@id\":\"https:\/\/cloakmyads.com\/buy\/buy-apple-developer-accounts-cloaking\/#primaryimage\"},\"image\":{\"@id\":\"https:\/\/cloakmyads.com\/buy\/buy-apple-developer-accounts-cloaking\/#primaryimage\"},\"thumbnailUrl\":\"https:\/\/cloakmyads.com\/wp-content\/uploads\/2024\/04\/apple-developer-accounts-cloaking.png\",\"datePublished\":\"2024-04-01T16:25:57+00:00\",\"dateModified\":\"2025-10-03T15:31:22+00:00\",\"description\":\"Buy Apple Developer Cloaking Accounts for crypto, gambling, dating and IPTV apps. Verified accounts to publish high-risk iOS apps and scale campaigns.\",\"breadcrumb\":{\"@id\":\"https:\/\/cloakmyads.com\/buy\/buy-apple-developer-accounts-cloaking\/#breadcrumb\"},\"inLanguage\":\"de\",\"potentialAction\":[{\"@type\":\"ReadAction\",\"target\":[\"https:\/\/cloakmyads.com\/buy\/buy-apple-developer-accounts-cloaking\/\"]}]},{\"@type\":\"ImageObject\",\"inLanguage\":\"de\",\"@id\":\"https:\/\/cloakmyads.com\/buy\/buy-apple-developer-accounts-cloaking\/#primaryimage\",\"url\":\"https:\/\/cloakmyads.com\/wp-content\/uploads\/2024\/04\/apple-developer-accounts-cloaking.png\",\"contentUrl\":\"https:\/\/cloakmyads.com\/wp-content\/uploads\/2024\/04\/apple-developer-accounts-cloaking.png\",\"width\":940,\"height\":640},{\"@type\":\"BreadcrumbList\",\"@id\":\"https:\/\/cloakmyads.com\/buy\/buy-apple-developer-accounts-cloaking\/#breadcrumb\",\"itemListElement\":[{\"@type\":\"ListItem\",\"position\":1,\"name\":\"Home\",\"item\":\"https:\/\/cloakmyads.com\/\"},{\"@type\":\"ListItem\",\"position\":2,\"name\":\"Shop\",\"item\":\"https:\/\/cloakmyads.com\/ar\/%d9%85%d8%aa%d8%ac%d8%b1\/\"},{\"@type\":\"ListItem\",\"position\":3,\"name\":\"Apple Developer Cloaking Accounts\"}]},{\"@type\":\"WebSite\",\"@id\":\"https:\/\/cloakmyads.com\/#website\",\"url\":\"https:\/\/cloakmyads.com\/\",\"name\":\"CloakMyAds\",\"description\":\"\",\"publisher\":{\"@id\":\"https:\/\/cloakmyads.com\/#organization\"},\"potentialAction\":[{\"@type\":\"SearchAction\",\"target\":{\"@type\":\"EntryPoint\",\"urlTemplate\":\"https:\/\/cloakmyads.com\/?s={search_term_string}\"},\"query-input\":{\"@type\":\"PropertyValueSpecification\",\"valueRequired\":true,\"valueName\":\"search_term_string\"}}],\"inLanguage\":\"de\"},{\"@type\":\"Organization\",\"@id\":\"https:\/\/cloakmyads.com\/#organization\",\"name\":\"Buy Google Ads Accounts\",\"url\":\"https:\/\/cloakmyads.com\/\",\"logo\":{\"@type\":\"ImageObject\",\"inLanguage\":\"de\",\"@id\":\"https:\/\/cloakmyads.com\/#\/schema\/logo\/image\/\",\"url\":\"https:\/\/cloakmyads.com\/wp-content\/uploads\/2025\/11\/fav-cloak.jpg\",\"contentUrl\":\"https:\/\/cloakmyads.com\/wp-content\/uploads\/2025\/11\/fav-cloak.jpg\",\"width\":512,\"height\":512,\"caption\":\"Buy Google Ads Accounts\"},\"image\":{\"@id\":\"https:\/\/cloakmyads.com\/#\/schema\/logo\/image\/\"}}]}<\/script>\n<!-- \/ Yoast SEO Premium plugin. -->","yoast_head_json":{"title":"Apple Developer Cloaking Accounts kaufen - Krypto &amp; Gl\u00fccksspiel","description":"Kaufen Sie Apple Developer Cloaking Accounts f\u00fcr Krypto-, Gl\u00fccksspiel-, Dating- und IPTV-Apps. Verifizierte Konten zur Ver\u00f6ffentlichung risikoreicher iOS-Apps und zur Skalierung von Kampagnen.","robots":{"index":"index","follow":"follow","max-snippet":"max-snippet:-1","max-image-preview":"max-image-preview:large","max-video-preview":"max-video-preview:-1"},"canonical":"https:\/\/cloakmyads.com\/de\/kaufen\/apple-developer-accounts-cloaking-kaufen\/","og_locale":"de_DE","og_type":"article","og_title":"Apple Developer Cloaking Accounts","og_description":"Buy Apple Developer Cloaking Accounts for crypto, gambling, dating and IPTV apps. Verified accounts to publish high-risk iOS apps and scale campaigns.","og_url":"https:\/\/cloakmyads.com\/de\/kaufen\/apple-developer-accounts-cloaking-kaufen\/","og_site_name":"CloakMyAds","article_modified_time":"2025-10-03T15:31:22+00:00","og_image":[{"width":940,"height":640,"url":"https:\/\/cloakmyads.com\/wp-content\/uploads\/2024\/04\/apple-developer-accounts-cloaking.png","type":"image\/png"}],"twitter_card":"summary_large_image","twitter_misc":{"Gesch\u00e4tzte Lesezeit":"2\u00a0Minuten"},"schema":{"@context":"https:\/\/schema.org","@graph":[{"@type":"WebPage","@id":"https:\/\/cloakmyads.com\/buy\/buy-apple-developer-accounts-cloaking\/","url":"https:\/\/cloakmyads.com\/buy\/buy-apple-developer-accounts-cloaking\/","name":"Apple Developer Cloaking Accounts kaufen - Krypto &amp; Gl\u00fccksspiel","isPartOf":{"@id":"https:\/\/cloakmyads.com\/#website"},"primaryImageOfPage":{"@id":"https:\/\/cloakmyads.com\/buy\/buy-apple-developer-accounts-cloaking\/#primaryimage"},"image":{"@id":"https:\/\/cloakmyads.com\/buy\/buy-apple-developer-accounts-cloaking\/#primaryimage"},"thumbnailUrl":"https:\/\/cloakmyads.com\/wp-content\/uploads\/2024\/04\/apple-developer-accounts-cloaking.png","datePublished":"2024-04-01T16:25:57+00:00","dateModified":"2025-10-03T15:31:22+00:00","description":"Kaufen Sie Apple Developer Cloaking Accounts f\u00fcr Krypto-, Gl\u00fccksspiel-, Dating- und IPTV-Apps. Verifizierte Konten zur Ver\u00f6ffentlichung risikoreicher iOS-Apps und zur Skalierung von Kampagnen.","breadcrumb":{"@id":"https:\/\/cloakmyads.com\/buy\/buy-apple-developer-accounts-cloaking\/#breadcrumb"},"inLanguage":"de","potentialAction":[{"@type":"ReadAction","target":["https:\/\/cloakmyads.com\/buy\/buy-apple-developer-accounts-cloaking\/"]}]},{"@type":"ImageObject","inLanguage":"de","@id":"https:\/\/cloakmyads.com\/buy\/buy-apple-developer-accounts-cloaking\/#primaryimage","url":"https:\/\/cloakmyads.com\/wp-content\/uploads\/2024\/04\/apple-developer-accounts-cloaking.png","contentUrl":"https:\/\/cloakmyads.com\/wp-content\/uploads\/2024\/04\/apple-developer-accounts-cloaking.png","width":940,"height":640},{"@type":"BreadcrumbList","@id":"https:\/\/cloakmyads.com\/buy\/buy-apple-developer-accounts-cloaking\/#breadcrumb","itemListElement":[{"@type":"ListItem","position":1,"name":"Home","item":"https:\/\/cloakmyads.com\/"},{"@type":"ListItem","position":2,"name":"Shop","item":"https:\/\/cloakmyads.com\/ar\/%d9%85%d8%aa%d8%ac%d8%b1\/"},{"@type":"ListItem","position":3,"name":"Apple Developer Cloaking Accounts"}]},{"@type":"WebSite","@id":"https:\/\/cloakmyads.com\/#website","url":"https:\/\/cloakmyads.com\/","name":"CloakMyAds","description":"","publisher":{"@id":"https:\/\/cloakmyads.com\/#organization"},"potentialAction":[{"@type":"SearchAction","target":{"@type":"EntryPoint","urlTemplate":"https:\/\/cloakmyads.com\/?s={search_term_string}"},"query-input":{"@type":"PropertyValueSpecification","valueRequired":true,"valueName":"search_term_string"}}],"inLanguage":"de"},{"@type":"Organization","@id":"https:\/\/cloakmyads.com\/#organization","name":"Google Ads-Konten kaufen","url":"https:\/\/cloakmyads.com\/","logo":{"@type":"ImageObject","inLanguage":"de","@id":"https:\/\/cloakmyads.com\/#\/schema\/logo\/image\/","url":"https:\/\/cloakmyads.com\/wp-content\/uploads\/2025\/11\/fav-cloak.jpg","contentUrl":"https:\/\/cloakmyads.com\/wp-content\/uploads\/2025\/11\/fav-cloak.jpg","width":512,"height":512,"caption":"Buy Google Ads Accounts"},"image":{"@id":"https:\/\/cloakmyads.com\/#\/schema\/logo\/image\/"}}]}},"_links":{"self":[{"href":"https:\/\/cloakmyads.com\/de\/wp-json\/wp\/v2\/product\/4939","targetHints":{"allow":["GET"]}}],"collection":[{"href":"https:\/\/cloakmyads.com\/de\/wp-json\/wp\/v2\/product"}],"about":[{"href":"https:\/\/cloakmyads.com\/de\/wp-json\/wp\/v2\/types\/product"}],"version-history":[{"count":5,"href":"https:\/\/cloakmyads.com\/de\/wp-json\/wp\/v2\/product\/4939\/revisions"}],"predecessor-version":[{"id":9753,"href":"https:\/\/cloakmyads.com\/de\/wp-json\/wp\/v2\/product\/4939\/revisions\/9753"}],"wp:featuredmedia":[{"embeddable":true,"href":"https:\/\/cloakmyads.com\/de\/wp-json\/wp\/v2\/media\/9383"}],"wp:attachment":[{"href":"https:\/\/cloakmyads.com\/de\/wp-json\/wp\/v2\/media?parent=4939"}],"wp:term":[{"taxonomy":"product_brand","embeddable":true,"href":"https:\/\/cloakmyads.com\/de\/wp-json\/wp\/v2\/product_brand?post=4939"},{"taxonomy":"product_cat","embeddable":true,"href":"https:\/\/cloakmyads.com\/de\/wp-json\/wp\/v2\/product_cat?post=4939"},{"taxonomy":"product_tag","embeddable":true,"href":"https:\/\/cloakmyads.com\/de\/wp-json\/wp\/v2\/product_tag?post=4939"}],"curies":[{"name":"wp","href":"https:\/\/api.w.org\/{rel}","templated":true}]}}