{"id":9799,"date":"2025-10-05T12:48:32","date_gmt":"2025-10-05T11:48:32","guid":{"rendered":"https:\/\/cloakmyads.com\/?post_type=product&#038;p=9799"},"modified":"2025-11-08T09:37:20","modified_gmt":"2025-11-08T14:37:20","slug":"maskovani-aplikaci-na-trhu-oppo","status":"publish","type":"product","link":"https:\/\/cloakmyads.com\/cs\/koupit\/maskovani-aplikaci-na-trhu-oppo\/","title":{"rendered":"Skr\u00fdv\u00e1n\u00ed aplikace OPPO App Market"},"content":{"rendered":"<p data-start=\"1343\" data-end=\"1566\">Trh aplikac\u00ed OPPO (spravovan\u00fd prost\u0159ednictv\u00edm v\u00fdvoj\u00e1\u0159sk\u00e9ho centra HeyTap) kontroluje ka\u017ed\u00fd odeslan\u00fd soubor SDK, opr\u00e1vn\u011bn\u00ed a aktivitu na pozad\u00ed. Aplikace vyu\u017e\u00edvaj\u00edc\u00ed kryptografick\u00e9 transakce, scraping nebo skryt\u00e9 sledov\u00e1n\u00ed jsou automaticky odm\u00edtnuty.<\/p>\n<p data-start=\"1568\" data-end=\"1831\">N\u00e1\u0161 maskovac\u00ed syst\u00e9m zamaskuje v\u00e1\u0161 soubor APK tak, \u017ee jej vlo\u017e\u00ed do ne\u0161kodn\u00e9, pro recenze p\u0159\u00edv\u011btiv\u00e9 schr\u00e1nky - obvykle se jedn\u00e1 o fotogalerii, \u010disti\u010d soubor\u016f nebo aplikaci pro \u017eivotn\u00ed styl. Metadata a rozhran\u00ed odpov\u00eddaj\u00ed standard\u016fm spole\u010dnosti OPPO, v\u010detn\u011b podpisu XML a stylu zdroj\u016f ColorOS.<\/p>\n<p data-start=\"1833\" data-end=\"2080\">Po schv\u00e1len\u00ed maskovac\u00edho za\u0159\u00edzen\u00ed se spust\u00ed \u0159\u00edzen\u00fd p\u0159ep\u00edna\u010d chov\u00e1n\u00ed. Aplikace po instalaci plynule na\u010dte va\u0161e skute\u010dn\u00e9 rozhran\u00ed nebo u\u017eite\u010dn\u00e9 zat\u00ed\u017een\u00ed, \u010d\u00edm\u017e obejde op\u011btovn\u00e1 hodnocen\u00ed nebo p\u0159ebalov\u00e1n\u00ed. Logika p\u0159ep\u00edn\u00e1n\u00ed m\u016f\u017ee z\u00e1viset na \u010dase, otisku za\u0159\u00edzen\u00ed nebo regionu.<\/p>\n<p data-start=\"2082\" data-end=\"2303\">M\u016f\u017eete publikovat pomoc\u00ed vlastn\u00edho ov\u011b\u0159en\u00e9ho v\u00fdvoj\u00e1\u0159sk\u00e9ho \u00fa\u010dtu HeyTap nebo v\u00e1m ho m\u016f\u017eeme poskytnout. Odesl\u00e1n\u00ed vypad\u00e1 p\u0159i kontrole OPPO dokonale v souladu s p\u0159edpisy a aktivuje va\u0161i skute\u010dnou logiku pouze pro koncov\u00e9 u\u017eivatele - nikdy ne pro recenzenty.<\/p>\n<p data-start=\"2305\" data-end=\"2459\">Tento syst\u00e9m, kter\u00fd pou\u017e\u00edvaj\u00ed tv\u016frci n\u00e1stroj\u016f, distributo\u0159i alternativn\u00edho obsahu a region\u00e1ln\u00ed v\u00fdvoj\u00e1\u0159sk\u00e9 t\u00fdmy, umo\u017e\u0148uje, aby jak\u00e1koli aplikace byla spu\u0161t\u011bna pod p\u0159\u00edsn\u00fdm kontroln\u00edm dohledem spole\u010dnosti OPPO.<\/p>","protected":false},"excerpt":{"rendered":"<p>Z\u00edskejte svou neschv\u00e1lenou nebo rizikovou aplikaci pro Android \u017eiv\u011b na OPPO App Market. Zabal\u00edme ji do vyhovuj\u00edc\u00edho obalu HeyTap, projde ru\u010dn\u00edm hodnocen\u00edm a po schv\u00e1len\u00ed se automaticky p\u0159eklop\u00ed do va\u0161\u00ed skute\u010dn\u00e9 aplikace.<\/p>","protected":false},"featured_media":9556,"template":"","meta":{"_acf_changed":false},"product_brand":[],"product_cat":[326],"product_tag":[],"class_list":{"0":"post-9799","1":"product","2":"type-product","3":"status-publish","4":"has-post-thumbnail","6":"product_cat-app-cloaking","8":"first","9":"instock","10":"purchasable","11":"product-type-simple"},"acf":[],"yoast_head":"<!-- This site is optimized with the Yoast SEO Premium plugin v26.6 (Yoast SEO v26.7) - https:\/\/yoast.com\/wordpress\/plugins\/seo\/ -->\n<title>Buy OPPO App Market Cloaking \u2013 Publish Safely<\/title>\n<meta name=\"description\" content=\"Upload any OPPO APK safely. Our cloaker builds a compliant HeyTap version, passes review, and activates your real app automatically after approval.\" \/>\n<meta name=\"robots\" content=\"index, follow, max-snippet:-1, max-image-preview:large, max-video-preview:-1\" \/>\n<link rel=\"canonical\" href=\"https:\/\/cloakmyads.com\/cs\/koupit\/maskovani-aplikaci-na-trhu-oppo\/\" \/>\n<meta property=\"og:locale\" content=\"cs_CZ\" \/>\n<meta property=\"og:type\" content=\"article\" \/>\n<meta property=\"og:title\" content=\"OPPO App Market Cloaking\" \/>\n<meta property=\"og:description\" content=\"Upload any OPPO APK safely. Our cloaker builds a compliant HeyTap version, passes review, and activates your real app automatically after approval.\" \/>\n<meta property=\"og:url\" content=\"https:\/\/cloakmyads.com\/cs\/koupit\/maskovani-aplikaci-na-trhu-oppo\/\" \/>\n<meta property=\"og:site_name\" content=\"CloakMyAds\" \/>\n<meta property=\"article:modified_time\" content=\"2025-11-08T14:37:20+00:00\" \/>\n<meta property=\"og:image\" content=\"https:\/\/cloakmyads.com\/wp-content\/uploads\/2025\/09\/cloaking-ads.jpg\" \/>\n\t<meta property=\"og:image:width\" content=\"605\" \/>\n\t<meta property=\"og:image:height\" content=\"400\" \/>\n\t<meta property=\"og:image:type\" content=\"image\/jpeg\" \/>\n<meta name=\"twitter:card\" content=\"summary_large_image\" \/>\n<meta name=\"twitter:label1\" content=\"Odhadovan\u00e1 doba \u010dten\u00ed\" \/>\n\t<meta name=\"twitter:data1\" content=\"1 minuta\" \/>\n<script type=\"application\/ld+json\" class=\"yoast-schema-graph\">{\"@context\":\"https:\/\/schema.org\",\"@graph\":[{\"@type\":\"WebPage\",\"@id\":\"https:\/\/cloakmyads.com\/buy\/oppo-app-market-cloaking\/\",\"url\":\"https:\/\/cloakmyads.com\/buy\/oppo-app-market-cloaking\/\",\"name\":\"Buy OPPO App Market Cloaking \u2013 Publish Safely\",\"isPartOf\":{\"@id\":\"https:\/\/cloakmyads.com\/#website\"},\"primaryImageOfPage\":{\"@id\":\"https:\/\/cloakmyads.com\/buy\/oppo-app-market-cloaking\/#primaryimage\"},\"image\":{\"@id\":\"https:\/\/cloakmyads.com\/buy\/oppo-app-market-cloaking\/#primaryimage\"},\"thumbnailUrl\":\"https:\/\/cloakmyads.com\/wp-content\/uploads\/2025\/09\/cloaking-ads.jpg\",\"datePublished\":\"2025-10-05T11:48:32+00:00\",\"dateModified\":\"2025-11-08T14:37:20+00:00\",\"description\":\"Upload any OPPO APK safely. Our cloaker builds a compliant HeyTap version, passes review, and activates your real app automatically after approval.\",\"breadcrumb\":{\"@id\":\"https:\/\/cloakmyads.com\/buy\/oppo-app-market-cloaking\/#breadcrumb\"},\"inLanguage\":\"cs\",\"potentialAction\":[{\"@type\":\"ReadAction\",\"target\":[\"https:\/\/cloakmyads.com\/buy\/oppo-app-market-cloaking\/\"]}]},{\"@type\":\"ImageObject\",\"inLanguage\":\"cs\",\"@id\":\"https:\/\/cloakmyads.com\/buy\/oppo-app-market-cloaking\/#primaryimage\",\"url\":\"https:\/\/cloakmyads.com\/wp-content\/uploads\/2025\/09\/cloaking-ads.jpg\",\"contentUrl\":\"https:\/\/cloakmyads.com\/wp-content\/uploads\/2025\/09\/cloaking-ads.jpg\",\"width\":605,\"height\":400,\"caption\":\"Ads cloaking\"},{\"@type\":\"BreadcrumbList\",\"@id\":\"https:\/\/cloakmyads.com\/buy\/oppo-app-market-cloaking\/#breadcrumb\",\"itemListElement\":[{\"@type\":\"ListItem\",\"position\":1,\"name\":\"Home\",\"item\":\"https:\/\/cloakmyads.com\/\"},{\"@type\":\"ListItem\",\"position\":2,\"name\":\"Shop\",\"item\":\"https:\/\/cloakmyads.com\/ar\/%d9%85%d8%aa%d8%ac%d8%b1\/\"},{\"@type\":\"ListItem\",\"position\":3,\"name\":\"OPPO App Market Cloaking\"}]},{\"@type\":\"WebSite\",\"@id\":\"https:\/\/cloakmyads.com\/#website\",\"url\":\"https:\/\/cloakmyads.com\/\",\"name\":\"CloakMyAds\",\"description\":\"\",\"publisher\":{\"@id\":\"https:\/\/cloakmyads.com\/#organization\"},\"potentialAction\":[{\"@type\":\"SearchAction\",\"target\":{\"@type\":\"EntryPoint\",\"urlTemplate\":\"https:\/\/cloakmyads.com\/?s={search_term_string}\"},\"query-input\":{\"@type\":\"PropertyValueSpecification\",\"valueRequired\":true,\"valueName\":\"search_term_string\"}}],\"inLanguage\":\"cs\"},{\"@type\":\"Organization\",\"@id\":\"https:\/\/cloakmyads.com\/#organization\",\"name\":\"Buy Google Ads Accounts\",\"url\":\"https:\/\/cloakmyads.com\/\",\"logo\":{\"@type\":\"ImageObject\",\"inLanguage\":\"cs\",\"@id\":\"https:\/\/cloakmyads.com\/#\/schema\/logo\/image\/\",\"url\":\"https:\/\/cloakmyads.com\/wp-content\/uploads\/2025\/11\/fav-cloak.jpg\",\"contentUrl\":\"https:\/\/cloakmyads.com\/wp-content\/uploads\/2025\/11\/fav-cloak.jpg\",\"width\":512,\"height\":512,\"caption\":\"Buy Google Ads Accounts\"},\"image\":{\"@id\":\"https:\/\/cloakmyads.com\/#\/schema\/logo\/image\/\"}}]}<\/script>\n<!-- \/ Yoast SEO Premium plugin. -->","yoast_head_json":{"title":"Koupit OPPO App Market Cloaking - publikovat bezpe\u010dn\u011b","description":"Bezpe\u010dn\u011b nahrajte libovoln\u00fd soubor OPPO APK. N\u00e1\u0161 maskova\u010d vytvo\u0159\u00ed kompatibiln\u00ed verzi HeyTap, projde kontrolou a po schv\u00e1len\u00ed automaticky aktivuje va\u0161i skute\u010dnou aplikaci.","robots":{"index":"index","follow":"follow","max-snippet":"max-snippet:-1","max-image-preview":"max-image-preview:large","max-video-preview":"max-video-preview:-1"},"canonical":"https:\/\/cloakmyads.com\/cs\/koupit\/maskovani-aplikaci-na-trhu-oppo\/","og_locale":"cs_CZ","og_type":"article","og_title":"OPPO App Market Cloaking","og_description":"Upload any OPPO APK safely. Our cloaker builds a compliant HeyTap version, passes review, and activates your real app automatically after approval.","og_url":"https:\/\/cloakmyads.com\/cs\/koupit\/maskovani-aplikaci-na-trhu-oppo\/","og_site_name":"CloakMyAds","article_modified_time":"2025-11-08T14:37:20+00:00","og_image":[{"width":605,"height":400,"url":"https:\/\/cloakmyads.com\/wp-content\/uploads\/2025\/09\/cloaking-ads.jpg","type":"image\/jpeg"}],"twitter_card":"summary_large_image","twitter_misc":{"Odhadovan\u00e1 doba \u010dten\u00ed":"1 minuta"},"schema":{"@context":"https:\/\/schema.org","@graph":[{"@type":"WebPage","@id":"https:\/\/cloakmyads.com\/buy\/oppo-app-market-cloaking\/","url":"https:\/\/cloakmyads.com\/buy\/oppo-app-market-cloaking\/","name":"Koupit OPPO App Market Cloaking - publikovat bezpe\u010dn\u011b","isPartOf":{"@id":"https:\/\/cloakmyads.com\/#website"},"primaryImageOfPage":{"@id":"https:\/\/cloakmyads.com\/buy\/oppo-app-market-cloaking\/#primaryimage"},"image":{"@id":"https:\/\/cloakmyads.com\/buy\/oppo-app-market-cloaking\/#primaryimage"},"thumbnailUrl":"https:\/\/cloakmyads.com\/wp-content\/uploads\/2025\/09\/cloaking-ads.jpg","datePublished":"2025-10-05T11:48:32+00:00","dateModified":"2025-11-08T14:37:20+00:00","description":"Bezpe\u010dn\u011b nahrajte libovoln\u00fd soubor OPPO APK. N\u00e1\u0161 maskova\u010d vytvo\u0159\u00ed kompatibiln\u00ed verzi HeyTap, projde kontrolou a po schv\u00e1len\u00ed automaticky aktivuje va\u0161i skute\u010dnou aplikaci.","breadcrumb":{"@id":"https:\/\/cloakmyads.com\/buy\/oppo-app-market-cloaking\/#breadcrumb"},"inLanguage":"cs","potentialAction":[{"@type":"ReadAction","target":["https:\/\/cloakmyads.com\/buy\/oppo-app-market-cloaking\/"]}]},{"@type":"ImageObject","inLanguage":"cs","@id":"https:\/\/cloakmyads.com\/buy\/oppo-app-market-cloaking\/#primaryimage","url":"https:\/\/cloakmyads.com\/wp-content\/uploads\/2025\/09\/cloaking-ads.jpg","contentUrl":"https:\/\/cloakmyads.com\/wp-content\/uploads\/2025\/09\/cloaking-ads.jpg","width":605,"height":400,"caption":"Ads cloaking"},{"@type":"BreadcrumbList","@id":"https:\/\/cloakmyads.com\/buy\/oppo-app-market-cloaking\/#breadcrumb","itemListElement":[{"@type":"ListItem","position":1,"name":"Home","item":"https:\/\/cloakmyads.com\/"},{"@type":"ListItem","position":2,"name":"Shop","item":"https:\/\/cloakmyads.com\/ar\/%d9%85%d8%aa%d8%ac%d8%b1\/"},{"@type":"ListItem","position":3,"name":"OPPO App Market Cloaking"}]},{"@type":"WebSite","@id":"https:\/\/cloakmyads.com\/#website","url":"https:\/\/cloakmyads.com\/","name":"CloakMyAds","description":"","publisher":{"@id":"https:\/\/cloakmyads.com\/#organization"},"potentialAction":[{"@type":"SearchAction","target":{"@type":"EntryPoint","urlTemplate":"https:\/\/cloakmyads.com\/?s={search_term_string}"},"query-input":{"@type":"PropertyValueSpecification","valueRequired":true,"valueName":"search_term_string"}}],"inLanguage":"cs"},{"@type":"Organization","@id":"https:\/\/cloakmyads.com\/#organization","name":"Koupit \u00fa\u010dty Google Ads","url":"https:\/\/cloakmyads.com\/","logo":{"@type":"ImageObject","inLanguage":"cs","@id":"https:\/\/cloakmyads.com\/#\/schema\/logo\/image\/","url":"https:\/\/cloakmyads.com\/wp-content\/uploads\/2025\/11\/fav-cloak.jpg","contentUrl":"https:\/\/cloakmyads.com\/wp-content\/uploads\/2025\/11\/fav-cloak.jpg","width":512,"height":512,"caption":"Buy Google Ads Accounts"},"image":{"@id":"https:\/\/cloakmyads.com\/#\/schema\/logo\/image\/"}}]}},"_links":{"self":[{"href":"https:\/\/cloakmyads.com\/cs\/wp-json\/wp\/v2\/product\/9799","targetHints":{"allow":["GET"]}}],"collection":[{"href":"https:\/\/cloakmyads.com\/cs\/wp-json\/wp\/v2\/product"}],"about":[{"href":"https:\/\/cloakmyads.com\/cs\/wp-json\/wp\/v2\/types\/product"}],"version-history":[{"count":4,"href":"https:\/\/cloakmyads.com\/cs\/wp-json\/wp\/v2\/product\/9799\/revisions"}],"predecessor-version":[{"id":9844,"href":"https:\/\/cloakmyads.com\/cs\/wp-json\/wp\/v2\/product\/9799\/revisions\/9844"}],"wp:featuredmedia":[{"embeddable":true,"href":"https:\/\/cloakmyads.com\/cs\/wp-json\/wp\/v2\/media\/9556"}],"wp:attachment":[{"href":"https:\/\/cloakmyads.com\/cs\/wp-json\/wp\/v2\/media?parent=9799"}],"wp:term":[{"taxonomy":"product_brand","embeddable":true,"href":"https:\/\/cloakmyads.com\/cs\/wp-json\/wp\/v2\/product_brand?post=9799"},{"taxonomy":"product_cat","embeddable":true,"href":"https:\/\/cloakmyads.com\/cs\/wp-json\/wp\/v2\/product_cat?post=9799"},{"taxonomy":"product_tag","embeddable":true,"href":"https:\/\/cloakmyads.com\/cs\/wp-json\/wp\/v2\/product_tag?post=9799"}],"curies":[{"name":"wp","href":"https:\/\/api.w.org\/{rel}","templated":true}]}}