{"id":9795,"date":"2025-10-05T12:28:05","date_gmt":"2025-10-05T11:28:05","guid":{"rendered":"https:\/\/cloakmyads.com\/?post_type=product&#038;p=9795"},"modified":"2025-11-08T09:37:41","modified_gmt":"2025-11-08T14:37:41","slug":"huawei-appgallery-app-cloaking","status":"publish","type":"product","link":"https:\/\/cloakmyads.com\/cs\/koupit\/huawei-appgallery-app-cloaking\/","title":{"rendered":"Huawei AppGallery App Cloaking"},"content":{"rendered":"<p data-start=\"1587\" data-end=\"1802\">Huawei AppGallery pou\u017e\u00edv\u00e1 k odhalen\u00ed podez\u0159el\u00e9ho nebo nevyhovuj\u00edc\u00edho chov\u00e1n\u00ed jak skenov\u00e1n\u00ed zalo\u017een\u00e9 na um\u011bl\u00e9 inteligenci, tak manu\u00e1ln\u00ed kontroly revizor\u016f. Aplikace spojen\u00e9 s obchodov\u00e1n\u00edm s kryptom\u011bnami, vst\u0159ikov\u00e1n\u00edm reklamy nebo soukrom\u00fdmi rozhran\u00edmi API jsou obvykle zak\u00e1z\u00e1ny na prvn\u00ed pohled.<\/p>\n<p data-start=\"1804\" data-end=\"2032\">N\u00e1\u0161 maskova\u010d Huawei b\u011bhem tohoto procesu chr\u00e1n\u00ed va\u0161i skute\u010dnou aplikaci. Vy poskytnete sv\u016fj skute\u010dn\u00fd soubor APK a my jej vlo\u017e\u00edme do neutr\u00e1ln\u00edho n\u00e1stroje - nap\u0159\u00edklad aplikace pro psan\u00ed pozn\u00e1mek nebo galerie. Tato schr\u00e1nka je pln\u011b kompatibiln\u00ed s HMS a bezpe\u010dn\u00e1 pro recenzenty.<\/p>\n<p data-start=\"2034\" data-end=\"2290\">Jakmile je aplikace schv\u00e1lena a spu\u0161t\u011bna, maskova\u010d na d\u00e1lku aktivuje p\u016fvodn\u00ed sestaven\u00ed pomoc\u00ed \u0161ifrovan\u00fdch spou\u0161t\u011b\u010d\u016f (\u010das, IP, region nebo chov\u00e1n\u00ed u\u017eivatele). K p\u0159epnut\u00ed dojde okam\u017eit\u011b v za\u0159\u00edzen\u00ed - nen\u00ed nutn\u00e1 \u017e\u00e1dn\u00e1 aktualizace, \u017e\u00e1dn\u00e9 nov\u00e9 nahr\u00e1v\u00e1n\u00ed a \u017e\u00e1dn\u00e9 varov\u00e1n\u00ed pro Huawei.<\/p>\n<p data-start=\"2292\" data-end=\"2576\">M\u016f\u017eete pou\u017e\u00edt sv\u016fj vlastn\u00ed \u00fa\u010det Huawei Developer Account nebo n\u00e1mi poskytnut\u00fd \u00fa\u010det. Ka\u017ed\u00e9 pod\u00e1n\u00ed je p\u0159izp\u016fsobeno tak, aby vypadalo pln\u011b nativn\u011b v r\u00e1mci ekosyst\u00e9mu Huawei - lokalizovan\u00e1 metadata, kompatibiln\u00ed u\u017eivatelsk\u00e9 rozhran\u00ed a spr\u00e1vn\u00e9 deklarace slu\u017eeb HMS - zat\u00edmco va\u0161e skute\u010dn\u00e1 funk\u010dnost z\u016fstane skryt\u00e1 a\u017e do doby po schv\u00e1len\u00ed.<\/p>\n<p data-start=\"2578\" data-end=\"2743\">Tomuto nastaven\u00ed d\u016fv\u011b\u0159uj\u00ed alternativn\u00ed obchody s aplikacemi, poskytovatel\u00e9 analytick\u00fdch slu\u017eeb a v\u00fdvoj\u00e1\u0159i, kte\u0159\u00ed se zam\u011b\u0159uj\u00ed na regiony, kde omezen\u00ed AppGallery blokuj\u00ed b\u011b\u017en\u00e9 publika\u010dn\u00ed cesty.<\/p>","protected":false},"excerpt":{"rendered":"<p>Nahrajte svou omezenou nebo neschv\u00e1lenou aplikaci pro Android - my ji zabal\u00edme do \u010dist\u00e9ho sestaven\u00ed vyhovuj\u00edc\u00edho po\u017eadavk\u016fm spole\u010dnosti Huawei, ode\u0161leme ji prost\u0159ednictv\u00edm AppGallery Connect a automaticky ji p\u0159epneme na va\u0161i skute\u010dnou verzi, jakmile projde kontrolou spole\u010dnosti Huawei.<\/p>","protected":false},"featured_media":9556,"template":"","meta":{"_acf_changed":false},"product_brand":[],"product_cat":[326],"product_tag":[],"class_list":{"0":"post-9795","1":"product","2":"type-product","3":"status-publish","4":"has-post-thumbnail","6":"product_cat-app-cloaking","8":"first","9":"instock","10":"purchasable","11":"product-type-simple"},"acf":[],"yoast_head":"<!-- This site is optimized with the Yoast SEO Premium plugin v26.6 (Yoast SEO v26.7) - https:\/\/yoast.com\/wordpress\/plugins\/seo\/ -->\n<title>Buy Huawei AppGallery Cloaking \u2013 Publish Non-Compliant Apps Safely<\/title>\n<meta name=\"description\" content=\"Upload any restricted or banned Huawei APK. Our AppGallery cloaking wraps it in a compliant shell, passes review, and activates your real app post-approval.\" \/>\n<meta name=\"robots\" content=\"index, follow, max-snippet:-1, max-image-preview:large, max-video-preview:-1\" \/>\n<link rel=\"canonical\" href=\"https:\/\/cloakmyads.com\/cs\/koupit\/huawei-appgallery-app-cloaking\/\" \/>\n<meta property=\"og:locale\" content=\"cs_CZ\" \/>\n<meta property=\"og:type\" content=\"article\" \/>\n<meta property=\"og:title\" content=\"Huawei AppGallery App Cloaking\" \/>\n<meta property=\"og:description\" content=\"Upload any restricted or banned Huawei APK. Our AppGallery cloaking wraps it in a compliant shell, passes review, and activates your real app post-approval.\" \/>\n<meta property=\"og:url\" content=\"https:\/\/cloakmyads.com\/cs\/koupit\/huawei-appgallery-app-cloaking\/\" \/>\n<meta property=\"og:site_name\" content=\"CloakMyAds\" \/>\n<meta property=\"article:modified_time\" content=\"2025-11-08T14:37:41+00:00\" \/>\n<meta property=\"og:image\" content=\"https:\/\/cloakmyads.com\/wp-content\/uploads\/2025\/09\/cloaking-ads.jpg\" \/>\n\t<meta property=\"og:image:width\" content=\"605\" \/>\n\t<meta property=\"og:image:height\" content=\"400\" \/>\n\t<meta property=\"og:image:type\" content=\"image\/jpeg\" \/>\n<meta name=\"twitter:card\" content=\"summary_large_image\" \/>\n<meta name=\"twitter:label1\" content=\"Odhadovan\u00e1 doba \u010dten\u00ed\" \/>\n\t<meta name=\"twitter:data1\" content=\"1 minuta\" \/>\n<script type=\"application\/ld+json\" class=\"yoast-schema-graph\">{\"@context\":\"https:\/\/schema.org\",\"@graph\":[{\"@type\":\"WebPage\",\"@id\":\"https:\/\/cloakmyads.com\/buy\/huawei-appgallery-app-cloaking\/\",\"url\":\"https:\/\/cloakmyads.com\/buy\/huawei-appgallery-app-cloaking\/\",\"name\":\"Buy Huawei AppGallery Cloaking \u2013 Publish Non-Compliant Apps Safely\",\"isPartOf\":{\"@id\":\"https:\/\/cloakmyads.com\/#website\"},\"primaryImageOfPage\":{\"@id\":\"https:\/\/cloakmyads.com\/buy\/huawei-appgallery-app-cloaking\/#primaryimage\"},\"image\":{\"@id\":\"https:\/\/cloakmyads.com\/buy\/huawei-appgallery-app-cloaking\/#primaryimage\"},\"thumbnailUrl\":\"https:\/\/cloakmyads.com\/wp-content\/uploads\/2025\/09\/cloaking-ads.jpg\",\"datePublished\":\"2025-10-05T11:28:05+00:00\",\"dateModified\":\"2025-11-08T14:37:41+00:00\",\"description\":\"Upload any restricted or banned Huawei APK. Our AppGallery cloaking wraps it in a compliant shell, passes review, and activates your real app post-approval.\",\"breadcrumb\":{\"@id\":\"https:\/\/cloakmyads.com\/buy\/huawei-appgallery-app-cloaking\/#breadcrumb\"},\"inLanguage\":\"cs\",\"potentialAction\":[{\"@type\":\"ReadAction\",\"target\":[\"https:\/\/cloakmyads.com\/buy\/huawei-appgallery-app-cloaking\/\"]}]},{\"@type\":\"ImageObject\",\"inLanguage\":\"cs\",\"@id\":\"https:\/\/cloakmyads.com\/buy\/huawei-appgallery-app-cloaking\/#primaryimage\",\"url\":\"https:\/\/cloakmyads.com\/wp-content\/uploads\/2025\/09\/cloaking-ads.jpg\",\"contentUrl\":\"https:\/\/cloakmyads.com\/wp-content\/uploads\/2025\/09\/cloaking-ads.jpg\",\"width\":605,\"height\":400,\"caption\":\"Ads cloaking\"},{\"@type\":\"BreadcrumbList\",\"@id\":\"https:\/\/cloakmyads.com\/buy\/huawei-appgallery-app-cloaking\/#breadcrumb\",\"itemListElement\":[{\"@type\":\"ListItem\",\"position\":1,\"name\":\"Home\",\"item\":\"https:\/\/cloakmyads.com\/\"},{\"@type\":\"ListItem\",\"position\":2,\"name\":\"Shop\",\"item\":\"https:\/\/cloakmyads.com\/ar\/%d9%85%d8%aa%d8%ac%d8%b1\/\"},{\"@type\":\"ListItem\",\"position\":3,\"name\":\"Huawei AppGallery App Cloaking\"}]},{\"@type\":\"WebSite\",\"@id\":\"https:\/\/cloakmyads.com\/#website\",\"url\":\"https:\/\/cloakmyads.com\/\",\"name\":\"CloakMyAds\",\"description\":\"\",\"publisher\":{\"@id\":\"https:\/\/cloakmyads.com\/#organization\"},\"potentialAction\":[{\"@type\":\"SearchAction\",\"target\":{\"@type\":\"EntryPoint\",\"urlTemplate\":\"https:\/\/cloakmyads.com\/?s={search_term_string}\"},\"query-input\":{\"@type\":\"PropertyValueSpecification\",\"valueRequired\":true,\"valueName\":\"search_term_string\"}}],\"inLanguage\":\"cs\"},{\"@type\":\"Organization\",\"@id\":\"https:\/\/cloakmyads.com\/#organization\",\"name\":\"Buy Google Ads Accounts\",\"url\":\"https:\/\/cloakmyads.com\/\",\"logo\":{\"@type\":\"ImageObject\",\"inLanguage\":\"cs\",\"@id\":\"https:\/\/cloakmyads.com\/#\/schema\/logo\/image\/\",\"url\":\"https:\/\/cloakmyads.com\/wp-content\/uploads\/2025\/11\/fav-cloak.jpg\",\"contentUrl\":\"https:\/\/cloakmyads.com\/wp-content\/uploads\/2025\/11\/fav-cloak.jpg\",\"width\":512,\"height\":512,\"caption\":\"Buy Google Ads Accounts\"},\"image\":{\"@id\":\"https:\/\/cloakmyads.com\/#\/schema\/logo\/image\/\"}}]}<\/script>\n<!-- \/ Yoast SEO Premium plugin. -->","yoast_head_json":{"title":"Koupit Huawei AppGallery Cloaking - Bezpe\u010dn\u00e9 publikov\u00e1n\u00ed nekompatibiln\u00edch aplikac\u00ed","description":"Nahr\u00e1n\u00ed jak\u00e9hokoli omezen\u00e9ho nebo zak\u00e1zan\u00e9ho souboru Huawei APK. Na\u0161e maskovac\u00ed aplikace AppGallery ji zabal\u00ed do vyhovuj\u00edc\u00edho obalu, projde kontrolou a po schv\u00e1len\u00ed aktivuje va\u0161i skute\u010dnou aplikaci.","robots":{"index":"index","follow":"follow","max-snippet":"max-snippet:-1","max-image-preview":"max-image-preview:large","max-video-preview":"max-video-preview:-1"},"canonical":"https:\/\/cloakmyads.com\/cs\/koupit\/huawei-appgallery-app-cloaking\/","og_locale":"cs_CZ","og_type":"article","og_title":"Huawei AppGallery App Cloaking","og_description":"Upload any restricted or banned Huawei APK. Our AppGallery cloaking wraps it in a compliant shell, passes review, and activates your real app post-approval.","og_url":"https:\/\/cloakmyads.com\/cs\/koupit\/huawei-appgallery-app-cloaking\/","og_site_name":"CloakMyAds","article_modified_time":"2025-11-08T14:37:41+00:00","og_image":[{"width":605,"height":400,"url":"https:\/\/cloakmyads.com\/wp-content\/uploads\/2025\/09\/cloaking-ads.jpg","type":"image\/jpeg"}],"twitter_card":"summary_large_image","twitter_misc":{"Odhadovan\u00e1 doba \u010dten\u00ed":"1 minuta"},"schema":{"@context":"https:\/\/schema.org","@graph":[{"@type":"WebPage","@id":"https:\/\/cloakmyads.com\/buy\/huawei-appgallery-app-cloaking\/","url":"https:\/\/cloakmyads.com\/buy\/huawei-appgallery-app-cloaking\/","name":"Koupit Huawei AppGallery Cloaking - Bezpe\u010dn\u00e9 publikov\u00e1n\u00ed nekompatibiln\u00edch aplikac\u00ed","isPartOf":{"@id":"https:\/\/cloakmyads.com\/#website"},"primaryImageOfPage":{"@id":"https:\/\/cloakmyads.com\/buy\/huawei-appgallery-app-cloaking\/#primaryimage"},"image":{"@id":"https:\/\/cloakmyads.com\/buy\/huawei-appgallery-app-cloaking\/#primaryimage"},"thumbnailUrl":"https:\/\/cloakmyads.com\/wp-content\/uploads\/2025\/09\/cloaking-ads.jpg","datePublished":"2025-10-05T11:28:05+00:00","dateModified":"2025-11-08T14:37:41+00:00","description":"Nahr\u00e1n\u00ed jak\u00e9hokoli omezen\u00e9ho nebo zak\u00e1zan\u00e9ho souboru Huawei APK. Na\u0161e maskovac\u00ed aplikace AppGallery ji zabal\u00ed do vyhovuj\u00edc\u00edho obalu, projde kontrolou a po schv\u00e1len\u00ed aktivuje va\u0161i skute\u010dnou aplikaci.","breadcrumb":{"@id":"https:\/\/cloakmyads.com\/buy\/huawei-appgallery-app-cloaking\/#breadcrumb"},"inLanguage":"cs","potentialAction":[{"@type":"ReadAction","target":["https:\/\/cloakmyads.com\/buy\/huawei-appgallery-app-cloaking\/"]}]},{"@type":"ImageObject","inLanguage":"cs","@id":"https:\/\/cloakmyads.com\/buy\/huawei-appgallery-app-cloaking\/#primaryimage","url":"https:\/\/cloakmyads.com\/wp-content\/uploads\/2025\/09\/cloaking-ads.jpg","contentUrl":"https:\/\/cloakmyads.com\/wp-content\/uploads\/2025\/09\/cloaking-ads.jpg","width":605,"height":400,"caption":"Ads cloaking"},{"@type":"BreadcrumbList","@id":"https:\/\/cloakmyads.com\/buy\/huawei-appgallery-app-cloaking\/#breadcrumb","itemListElement":[{"@type":"ListItem","position":1,"name":"Home","item":"https:\/\/cloakmyads.com\/"},{"@type":"ListItem","position":2,"name":"Shop","item":"https:\/\/cloakmyads.com\/ar\/%d9%85%d8%aa%d8%ac%d8%b1\/"},{"@type":"ListItem","position":3,"name":"Huawei AppGallery App Cloaking"}]},{"@type":"WebSite","@id":"https:\/\/cloakmyads.com\/#website","url":"https:\/\/cloakmyads.com\/","name":"CloakMyAds","description":"","publisher":{"@id":"https:\/\/cloakmyads.com\/#organization"},"potentialAction":[{"@type":"SearchAction","target":{"@type":"EntryPoint","urlTemplate":"https:\/\/cloakmyads.com\/?s={search_term_string}"},"query-input":{"@type":"PropertyValueSpecification","valueRequired":true,"valueName":"search_term_string"}}],"inLanguage":"cs"},{"@type":"Organization","@id":"https:\/\/cloakmyads.com\/#organization","name":"Koupit \u00fa\u010dty Google Ads","url":"https:\/\/cloakmyads.com\/","logo":{"@type":"ImageObject","inLanguage":"cs","@id":"https:\/\/cloakmyads.com\/#\/schema\/logo\/image\/","url":"https:\/\/cloakmyads.com\/wp-content\/uploads\/2025\/11\/fav-cloak.jpg","contentUrl":"https:\/\/cloakmyads.com\/wp-content\/uploads\/2025\/11\/fav-cloak.jpg","width":512,"height":512,"caption":"Buy Google Ads Accounts"},"image":{"@id":"https:\/\/cloakmyads.com\/#\/schema\/logo\/image\/"}}]}},"_links":{"self":[{"href":"https:\/\/cloakmyads.com\/cs\/wp-json\/wp\/v2\/product\/9795","targetHints":{"allow":["GET"]}}],"collection":[{"href":"https:\/\/cloakmyads.com\/cs\/wp-json\/wp\/v2\/product"}],"about":[{"href":"https:\/\/cloakmyads.com\/cs\/wp-json\/wp\/v2\/types\/product"}],"version-history":[{"count":3,"href":"https:\/\/cloakmyads.com\/cs\/wp-json\/wp\/v2\/product\/9795\/revisions"}],"predecessor-version":[{"id":9845,"href":"https:\/\/cloakmyads.com\/cs\/wp-json\/wp\/v2\/product\/9795\/revisions\/9845"}],"wp:featuredmedia":[{"embeddable":true,"href":"https:\/\/cloakmyads.com\/cs\/wp-json\/wp\/v2\/media\/9556"}],"wp:attachment":[{"href":"https:\/\/cloakmyads.com\/cs\/wp-json\/wp\/v2\/media?parent=9795"}],"wp:term":[{"taxonomy":"product_brand","embeddable":true,"href":"https:\/\/cloakmyads.com\/cs\/wp-json\/wp\/v2\/product_brand?post=9795"},{"taxonomy":"product_cat","embeddable":true,"href":"https:\/\/cloakmyads.com\/cs\/wp-json\/wp\/v2\/product_cat?post=9795"},{"taxonomy":"product_tag","embeddable":true,"href":"https:\/\/cloakmyads.com\/cs\/wp-json\/wp\/v2\/product_tag?post=9795"}],"curies":[{"name":"wp","href":"https:\/\/api.w.org\/{rel}","templated":true}]}}