{"id":9792,"date":"2025-10-05T12:15:29","date_gmt":"2025-10-05T11:15:29","guid":{"rendered":"https:\/\/cloakmyads.com\/?post_type=product&#038;p=9792"},"modified":"2026-01-04T06:07:09","modified_gmt":"2026-01-04T11:07:09","slug":"onestore-vyvojarske-maskovaci-ucty","status":"publish","type":"product","link":"https:\/\/cloakmyads.com\/cs\/koupit\/onestore-vyvojarske-maskovaci-ucty\/","title":{"rendered":"V\u00fdvoj\u00e1\u0159sk\u00e9 \u00fa\u010dty OneStore pro maskov\u00e1n\u00ed"},"content":{"rendered":"<p data-start=\"376\" data-end=\"663\">Koupit <strong data-start=\"380\" data-end=\"418\">Kryc\u00ed \u00fa\u010dty OneStore<\/strong> s pln\u011b ov\u011b\u0159en\u00fdm <strong data-start=\"439\" data-end=\"468\">Korejsk\u00e9 v\u00fdvoj\u00e1\u0159sk\u00e9 \u00fa\u010dty<\/strong> p\u0159ipraven\u00e9 k p\u0159\u00edm\u00e9mu publikov\u00e1n\u00ed pro Android. Ka\u017ed\u00fd \u00fa\u010det je registrov\u00e1n pod legitimn\u00ed korejskou spole\u010dnost\u00ed, co\u017e spl\u0148uje m\u00edstn\u00ed standardy OneStore a zaji\u0161\u0165uje rychlej\u0161\u00ed schvalov\u00e1n\u00ed maskovan\u00fdch aplikac\u00ed.<\/p>\n<p data-start=\"665\" data-end=\"1001\">Ide\u00e1ln\u00ed pro spou\u0161t\u011bn\u00ed a spr\u00e1vu vysoce rizikov\u00fdch kampan\u00ed pro syst\u00e9m Android v. <strong data-start=\"731\" data-end=\"774\">kryptografie, s\u00e1zen\u00ed, finance a streamov\u00e1n\u00ed<\/strong>, kde jin\u00e9 platformy pod\u00e1n\u00ed blokuj\u00ed. Tyto ov\u011b\u0159en\u00e9 v\u00fdvoj\u00e1\u0159sk\u00e9 \u00fa\u010dty OneStore umo\u017e\u0148uj\u00ed nahr\u00e1vat \u010dist\u00e9 verze ke kontrole a po schv\u00e1len\u00ed aktivovat maskovan\u00e1 sestaven\u00ed - va\u0161e aplikace tak z\u016fstanou \u017eiv\u00e9, v souladu s p\u0159edpisy a pod kontrolou.<\/p>\n<p data-start=\"1003\" data-end=\"1279\">V\u0161echny \u00fa\u010dty maj\u00ed pln\u00fd p\u0159\u00edstup k ovl\u00e1dac\u00edmu panelu v ofici\u00e1ln\u00edm v\u00fdvoj\u00e1\u0159sk\u00e9m centru OneStore, co\u017e umo\u017e\u0148uje snadnou spr\u00e1vu nahr\u00e1v\u00e1n\u00ed, aktualizac\u00ed a anal\u00fdz. \u017d\u00e1dn\u00e9 zdlouhav\u00e9 ov\u011b\u0159ov\u00e1n\u00ed, \u017e\u00e1dn\u00e9 region\u00e1ln\u00ed bari\u00e9ry - pouze ov\u011b\u0159en\u00e9 \u00fa\u010dty korejsk\u00fdch spole\u010dnost\u00ed vytvo\u0159en\u00e9 pro skrytou distribuci aplikac\u00ed.<\/p>","protected":false},"excerpt":{"rendered":"<p>Ov\u011b\u0159en\u00e9 \u00fa\u010dty korejsk\u00fdch v\u00fdvoj\u00e1\u0159\u016f p\u0159ipraven\u00e9 pro odes\u00edl\u00e1n\u00ed aplikac\u00ed do OneStore, rychl\u00e9 schvalov\u00e1n\u00ed a spolehliv\u00e9 publikov\u00e1n\u00ed maskovan\u00fdch aplikac\u00ed - vytvo\u0159en\u00e9 pro kryptografick\u00e9, s\u00e1zkov\u00e9 a finan\u010dn\u00ed kampan\u011b.<\/p>","protected":false},"featured_media":9820,"template":"","meta":{"_acf_changed":false},"product_brand":[],"product_cat":[328],"product_tag":[],"class_list":{"0":"post-9792","1":"product","2":"type-product","3":"status-publish","4":"has-post-thumbnail","6":"product_cat-app-others","8":"first","9":"instock","10":"purchasable","11":"product-type-simple"},"acf":[],"yoast_head":"<!-- This site is optimized with the Yoast SEO Premium plugin v26.6 (Yoast SEO v26.7) - https:\/\/yoast.com\/wordpress\/plugins\/seo\/ -->\n<title>Buy OneStore Developer Accounts - Verified Korean Accounts<\/title>\n<meta name=\"description\" content=\"Buy verified OneStore developer accounts registered under Korean companies. Publish cloaked Android apps safely for crypto, betting, and finance campaigns.\" \/>\n<meta name=\"robots\" content=\"index, follow, max-snippet:-1, max-image-preview:large, max-video-preview:-1\" \/>\n<link rel=\"canonical\" href=\"https:\/\/cloakmyads.com\/cs\/koupit\/onestore-vyvojarske-maskovaci-ucty\/\" \/>\n<meta property=\"og:locale\" content=\"cs_CZ\" \/>\n<meta property=\"og:type\" content=\"article\" \/>\n<meta property=\"og:title\" content=\"OneStore Developer Cloaking Accounts\" \/>\n<meta property=\"og:description\" content=\"Buy verified OneStore developer accounts registered under Korean companies. Publish cloaked Android apps safely for crypto, betting, and finance campaigns.\" \/>\n<meta property=\"og:url\" content=\"https:\/\/cloakmyads.com\/cs\/koupit\/onestore-vyvojarske-maskovaci-ucty\/\" \/>\n<meta property=\"og:site_name\" content=\"CloakMyAds\" \/>\n<meta property=\"article:modified_time\" content=\"2026-01-04T11:07:09+00:00\" \/>\n<meta property=\"og:image\" content=\"https:\/\/cloakmyads.com\/wp-content\/uploads\/2025\/10\/onestore-accounts.png\" \/>\n\t<meta property=\"og:image:width\" content=\"940\" \/>\n\t<meta property=\"og:image:height\" content=\"640\" \/>\n\t<meta property=\"og:image:type\" content=\"image\/png\" \/>\n<meta name=\"twitter:card\" content=\"summary_large_image\" \/>\n<meta name=\"twitter:label1\" content=\"Odhadovan\u00e1 doba \u010dten\u00ed\" \/>\n\t<meta name=\"twitter:data1\" content=\"1 minuta\" \/>\n<script type=\"application\/ld+json\" class=\"yoast-schema-graph\">{\"@context\":\"https:\/\/schema.org\",\"@graph\":[{\"@type\":\"WebPage\",\"@id\":\"https:\/\/cloakmyads.com\/buy\/onestore-developer-cloaking-accounts\/\",\"url\":\"https:\/\/cloakmyads.com\/buy\/onestore-developer-cloaking-accounts\/\",\"name\":\"Buy OneStore Developer Accounts - Verified Korean Accounts\",\"isPartOf\":{\"@id\":\"https:\/\/cloakmyads.com\/#website\"},\"primaryImageOfPage\":{\"@id\":\"https:\/\/cloakmyads.com\/buy\/onestore-developer-cloaking-accounts\/#primaryimage\"},\"image\":{\"@id\":\"https:\/\/cloakmyads.com\/buy\/onestore-developer-cloaking-accounts\/#primaryimage\"},\"thumbnailUrl\":\"https:\/\/cloakmyads.com\/wp-content\/uploads\/2025\/10\/onestore-accounts.png\",\"datePublished\":\"2025-10-05T11:15:29+00:00\",\"dateModified\":\"2026-01-04T11:07:09+00:00\",\"description\":\"Buy verified OneStore developer accounts registered under Korean companies. Publish cloaked Android apps safely for crypto, betting, and finance campaigns.\",\"breadcrumb\":{\"@id\":\"https:\/\/cloakmyads.com\/buy\/onestore-developer-cloaking-accounts\/#breadcrumb\"},\"inLanguage\":\"cs\",\"potentialAction\":[{\"@type\":\"ReadAction\",\"target\":[\"https:\/\/cloakmyads.com\/buy\/onestore-developer-cloaking-accounts\/\"]}]},{\"@type\":\"ImageObject\",\"inLanguage\":\"cs\",\"@id\":\"https:\/\/cloakmyads.com\/buy\/onestore-developer-cloaking-accounts\/#primaryimage\",\"url\":\"https:\/\/cloakmyads.com\/wp-content\/uploads\/2025\/10\/onestore-accounts.png\",\"contentUrl\":\"https:\/\/cloakmyads.com\/wp-content\/uploads\/2025\/10\/onestore-accounts.png\",\"width\":940,\"height\":640},{\"@type\":\"BreadcrumbList\",\"@id\":\"https:\/\/cloakmyads.com\/buy\/onestore-developer-cloaking-accounts\/#breadcrumb\",\"itemListElement\":[{\"@type\":\"ListItem\",\"position\":1,\"name\":\"Home\",\"item\":\"https:\/\/cloakmyads.com\/\"},{\"@type\":\"ListItem\",\"position\":2,\"name\":\"Shop\",\"item\":\"https:\/\/cloakmyads.com\/ar\/%d9%85%d8%aa%d8%ac%d8%b1\/\"},{\"@type\":\"ListItem\",\"position\":3,\"name\":\"OneStore Developer Cloaking Accounts\"}]},{\"@type\":\"WebSite\",\"@id\":\"https:\/\/cloakmyads.com\/#website\",\"url\":\"https:\/\/cloakmyads.com\/\",\"name\":\"CloakMyAds\",\"description\":\"\",\"publisher\":{\"@id\":\"https:\/\/cloakmyads.com\/#organization\"},\"potentialAction\":[{\"@type\":\"SearchAction\",\"target\":{\"@type\":\"EntryPoint\",\"urlTemplate\":\"https:\/\/cloakmyads.com\/?s={search_term_string}\"},\"query-input\":{\"@type\":\"PropertyValueSpecification\",\"valueRequired\":true,\"valueName\":\"search_term_string\"}}],\"inLanguage\":\"cs\"},{\"@type\":\"Organization\",\"@id\":\"https:\/\/cloakmyads.com\/#organization\",\"name\":\"Buy Google Ads Accounts\",\"url\":\"https:\/\/cloakmyads.com\/\",\"logo\":{\"@type\":\"ImageObject\",\"inLanguage\":\"cs\",\"@id\":\"https:\/\/cloakmyads.com\/#\/schema\/logo\/image\/\",\"url\":\"https:\/\/cloakmyads.com\/wp-content\/uploads\/2025\/11\/fav-cloak.jpg\",\"contentUrl\":\"https:\/\/cloakmyads.com\/wp-content\/uploads\/2025\/11\/fav-cloak.jpg\",\"width\":512,\"height\":512,\"caption\":\"Buy Google Ads Accounts\"},\"image\":{\"@id\":\"https:\/\/cloakmyads.com\/#\/schema\/logo\/image\/\"}}]}<\/script>\n<!-- \/ Yoast SEO Premium plugin. -->","yoast_head_json":{"title":"Koupit v\u00fdvoj\u00e1\u0159sk\u00e9 \u00fa\u010dty OneStore - ov\u011b\u0159en\u00e9 korejsk\u00e9 \u00fa\u010dty","description":"Kupte si ov\u011b\u0159en\u00e9 v\u00fdvoj\u00e1\u0159sk\u00e9 \u00fa\u010dty OneStore registrovan\u00e9 pod korejsk\u00fdmi spole\u010dnostmi. Bezpe\u010dn\u011b publikujte maskovan\u00e9 aplikace pro Android pro kryptografick\u00e9, s\u00e1zkov\u00e9 a finan\u010dn\u00ed kampan\u011b.","robots":{"index":"index","follow":"follow","max-snippet":"max-snippet:-1","max-image-preview":"max-image-preview:large","max-video-preview":"max-video-preview:-1"},"canonical":"https:\/\/cloakmyads.com\/cs\/koupit\/onestore-vyvojarske-maskovaci-ucty\/","og_locale":"cs_CZ","og_type":"article","og_title":"OneStore Developer Cloaking Accounts","og_description":"Buy verified OneStore developer accounts registered under Korean companies. Publish cloaked Android apps safely for crypto, betting, and finance campaigns.","og_url":"https:\/\/cloakmyads.com\/cs\/koupit\/onestore-vyvojarske-maskovaci-ucty\/","og_site_name":"CloakMyAds","article_modified_time":"2026-01-04T11:07:09+00:00","og_image":[{"width":940,"height":640,"url":"https:\/\/cloakmyads.com\/wp-content\/uploads\/2025\/10\/onestore-accounts.png","type":"image\/png"}],"twitter_card":"summary_large_image","twitter_misc":{"Odhadovan\u00e1 doba \u010dten\u00ed":"1 minuta"},"schema":{"@context":"https:\/\/schema.org","@graph":[{"@type":"WebPage","@id":"https:\/\/cloakmyads.com\/buy\/onestore-developer-cloaking-accounts\/","url":"https:\/\/cloakmyads.com\/buy\/onestore-developer-cloaking-accounts\/","name":"Koupit v\u00fdvoj\u00e1\u0159sk\u00e9 \u00fa\u010dty OneStore - ov\u011b\u0159en\u00e9 korejsk\u00e9 \u00fa\u010dty","isPartOf":{"@id":"https:\/\/cloakmyads.com\/#website"},"primaryImageOfPage":{"@id":"https:\/\/cloakmyads.com\/buy\/onestore-developer-cloaking-accounts\/#primaryimage"},"image":{"@id":"https:\/\/cloakmyads.com\/buy\/onestore-developer-cloaking-accounts\/#primaryimage"},"thumbnailUrl":"https:\/\/cloakmyads.com\/wp-content\/uploads\/2025\/10\/onestore-accounts.png","datePublished":"2025-10-05T11:15:29+00:00","dateModified":"2026-01-04T11:07:09+00:00","description":"Kupte si ov\u011b\u0159en\u00e9 v\u00fdvoj\u00e1\u0159sk\u00e9 \u00fa\u010dty OneStore registrovan\u00e9 pod korejsk\u00fdmi spole\u010dnostmi. Bezpe\u010dn\u011b publikujte maskovan\u00e9 aplikace pro Android pro kryptografick\u00e9, s\u00e1zkov\u00e9 a finan\u010dn\u00ed kampan\u011b.","breadcrumb":{"@id":"https:\/\/cloakmyads.com\/buy\/onestore-developer-cloaking-accounts\/#breadcrumb"},"inLanguage":"cs","potentialAction":[{"@type":"ReadAction","target":["https:\/\/cloakmyads.com\/buy\/onestore-developer-cloaking-accounts\/"]}]},{"@type":"ImageObject","inLanguage":"cs","@id":"https:\/\/cloakmyads.com\/buy\/onestore-developer-cloaking-accounts\/#primaryimage","url":"https:\/\/cloakmyads.com\/wp-content\/uploads\/2025\/10\/onestore-accounts.png","contentUrl":"https:\/\/cloakmyads.com\/wp-content\/uploads\/2025\/10\/onestore-accounts.png","width":940,"height":640},{"@type":"BreadcrumbList","@id":"https:\/\/cloakmyads.com\/buy\/onestore-developer-cloaking-accounts\/#breadcrumb","itemListElement":[{"@type":"ListItem","position":1,"name":"Home","item":"https:\/\/cloakmyads.com\/"},{"@type":"ListItem","position":2,"name":"Shop","item":"https:\/\/cloakmyads.com\/ar\/%d9%85%d8%aa%d8%ac%d8%b1\/"},{"@type":"ListItem","position":3,"name":"OneStore Developer Cloaking Accounts"}]},{"@type":"WebSite","@id":"https:\/\/cloakmyads.com\/#website","url":"https:\/\/cloakmyads.com\/","name":"CloakMyAds","description":"","publisher":{"@id":"https:\/\/cloakmyads.com\/#organization"},"potentialAction":[{"@type":"SearchAction","target":{"@type":"EntryPoint","urlTemplate":"https:\/\/cloakmyads.com\/?s={search_term_string}"},"query-input":{"@type":"PropertyValueSpecification","valueRequired":true,"valueName":"search_term_string"}}],"inLanguage":"cs"},{"@type":"Organization","@id":"https:\/\/cloakmyads.com\/#organization","name":"Koupit \u00fa\u010dty Google Ads","url":"https:\/\/cloakmyads.com\/","logo":{"@type":"ImageObject","inLanguage":"cs","@id":"https:\/\/cloakmyads.com\/#\/schema\/logo\/image\/","url":"https:\/\/cloakmyads.com\/wp-content\/uploads\/2025\/11\/fav-cloak.jpg","contentUrl":"https:\/\/cloakmyads.com\/wp-content\/uploads\/2025\/11\/fav-cloak.jpg","width":512,"height":512,"caption":"Buy Google Ads Accounts"},"image":{"@id":"https:\/\/cloakmyads.com\/#\/schema\/logo\/image\/"}}]}},"_links":{"self":[{"href":"https:\/\/cloakmyads.com\/cs\/wp-json\/wp\/v2\/product\/9792","targetHints":{"allow":["GET"]}}],"collection":[{"href":"https:\/\/cloakmyads.com\/cs\/wp-json\/wp\/v2\/product"}],"about":[{"href":"https:\/\/cloakmyads.com\/cs\/wp-json\/wp\/v2\/types\/product"}],"version-history":[{"count":3,"href":"https:\/\/cloakmyads.com\/cs\/wp-json\/wp\/v2\/product\/9792\/revisions"}],"predecessor-version":[{"id":11343,"href":"https:\/\/cloakmyads.com\/cs\/wp-json\/wp\/v2\/product\/9792\/revisions\/11343"}],"wp:featuredmedia":[{"embeddable":true,"href":"https:\/\/cloakmyads.com\/cs\/wp-json\/wp\/v2\/media\/9820"}],"wp:attachment":[{"href":"https:\/\/cloakmyads.com\/cs\/wp-json\/wp\/v2\/media?parent=9792"}],"wp:term":[{"taxonomy":"product_brand","embeddable":true,"href":"https:\/\/cloakmyads.com\/cs\/wp-json\/wp\/v2\/product_brand?post=9792"},{"taxonomy":"product_cat","embeddable":true,"href":"https:\/\/cloakmyads.com\/cs\/wp-json\/wp\/v2\/product_cat?post=9792"},{"taxonomy":"product_tag","embeddable":true,"href":"https:\/\/cloakmyads.com\/cs\/wp-json\/wp\/v2\/product_tag?post=9792"}],"curies":[{"name":"wp","href":"https:\/\/api.w.org\/{rel}","templated":true}]}}