{"id":9783,"date":"2025-10-05T11:47:35","date_gmt":"2025-10-05T10:47:35","guid":{"rendered":"https:\/\/cloakmyads.com\/?post_type=product&#038;p=9783"},"modified":"2026-01-04T06:05:58","modified_gmt":"2026-01-04T11:05:58","slug":"xiaomi-getapps-vyvojarske-maskovaci-ucty","status":"publish","type":"product","link":"https:\/\/cloakmyads.com\/cs\/koupit\/xiaomi-getapps-vyvojarske-maskovaci-ucty\/","title":{"rendered":"Xiaomi GetApps maskovac\u00ed \u00fa\u010dty"},"content":{"rendered":"<p data-start=\"274\" data-end=\"478\">Koupit <strong data-start=\"278\" data-end=\"314\">Xiaomi GetApps maskovac\u00ed \u00fa\u010dty<\/strong> registrov\u00e1no pod ov\u011b\u0159en\u00fdm <strong data-start=\"341\" data-end=\"362\">\u010c\u00ednsk\u00e9 spole\u010dnosti<\/strong> - vytvo\u0159en\u00fd pro inzerenty a v\u00fdvoj\u00e1\u0159e, kte\u0159\u00ed pot\u0159ebuj\u00ed publikovat maskovan\u00e9 aplikace pro Android na ofici\u00e1ln\u00edm tr\u017ei\u0161ti Xiaomi.<\/p>\n<p data-start=\"480\" data-end=\"780\">Tyto \u00fa\u010dty jsou pln\u011b ov\u011b\u0159eny v konzoli Xiaomi Developer Console, tak\u017ee m\u00e1te okam\u017eit\u00fd p\u0159\u00edstup k aplikac\u00edm GetApps s vy\u0161\u0161\u00ed d\u016fv\u011bryhodnost\u00ed a rychlej\u0161\u00edm v\u00fdpisem. Ide\u00e1ln\u00ed pro propagaci aplikac\u00ed v citliv\u00fdch kategori\u00edch, jako jsou nap\u0159. <strong data-start=\"692\" data-end=\"738\">krypto, s\u00e1zen\u00ed, finance, seznamka a IPTV.<\/strong>, kde standardn\u00ed pod\u00e1n\u00ed \u010dasto selh\u00e1vaj\u00ed.<\/p>\n<p data-start=\"782\" data-end=\"1042\">Ka\u017ed\u00fd \u00fa\u010det je nakonfigurov\u00e1n pro skute\u010dn\u00e9 pou\u017eit\u00ed maskov\u00e1n\u00ed - umo\u017e\u0148uje, aby va\u0161e \u010dist\u00e1 verze pro\u0161la kontrolou, zat\u00edmco va\u0161e \u017eiv\u00e1 verze se aktivuje po schv\u00e1len\u00ed. \u017d\u00e1dn\u00e9 prodlevy, \u017e\u00e1dn\u00e9 zbyte\u010dn\u00e9 kontroly, jen ov\u011b\u0159en\u00fd p\u0159\u00edstup uvnit\u0159 ekosyst\u00e9mu Xiaomi podpo\u0159en\u00fd m\u00edstn\u00edm podnikatelsk\u00fdm subjektem.<\/p>\n<p data-start=\"1044\" data-end=\"1231\">A\u0165 u\u017e testujete maskovan\u00e9 sestaven\u00ed syst\u00e9mu Android nebo bezpe\u010dn\u011b roz\u0161i\u0159ujete kampan\u011b, tyto v\u00fdvoj\u00e1\u0159sk\u00e9 \u00fa\u010dty Xiaomi v\u00e1m poskytnou ov\u011b\u0159en\u00fd z\u00e1klad, kter\u00fd pot\u0159ebujete pro konzistentn\u00ed schvalov\u00e1n\u00ed a provozuschopnost.<\/p>","protected":false},"excerpt":{"rendered":"<p>Ov\u011b\u0159en\u00e9 \u00fa\u010dty Xiaomi Developer vytvo\u0159en\u00e9 pro rychl\u00e9 publikov\u00e1n\u00ed a stabiln\u00ed maskovan\u00e9 spou\u0161t\u011bn\u00ed aplikac\u00ed - ide\u00e1ln\u00ed pro bezpe\u010dn\u00e9 osloven\u00ed u\u017eivatel\u016f na platform\u011b GetApps.<\/p>","protected":false},"featured_media":9817,"template":"","meta":{"_acf_changed":false},"product_brand":[],"product_cat":[328],"product_tag":[],"class_list":{"0":"post-9783","1":"product","2":"type-product","3":"status-publish","4":"has-post-thumbnail","6":"product_cat-app-others","8":"first","9":"instock","10":"purchasable","11":"product-type-simple"},"acf":[],"yoast_head":"<!-- This site is optimized with the Yoast SEO Premium plugin v26.6 (Yoast SEO v26.7) - https:\/\/yoast.com\/wordpress\/plugins\/seo\/ -->\n<title>Buy Xiaomi GetApps Developer Accounts \u2013 Cloaking Ready for Android Apps<\/title>\n<meta name=\"description\" content=\"Buy verified Xiaomi GetApps developer accounts to publish cloaked Android apps safely. Ideal for crypto, betting, and finance campaigns that need real approvals.\" \/>\n<meta name=\"robots\" content=\"index, follow, max-snippet:-1, max-image-preview:large, max-video-preview:-1\" \/>\n<link rel=\"canonical\" href=\"https:\/\/cloakmyads.com\/cs\/koupit\/xiaomi-getapps-vyvojarske-maskovaci-ucty\/\" \/>\n<meta property=\"og:locale\" content=\"cs_CZ\" \/>\n<meta property=\"og:type\" content=\"article\" \/>\n<meta property=\"og:title\" content=\"Xiaomi GetApps Cloaking Accounts\" \/>\n<meta property=\"og:description\" content=\"Buy verified Xiaomi GetApps developer accounts to publish cloaked Android apps safely. Ideal for crypto, betting, and finance campaigns that need real approvals.\" \/>\n<meta property=\"og:url\" content=\"https:\/\/cloakmyads.com\/cs\/koupit\/xiaomi-getapps-vyvojarske-maskovaci-ucty\/\" \/>\n<meta property=\"og:site_name\" content=\"CloakMyAds\" \/>\n<meta property=\"article:modified_time\" content=\"2026-01-04T11:05:58+00:00\" \/>\n<meta property=\"og:image\" content=\"https:\/\/cloakmyads.com\/wp-content\/uploads\/2025\/10\/xiaomi-get-apps.png\" \/>\n\t<meta property=\"og:image:width\" content=\"940\" \/>\n\t<meta property=\"og:image:height\" content=\"640\" \/>\n\t<meta property=\"og:image:type\" content=\"image\/png\" \/>\n<meta name=\"twitter:card\" content=\"summary_large_image\" \/>\n<meta name=\"twitter:label1\" content=\"Odhadovan\u00e1 doba \u010dten\u00ed\" \/>\n\t<meta name=\"twitter:data1\" content=\"1 minuta\" \/>\n<script type=\"application\/ld+json\" class=\"yoast-schema-graph\">{\"@context\":\"https:\/\/schema.org\",\"@graph\":[{\"@type\":\"WebPage\",\"@id\":\"https:\/\/cloakmyads.com\/buy\/xiaomi-getapps-developer-cloaking-accounts\/\",\"url\":\"https:\/\/cloakmyads.com\/buy\/xiaomi-getapps-developer-cloaking-accounts\/\",\"name\":\"Buy Xiaomi GetApps Developer Accounts \u2013 Cloaking Ready for Android Apps\",\"isPartOf\":{\"@id\":\"https:\/\/cloakmyads.com\/#website\"},\"primaryImageOfPage\":{\"@id\":\"https:\/\/cloakmyads.com\/buy\/xiaomi-getapps-developer-cloaking-accounts\/#primaryimage\"},\"image\":{\"@id\":\"https:\/\/cloakmyads.com\/buy\/xiaomi-getapps-developer-cloaking-accounts\/#primaryimage\"},\"thumbnailUrl\":\"https:\/\/cloakmyads.com\/wp-content\/uploads\/2025\/10\/xiaomi-get-apps.png\",\"datePublished\":\"2025-10-05T10:47:35+00:00\",\"dateModified\":\"2026-01-04T11:05:58+00:00\",\"description\":\"Buy verified Xiaomi GetApps developer accounts to publish cloaked Android apps safely. Ideal for crypto, betting, and finance campaigns that need real approvals.\",\"breadcrumb\":{\"@id\":\"https:\/\/cloakmyads.com\/buy\/xiaomi-getapps-developer-cloaking-accounts\/#breadcrumb\"},\"inLanguage\":\"cs\",\"potentialAction\":[{\"@type\":\"ReadAction\",\"target\":[\"https:\/\/cloakmyads.com\/buy\/xiaomi-getapps-developer-cloaking-accounts\/\"]}]},{\"@type\":\"ImageObject\",\"inLanguage\":\"cs\",\"@id\":\"https:\/\/cloakmyads.com\/buy\/xiaomi-getapps-developer-cloaking-accounts\/#primaryimage\",\"url\":\"https:\/\/cloakmyads.com\/wp-content\/uploads\/2025\/10\/xiaomi-get-apps.png\",\"contentUrl\":\"https:\/\/cloakmyads.com\/wp-content\/uploads\/2025\/10\/xiaomi-get-apps.png\",\"width\":940,\"height\":640},{\"@type\":\"BreadcrumbList\",\"@id\":\"https:\/\/cloakmyads.com\/buy\/xiaomi-getapps-developer-cloaking-accounts\/#breadcrumb\",\"itemListElement\":[{\"@type\":\"ListItem\",\"position\":1,\"name\":\"Home\",\"item\":\"https:\/\/cloakmyads.com\/\"},{\"@type\":\"ListItem\",\"position\":2,\"name\":\"Shop\",\"item\":\"https:\/\/cloakmyads.com\/ar\/%d9%85%d8%aa%d8%ac%d8%b1\/\"},{\"@type\":\"ListItem\",\"position\":3,\"name\":\"Xiaomi GetApps Cloaking Accounts\"}]},{\"@type\":\"WebSite\",\"@id\":\"https:\/\/cloakmyads.com\/#website\",\"url\":\"https:\/\/cloakmyads.com\/\",\"name\":\"CloakMyAds\",\"description\":\"\",\"publisher\":{\"@id\":\"https:\/\/cloakmyads.com\/#organization\"},\"potentialAction\":[{\"@type\":\"SearchAction\",\"target\":{\"@type\":\"EntryPoint\",\"urlTemplate\":\"https:\/\/cloakmyads.com\/?s={search_term_string}\"},\"query-input\":{\"@type\":\"PropertyValueSpecification\",\"valueRequired\":true,\"valueName\":\"search_term_string\"}}],\"inLanguage\":\"cs\"},{\"@type\":\"Organization\",\"@id\":\"https:\/\/cloakmyads.com\/#organization\",\"name\":\"Buy Google Ads Accounts\",\"url\":\"https:\/\/cloakmyads.com\/\",\"logo\":{\"@type\":\"ImageObject\",\"inLanguage\":\"cs\",\"@id\":\"https:\/\/cloakmyads.com\/#\/schema\/logo\/image\/\",\"url\":\"https:\/\/cloakmyads.com\/wp-content\/uploads\/2025\/11\/fav-cloak.jpg\",\"contentUrl\":\"https:\/\/cloakmyads.com\/wp-content\/uploads\/2025\/11\/fav-cloak.jpg\",\"width\":512,\"height\":512,\"caption\":\"Buy Google Ads Accounts\"},\"image\":{\"@id\":\"https:\/\/cloakmyads.com\/#\/schema\/logo\/image\/\"}}]}<\/script>\n<!-- \/ Yoast SEO Premium plugin. -->","yoast_head_json":{"title":"Koupit Xiaomi GetApps Developer Accounts - maskov\u00e1n\u00ed p\u0159ipraven\u00e9 pro aplikace pro Android","description":"Kupte si ov\u011b\u0159en\u00e9 v\u00fdvoj\u00e1\u0159sk\u00e9 \u00fa\u010dty Xiaomi GetApps a bezpe\u010dn\u011b publikujte maskovan\u00e9 aplikace pro Android. Ide\u00e1ln\u00ed pro kryptografick\u00e9, s\u00e1zkov\u00e9 a finan\u010dn\u00ed kampan\u011b, kter\u00e9 pot\u0159ebuj\u00ed skute\u010dn\u00e9 schv\u00e1len\u00ed.","robots":{"index":"index","follow":"follow","max-snippet":"max-snippet:-1","max-image-preview":"max-image-preview:large","max-video-preview":"max-video-preview:-1"},"canonical":"https:\/\/cloakmyads.com\/cs\/koupit\/xiaomi-getapps-vyvojarske-maskovaci-ucty\/","og_locale":"cs_CZ","og_type":"article","og_title":"Xiaomi GetApps Cloaking Accounts","og_description":"Buy verified Xiaomi GetApps developer accounts to publish cloaked Android apps safely. Ideal for crypto, betting, and finance campaigns that need real approvals.","og_url":"https:\/\/cloakmyads.com\/cs\/koupit\/xiaomi-getapps-vyvojarske-maskovaci-ucty\/","og_site_name":"CloakMyAds","article_modified_time":"2026-01-04T11:05:58+00:00","og_image":[{"width":940,"height":640,"url":"https:\/\/cloakmyads.com\/wp-content\/uploads\/2025\/10\/xiaomi-get-apps.png","type":"image\/png"}],"twitter_card":"summary_large_image","twitter_misc":{"Odhadovan\u00e1 doba \u010dten\u00ed":"1 minuta"},"schema":{"@context":"https:\/\/schema.org","@graph":[{"@type":"WebPage","@id":"https:\/\/cloakmyads.com\/buy\/xiaomi-getapps-developer-cloaking-accounts\/","url":"https:\/\/cloakmyads.com\/buy\/xiaomi-getapps-developer-cloaking-accounts\/","name":"Koupit Xiaomi GetApps Developer Accounts - maskov\u00e1n\u00ed p\u0159ipraven\u00e9 pro aplikace pro Android","isPartOf":{"@id":"https:\/\/cloakmyads.com\/#website"},"primaryImageOfPage":{"@id":"https:\/\/cloakmyads.com\/buy\/xiaomi-getapps-developer-cloaking-accounts\/#primaryimage"},"image":{"@id":"https:\/\/cloakmyads.com\/buy\/xiaomi-getapps-developer-cloaking-accounts\/#primaryimage"},"thumbnailUrl":"https:\/\/cloakmyads.com\/wp-content\/uploads\/2025\/10\/xiaomi-get-apps.png","datePublished":"2025-10-05T10:47:35+00:00","dateModified":"2026-01-04T11:05:58+00:00","description":"Kupte si ov\u011b\u0159en\u00e9 v\u00fdvoj\u00e1\u0159sk\u00e9 \u00fa\u010dty Xiaomi GetApps a bezpe\u010dn\u011b publikujte maskovan\u00e9 aplikace pro Android. Ide\u00e1ln\u00ed pro kryptografick\u00e9, s\u00e1zkov\u00e9 a finan\u010dn\u00ed kampan\u011b, kter\u00e9 pot\u0159ebuj\u00ed skute\u010dn\u00e9 schv\u00e1len\u00ed.","breadcrumb":{"@id":"https:\/\/cloakmyads.com\/buy\/xiaomi-getapps-developer-cloaking-accounts\/#breadcrumb"},"inLanguage":"cs","potentialAction":[{"@type":"ReadAction","target":["https:\/\/cloakmyads.com\/buy\/xiaomi-getapps-developer-cloaking-accounts\/"]}]},{"@type":"ImageObject","inLanguage":"cs","@id":"https:\/\/cloakmyads.com\/buy\/xiaomi-getapps-developer-cloaking-accounts\/#primaryimage","url":"https:\/\/cloakmyads.com\/wp-content\/uploads\/2025\/10\/xiaomi-get-apps.png","contentUrl":"https:\/\/cloakmyads.com\/wp-content\/uploads\/2025\/10\/xiaomi-get-apps.png","width":940,"height":640},{"@type":"BreadcrumbList","@id":"https:\/\/cloakmyads.com\/buy\/xiaomi-getapps-developer-cloaking-accounts\/#breadcrumb","itemListElement":[{"@type":"ListItem","position":1,"name":"Home","item":"https:\/\/cloakmyads.com\/"},{"@type":"ListItem","position":2,"name":"Shop","item":"https:\/\/cloakmyads.com\/ar\/%d9%85%d8%aa%d8%ac%d8%b1\/"},{"@type":"ListItem","position":3,"name":"Xiaomi GetApps Cloaking Accounts"}]},{"@type":"WebSite","@id":"https:\/\/cloakmyads.com\/#website","url":"https:\/\/cloakmyads.com\/","name":"CloakMyAds","description":"","publisher":{"@id":"https:\/\/cloakmyads.com\/#organization"},"potentialAction":[{"@type":"SearchAction","target":{"@type":"EntryPoint","urlTemplate":"https:\/\/cloakmyads.com\/?s={search_term_string}"},"query-input":{"@type":"PropertyValueSpecification","valueRequired":true,"valueName":"search_term_string"}}],"inLanguage":"cs"},{"@type":"Organization","@id":"https:\/\/cloakmyads.com\/#organization","name":"Koupit \u00fa\u010dty Google Ads","url":"https:\/\/cloakmyads.com\/","logo":{"@type":"ImageObject","inLanguage":"cs","@id":"https:\/\/cloakmyads.com\/#\/schema\/logo\/image\/","url":"https:\/\/cloakmyads.com\/wp-content\/uploads\/2025\/11\/fav-cloak.jpg","contentUrl":"https:\/\/cloakmyads.com\/wp-content\/uploads\/2025\/11\/fav-cloak.jpg","width":512,"height":512,"caption":"Buy Google Ads Accounts"},"image":{"@id":"https:\/\/cloakmyads.com\/#\/schema\/logo\/image\/"}}]}},"_links":{"self":[{"href":"https:\/\/cloakmyads.com\/cs\/wp-json\/wp\/v2\/product\/9783","targetHints":{"allow":["GET"]}}],"collection":[{"href":"https:\/\/cloakmyads.com\/cs\/wp-json\/wp\/v2\/product"}],"about":[{"href":"https:\/\/cloakmyads.com\/cs\/wp-json\/wp\/v2\/types\/product"}],"version-history":[{"count":3,"href":"https:\/\/cloakmyads.com\/cs\/wp-json\/wp\/v2\/product\/9783\/revisions"}],"predecessor-version":[{"id":11341,"href":"https:\/\/cloakmyads.com\/cs\/wp-json\/wp\/v2\/product\/9783\/revisions\/11341"}],"wp:featuredmedia":[{"embeddable":true,"href":"https:\/\/cloakmyads.com\/cs\/wp-json\/wp\/v2\/media\/9817"}],"wp:attachment":[{"href":"https:\/\/cloakmyads.com\/cs\/wp-json\/wp\/v2\/media?parent=9783"}],"wp:term":[{"taxonomy":"product_brand","embeddable":true,"href":"https:\/\/cloakmyads.com\/cs\/wp-json\/wp\/v2\/product_brand?post=9783"},{"taxonomy":"product_cat","embeddable":true,"href":"https:\/\/cloakmyads.com\/cs\/wp-json\/wp\/v2\/product_cat?post=9783"},{"taxonomy":"product_tag","embeddable":true,"href":"https:\/\/cloakmyads.com\/cs\/wp-json\/wp\/v2\/product_tag?post=9783"}],"curies":[{"name":"wp","href":"https:\/\/api.w.org\/{rel}","templated":true}]}}