{"id":9616,"date":"2025-09-22T17:17:29","date_gmt":"2025-09-22T16:17:29","guid":{"rendered":"https:\/\/cloakmyads.com\/?post_type=product&#038;p=9616"},"modified":"2025-11-08T09:38:05","modified_gmt":"2025-11-08T14:38:05","slug":"maskovani-v-obchode-s-aplikacemi-apple","status":"publish","type":"product","link":"https:\/\/cloakmyads.com\/cs\/koupit\/maskovani-v-obchode-s-aplikacemi-apple\/","title":{"rendered":"Skr\u00fdv\u00e1n\u00ed v obchod\u011b Apple App Store"},"content":{"rendered":"<p data-start=\"1403\" data-end=\"1598\">Kontroln\u00ed proces App Store spole\u010dnosti Apple je jedn\u00edm z nejp\u0159\u00edsn\u011bj\u0161\u00edch na sv\u011bt\u011b. Pokud va\u0161e aplikace obsahuje nepovolen\u00fd obsah, poru\u0161uje podm\u00ednky pou\u017e\u00edv\u00e1n\u00ed nebo se pokou\u0161\u00ed o cokoli \u201ccitliv\u00e9ho\u201d - je okam\u017eit\u011b zam\u00edtnuta.<\/p>\n<p data-start=\"1600\" data-end=\"1798\">S na\u0161\u00edm \u0159e\u0161en\u00edm maskov\u00e1n\u00ed pro iOS v\u0161ak nemus\u00edte aplikaci m\u011bnit. Sta\u010d\u00ed nahr\u00e1t v\u00e1\u0161 p\u016fvodn\u00ed soubor IPA - my jej vlo\u017e\u00edme do souboru IPA. <strong data-start=\"1731\" data-end=\"1754\">kompatibiln\u00ed aplikace shell<\/strong>, p\u0159edlo\u017ete ji ke kontrole a o zbytek se postar\u00e1me sami.<\/p>\n<p data-start=\"1800\" data-end=\"2025\">Jakmile ji spole\u010dnost Apple schv\u00e1l\u00ed, aplikace <strong data-start=\"1832\" data-end=\"1869\">chov\u00e1n\u00ed p\u0159ep\u00edna\u010d\u016f na skute\u010dn\u00fdch za\u0159\u00edzen\u00edch<\/strong>. M\u016f\u017ee na\u010d\u00edst va\u0161e skute\u010dn\u00e9 rozhran\u00ed, aktivovat omezen\u00e9 sady SDK, povolit akce na pozad\u00ed nebo vyt\u00e1hnout vzd\u00e1len\u00fd obsah - to v\u0161e bez op\u011btovn\u00e9ho odesl\u00e1n\u00ed nebo upozorn\u011bn\u00ed spole\u010dnosti Apple.<\/p>\n<p data-start=\"2027\" data-end=\"2196\">Odes\u00edlat m\u016f\u017eete pomoc\u00ed vlastn\u00edho v\u00fdvoj\u00e1\u0159sk\u00e9ho \u00fa\u010dtu Apple nebo v\u00e1m ho poskytneme. Cel\u00fd proces je zabalen tak, aby p\u0159i kontrole vypadal \u010dist\u011b - a po schv\u00e1len\u00ed se p\u0159evr\u00e1til.<\/p>\n<p data-start=\"2198\" data-end=\"2367\">T\u00e9to slu\u017eb\u011b d\u016fv\u011b\u0159uj\u00ed soukrom\u00ed prodejci n\u00e1stroj\u016f, s\u00edt\u011b sledovac\u00edch aplikac\u00ed, distributo\u0159i omezen\u00e9ho obsahu a v\u0161ichni, kdo pot\u0159ebuj\u00ed p\u0159\u00edstup k aplikac\u00edm iOS bez omezen\u00ed App Store.<\/p>","protected":false},"excerpt":{"rendered":"<p>Nahrajte svou zak\u00e1zanou nebo nevyhovuj\u00edc\u00ed aplikaci pro iOS - my ji zabal\u00edme do \u010dist\u00e9 fiktivn\u00ed aplikace, ode\u0161leme ji spole\u010dnosti Apple pomoc\u00ed va\u0161eho (nebo na\u0161eho) v\u00fdvoj\u00e1\u0159sk\u00e9ho \u00fa\u010dtu a po schv\u00e1len\u00ed p\u0159epneme chov\u00e1n\u00ed na va\u0161i skute\u010dnou aplikaci.<\/p>","protected":false},"featured_media":9556,"template":"","meta":{"_acf_changed":false},"product_brand":[],"product_cat":[326],"product_tag":[],"class_list":{"0":"post-9616","1":"product","2":"type-product","3":"status-publish","4":"has-post-thumbnail","6":"product_cat-app-cloaking","8":"first","9":"instock","10":"purchasable","11":"product-type-simple"},"acf":[],"yoast_head":"<!-- This site is optimized with the Yoast SEO Premium plugin v26.6 (Yoast SEO v26.7) - https:\/\/yoast.com\/wordpress\/plugins\/seo\/ -->\n<title>Buy Apple App Store Cloaking Services Online<\/title>\n<meta name=\"description\" content=\"Buy Apple App Store Cloaking and keep campaigns live. Advanced cloaking ensures approval and reduces bans. Get started now.\" \/>\n<meta name=\"robots\" content=\"index, follow, max-snippet:-1, max-image-preview:large, max-video-preview:-1\" \/>\n<link rel=\"canonical\" href=\"https:\/\/cloakmyads.com\/cs\/koupit\/maskovani-v-obchode-s-aplikacemi-apple\/\" \/>\n<meta property=\"og:locale\" content=\"cs_CZ\" \/>\n<meta property=\"og:type\" content=\"article\" \/>\n<meta property=\"og:title\" content=\"Apple App Store Cloaking\" \/>\n<meta property=\"og:description\" content=\"Buy Apple App Store Cloaking and keep campaigns live. Advanced cloaking ensures approval and reduces bans. Get started now.\" \/>\n<meta property=\"og:url\" content=\"https:\/\/cloakmyads.com\/cs\/koupit\/maskovani-v-obchode-s-aplikacemi-apple\/\" \/>\n<meta property=\"og:site_name\" content=\"CloakMyAds\" \/>\n<meta property=\"article:modified_time\" content=\"2025-11-08T14:38:05+00:00\" \/>\n<meta property=\"og:image\" content=\"https:\/\/cloakmyads.com\/wp-content\/uploads\/2025\/09\/cloaking-ads.jpg\" \/>\n\t<meta property=\"og:image:width\" content=\"605\" \/>\n\t<meta property=\"og:image:height\" content=\"400\" \/>\n\t<meta property=\"og:image:type\" content=\"image\/jpeg\" \/>\n<meta name=\"twitter:card\" content=\"summary_large_image\" \/>\n<meta name=\"twitter:label1\" content=\"Odhadovan\u00e1 doba \u010dten\u00ed\" \/>\n\t<meta name=\"twitter:data1\" content=\"1 minuta\" \/>\n<script type=\"application\/ld+json\" class=\"yoast-schema-graph\">{\"@context\":\"https:\/\/schema.org\",\"@graph\":[{\"@type\":\"WebPage\",\"@id\":\"https:\/\/cloakmyads.com\/buy\/apple-app-store-cloaking\/\",\"url\":\"https:\/\/cloakmyads.com\/buy\/apple-app-store-cloaking\/\",\"name\":\"Buy Apple App Store Cloaking Services Online\",\"isPartOf\":{\"@id\":\"https:\/\/cloakmyads.com\/#website\"},\"primaryImageOfPage\":{\"@id\":\"https:\/\/cloakmyads.com\/buy\/apple-app-store-cloaking\/#primaryimage\"},\"image\":{\"@id\":\"https:\/\/cloakmyads.com\/buy\/apple-app-store-cloaking\/#primaryimage\"},\"thumbnailUrl\":\"https:\/\/cloakmyads.com\/wp-content\/uploads\/2025\/09\/cloaking-ads.jpg\",\"datePublished\":\"2025-09-22T16:17:29+00:00\",\"dateModified\":\"2025-11-08T14:38:05+00:00\",\"description\":\"Buy Apple App Store Cloaking and keep campaigns live. Advanced cloaking ensures approval and reduces bans. Get started now.\",\"breadcrumb\":{\"@id\":\"https:\/\/cloakmyads.com\/buy\/apple-app-store-cloaking\/#breadcrumb\"},\"inLanguage\":\"cs\",\"potentialAction\":[{\"@type\":\"ReadAction\",\"target\":[\"https:\/\/cloakmyads.com\/buy\/apple-app-store-cloaking\/\"]}]},{\"@type\":\"ImageObject\",\"inLanguage\":\"cs\",\"@id\":\"https:\/\/cloakmyads.com\/buy\/apple-app-store-cloaking\/#primaryimage\",\"url\":\"https:\/\/cloakmyads.com\/wp-content\/uploads\/2025\/09\/cloaking-ads.jpg\",\"contentUrl\":\"https:\/\/cloakmyads.com\/wp-content\/uploads\/2025\/09\/cloaking-ads.jpg\",\"width\":605,\"height\":400,\"caption\":\"Ads cloaking\"},{\"@type\":\"BreadcrumbList\",\"@id\":\"https:\/\/cloakmyads.com\/buy\/apple-app-store-cloaking\/#breadcrumb\",\"itemListElement\":[{\"@type\":\"ListItem\",\"position\":1,\"name\":\"Home\",\"item\":\"https:\/\/cloakmyads.com\/\"},{\"@type\":\"ListItem\",\"position\":2,\"name\":\"Shop\",\"item\":\"https:\/\/cloakmyads.com\/ar\/%d9%85%d8%aa%d8%ac%d8%b1\/\"},{\"@type\":\"ListItem\",\"position\":3,\"name\":\"Apple App Store Cloaking\"}]},{\"@type\":\"WebSite\",\"@id\":\"https:\/\/cloakmyads.com\/#website\",\"url\":\"https:\/\/cloakmyads.com\/\",\"name\":\"CloakMyAds\",\"description\":\"\",\"publisher\":{\"@id\":\"https:\/\/cloakmyads.com\/#organization\"},\"potentialAction\":[{\"@type\":\"SearchAction\",\"target\":{\"@type\":\"EntryPoint\",\"urlTemplate\":\"https:\/\/cloakmyads.com\/?s={search_term_string}\"},\"query-input\":{\"@type\":\"PropertyValueSpecification\",\"valueRequired\":true,\"valueName\":\"search_term_string\"}}],\"inLanguage\":\"cs\"},{\"@type\":\"Organization\",\"@id\":\"https:\/\/cloakmyads.com\/#organization\",\"name\":\"Buy Google Ads Accounts\",\"url\":\"https:\/\/cloakmyads.com\/\",\"logo\":{\"@type\":\"ImageObject\",\"inLanguage\":\"cs\",\"@id\":\"https:\/\/cloakmyads.com\/#\/schema\/logo\/image\/\",\"url\":\"https:\/\/cloakmyads.com\/wp-content\/uploads\/2025\/11\/fav-cloak.jpg\",\"contentUrl\":\"https:\/\/cloakmyads.com\/wp-content\/uploads\/2025\/11\/fav-cloak.jpg\",\"width\":512,\"height\":512,\"caption\":\"Buy Google Ads Accounts\"},\"image\":{\"@id\":\"https:\/\/cloakmyads.com\/#\/schema\/logo\/image\/\"}}]}<\/script>\n<!-- \/ Yoast SEO Premium plugin. -->","yoast_head_json":{"title":"Koupit slu\u017eby maskov\u00e1n\u00ed v Apple App Store online","description":"Kupte si Apple App Store Cloaking a udr\u017eujte kampan\u011b v provozu. Pokro\u010dil\u00e9 maskov\u00e1n\u00ed zaji\u0161\u0165uje schv\u00e1len\u00ed a sni\u017euje po\u010det z\u00e1kaz\u016f. Za\u010dn\u011bte hned.","robots":{"index":"index","follow":"follow","max-snippet":"max-snippet:-1","max-image-preview":"max-image-preview:large","max-video-preview":"max-video-preview:-1"},"canonical":"https:\/\/cloakmyads.com\/cs\/koupit\/maskovani-v-obchode-s-aplikacemi-apple\/","og_locale":"cs_CZ","og_type":"article","og_title":"Apple App Store Cloaking","og_description":"Buy Apple App Store Cloaking and keep campaigns live. Advanced cloaking ensures approval and reduces bans. Get started now.","og_url":"https:\/\/cloakmyads.com\/cs\/koupit\/maskovani-v-obchode-s-aplikacemi-apple\/","og_site_name":"CloakMyAds","article_modified_time":"2025-11-08T14:38:05+00:00","og_image":[{"width":605,"height":400,"url":"https:\/\/cloakmyads.com\/wp-content\/uploads\/2025\/09\/cloaking-ads.jpg","type":"image\/jpeg"}],"twitter_card":"summary_large_image","twitter_misc":{"Odhadovan\u00e1 doba \u010dten\u00ed":"1 minuta"},"schema":{"@context":"https:\/\/schema.org","@graph":[{"@type":"WebPage","@id":"https:\/\/cloakmyads.com\/buy\/apple-app-store-cloaking\/","url":"https:\/\/cloakmyads.com\/buy\/apple-app-store-cloaking\/","name":"Koupit slu\u017eby maskov\u00e1n\u00ed v Apple App Store online","isPartOf":{"@id":"https:\/\/cloakmyads.com\/#website"},"primaryImageOfPage":{"@id":"https:\/\/cloakmyads.com\/buy\/apple-app-store-cloaking\/#primaryimage"},"image":{"@id":"https:\/\/cloakmyads.com\/buy\/apple-app-store-cloaking\/#primaryimage"},"thumbnailUrl":"https:\/\/cloakmyads.com\/wp-content\/uploads\/2025\/09\/cloaking-ads.jpg","datePublished":"2025-09-22T16:17:29+00:00","dateModified":"2025-11-08T14:38:05+00:00","description":"Kupte si Apple App Store Cloaking a udr\u017eujte kampan\u011b v provozu. Pokro\u010dil\u00e9 maskov\u00e1n\u00ed zaji\u0161\u0165uje schv\u00e1len\u00ed a sni\u017euje po\u010det z\u00e1kaz\u016f. Za\u010dn\u011bte hned.","breadcrumb":{"@id":"https:\/\/cloakmyads.com\/buy\/apple-app-store-cloaking\/#breadcrumb"},"inLanguage":"cs","potentialAction":[{"@type":"ReadAction","target":["https:\/\/cloakmyads.com\/buy\/apple-app-store-cloaking\/"]}]},{"@type":"ImageObject","inLanguage":"cs","@id":"https:\/\/cloakmyads.com\/buy\/apple-app-store-cloaking\/#primaryimage","url":"https:\/\/cloakmyads.com\/wp-content\/uploads\/2025\/09\/cloaking-ads.jpg","contentUrl":"https:\/\/cloakmyads.com\/wp-content\/uploads\/2025\/09\/cloaking-ads.jpg","width":605,"height":400,"caption":"Ads cloaking"},{"@type":"BreadcrumbList","@id":"https:\/\/cloakmyads.com\/buy\/apple-app-store-cloaking\/#breadcrumb","itemListElement":[{"@type":"ListItem","position":1,"name":"Home","item":"https:\/\/cloakmyads.com\/"},{"@type":"ListItem","position":2,"name":"Shop","item":"https:\/\/cloakmyads.com\/ar\/%d9%85%d8%aa%d8%ac%d8%b1\/"},{"@type":"ListItem","position":3,"name":"Apple App Store Cloaking"}]},{"@type":"WebSite","@id":"https:\/\/cloakmyads.com\/#website","url":"https:\/\/cloakmyads.com\/","name":"CloakMyAds","description":"","publisher":{"@id":"https:\/\/cloakmyads.com\/#organization"},"potentialAction":[{"@type":"SearchAction","target":{"@type":"EntryPoint","urlTemplate":"https:\/\/cloakmyads.com\/?s={search_term_string}"},"query-input":{"@type":"PropertyValueSpecification","valueRequired":true,"valueName":"search_term_string"}}],"inLanguage":"cs"},{"@type":"Organization","@id":"https:\/\/cloakmyads.com\/#organization","name":"Koupit \u00fa\u010dty Google Ads","url":"https:\/\/cloakmyads.com\/","logo":{"@type":"ImageObject","inLanguage":"cs","@id":"https:\/\/cloakmyads.com\/#\/schema\/logo\/image\/","url":"https:\/\/cloakmyads.com\/wp-content\/uploads\/2025\/11\/fav-cloak.jpg","contentUrl":"https:\/\/cloakmyads.com\/wp-content\/uploads\/2025\/11\/fav-cloak.jpg","width":512,"height":512,"caption":"Buy Google Ads Accounts"},"image":{"@id":"https:\/\/cloakmyads.com\/#\/schema\/logo\/image\/"}}]}},"_links":{"self":[{"href":"https:\/\/cloakmyads.com\/cs\/wp-json\/wp\/v2\/product\/9616","targetHints":{"allow":["GET"]}}],"collection":[{"href":"https:\/\/cloakmyads.com\/cs\/wp-json\/wp\/v2\/product"}],"about":[{"href":"https:\/\/cloakmyads.com\/cs\/wp-json\/wp\/v2\/types\/product"}],"version-history":[{"count":6,"href":"https:\/\/cloakmyads.com\/cs\/wp-json\/wp\/v2\/product\/9616\/revisions"}],"predecessor-version":[{"id":9846,"href":"https:\/\/cloakmyads.com\/cs\/wp-json\/wp\/v2\/product\/9616\/revisions\/9846"}],"wp:featuredmedia":[{"embeddable":true,"href":"https:\/\/cloakmyads.com\/cs\/wp-json\/wp\/v2\/media\/9556"}],"wp:attachment":[{"href":"https:\/\/cloakmyads.com\/cs\/wp-json\/wp\/v2\/media?parent=9616"}],"wp:term":[{"taxonomy":"product_brand","embeddable":true,"href":"https:\/\/cloakmyads.com\/cs\/wp-json\/wp\/v2\/product_brand?post=9616"},{"taxonomy":"product_cat","embeddable":true,"href":"https:\/\/cloakmyads.com\/cs\/wp-json\/wp\/v2\/product_cat?post=9616"},{"taxonomy":"product_tag","embeddable":true,"href":"https:\/\/cloakmyads.com\/cs\/wp-json\/wp\/v2\/product_tag?post=9616"}],"curies":[{"name":"wp","href":"https:\/\/api.w.org\/{rel}","templated":true}]}}