{"id":9611,"date":"2025-09-22T16:44:33","date_gmt":"2025-09-22T15:44:33","guid":{"rendered":"https:\/\/cloakmyads.com\/?post_type=product&#038;p=9611"},"modified":"2025-11-08T09:38:40","modified_gmt":"2025-11-08T14:38:40","slug":"dropshipping-ecom-reklamy-maskovani","status":"publish","type":"product","link":"https:\/\/cloakmyads.com\/cs\/koupit\/dropshipping-ecom-reklamy-maskovani\/","title":{"rendered":"Dropshipping \/ Ecom Ads Cloaking"},"content":{"rendered":"<p data-start=\"906\" data-end=\"1248\">Platformy jako Facebook a TikTok omezily mo\u017enosti prodeje - zejm\u00e9na v oblasti dropshippingu. V\u00fdrobky jako repliky tenisek, zbra\u0148ov\u00e9 gadgety, detoxika\u010dn\u00ed pom\u016fcky a elektronika s fale\u0161n\u00fdmi zna\u010dkami jsou \u010dasto na prvn\u00ed pohled zak\u00e1z\u00e1ny. Dokonce i standardn\u00ed funnely vyu\u017e\u00edvaj\u00edc\u00ed fale\u0161n\u00e9 \u010dasova\u010de, triky s nedostatkem nebo odv\u00e1\u017en\u00e1 tvrzen\u00ed vyvol\u00e1vaj\u00ed neschv\u00e1len\u00ed nebo \u00fapln\u00e9 z\u00e1kazy \u00fa\u010dt\u016f.<\/p>\n<p data-start=\"1250\" data-end=\"1529\">N\u00e1\u0161 syst\u00e9m maskov\u00e1n\u00ed to napravuje. Recenzent\u016fm, bot\u016fm a kontrolor\u016fm shody se zobraz\u00ed \u010dist\u00e1 str\u00e1nka - obvykle zna\u010dkov\u00e1 domovsk\u00e1 str\u00e1nka, blog ve stylu influencer\u016f nebo obecn\u00e1 str\u00e1nka s informacemi o produktu. Skute\u010dn\u00ed u\u017eivatel\u00e9 jsou naopak okam\u017eit\u011b p\u0159esm\u011brov\u00e1ni na v\u00e1\u0161 skute\u010dn\u00fd obchod, nab\u00eddku nebo pokladn\u00ed str\u00e1nku.<\/p>\n<p data-start=\"1531\" data-end=\"1736\">M\u016f\u017eete p\u0159esn\u011b kontrolovat, kdo co vid\u00ed: filtrovat provoz podle rozsahu IP adres, zem\u011b, za\u0159\u00edzen\u00ed, otisku prohl\u00ed\u017ee\u010de nebo jazyka. Udr\u017eujte sv\u016fj v\u00edt\u011bzn\u00fd produkt d\u00e9le v provozu a p\u0159esta\u0148te p\u0159ich\u00e1zet o reklamn\u00ed \u00fa\u010dty kv\u016fli \u201cporu\u0161en\u00ed z\u00e1sad\u201d.\u201d<\/p>\n<p data-start=\"1738\" data-end=\"1915\">Tento maskova\u010d, kter\u00fd pou\u017e\u00edvaj\u00ed \u0161estim\u00edstn\u00ed dropshippe\u0159i, arbitr\u00e1\u017en\u00ed t\u00fdmy elektronick\u00e9ho obchodu a pobo\u010dky provozuj\u00edc\u00ed obchody s jedn\u00edm produktem, je obl\u00edbenou zbran\u00ed pro \u0161k\u00e1lov\u00e1n\u00ed toho, co je norm\u00e1ln\u011b ne\u0161k\u00e1lovateln\u00e9.<\/p>","protected":false},"excerpt":{"rendered":"<p>Pokro\u010dil\u00fd maskovac\u00ed syst\u00e9m vytvo\u0159en\u00fd pro agresivn\u00ed dropshippingov\u00e9 produkty - v\u010detn\u011b replik, zak\u00e1zan\u00fdch p\u0159edm\u011bt\u016f, zbran\u00ed, neov\u011b\u0159en\u00e9 kosmetiky a fale\u0161n\u00fdch n\u00e1levek s nedostatkov\u00fdm zbo\u017e\u00edm -, kter\u00fd lze bezpe\u010dn\u011b provozovat na platform\u00e1ch, jako jsou Facebook, Google, TikTok a X Ads.<\/p>","protected":false},"featured_media":9556,"template":"","meta":{"_acf_changed":false},"product_brand":[],"product_cat":[325],"product_tag":[],"class_list":{"0":"post-9611","1":"product","2":"type-product","3":"status-publish","4":"has-post-thumbnail","6":"product_cat-cloaking","8":"first","9":"instock","10":"purchasable","11":"product-type-simple"},"acf":[],"yoast_head":"<!-- This site is optimized with the Yoast SEO Premium plugin v26.6 (Yoast SEO v26.7) - https:\/\/yoast.com\/wordpress\/plugins\/seo\/ -->\n<title>Buy Dropshipping Ads Cloaking \u2013 Hide Blackhat Products<\/title>\n<meta name=\"description\" content=\"Buy Ecom Ads Cloaking to run dropshipping campaigns by showing safe content to reviewers and real offers to customers.\" \/>\n<meta name=\"robots\" content=\"index, follow, max-snippet:-1, max-image-preview:large, max-video-preview:-1\" \/>\n<link rel=\"canonical\" href=\"https:\/\/cloakmyads.com\/cs\/koupit\/dropshipping-ecom-reklamy-maskovani\/\" \/>\n<meta property=\"og:locale\" content=\"cs_CZ\" \/>\n<meta property=\"og:type\" content=\"article\" \/>\n<meta property=\"og:title\" content=\"Dropshipping \/ Ecom Ads Cloaking\" \/>\n<meta property=\"og:description\" content=\"Buy Ecom Ads Cloaking to run dropshipping campaigns by showing safe content to reviewers and real offers to customers.\" \/>\n<meta property=\"og:url\" content=\"https:\/\/cloakmyads.com\/cs\/koupit\/dropshipping-ecom-reklamy-maskovani\/\" \/>\n<meta property=\"og:site_name\" content=\"CloakMyAds\" \/>\n<meta property=\"article:modified_time\" content=\"2025-11-08T14:38:40+00:00\" \/>\n<meta property=\"og:image\" content=\"https:\/\/cloakmyads.com\/wp-content\/uploads\/2025\/09\/cloaking-ads.jpg\" \/>\n\t<meta property=\"og:image:width\" content=\"605\" \/>\n\t<meta property=\"og:image:height\" content=\"400\" \/>\n\t<meta property=\"og:image:type\" content=\"image\/jpeg\" \/>\n<meta name=\"twitter:card\" content=\"summary_large_image\" \/>\n<meta name=\"twitter:label1\" content=\"Odhadovan\u00e1 doba \u010dten\u00ed\" \/>\n\t<meta name=\"twitter:data1\" content=\"1 minuta\" \/>\n<script type=\"application\/ld+json\" class=\"yoast-schema-graph\">{\"@context\":\"https:\/\/schema.org\",\"@graph\":[{\"@type\":\"WebPage\",\"@id\":\"https:\/\/cloakmyads.com\/buy\/dropshipping-ecom-ads-cloaking\/\",\"url\":\"https:\/\/cloakmyads.com\/buy\/dropshipping-ecom-ads-cloaking\/\",\"name\":\"Buy Dropshipping Ads Cloaking \u2013 Hide Blackhat Products\",\"isPartOf\":{\"@id\":\"https:\/\/cloakmyads.com\/#website\"},\"primaryImageOfPage\":{\"@id\":\"https:\/\/cloakmyads.com\/buy\/dropshipping-ecom-ads-cloaking\/#primaryimage\"},\"image\":{\"@id\":\"https:\/\/cloakmyads.com\/buy\/dropshipping-ecom-ads-cloaking\/#primaryimage\"},\"thumbnailUrl\":\"https:\/\/cloakmyads.com\/wp-content\/uploads\/2025\/09\/cloaking-ads.jpg\",\"datePublished\":\"2025-09-22T15:44:33+00:00\",\"dateModified\":\"2025-11-08T14:38:40+00:00\",\"description\":\"Buy Ecom Ads Cloaking to run dropshipping campaigns by showing safe content to reviewers and real offers to customers.\",\"breadcrumb\":{\"@id\":\"https:\/\/cloakmyads.com\/buy\/dropshipping-ecom-ads-cloaking\/#breadcrumb\"},\"inLanguage\":\"cs\",\"potentialAction\":[{\"@type\":\"ReadAction\",\"target\":[\"https:\/\/cloakmyads.com\/buy\/dropshipping-ecom-ads-cloaking\/\"]}]},{\"@type\":\"ImageObject\",\"inLanguage\":\"cs\",\"@id\":\"https:\/\/cloakmyads.com\/buy\/dropshipping-ecom-ads-cloaking\/#primaryimage\",\"url\":\"https:\/\/cloakmyads.com\/wp-content\/uploads\/2025\/09\/cloaking-ads.jpg\",\"contentUrl\":\"https:\/\/cloakmyads.com\/wp-content\/uploads\/2025\/09\/cloaking-ads.jpg\",\"width\":605,\"height\":400,\"caption\":\"Ads cloaking\"},{\"@type\":\"BreadcrumbList\",\"@id\":\"https:\/\/cloakmyads.com\/buy\/dropshipping-ecom-ads-cloaking\/#breadcrumb\",\"itemListElement\":[{\"@type\":\"ListItem\",\"position\":1,\"name\":\"Home\",\"item\":\"https:\/\/cloakmyads.com\/\"},{\"@type\":\"ListItem\",\"position\":2,\"name\":\"Shop\",\"item\":\"https:\/\/cloakmyads.com\/ar\/%d9%85%d8%aa%d8%ac%d8%b1\/\"},{\"@type\":\"ListItem\",\"position\":3,\"name\":\"Dropshipping \/ Ecom Ads Cloaking\"}]},{\"@type\":\"WebSite\",\"@id\":\"https:\/\/cloakmyads.com\/#website\",\"url\":\"https:\/\/cloakmyads.com\/\",\"name\":\"CloakMyAds\",\"description\":\"\",\"publisher\":{\"@id\":\"https:\/\/cloakmyads.com\/#organization\"},\"potentialAction\":[{\"@type\":\"SearchAction\",\"target\":{\"@type\":\"EntryPoint\",\"urlTemplate\":\"https:\/\/cloakmyads.com\/?s={search_term_string}\"},\"query-input\":{\"@type\":\"PropertyValueSpecification\",\"valueRequired\":true,\"valueName\":\"search_term_string\"}}],\"inLanguage\":\"cs\"},{\"@type\":\"Organization\",\"@id\":\"https:\/\/cloakmyads.com\/#organization\",\"name\":\"Buy Google Ads Accounts\",\"url\":\"https:\/\/cloakmyads.com\/\",\"logo\":{\"@type\":\"ImageObject\",\"inLanguage\":\"cs\",\"@id\":\"https:\/\/cloakmyads.com\/#\/schema\/logo\/image\/\",\"url\":\"https:\/\/cloakmyads.com\/wp-content\/uploads\/2025\/11\/fav-cloak.jpg\",\"contentUrl\":\"https:\/\/cloakmyads.com\/wp-content\/uploads\/2025\/11\/fav-cloak.jpg\",\"width\":512,\"height\":512,\"caption\":\"Buy Google Ads Accounts\"},\"image\":{\"@id\":\"https:\/\/cloakmyads.com\/#\/schema\/logo\/image\/\"}}]}<\/script>\n<!-- \/ Yoast SEO Premium plugin. -->","yoast_head_json":{"title":"Koupit Dropshipping Ads Cloaking - Skr\u00fdt Blackhat produkty","description":"Koupit Ecom Ads Cloaking pro spu\u0161t\u011bn\u00ed dropshippingov\u00fdch kampan\u00ed zobrazen\u00edm bezpe\u010dn\u00e9ho obsahu recenzent\u016fm a skute\u010dn\u00fdch nab\u00eddek z\u00e1kazn\u00edk\u016fm.","robots":{"index":"index","follow":"follow","max-snippet":"max-snippet:-1","max-image-preview":"max-image-preview:large","max-video-preview":"max-video-preview:-1"},"canonical":"https:\/\/cloakmyads.com\/cs\/koupit\/dropshipping-ecom-reklamy-maskovani\/","og_locale":"cs_CZ","og_type":"article","og_title":"Dropshipping \/ Ecom Ads Cloaking","og_description":"Buy Ecom Ads Cloaking to run dropshipping campaigns by showing safe content to reviewers and real offers to customers.","og_url":"https:\/\/cloakmyads.com\/cs\/koupit\/dropshipping-ecom-reklamy-maskovani\/","og_site_name":"CloakMyAds","article_modified_time":"2025-11-08T14:38:40+00:00","og_image":[{"width":605,"height":400,"url":"https:\/\/cloakmyads.com\/wp-content\/uploads\/2025\/09\/cloaking-ads.jpg","type":"image\/jpeg"}],"twitter_card":"summary_large_image","twitter_misc":{"Odhadovan\u00e1 doba \u010dten\u00ed":"1 minuta"},"schema":{"@context":"https:\/\/schema.org","@graph":[{"@type":"WebPage","@id":"https:\/\/cloakmyads.com\/buy\/dropshipping-ecom-ads-cloaking\/","url":"https:\/\/cloakmyads.com\/buy\/dropshipping-ecom-ads-cloaking\/","name":"Koupit Dropshipping Ads Cloaking - Skr\u00fdt Blackhat produkty","isPartOf":{"@id":"https:\/\/cloakmyads.com\/#website"},"primaryImageOfPage":{"@id":"https:\/\/cloakmyads.com\/buy\/dropshipping-ecom-ads-cloaking\/#primaryimage"},"image":{"@id":"https:\/\/cloakmyads.com\/buy\/dropshipping-ecom-ads-cloaking\/#primaryimage"},"thumbnailUrl":"https:\/\/cloakmyads.com\/wp-content\/uploads\/2025\/09\/cloaking-ads.jpg","datePublished":"2025-09-22T15:44:33+00:00","dateModified":"2025-11-08T14:38:40+00:00","description":"Koupit Ecom Ads Cloaking pro spu\u0161t\u011bn\u00ed dropshippingov\u00fdch kampan\u00ed zobrazen\u00edm bezpe\u010dn\u00e9ho obsahu recenzent\u016fm a skute\u010dn\u00fdch nab\u00eddek z\u00e1kazn\u00edk\u016fm.","breadcrumb":{"@id":"https:\/\/cloakmyads.com\/buy\/dropshipping-ecom-ads-cloaking\/#breadcrumb"},"inLanguage":"cs","potentialAction":[{"@type":"ReadAction","target":["https:\/\/cloakmyads.com\/buy\/dropshipping-ecom-ads-cloaking\/"]}]},{"@type":"ImageObject","inLanguage":"cs","@id":"https:\/\/cloakmyads.com\/buy\/dropshipping-ecom-ads-cloaking\/#primaryimage","url":"https:\/\/cloakmyads.com\/wp-content\/uploads\/2025\/09\/cloaking-ads.jpg","contentUrl":"https:\/\/cloakmyads.com\/wp-content\/uploads\/2025\/09\/cloaking-ads.jpg","width":605,"height":400,"caption":"Ads cloaking"},{"@type":"BreadcrumbList","@id":"https:\/\/cloakmyads.com\/buy\/dropshipping-ecom-ads-cloaking\/#breadcrumb","itemListElement":[{"@type":"ListItem","position":1,"name":"Home","item":"https:\/\/cloakmyads.com\/"},{"@type":"ListItem","position":2,"name":"Shop","item":"https:\/\/cloakmyads.com\/ar\/%d9%85%d8%aa%d8%ac%d8%b1\/"},{"@type":"ListItem","position":3,"name":"Dropshipping \/ Ecom Ads Cloaking"}]},{"@type":"WebSite","@id":"https:\/\/cloakmyads.com\/#website","url":"https:\/\/cloakmyads.com\/","name":"CloakMyAds","description":"","publisher":{"@id":"https:\/\/cloakmyads.com\/#organization"},"potentialAction":[{"@type":"SearchAction","target":{"@type":"EntryPoint","urlTemplate":"https:\/\/cloakmyads.com\/?s={search_term_string}"},"query-input":{"@type":"PropertyValueSpecification","valueRequired":true,"valueName":"search_term_string"}}],"inLanguage":"cs"},{"@type":"Organization","@id":"https:\/\/cloakmyads.com\/#organization","name":"Koupit \u00fa\u010dty Google Ads","url":"https:\/\/cloakmyads.com\/","logo":{"@type":"ImageObject","inLanguage":"cs","@id":"https:\/\/cloakmyads.com\/#\/schema\/logo\/image\/","url":"https:\/\/cloakmyads.com\/wp-content\/uploads\/2025\/11\/fav-cloak.jpg","contentUrl":"https:\/\/cloakmyads.com\/wp-content\/uploads\/2025\/11\/fav-cloak.jpg","width":512,"height":512,"caption":"Buy Google Ads Accounts"},"image":{"@id":"https:\/\/cloakmyads.com\/#\/schema\/logo\/image\/"}}]}},"_links":{"self":[{"href":"https:\/\/cloakmyads.com\/cs\/wp-json\/wp\/v2\/product\/9611","targetHints":{"allow":["GET"]}}],"collection":[{"href":"https:\/\/cloakmyads.com\/cs\/wp-json\/wp\/v2\/product"}],"about":[{"href":"https:\/\/cloakmyads.com\/cs\/wp-json\/wp\/v2\/types\/product"}],"version-history":[{"count":3,"href":"https:\/\/cloakmyads.com\/cs\/wp-json\/wp\/v2\/product\/9611\/revisions"}],"predecessor-version":[{"id":9850,"href":"https:\/\/cloakmyads.com\/cs\/wp-json\/wp\/v2\/product\/9611\/revisions\/9850"}],"wp:featuredmedia":[{"embeddable":true,"href":"https:\/\/cloakmyads.com\/cs\/wp-json\/wp\/v2\/media\/9556"}],"wp:attachment":[{"href":"https:\/\/cloakmyads.com\/cs\/wp-json\/wp\/v2\/media?parent=9611"}],"wp:term":[{"taxonomy":"product_brand","embeddable":true,"href":"https:\/\/cloakmyads.com\/cs\/wp-json\/wp\/v2\/product_brand?post=9611"},{"taxonomy":"product_cat","embeddable":true,"href":"https:\/\/cloakmyads.com\/cs\/wp-json\/wp\/v2\/product_cat?post=9611"},{"taxonomy":"product_tag","embeddable":true,"href":"https:\/\/cloakmyads.com\/cs\/wp-json\/wp\/v2\/product_tag?post=9611"}],"curies":[{"name":"wp","href":"https:\/\/api.w.org\/{rel}","templated":true}]}}