{"id":9608,"date":"2025-09-22T16:36:33","date_gmt":"2025-09-22T15:36:33","guid":{"rendered":"https:\/\/cloakmyads.com\/?post_type=product&#038;p=9608"},"modified":"2025-11-08T09:39:00","modified_gmt":"2025-11-08T14:39:00","slug":"affiliate-cpa-nabizi-reklamy-maskovani","status":"publish","type":"product","link":"https:\/\/cloakmyads.com\/cs\/koupit\/affiliate-cpa-nabizi-reklamy-maskovani\/","title":{"rendered":"Affiliate \/ CPA Nab\u00eddky Reklamy Cloaking"},"content":{"rendered":"<p data-start=\"960\" data-end=\"1191\">Affiliate marketing je mocn\u00fd - ale v\u011bt\u0161ina z toho, co se konvertuje, je zak\u00e1z\u00e1na. A\u0165 u\u017e provozujete nutra testy, finan\u010dn\u00ed lead-gen, sweepy, bin\u00e1rn\u00ed mo\u017enosti nebo agresivn\u00ed dropshippingov\u00e9 landery, reklamn\u00ed platformy je p\u0159\u00edmo neschv\u00e1l\u00ed.<\/p>\n<p data-start=\"1193\" data-end=\"1462\">N\u00e1\u0161 syst\u00e9m maskov\u00e1n\u00ed tento probl\u00e9m \u0159e\u0161\u00ed. Spust\u00edte sv\u016fj skute\u010dn\u00fd trycht\u00fd\u0159 s p\u0159esm\u011brov\u00e1n\u00edm na z\u00e1klad\u011b otisk\u016f prohl\u00ed\u017ee\u010de, IP, geografick\u00fdch \u00fadaj\u016f, za\u0159\u00edzen\u00ed a chov\u00e1n\u00ed n\u00e1v\u0161t\u011bvn\u00edk\u016f. Recenzenti vid\u00ed \u010distou vstupn\u00ed str\u00e1nku, zat\u00edmco skute\u010dn\u00ed u\u017eivatel\u00e9 jsou okam\u017eit\u011b p\u0159esm\u011brov\u00e1ni na va\u0161i vysoce v\u00fdd\u011ble\u010dnou partnerskou nab\u00eddku.<\/p>\n<p data-start=\"1464\" data-end=\"1735\">Pou\u017eijte ji k propagaci <strong data-start=\"1482\" data-end=\"1501\">rebill produkty<\/strong>, <strong data-start=\"1503\" data-end=\"1523\">pr\u016fzkumn\u00e9 st\u011bny CPA<\/strong>, <strong data-start=\"1525\" data-end=\"1551\">instalace aplikac\u00ed jedn\u00edm kliknut\u00edm<\/strong>, a <strong data-start=\"1557\" data-end=\"1575\">bin\u00e1rn\u00ed opce<\/strong> bez rizika okam\u017eit\u00e9ho odm\u00edtnut\u00ed nebo z\u00e1kazu. Odfiltrujeme roboty platforem, lidsk\u00e9 moder\u00e1tory, prohl\u00ed\u017ee\u010de bez hlavy a crawlery, tak\u017ee va\u0161e str\u00e1nky s pen\u011bzi z\u016fstanou soukrom\u00e9.<\/p>\n<p data-start=\"1737\" data-end=\"1913\">Affiliates po cel\u00e9m sv\u011bt\u011b d\u016fv\u011b\u0159uj\u00ed tomuto maskova\u010di, kter\u00fd udr\u017euje kampan\u011b \u017eiv\u00e9 nap\u0159\u00ed\u010d r\u016fzn\u00fdmi vertik\u00e1ln\u00edmi oblastmi a zdroji n\u00e1v\u0161t\u011bvnosti - od lead gen\u016f na Facebooku po retargeting Google a instalace TikToku.<\/p>","protected":false},"excerpt":{"rendered":"<p>Syst\u00e9m maskov\u00e1n\u00ed navr\u017een\u00fd tak, aby pomohl partner\u016fm provozovat agresivn\u00ed nab\u00eddky CPA, kter\u00e9 nejsou v souladu s p\u0159edpisy, na platform\u00e1ch Google, Facebook, TikTok a dal\u0161\u00edch hlavn\u00edch reklamn\u00edch platform\u00e1ch - v\u010detn\u011b zkou\u0161ek, pr\u016fzkum\u016f, finan\u010dn\u00edch tok\u016f a bin\u00e1rn\u00edch nab\u00eddek - ani\u017e by byli zak\u00e1z\u00e1ni.<\/p>","protected":false},"featured_media":9556,"template":"","meta":{"_acf_changed":false},"product_brand":[],"product_cat":[325],"product_tag":[],"class_list":{"0":"post-9608","1":"product","2":"type-product","3":"status-publish","4":"has-post-thumbnail","6":"product_cat-cloaking","8":"first","9":"instock","10":"purchasable","11":"product-type-simple"},"acf":[],"yoast_head":"<!-- This site is optimized with the Yoast SEO Premium plugin v26.6 (Yoast SEO v26.7) - https:\/\/yoast.com\/wordpress\/plugins\/seo\/ -->\n<title>Buy Affiliate &amp; CPA Ads Cloaking \u2013 Run Offers Safely<\/title>\n<meta name=\"description\" content=\"Buy Affiliate &amp; CPA Offers Ads Cloaking to bypass strict ad checks, hide blackhat offers, and keep campaigns approved.\" \/>\n<meta name=\"robots\" content=\"index, follow, max-snippet:-1, max-image-preview:large, max-video-preview:-1\" \/>\n<link rel=\"canonical\" href=\"https:\/\/cloakmyads.com\/cs\/koupit\/affiliate-cpa-nabizi-reklamy-maskovani\/\" \/>\n<meta property=\"og:locale\" content=\"cs_CZ\" \/>\n<meta property=\"og:type\" content=\"article\" \/>\n<meta property=\"og:title\" content=\"Affiliate \/ CPA Offers Ads Cloaking\" \/>\n<meta property=\"og:description\" content=\"Buy Affiliate &amp; CPA Offers Ads Cloaking to bypass strict ad checks, hide blackhat offers, and keep campaigns approved.\" \/>\n<meta property=\"og:url\" content=\"https:\/\/cloakmyads.com\/cs\/koupit\/affiliate-cpa-nabizi-reklamy-maskovani\/\" \/>\n<meta property=\"og:site_name\" content=\"CloakMyAds\" \/>\n<meta property=\"article:modified_time\" content=\"2025-11-08T14:39:00+00:00\" \/>\n<meta property=\"og:image\" content=\"https:\/\/cloakmyads.com\/wp-content\/uploads\/2025\/09\/cloaking-ads.jpg\" \/>\n\t<meta property=\"og:image:width\" content=\"605\" \/>\n\t<meta property=\"og:image:height\" content=\"400\" \/>\n\t<meta property=\"og:image:type\" content=\"image\/jpeg\" \/>\n<meta name=\"twitter:card\" content=\"summary_large_image\" \/>\n<meta name=\"twitter:label1\" content=\"Odhadovan\u00e1 doba \u010dten\u00ed\" \/>\n\t<meta name=\"twitter:data1\" content=\"1 minuta\" \/>\n<script type=\"application\/ld+json\" class=\"yoast-schema-graph\">{\"@context\":\"https:\/\/schema.org\",\"@graph\":[{\"@type\":\"WebPage\",\"@id\":\"https:\/\/cloakmyads.com\/buy\/affiliate-cpa-offers-ads-cloaking\/\",\"url\":\"https:\/\/cloakmyads.com\/buy\/affiliate-cpa-offers-ads-cloaking\/\",\"name\":\"Buy Affiliate & CPA Ads Cloaking \u2013 Run Offers Safely\",\"isPartOf\":{\"@id\":\"https:\/\/cloakmyads.com\/#website\"},\"primaryImageOfPage\":{\"@id\":\"https:\/\/cloakmyads.com\/buy\/affiliate-cpa-offers-ads-cloaking\/#primaryimage\"},\"image\":{\"@id\":\"https:\/\/cloakmyads.com\/buy\/affiliate-cpa-offers-ads-cloaking\/#primaryimage\"},\"thumbnailUrl\":\"https:\/\/cloakmyads.com\/wp-content\/uploads\/2025\/09\/cloaking-ads.jpg\",\"datePublished\":\"2025-09-22T15:36:33+00:00\",\"dateModified\":\"2025-11-08T14:39:00+00:00\",\"description\":\"Buy Affiliate & CPA Offers Ads Cloaking to bypass strict ad checks, hide blackhat offers, and keep campaigns approved.\",\"breadcrumb\":{\"@id\":\"https:\/\/cloakmyads.com\/buy\/affiliate-cpa-offers-ads-cloaking\/#breadcrumb\"},\"inLanguage\":\"cs\",\"potentialAction\":[{\"@type\":\"ReadAction\",\"target\":[\"https:\/\/cloakmyads.com\/buy\/affiliate-cpa-offers-ads-cloaking\/\"]}]},{\"@type\":\"ImageObject\",\"inLanguage\":\"cs\",\"@id\":\"https:\/\/cloakmyads.com\/buy\/affiliate-cpa-offers-ads-cloaking\/#primaryimage\",\"url\":\"https:\/\/cloakmyads.com\/wp-content\/uploads\/2025\/09\/cloaking-ads.jpg\",\"contentUrl\":\"https:\/\/cloakmyads.com\/wp-content\/uploads\/2025\/09\/cloaking-ads.jpg\",\"width\":605,\"height\":400,\"caption\":\"Ads cloaking\"},{\"@type\":\"BreadcrumbList\",\"@id\":\"https:\/\/cloakmyads.com\/buy\/affiliate-cpa-offers-ads-cloaking\/#breadcrumb\",\"itemListElement\":[{\"@type\":\"ListItem\",\"position\":1,\"name\":\"Home\",\"item\":\"https:\/\/cloakmyads.com\/\"},{\"@type\":\"ListItem\",\"position\":2,\"name\":\"Shop\",\"item\":\"https:\/\/cloakmyads.com\/ar\/%d9%85%d8%aa%d8%ac%d8%b1\/\"},{\"@type\":\"ListItem\",\"position\":3,\"name\":\"Affiliate \/ CPA Offers Ads Cloaking\"}]},{\"@type\":\"WebSite\",\"@id\":\"https:\/\/cloakmyads.com\/#website\",\"url\":\"https:\/\/cloakmyads.com\/\",\"name\":\"CloakMyAds\",\"description\":\"\",\"publisher\":{\"@id\":\"https:\/\/cloakmyads.com\/#organization\"},\"potentialAction\":[{\"@type\":\"SearchAction\",\"target\":{\"@type\":\"EntryPoint\",\"urlTemplate\":\"https:\/\/cloakmyads.com\/?s={search_term_string}\"},\"query-input\":{\"@type\":\"PropertyValueSpecification\",\"valueRequired\":true,\"valueName\":\"search_term_string\"}}],\"inLanguage\":\"cs\"},{\"@type\":\"Organization\",\"@id\":\"https:\/\/cloakmyads.com\/#organization\",\"name\":\"Buy Google Ads Accounts\",\"url\":\"https:\/\/cloakmyads.com\/\",\"logo\":{\"@type\":\"ImageObject\",\"inLanguage\":\"cs\",\"@id\":\"https:\/\/cloakmyads.com\/#\/schema\/logo\/image\/\",\"url\":\"https:\/\/cloakmyads.com\/wp-content\/uploads\/2025\/11\/fav-cloak.jpg\",\"contentUrl\":\"https:\/\/cloakmyads.com\/wp-content\/uploads\/2025\/11\/fav-cloak.jpg\",\"width\":512,\"height\":512,\"caption\":\"Buy Google Ads Accounts\"},\"image\":{\"@id\":\"https:\/\/cloakmyads.com\/#\/schema\/logo\/image\/\"}}]}<\/script>\n<!-- \/ Yoast SEO Premium plugin. -->","yoast_head_json":{"title":"Koupit Affiliate &amp; CPA Ads Cloaking - Spus\u0165te nab\u00eddky bezpe\u010dn\u011b","description":"Koupit Affiliate &amp; CPA Offers Ads Cloaking pro obejit\u00ed p\u0159\u00edsn\u00fdch kontrol reklam, skryt\u00ed blackhat nab\u00eddek a udr\u017een\u00ed schv\u00e1len\u00fdch kampan\u00ed.","robots":{"index":"index","follow":"follow","max-snippet":"max-snippet:-1","max-image-preview":"max-image-preview:large","max-video-preview":"max-video-preview:-1"},"canonical":"https:\/\/cloakmyads.com\/cs\/koupit\/affiliate-cpa-nabizi-reklamy-maskovani\/","og_locale":"cs_CZ","og_type":"article","og_title":"Affiliate \/ CPA Offers Ads Cloaking","og_description":"Buy Affiliate & CPA Offers Ads Cloaking to bypass strict ad checks, hide blackhat offers, and keep campaigns approved.","og_url":"https:\/\/cloakmyads.com\/cs\/koupit\/affiliate-cpa-nabizi-reklamy-maskovani\/","og_site_name":"CloakMyAds","article_modified_time":"2025-11-08T14:39:00+00:00","og_image":[{"width":605,"height":400,"url":"https:\/\/cloakmyads.com\/wp-content\/uploads\/2025\/09\/cloaking-ads.jpg","type":"image\/jpeg"}],"twitter_card":"summary_large_image","twitter_misc":{"Odhadovan\u00e1 doba \u010dten\u00ed":"1 minuta"},"schema":{"@context":"https:\/\/schema.org","@graph":[{"@type":"WebPage","@id":"https:\/\/cloakmyads.com\/buy\/affiliate-cpa-offers-ads-cloaking\/","url":"https:\/\/cloakmyads.com\/buy\/affiliate-cpa-offers-ads-cloaking\/","name":"Koupit Affiliate &amp; CPA Ads Cloaking - Spus\u0165te nab\u00eddky bezpe\u010dn\u011b","isPartOf":{"@id":"https:\/\/cloakmyads.com\/#website"},"primaryImageOfPage":{"@id":"https:\/\/cloakmyads.com\/buy\/affiliate-cpa-offers-ads-cloaking\/#primaryimage"},"image":{"@id":"https:\/\/cloakmyads.com\/buy\/affiliate-cpa-offers-ads-cloaking\/#primaryimage"},"thumbnailUrl":"https:\/\/cloakmyads.com\/wp-content\/uploads\/2025\/09\/cloaking-ads.jpg","datePublished":"2025-09-22T15:36:33+00:00","dateModified":"2025-11-08T14:39:00+00:00","description":"Koupit Affiliate &amp; CPA Offers Ads Cloaking pro obejit\u00ed p\u0159\u00edsn\u00fdch kontrol reklam, skryt\u00ed blackhat nab\u00eddek a udr\u017een\u00ed schv\u00e1len\u00fdch kampan\u00ed.","breadcrumb":{"@id":"https:\/\/cloakmyads.com\/buy\/affiliate-cpa-offers-ads-cloaking\/#breadcrumb"},"inLanguage":"cs","potentialAction":[{"@type":"ReadAction","target":["https:\/\/cloakmyads.com\/buy\/affiliate-cpa-offers-ads-cloaking\/"]}]},{"@type":"ImageObject","inLanguage":"cs","@id":"https:\/\/cloakmyads.com\/buy\/affiliate-cpa-offers-ads-cloaking\/#primaryimage","url":"https:\/\/cloakmyads.com\/wp-content\/uploads\/2025\/09\/cloaking-ads.jpg","contentUrl":"https:\/\/cloakmyads.com\/wp-content\/uploads\/2025\/09\/cloaking-ads.jpg","width":605,"height":400,"caption":"Ads cloaking"},{"@type":"BreadcrumbList","@id":"https:\/\/cloakmyads.com\/buy\/affiliate-cpa-offers-ads-cloaking\/#breadcrumb","itemListElement":[{"@type":"ListItem","position":1,"name":"Home","item":"https:\/\/cloakmyads.com\/"},{"@type":"ListItem","position":2,"name":"Shop","item":"https:\/\/cloakmyads.com\/ar\/%d9%85%d8%aa%d8%ac%d8%b1\/"},{"@type":"ListItem","position":3,"name":"Affiliate \/ CPA Offers Ads Cloaking"}]},{"@type":"WebSite","@id":"https:\/\/cloakmyads.com\/#website","url":"https:\/\/cloakmyads.com\/","name":"CloakMyAds","description":"","publisher":{"@id":"https:\/\/cloakmyads.com\/#organization"},"potentialAction":[{"@type":"SearchAction","target":{"@type":"EntryPoint","urlTemplate":"https:\/\/cloakmyads.com\/?s={search_term_string}"},"query-input":{"@type":"PropertyValueSpecification","valueRequired":true,"valueName":"search_term_string"}}],"inLanguage":"cs"},{"@type":"Organization","@id":"https:\/\/cloakmyads.com\/#organization","name":"Koupit \u00fa\u010dty Google Ads","url":"https:\/\/cloakmyads.com\/","logo":{"@type":"ImageObject","inLanguage":"cs","@id":"https:\/\/cloakmyads.com\/#\/schema\/logo\/image\/","url":"https:\/\/cloakmyads.com\/wp-content\/uploads\/2025\/11\/fav-cloak.jpg","contentUrl":"https:\/\/cloakmyads.com\/wp-content\/uploads\/2025\/11\/fav-cloak.jpg","width":512,"height":512,"caption":"Buy Google Ads Accounts"},"image":{"@id":"https:\/\/cloakmyads.com\/#\/schema\/logo\/image\/"}}]}},"_links":{"self":[{"href":"https:\/\/cloakmyads.com\/cs\/wp-json\/wp\/v2\/product\/9608","targetHints":{"allow":["GET"]}}],"collection":[{"href":"https:\/\/cloakmyads.com\/cs\/wp-json\/wp\/v2\/product"}],"about":[{"href":"https:\/\/cloakmyads.com\/cs\/wp-json\/wp\/v2\/types\/product"}],"version-history":[{"count":3,"href":"https:\/\/cloakmyads.com\/cs\/wp-json\/wp\/v2\/product\/9608\/revisions"}],"predecessor-version":[{"id":9851,"href":"https:\/\/cloakmyads.com\/cs\/wp-json\/wp\/v2\/product\/9608\/revisions\/9851"}],"wp:featuredmedia":[{"embeddable":true,"href":"https:\/\/cloakmyads.com\/cs\/wp-json\/wp\/v2\/media\/9556"}],"wp:attachment":[{"href":"https:\/\/cloakmyads.com\/cs\/wp-json\/wp\/v2\/media?parent=9608"}],"wp:term":[{"taxonomy":"product_brand","embeddable":true,"href":"https:\/\/cloakmyads.com\/cs\/wp-json\/wp\/v2\/product_brand?post=9608"},{"taxonomy":"product_cat","embeddable":true,"href":"https:\/\/cloakmyads.com\/cs\/wp-json\/wp\/v2\/product_cat?post=9608"},{"taxonomy":"product_tag","embeddable":true,"href":"https:\/\/cloakmyads.com\/cs\/wp-json\/wp\/v2\/product_tag?post=9608"}],"curies":[{"name":"wp","href":"https:\/\/api.w.org\/{rel}","templated":true}]}}