{"id":9603,"date":"2025-09-22T15:53:29","date_gmt":"2025-09-22T14:53:29","guid":{"rendered":"https:\/\/cloakmyads.com\/?post_type=product&#038;p=9603"},"modified":"2025-11-08T09:39:42","modified_gmt":"2025-11-08T14:39:42","slug":"zdravotni-pece-o-plet-doplnky-reklamy-maskovani","status":"publish","type":"product","link":"https:\/\/cloakmyads.com\/cs\/koupit\/zdravotni-pece-o-plet-doplnky-reklamy-maskovani\/","title":{"rendered":"Zdrav\u00ed Dopl\u0148ky p\u00e9\u010de o ple\u0165 Ads Cloaking"},"content":{"rendered":"<p data-start=\"857\" data-end=\"1201\">Nab\u00eddky t\u00fdkaj\u00edc\u00ed se zdrav\u00ed pat\u0159\u00ed k t\u011bm, kter\u00e9 se na placen\u00fdch reklamn\u00edch platform\u00e1ch propaguj\u00ed nejobt\u00ed\u017en\u011bji. Google, Facebook a TikTok omezuj\u00ed produkty, kter\u00e9 uv\u00e1d\u011bj\u00ed l\u00e9ka\u0159sk\u00e1 tvrzen\u00ed, ukazuj\u00ed fotografie p\u0159ed a po nebo obsahuj\u00ed cokoli, co souvis\u00ed se sexu\u00e1ln\u00edm zdrav\u00edm. V\u011bt\u0161ina <strong>nutra a beauty funnels<\/strong> jsou okam\u017eit\u011b odm\u00edtnuty - nebo je\u0161t\u011b h\u016f\u0159e, ozna\u010deny za \u201czav\u00e1d\u011bj\u00edc\u00ed obsah\u201d a zak\u00e1z\u00e1ny.<\/p>\n<p data-start=\"1203\" data-end=\"1540\">N\u00e1\u0161 maskovac\u00ed syst\u00e9m to \u0159e\u0161\u00ed tak, \u017ee zobrazuje \u00fapln\u011b jin\u00fd, <strong>verze va\u0161\u00ed str\u00e1nky bezpe\u010dn\u00e1 pro z\u00e1sady<\/strong> crawler\u016fm, robot\u016fm a lidsk\u00fdm recenzent\u016fm. Skute\u010dn\u00ed u\u017eivatel\u00e9 vid\u00ed v\u00e1\u0161 skute\u010dn\u00fd dopln\u011bk stravy, ple\u0165ov\u00fd kr\u00e9m nebo vylep\u0161uj\u00edc\u00ed produkt - okam\u017eit\u011b a bez zpo\u017ed\u011bn\u00ed. P\u0159esm\u011brov\u00e1n\u00ed prob\u00edh\u00e1 neviditeln\u011b, na z\u00e1klad\u011b geografick\u00fdch \u00fadaj\u016f, za\u0159\u00edzen\u00ed, chov\u00e1n\u00ed a otisk\u016f prohl\u00ed\u017ee\u010de.<\/p>\n<p data-start=\"1542\" data-end=\"1770\">Pou\u017eijte ji k propagaci v\u0161eho od pilulek na zlep\u0161en\u00ed mu\u017esk\u00e9 kondice a\u017e po detoxika\u010dn\u00ed soupravy, ani\u017e byste se museli ob\u00e1vat vypnut\u00ed reklamn\u00edho \u00fa\u010dtu nebo z\u00e1kazu c\u00edlov\u00e9 str\u00e1nky. Nad viditelnost\u00ed m\u00e1te st\u00e1le kontrolu - a platformy nikdy neuvid\u00ed, co skute\u010dn\u011b prod\u00e1v\u00e1te.<\/p>\n<p data-start=\"1772\" data-end=\"1944\">D\u016fv\u011bryhodn\u00e9 pobo\u010dky nutra, <strong>dropshippers<\/strong>, a agresivn\u00edm lead-gen market\u00e9r\u016fm, je tento syst\u00e9m navr\u017een tak, aby va\u0161e zdravotn\u00ed nab\u00eddky fungovaly ve velk\u00e9m m\u011b\u0159\u00edtku na v\u00edce platform\u00e1ch.<\/p>","protected":false},"excerpt":{"rendered":"<p>Maskovac\u00ed syst\u00e9m vytvo\u0159en\u00fd k provozov\u00e1n\u00ed omezen\u00fdch nab\u00eddek v oblasti zdrav\u00ed, kr\u00e1sy a wellness - v\u010detn\u011b hubnut\u00ed, pilulek ED, posilova\u010d\u016f testosteronu a n\u00e1levek p\u00e9\u010de o ple\u0165, kter\u00e9 by jinak byly okam\u017eit\u011b zak\u00e1z\u00e1ny.<\/p>","protected":false},"featured_media":9556,"template":"","meta":{"_acf_changed":false},"product_brand":[],"product_cat":[325],"product_tag":[],"class_list":{"0":"post-9603","1":"product","2":"type-product","3":"status-publish","4":"has-post-thumbnail","6":"product_cat-cloaking","8":"first","9":"instock","10":"purchasable","11":"product-type-simple"},"acf":[],"yoast_head":"<!-- This site is optimized with the Yoast SEO Premium plugin v26.6 (Yoast SEO v26.7) - https:\/\/yoast.com\/wordpress\/plugins\/seo\/ -->\n<title>Buy Health &amp; Supplement Ads Cloaking \u2013 Safe Campaigns<\/title>\n<meta name=\"description\" content=\"Buy Skincare &amp; Supplement Ads Cloaking to bypass ad checks, hide restricted health offers, and keep campaigns running safely.\" \/>\n<meta name=\"robots\" content=\"index, follow, max-snippet:-1, max-image-preview:large, max-video-preview:-1\" \/>\n<link rel=\"canonical\" href=\"https:\/\/cloakmyads.com\/cs\/koupit\/zdravotni-pece-o-plet-doplnky-reklamy-maskovani\/\" \/>\n<meta property=\"og:locale\" content=\"cs_CZ\" \/>\n<meta property=\"og:type\" content=\"article\" \/>\n<meta property=\"og:title\" content=\"Health Skincare Supplements Ads Cloaking\" \/>\n<meta property=\"og:description\" content=\"Buy Skincare &amp; Supplement Ads Cloaking to bypass ad checks, hide restricted health offers, and keep campaigns running safely.\" \/>\n<meta property=\"og:url\" content=\"https:\/\/cloakmyads.com\/cs\/koupit\/zdravotni-pece-o-plet-doplnky-reklamy-maskovani\/\" \/>\n<meta property=\"og:site_name\" content=\"CloakMyAds\" \/>\n<meta property=\"article:modified_time\" content=\"2025-11-08T14:39:42+00:00\" \/>\n<meta property=\"og:image\" content=\"https:\/\/cloakmyads.com\/wp-content\/uploads\/2025\/09\/cloaking-ads.jpg\" \/>\n\t<meta property=\"og:image:width\" content=\"605\" \/>\n\t<meta property=\"og:image:height\" content=\"400\" \/>\n\t<meta property=\"og:image:type\" content=\"image\/jpeg\" \/>\n<meta name=\"twitter:card\" content=\"summary_large_image\" \/>\n<meta name=\"twitter:label1\" content=\"Odhadovan\u00e1 doba \u010dten\u00ed\" \/>\n\t<meta name=\"twitter:data1\" content=\"1 minuta\" \/>\n<script type=\"application\/ld+json\" class=\"yoast-schema-graph\">{\"@context\":\"https:\/\/schema.org\",\"@graph\":[{\"@type\":\"WebPage\",\"@id\":\"https:\/\/cloakmyads.com\/buy\/health-skincare-supplements-ads-cloaking\/\",\"url\":\"https:\/\/cloakmyads.com\/buy\/health-skincare-supplements-ads-cloaking\/\",\"name\":\"Buy Health & Supplement Ads Cloaking \u2013 Safe Campaigns\",\"isPartOf\":{\"@id\":\"https:\/\/cloakmyads.com\/#website\"},\"primaryImageOfPage\":{\"@id\":\"https:\/\/cloakmyads.com\/buy\/health-skincare-supplements-ads-cloaking\/#primaryimage\"},\"image\":{\"@id\":\"https:\/\/cloakmyads.com\/buy\/health-skincare-supplements-ads-cloaking\/#primaryimage\"},\"thumbnailUrl\":\"https:\/\/cloakmyads.com\/wp-content\/uploads\/2025\/09\/cloaking-ads.jpg\",\"datePublished\":\"2025-09-22T14:53:29+00:00\",\"dateModified\":\"2025-11-08T14:39:42+00:00\",\"description\":\"Buy Skincare & Supplement Ads Cloaking to bypass ad checks, hide restricted health offers, and keep campaigns running safely.\",\"breadcrumb\":{\"@id\":\"https:\/\/cloakmyads.com\/buy\/health-skincare-supplements-ads-cloaking\/#breadcrumb\"},\"inLanguage\":\"cs\",\"potentialAction\":[{\"@type\":\"ReadAction\",\"target\":[\"https:\/\/cloakmyads.com\/buy\/health-skincare-supplements-ads-cloaking\/\"]}]},{\"@type\":\"ImageObject\",\"inLanguage\":\"cs\",\"@id\":\"https:\/\/cloakmyads.com\/buy\/health-skincare-supplements-ads-cloaking\/#primaryimage\",\"url\":\"https:\/\/cloakmyads.com\/wp-content\/uploads\/2025\/09\/cloaking-ads.jpg\",\"contentUrl\":\"https:\/\/cloakmyads.com\/wp-content\/uploads\/2025\/09\/cloaking-ads.jpg\",\"width\":605,\"height\":400,\"caption\":\"Ads cloaking\"},{\"@type\":\"BreadcrumbList\",\"@id\":\"https:\/\/cloakmyads.com\/buy\/health-skincare-supplements-ads-cloaking\/#breadcrumb\",\"itemListElement\":[{\"@type\":\"ListItem\",\"position\":1,\"name\":\"Home\",\"item\":\"https:\/\/cloakmyads.com\/\"},{\"@type\":\"ListItem\",\"position\":2,\"name\":\"Shop\",\"item\":\"https:\/\/cloakmyads.com\/ar\/%d9%85%d8%aa%d8%ac%d8%b1\/\"},{\"@type\":\"ListItem\",\"position\":3,\"name\":\"Health Skincare Supplements Ads Cloaking\"}]},{\"@type\":\"WebSite\",\"@id\":\"https:\/\/cloakmyads.com\/#website\",\"url\":\"https:\/\/cloakmyads.com\/\",\"name\":\"CloakMyAds\",\"description\":\"\",\"publisher\":{\"@id\":\"https:\/\/cloakmyads.com\/#organization\"},\"potentialAction\":[{\"@type\":\"SearchAction\",\"target\":{\"@type\":\"EntryPoint\",\"urlTemplate\":\"https:\/\/cloakmyads.com\/?s={search_term_string}\"},\"query-input\":{\"@type\":\"PropertyValueSpecification\",\"valueRequired\":true,\"valueName\":\"search_term_string\"}}],\"inLanguage\":\"cs\"},{\"@type\":\"Organization\",\"@id\":\"https:\/\/cloakmyads.com\/#organization\",\"name\":\"Buy Google Ads Accounts\",\"url\":\"https:\/\/cloakmyads.com\/\",\"logo\":{\"@type\":\"ImageObject\",\"inLanguage\":\"cs\",\"@id\":\"https:\/\/cloakmyads.com\/#\/schema\/logo\/image\/\",\"url\":\"https:\/\/cloakmyads.com\/wp-content\/uploads\/2025\/11\/fav-cloak.jpg\",\"contentUrl\":\"https:\/\/cloakmyads.com\/wp-content\/uploads\/2025\/11\/fav-cloak.jpg\",\"width\":512,\"height\":512,\"caption\":\"Buy Google Ads Accounts\"},\"image\":{\"@id\":\"https:\/\/cloakmyads.com\/#\/schema\/logo\/image\/\"}}]}<\/script>\n<!-- \/ Yoast SEO Premium plugin. -->","yoast_head_json":{"title":"Koupit reklamy na zdrav\u00ed a dopl\u0148ky Cloaking - bezpe\u010dn\u00e9 kampan\u011b","description":"Zakupte si maskovac\u00ed reklamy na p\u00e9\u010di o ple\u0165 a dopl\u0148ky stravy, abyste obe\u0161li kontroly reklam, skryli omezen\u00e9 zdravotn\u00ed nab\u00eddky a zajistili bezpe\u010dn\u00fd b\u011bh kampan\u00ed.","robots":{"index":"index","follow":"follow","max-snippet":"max-snippet:-1","max-image-preview":"max-image-preview:large","max-video-preview":"max-video-preview:-1"},"canonical":"https:\/\/cloakmyads.com\/cs\/koupit\/zdravotni-pece-o-plet-doplnky-reklamy-maskovani\/","og_locale":"cs_CZ","og_type":"article","og_title":"Health Skincare Supplements Ads Cloaking","og_description":"Buy Skincare & Supplement Ads Cloaking to bypass ad checks, hide restricted health offers, and keep campaigns running safely.","og_url":"https:\/\/cloakmyads.com\/cs\/koupit\/zdravotni-pece-o-plet-doplnky-reklamy-maskovani\/","og_site_name":"CloakMyAds","article_modified_time":"2025-11-08T14:39:42+00:00","og_image":[{"width":605,"height":400,"url":"https:\/\/cloakmyads.com\/wp-content\/uploads\/2025\/09\/cloaking-ads.jpg","type":"image\/jpeg"}],"twitter_card":"summary_large_image","twitter_misc":{"Odhadovan\u00e1 doba \u010dten\u00ed":"1 minuta"},"schema":{"@context":"https:\/\/schema.org","@graph":[{"@type":"WebPage","@id":"https:\/\/cloakmyads.com\/buy\/health-skincare-supplements-ads-cloaking\/","url":"https:\/\/cloakmyads.com\/buy\/health-skincare-supplements-ads-cloaking\/","name":"Koupit reklamy na zdrav\u00ed a dopl\u0148ky Cloaking - bezpe\u010dn\u00e9 kampan\u011b","isPartOf":{"@id":"https:\/\/cloakmyads.com\/#website"},"primaryImageOfPage":{"@id":"https:\/\/cloakmyads.com\/buy\/health-skincare-supplements-ads-cloaking\/#primaryimage"},"image":{"@id":"https:\/\/cloakmyads.com\/buy\/health-skincare-supplements-ads-cloaking\/#primaryimage"},"thumbnailUrl":"https:\/\/cloakmyads.com\/wp-content\/uploads\/2025\/09\/cloaking-ads.jpg","datePublished":"2025-09-22T14:53:29+00:00","dateModified":"2025-11-08T14:39:42+00:00","description":"Zakupte si maskovac\u00ed reklamy na p\u00e9\u010di o ple\u0165 a dopl\u0148ky stravy, abyste obe\u0161li kontroly reklam, skryli omezen\u00e9 zdravotn\u00ed nab\u00eddky a zajistili bezpe\u010dn\u00fd b\u011bh kampan\u00ed.","breadcrumb":{"@id":"https:\/\/cloakmyads.com\/buy\/health-skincare-supplements-ads-cloaking\/#breadcrumb"},"inLanguage":"cs","potentialAction":[{"@type":"ReadAction","target":["https:\/\/cloakmyads.com\/buy\/health-skincare-supplements-ads-cloaking\/"]}]},{"@type":"ImageObject","inLanguage":"cs","@id":"https:\/\/cloakmyads.com\/buy\/health-skincare-supplements-ads-cloaking\/#primaryimage","url":"https:\/\/cloakmyads.com\/wp-content\/uploads\/2025\/09\/cloaking-ads.jpg","contentUrl":"https:\/\/cloakmyads.com\/wp-content\/uploads\/2025\/09\/cloaking-ads.jpg","width":605,"height":400,"caption":"Ads cloaking"},{"@type":"BreadcrumbList","@id":"https:\/\/cloakmyads.com\/buy\/health-skincare-supplements-ads-cloaking\/#breadcrumb","itemListElement":[{"@type":"ListItem","position":1,"name":"Home","item":"https:\/\/cloakmyads.com\/"},{"@type":"ListItem","position":2,"name":"Shop","item":"https:\/\/cloakmyads.com\/ar\/%d9%85%d8%aa%d8%ac%d8%b1\/"},{"@type":"ListItem","position":3,"name":"Health Skincare Supplements Ads Cloaking"}]},{"@type":"WebSite","@id":"https:\/\/cloakmyads.com\/#website","url":"https:\/\/cloakmyads.com\/","name":"CloakMyAds","description":"","publisher":{"@id":"https:\/\/cloakmyads.com\/#organization"},"potentialAction":[{"@type":"SearchAction","target":{"@type":"EntryPoint","urlTemplate":"https:\/\/cloakmyads.com\/?s={search_term_string}"},"query-input":{"@type":"PropertyValueSpecification","valueRequired":true,"valueName":"search_term_string"}}],"inLanguage":"cs"},{"@type":"Organization","@id":"https:\/\/cloakmyads.com\/#organization","name":"Koupit \u00fa\u010dty Google Ads","url":"https:\/\/cloakmyads.com\/","logo":{"@type":"ImageObject","inLanguage":"cs","@id":"https:\/\/cloakmyads.com\/#\/schema\/logo\/image\/","url":"https:\/\/cloakmyads.com\/wp-content\/uploads\/2025\/11\/fav-cloak.jpg","contentUrl":"https:\/\/cloakmyads.com\/wp-content\/uploads\/2025\/11\/fav-cloak.jpg","width":512,"height":512,"caption":"Buy Google Ads Accounts"},"image":{"@id":"https:\/\/cloakmyads.com\/#\/schema\/logo\/image\/"}}]}},"_links":{"self":[{"href":"https:\/\/cloakmyads.com\/cs\/wp-json\/wp\/v2\/product\/9603","targetHints":{"allow":["GET"]}}],"collection":[{"href":"https:\/\/cloakmyads.com\/cs\/wp-json\/wp\/v2\/product"}],"about":[{"href":"https:\/\/cloakmyads.com\/cs\/wp-json\/wp\/v2\/types\/product"}],"version-history":[{"count":5,"href":"https:\/\/cloakmyads.com\/cs\/wp-json\/wp\/v2\/product\/9603\/revisions"}],"predecessor-version":[{"id":9852,"href":"https:\/\/cloakmyads.com\/cs\/wp-json\/wp\/v2\/product\/9603\/revisions\/9852"}],"wp:featuredmedia":[{"embeddable":true,"href":"https:\/\/cloakmyads.com\/cs\/wp-json\/wp\/v2\/media\/9556"}],"wp:attachment":[{"href":"https:\/\/cloakmyads.com\/cs\/wp-json\/wp\/v2\/media?parent=9603"}],"wp:term":[{"taxonomy":"product_brand","embeddable":true,"href":"https:\/\/cloakmyads.com\/cs\/wp-json\/wp\/v2\/product_brand?post=9603"},{"taxonomy":"product_cat","embeddable":true,"href":"https:\/\/cloakmyads.com\/cs\/wp-json\/wp\/v2\/product_cat?post=9603"},{"taxonomy":"product_tag","embeddable":true,"href":"https:\/\/cloakmyads.com\/cs\/wp-json\/wp\/v2\/product_tag?post=9603"}],"curies":[{"name":"wp","href":"https:\/\/api.w.org\/{rel}","templated":true}]}}