{"id":9538,"date":"2025-09-22T11:48:49","date_gmt":"2025-09-22T10:48:49","guid":{"rendered":"https:\/\/cloakmyads.com\/?post_type=product&#038;p=9538"},"modified":"2025-11-08T09:42:18","modified_gmt":"2025-11-08T14:42:18","slug":"instagramove-reklamy-uctovani-kreditni-kartou","status":"publish","type":"product","link":"https:\/\/cloakmyads.com\/cs\/koupit\/instagramove-reklamy-uctovani-kreditni-kartou\/","title":{"rendered":"Kreditn\u00ed karta Instagram Ads"},"content":{"rendered":"<p data-start=\"741\" data-end=\"979\">U\u017e v\u00e1s nebav\u00ed odm\u00edt\u00e1n\u00ed karet nebo ozna\u010den\u00e9 platby v reklam\u00e1ch na Instagramu? Na\u0161e <strong data-start=\"808\" data-end=\"848\">Kreditn\u00ed karty p\u0159ipraven\u00e9 k \u00fa\u010dtov\u00e1n\u00ed na Instagramu<\/strong> jsou speci\u00e1ln\u011b nakonfigurov\u00e1ny tak, aby pro\u0161ly ov\u011b\u0159ovac\u00edmi vrstvami spole\u010dnosti Meta, a poskytuj\u00ed tak bezprobl\u00e9mov\u00fd a bezpe\u010dn\u00fd zp\u016fsob fakturace, kter\u00fd skute\u010dn\u011b funguje.<\/p>\n<p data-start=\"981\" data-end=\"1228\">Tyto virtu\u00e1ln\u00ed kreditn\u00ed karty MasterCard lze okam\u017eit\u011b p\u0159idat do va\u0161\u00ed <strong data-start=\"1050\" data-end=\"1070\">Meta Ads Manager<\/strong> a propojen\u00e9 s va\u0161\u00edm reklamn\u00edm \u00fa\u010dtem na Instagramu. D\u00edky vysok\u00e9 m\u00ed\u0159e \u00fasp\u011b\u0161nosti \u00fa\u010dtov\u00e1n\u00ed jsou ide\u00e1ln\u00ed pro ka\u017ed\u00e9ho, kdo \u0161k\u00e1luje placenou n\u00e1v\u0161t\u011bvnost v r\u00e1mci rol\u00ed, p\u0159\u00edb\u011bh\u016f a reklamn\u00edch kan\u00e1l\u016f.<\/p>\n<p data-start=\"1230\" data-end=\"1480\">Ka\u017ed\u00e1 karta je platn\u00e1 pro <strong data-start=\"1253\" data-end=\"1264\">4 roky<\/strong> a pln\u011b p\u0159izp\u016fsobiteln\u00e9 s vlastn\u00edmi faktura\u010dn\u00edmi \u00fadaji. Kdykoli m\u016f\u017eete dob\u00edjet pomoc\u00ed rychl\u00fdch a flexibiln\u00edch metod, jako jsou krypto, PayPal, Revolut, Wise, Skrill a dal\u0161\u00ed - va\u0161e kampan\u011b tak budou financov\u00e1ny nep\u0159etr\u017eit\u011b.<\/p>\n<p data-start=\"1482\" data-end=\"1656\">Ide\u00e1ln\u00ed pro <strong data-start=\"1494\" data-end=\"1564\">dropshippery, influencery, affiliate market\u00e9ry a mana\u017eery zna\u010dek.<\/strong> kte\u0159\u00ed pot\u0159ebuj\u00ed vy\u00fa\u010dtov\u00e1n\u00ed, kter\u00e9 funguje bez v\u00fdmluv. \u017d\u00e1dn\u00e9 n\u00e1hodn\u00e9 odm\u00edtnut\u00ed. \u017d\u00e1dn\u00e9 prostoje. Jen v\u00fdsledky.<\/p>","protected":false},"excerpt":{"rendered":"<p>Ov\u011b\u0159en\u00e9 kreditn\u00ed karty vytvo\u0159en\u00e9 pro \u00fa\u010dtov\u00e1n\u00ed Instagram Ads - pln\u011b p\u0159ednabit\u00e9, d\u016fv\u011bryhodn\u00e9 pro n\u00e1kup\u010d\u00ed m\u00e9di\u00ed a p\u0159ipraven\u00e9 k zapojen\u00ed do va\u0161ich kampan\u00ed.<\/p>","protected":false},"featured_media":9453,"template":"","meta":{"_acf_changed":false},"product_brand":[],"product_cat":[324],"product_tag":[],"class_list":{"0":"post-9538","1":"product","2":"type-product","3":"status-publish","4":"has-post-thumbnail","6":"product_cat-ads-credit-cards","8":"first","9":"instock","10":"purchasable","11":"product-type-simple"},"acf":[],"yoast_head":"<!-- This site is optimized with the Yoast SEO Premium plugin v26.6 (Yoast SEO v26.7) - https:\/\/yoast.com\/wordpress\/plugins\/seo\/ -->\n<title>Buy Instagram Ads Credit Card \u2013 Verified Virtual Card<\/title>\n<meta name=\"description\" content=\"Buy Instagram Ads Credit Card for fast ad account verification and campaign funding. Reliable virtual card solution for Instagram Ads.\" \/>\n<meta name=\"robots\" content=\"index, follow, max-snippet:-1, max-image-preview:large, max-video-preview:-1\" \/>\n<link rel=\"canonical\" href=\"https:\/\/cloakmyads.com\/cs\/koupit\/instagramove-reklamy-uctovani-kreditni-kartou\/\" \/>\n<meta property=\"og:locale\" content=\"cs_CZ\" \/>\n<meta property=\"og:type\" content=\"article\" \/>\n<meta property=\"og:title\" content=\"Instagram Ads Credit Card\" \/>\n<meta property=\"og:description\" content=\"Buy Instagram Ads Credit Card for fast ad account verification and campaign funding. Reliable virtual card solution for Instagram Ads.\" \/>\n<meta property=\"og:url\" content=\"https:\/\/cloakmyads.com\/cs\/koupit\/instagramove-reklamy-uctovani-kreditni-kartou\/\" \/>\n<meta property=\"og:site_name\" content=\"CloakMyAds\" \/>\n<meta property=\"article:modified_time\" content=\"2025-11-08T14:42:18+00:00\" \/>\n<meta property=\"og:image\" content=\"https:\/\/cloakmyads.com\/wp-content\/uploads\/2025\/09\/google-ads-credit-cards.jpg\" \/>\n\t<meta property=\"og:image:width\" content=\"605\" \/>\n\t<meta property=\"og:image:height\" content=\"400\" \/>\n\t<meta property=\"og:image:type\" content=\"image\/jpeg\" \/>\n<meta name=\"twitter:card\" content=\"summary_large_image\" \/>\n<meta name=\"twitter:label1\" content=\"Odhadovan\u00e1 doba \u010dten\u00ed\" \/>\n\t<meta name=\"twitter:data1\" content=\"1 minuta\" \/>\n<script type=\"application\/ld+json\" class=\"yoast-schema-graph\">{\"@context\":\"https:\/\/schema.org\",\"@graph\":[{\"@type\":\"WebPage\",\"@id\":\"https:\/\/cloakmyads.com\/buy\/instagram-ads-credit-card-billing\/\",\"url\":\"https:\/\/cloakmyads.com\/buy\/instagram-ads-credit-card-billing\/\",\"name\":\"Buy Instagram Ads Credit Card \u2013 Verified Virtual Card\",\"isPartOf\":{\"@id\":\"https:\/\/cloakmyads.com\/#website\"},\"primaryImageOfPage\":{\"@id\":\"https:\/\/cloakmyads.com\/buy\/instagram-ads-credit-card-billing\/#primaryimage\"},\"image\":{\"@id\":\"https:\/\/cloakmyads.com\/buy\/instagram-ads-credit-card-billing\/#primaryimage\"},\"thumbnailUrl\":\"https:\/\/cloakmyads.com\/wp-content\/uploads\/2025\/09\/google-ads-credit-cards.jpg\",\"datePublished\":\"2025-09-22T10:48:49+00:00\",\"dateModified\":\"2025-11-08T14:42:18+00:00\",\"description\":\"Buy Instagram Ads Credit Card for fast ad account verification and campaign funding. Reliable virtual card solution for Instagram Ads.\",\"breadcrumb\":{\"@id\":\"https:\/\/cloakmyads.com\/buy\/instagram-ads-credit-card-billing\/#breadcrumb\"},\"inLanguage\":\"cs\",\"potentialAction\":[{\"@type\":\"ReadAction\",\"target\":[\"https:\/\/cloakmyads.com\/buy\/instagram-ads-credit-card-billing\/\"]}]},{\"@type\":\"ImageObject\",\"inLanguage\":\"cs\",\"@id\":\"https:\/\/cloakmyads.com\/buy\/instagram-ads-credit-card-billing\/#primaryimage\",\"url\":\"https:\/\/cloakmyads.com\/wp-content\/uploads\/2025\/09\/google-ads-credit-cards.jpg\",\"contentUrl\":\"https:\/\/cloakmyads.com\/wp-content\/uploads\/2025\/09\/google-ads-credit-cards.jpg\",\"width\":605,\"height\":400,\"caption\":\"Google Ads Credit Cards\"},{\"@type\":\"BreadcrumbList\",\"@id\":\"https:\/\/cloakmyads.com\/buy\/instagram-ads-credit-card-billing\/#breadcrumb\",\"itemListElement\":[{\"@type\":\"ListItem\",\"position\":1,\"name\":\"Home\",\"item\":\"https:\/\/cloakmyads.com\/\"},{\"@type\":\"ListItem\",\"position\":2,\"name\":\"Shop\",\"item\":\"https:\/\/cloakmyads.com\/ar\/%d9%85%d8%aa%d8%ac%d8%b1\/\"},{\"@type\":\"ListItem\",\"position\":3,\"name\":\"Instagram Ads Credit Card\"}]},{\"@type\":\"WebSite\",\"@id\":\"https:\/\/cloakmyads.com\/#website\",\"url\":\"https:\/\/cloakmyads.com\/\",\"name\":\"CloakMyAds\",\"description\":\"\",\"publisher\":{\"@id\":\"https:\/\/cloakmyads.com\/#organization\"},\"potentialAction\":[{\"@type\":\"SearchAction\",\"target\":{\"@type\":\"EntryPoint\",\"urlTemplate\":\"https:\/\/cloakmyads.com\/?s={search_term_string}\"},\"query-input\":{\"@type\":\"PropertyValueSpecification\",\"valueRequired\":true,\"valueName\":\"search_term_string\"}}],\"inLanguage\":\"cs\"},{\"@type\":\"Organization\",\"@id\":\"https:\/\/cloakmyads.com\/#organization\",\"name\":\"Buy Google Ads Accounts\",\"url\":\"https:\/\/cloakmyads.com\/\",\"logo\":{\"@type\":\"ImageObject\",\"inLanguage\":\"cs\",\"@id\":\"https:\/\/cloakmyads.com\/#\/schema\/logo\/image\/\",\"url\":\"https:\/\/cloakmyads.com\/wp-content\/uploads\/2025\/11\/fav-cloak.jpg\",\"contentUrl\":\"https:\/\/cloakmyads.com\/wp-content\/uploads\/2025\/11\/fav-cloak.jpg\",\"width\":512,\"height\":512,\"caption\":\"Buy Google Ads Accounts\"},\"image\":{\"@id\":\"https:\/\/cloakmyads.com\/#\/schema\/logo\/image\/\"}}]}<\/script>\n<!-- \/ Yoast SEO Premium plugin. -->","yoast_head_json":{"title":"Koupit kreditn\u00ed kartu Instagram Ads - ov\u011b\u0159en\u00e1 virtu\u00e1ln\u00ed karta","description":"Koupit kreditn\u00ed kartu Instagram Ads pro rychl\u00e9 ov\u011b\u0159en\u00ed reklamn\u00edho \u00fa\u010dtu a financov\u00e1n\u00ed kampan\u00ed. Spolehliv\u00e9 \u0159e\u0161en\u00ed virtu\u00e1ln\u00ed karty pro Instagram Ads.","robots":{"index":"index","follow":"follow","max-snippet":"max-snippet:-1","max-image-preview":"max-image-preview:large","max-video-preview":"max-video-preview:-1"},"canonical":"https:\/\/cloakmyads.com\/cs\/koupit\/instagramove-reklamy-uctovani-kreditni-kartou\/","og_locale":"cs_CZ","og_type":"article","og_title":"Instagram Ads Credit Card","og_description":"Buy Instagram Ads Credit Card for fast ad account verification and campaign funding. Reliable virtual card solution for Instagram Ads.","og_url":"https:\/\/cloakmyads.com\/cs\/koupit\/instagramove-reklamy-uctovani-kreditni-kartou\/","og_site_name":"CloakMyAds","article_modified_time":"2025-11-08T14:42:18+00:00","og_image":[{"width":605,"height":400,"url":"https:\/\/cloakmyads.com\/wp-content\/uploads\/2025\/09\/google-ads-credit-cards.jpg","type":"image\/jpeg"}],"twitter_card":"summary_large_image","twitter_misc":{"Odhadovan\u00e1 doba \u010dten\u00ed":"1 minuta"},"schema":{"@context":"https:\/\/schema.org","@graph":[{"@type":"WebPage","@id":"https:\/\/cloakmyads.com\/buy\/instagram-ads-credit-card-billing\/","url":"https:\/\/cloakmyads.com\/buy\/instagram-ads-credit-card-billing\/","name":"Koupit kreditn\u00ed kartu Instagram Ads - ov\u011b\u0159en\u00e1 virtu\u00e1ln\u00ed karta","isPartOf":{"@id":"https:\/\/cloakmyads.com\/#website"},"primaryImageOfPage":{"@id":"https:\/\/cloakmyads.com\/buy\/instagram-ads-credit-card-billing\/#primaryimage"},"image":{"@id":"https:\/\/cloakmyads.com\/buy\/instagram-ads-credit-card-billing\/#primaryimage"},"thumbnailUrl":"https:\/\/cloakmyads.com\/wp-content\/uploads\/2025\/09\/google-ads-credit-cards.jpg","datePublished":"2025-09-22T10:48:49+00:00","dateModified":"2025-11-08T14:42:18+00:00","description":"Koupit kreditn\u00ed kartu Instagram Ads pro rychl\u00e9 ov\u011b\u0159en\u00ed reklamn\u00edho \u00fa\u010dtu a financov\u00e1n\u00ed kampan\u00ed. Spolehliv\u00e9 \u0159e\u0161en\u00ed virtu\u00e1ln\u00ed karty pro Instagram Ads.","breadcrumb":{"@id":"https:\/\/cloakmyads.com\/buy\/instagram-ads-credit-card-billing\/#breadcrumb"},"inLanguage":"cs","potentialAction":[{"@type":"ReadAction","target":["https:\/\/cloakmyads.com\/buy\/instagram-ads-credit-card-billing\/"]}]},{"@type":"ImageObject","inLanguage":"cs","@id":"https:\/\/cloakmyads.com\/buy\/instagram-ads-credit-card-billing\/#primaryimage","url":"https:\/\/cloakmyads.com\/wp-content\/uploads\/2025\/09\/google-ads-credit-cards.jpg","contentUrl":"https:\/\/cloakmyads.com\/wp-content\/uploads\/2025\/09\/google-ads-credit-cards.jpg","width":605,"height":400,"caption":"Google Ads Credit Cards"},{"@type":"BreadcrumbList","@id":"https:\/\/cloakmyads.com\/buy\/instagram-ads-credit-card-billing\/#breadcrumb","itemListElement":[{"@type":"ListItem","position":1,"name":"Home","item":"https:\/\/cloakmyads.com\/"},{"@type":"ListItem","position":2,"name":"Shop","item":"https:\/\/cloakmyads.com\/ar\/%d9%85%d8%aa%d8%ac%d8%b1\/"},{"@type":"ListItem","position":3,"name":"Instagram Ads Credit Card"}]},{"@type":"WebSite","@id":"https:\/\/cloakmyads.com\/#website","url":"https:\/\/cloakmyads.com\/","name":"CloakMyAds","description":"","publisher":{"@id":"https:\/\/cloakmyads.com\/#organization"},"potentialAction":[{"@type":"SearchAction","target":{"@type":"EntryPoint","urlTemplate":"https:\/\/cloakmyads.com\/?s={search_term_string}"},"query-input":{"@type":"PropertyValueSpecification","valueRequired":true,"valueName":"search_term_string"}}],"inLanguage":"cs"},{"@type":"Organization","@id":"https:\/\/cloakmyads.com\/#organization","name":"Koupit \u00fa\u010dty Google Ads","url":"https:\/\/cloakmyads.com\/","logo":{"@type":"ImageObject","inLanguage":"cs","@id":"https:\/\/cloakmyads.com\/#\/schema\/logo\/image\/","url":"https:\/\/cloakmyads.com\/wp-content\/uploads\/2025\/11\/fav-cloak.jpg","contentUrl":"https:\/\/cloakmyads.com\/wp-content\/uploads\/2025\/11\/fav-cloak.jpg","width":512,"height":512,"caption":"Buy Google Ads Accounts"},"image":{"@id":"https:\/\/cloakmyads.com\/#\/schema\/logo\/image\/"}}]}},"_links":{"self":[{"href":"https:\/\/cloakmyads.com\/cs\/wp-json\/wp\/v2\/product\/9538","targetHints":{"allow":["GET"]}}],"collection":[{"href":"https:\/\/cloakmyads.com\/cs\/wp-json\/wp\/v2\/product"}],"about":[{"href":"https:\/\/cloakmyads.com\/cs\/wp-json\/wp\/v2\/types\/product"}],"version-history":[{"count":2,"href":"https:\/\/cloakmyads.com\/cs\/wp-json\/wp\/v2\/product\/9538\/revisions"}],"predecessor-version":[{"id":9864,"href":"https:\/\/cloakmyads.com\/cs\/wp-json\/wp\/v2\/product\/9538\/revisions\/9864"}],"wp:featuredmedia":[{"embeddable":true,"href":"https:\/\/cloakmyads.com\/cs\/wp-json\/wp\/v2\/media\/9453"}],"wp:attachment":[{"href":"https:\/\/cloakmyads.com\/cs\/wp-json\/wp\/v2\/media?parent=9538"}],"wp:term":[{"taxonomy":"product_brand","embeddable":true,"href":"https:\/\/cloakmyads.com\/cs\/wp-json\/wp\/v2\/product_brand?post=9538"},{"taxonomy":"product_cat","embeddable":true,"href":"https:\/\/cloakmyads.com\/cs\/wp-json\/wp\/v2\/product_cat?post=9538"},{"taxonomy":"product_tag","embeddable":true,"href":"https:\/\/cloakmyads.com\/cs\/wp-json\/wp\/v2\/product_tag?post=9538"}],"curies":[{"name":"wp","href":"https:\/\/api.w.org\/{rel}","templated":true}]}}