{"id":9531,"date":"2025-09-21T16:22:50","date_gmt":"2025-09-21T15:22:50","guid":{"rendered":"https:\/\/cloakmyads.com\/?post_type=product&#038;p=9531"},"modified":"2025-11-08T09:42:34","modified_gmt":"2025-11-08T14:42:34","slug":"uctovani-kreditnich-karet-na-facebooku","status":"publish","type":"product","link":"https:\/\/cloakmyads.com\/cs\/koupit\/uctovani-kreditnich-karet-na-facebooku\/","title":{"rendered":"Kreditn\u00ed karta Facebook Ads"},"content":{"rendered":"<p data-start=\"242\" data-end=\"428\">Hled\u00e1te d\u016fv\u011bryhodn\u00e9ho <strong data-start=\"533\" data-end=\"564\">Zp\u016fsob \u00fa\u010dtov\u00e1n\u00ed reklam na Facebooku<\/strong>? Na\u0161e p\u0159edinstalovan\u00e9 a ov\u011b\u0159en\u00e9 <strong data-start=\"593\" data-end=\"626\">kreditn\u00ed karty pro reklamy na Facebooku<\/strong> jsou vytvo\u0159eny tak, aby pomohly inzerent\u016fm vyhnout se selh\u00e1n\u00ed plateb, podez\u0159el\u00fdm aktivit\u00e1m a zmrazen\u00ed \u00fa\u010dtu zp\u016fsoben\u00e9mu ned\u016fv\u011bryhodn\u00fdmi kartami.<\/p>\n<p data-start=\"242\" data-end=\"428\">Z\u00edskejte p\u0159\u00edstup k <strong data-start=\"818\" data-end=\"872\">pr\u00e9miov\u00e9 kreditn\u00ed karty MasterCard p\u0159ipraven\u00e9 pro Facebook Ads<\/strong> kter\u00e9 funguj\u00ed glob\u00e1ln\u011b. Tyto karty lze p\u0159idat jako ov\u011b\u0159en\u00e9 platebn\u00ed metody ve spr\u00e1vci Facebook Business Manager a jsou p\u0159ipraveny k okam\u017eit\u00e9mu financov\u00e1n\u00ed kampan\u00ed - \u017e\u00e1dn\u00e9 odm\u00edtnut\u00ed, \u017e\u00e1dn\u00e9 ov\u011b\u0159ovac\u00ed smy\u010dky.<\/p>\n<p data-start=\"430\" data-end=\"620\">Ke ka\u017ed\u00e9 kart\u011b je p\u0159ilo\u017een <strong data-start=\"1124\" data-end=\"1143\">Platnost 4 roky<\/strong> a lze je pln\u011b zaregistrovat se zvolen\u00fdm faktura\u010dn\u00edm jm\u00e9nem, adresou a m\u00edstem. Prost\u0159ednictv\u00edm na\u0161\u00ed platformy m\u016f\u017eete p\u0159id\u00e1vat finan\u010dn\u00ed prost\u0159edky p\u0159\u00edmo pomoc\u00ed n\u011bkolika platebn\u00edch metod, v\u010detn\u011b kryptografick\u00fdch, PayPal, Revolut a dal\u0161\u00edch, co\u017e v\u00e1m zajist\u00ed rychl\u00fd p\u0159\u00edstup k v\u00fddaj\u016fm za reklamu, kdy\u017e je pot\u0159ebujete.<\/p>\n<p data-start=\"430\" data-end=\"620\">Tyto karty jsou ide\u00e1ln\u00ed pro <strong data-start=\"1474\" data-end=\"1512\">n\u00e1kup\u010d\u00ed m\u00e9di\u00ed, agentury, pobo\u010dky<\/strong>, a v\u0161ichni, kdo spravuj\u00ed rozs\u00e1hl\u00e9 kampan\u011b na Facebooku. A\u0165 u\u017e testujete nov\u00e9 nab\u00eddky, \u0161k\u00e1lujete v\u00edt\u011bzn\u00e9 kreativy nebo spravujete v\u00edce reklamn\u00edch \u00fa\u010dt\u016f, na\u0161e karty nab\u00edzej\u00ed bezprobl\u00e9mov\u00fd a spolehliv\u00fd v\u00fdkon \u00fa\u010dtov\u00e1n\u00ed.<\/p>","protected":false},"excerpt":{"rendered":"<p>Ov\u011b\u0159en\u00e9 kreditn\u00ed karty optimalizovan\u00e9 pro \u00fa\u010dtov\u00e1n\u00ed reklam na Facebooku - spolehliv\u00e9, p\u0159edem nabit\u00e9 a vytvo\u0159en\u00e9 tak, aby pro\u0161ly.<\/p>","protected":false},"featured_media":9453,"template":"","meta":{"_acf_changed":false},"product_brand":[],"product_cat":[324],"product_tag":[],"class_list":{"0":"post-9531","1":"product","2":"type-product","3":"status-publish","4":"has-post-thumbnail","6":"product_cat-ads-credit-cards","8":"first","9":"instock","10":"purchasable","11":"product-type-simple"},"acf":[],"yoast_head":"<!-- This site is optimized with the Yoast SEO Premium plugin v26.6 (Yoast SEO v26.7) - https:\/\/yoast.com\/wordpress\/plugins\/seo\/ -->\n<title>Buy Facebook Ads Credit Card \u2013 Verified Virtual Card<\/title>\n<meta name=\"description\" content=\"Buy Facebook Ads Credit Card for fast account verification and campaign payments. Trusted virtual card solution for Facebook Ads.\" \/>\n<meta name=\"robots\" content=\"index, follow, max-snippet:-1, max-image-preview:large, max-video-preview:-1\" \/>\n<link rel=\"canonical\" href=\"https:\/\/cloakmyads.com\/cs\/koupit\/uctovani-kreditnich-karet-na-facebooku\/\" \/>\n<meta property=\"og:locale\" content=\"cs_CZ\" \/>\n<meta property=\"og:type\" content=\"article\" \/>\n<meta property=\"og:title\" content=\"Facebook Ads Credit Card\" \/>\n<meta property=\"og:description\" content=\"Buy Facebook Ads Credit Card for fast account verification and campaign payments. Trusted virtual card solution for Facebook Ads.\" \/>\n<meta property=\"og:url\" content=\"https:\/\/cloakmyads.com\/cs\/koupit\/uctovani-kreditnich-karet-na-facebooku\/\" \/>\n<meta property=\"og:site_name\" content=\"CloakMyAds\" \/>\n<meta property=\"article:modified_time\" content=\"2025-11-08T14:42:34+00:00\" \/>\n<meta property=\"og:image\" content=\"https:\/\/cloakmyads.com\/wp-content\/uploads\/2025\/09\/google-ads-credit-cards.jpg\" \/>\n\t<meta property=\"og:image:width\" content=\"605\" \/>\n\t<meta property=\"og:image:height\" content=\"400\" \/>\n\t<meta property=\"og:image:type\" content=\"image\/jpeg\" \/>\n<meta name=\"twitter:card\" content=\"summary_large_image\" \/>\n<meta name=\"twitter:label1\" content=\"Odhadovan\u00e1 doba \u010dten\u00ed\" \/>\n\t<meta name=\"twitter:data1\" content=\"1 minuta\" \/>\n<script type=\"application\/ld+json\" class=\"yoast-schema-graph\">{\"@context\":\"https:\/\/schema.org\",\"@graph\":[{\"@type\":\"WebPage\",\"@id\":\"https:\/\/cloakmyads.com\/buy\/facebook-ads-credit-cards-billing\/\",\"url\":\"https:\/\/cloakmyads.com\/buy\/facebook-ads-credit-cards-billing\/\",\"name\":\"Buy Facebook Ads Credit Card \u2013 Verified Virtual Card\",\"isPartOf\":{\"@id\":\"https:\/\/cloakmyads.com\/#website\"},\"primaryImageOfPage\":{\"@id\":\"https:\/\/cloakmyads.com\/buy\/facebook-ads-credit-cards-billing\/#primaryimage\"},\"image\":{\"@id\":\"https:\/\/cloakmyads.com\/buy\/facebook-ads-credit-cards-billing\/#primaryimage\"},\"thumbnailUrl\":\"https:\/\/cloakmyads.com\/wp-content\/uploads\/2025\/09\/google-ads-credit-cards.jpg\",\"datePublished\":\"2025-09-21T15:22:50+00:00\",\"dateModified\":\"2025-11-08T14:42:34+00:00\",\"description\":\"Buy Facebook Ads Credit Card for fast account verification and campaign payments. Trusted virtual card solution for Facebook Ads.\",\"breadcrumb\":{\"@id\":\"https:\/\/cloakmyads.com\/buy\/facebook-ads-credit-cards-billing\/#breadcrumb\"},\"inLanguage\":\"cs\",\"potentialAction\":[{\"@type\":\"ReadAction\",\"target\":[\"https:\/\/cloakmyads.com\/buy\/facebook-ads-credit-cards-billing\/\"]}]},{\"@type\":\"ImageObject\",\"inLanguage\":\"cs\",\"@id\":\"https:\/\/cloakmyads.com\/buy\/facebook-ads-credit-cards-billing\/#primaryimage\",\"url\":\"https:\/\/cloakmyads.com\/wp-content\/uploads\/2025\/09\/google-ads-credit-cards.jpg\",\"contentUrl\":\"https:\/\/cloakmyads.com\/wp-content\/uploads\/2025\/09\/google-ads-credit-cards.jpg\",\"width\":605,\"height\":400,\"caption\":\"Google Ads Credit Cards\"},{\"@type\":\"BreadcrumbList\",\"@id\":\"https:\/\/cloakmyads.com\/buy\/facebook-ads-credit-cards-billing\/#breadcrumb\",\"itemListElement\":[{\"@type\":\"ListItem\",\"position\":1,\"name\":\"Home\",\"item\":\"https:\/\/cloakmyads.com\/\"},{\"@type\":\"ListItem\",\"position\":2,\"name\":\"Shop\",\"item\":\"https:\/\/cloakmyads.com\/ar\/%d9%85%d8%aa%d8%ac%d8%b1\/\"},{\"@type\":\"ListItem\",\"position\":3,\"name\":\"Facebook Ads Credit Card\"}]},{\"@type\":\"WebSite\",\"@id\":\"https:\/\/cloakmyads.com\/#website\",\"url\":\"https:\/\/cloakmyads.com\/\",\"name\":\"CloakMyAds\",\"description\":\"\",\"publisher\":{\"@id\":\"https:\/\/cloakmyads.com\/#organization\"},\"potentialAction\":[{\"@type\":\"SearchAction\",\"target\":{\"@type\":\"EntryPoint\",\"urlTemplate\":\"https:\/\/cloakmyads.com\/?s={search_term_string}\"},\"query-input\":{\"@type\":\"PropertyValueSpecification\",\"valueRequired\":true,\"valueName\":\"search_term_string\"}}],\"inLanguage\":\"cs\"},{\"@type\":\"Organization\",\"@id\":\"https:\/\/cloakmyads.com\/#organization\",\"name\":\"Buy Google Ads Accounts\",\"url\":\"https:\/\/cloakmyads.com\/\",\"logo\":{\"@type\":\"ImageObject\",\"inLanguage\":\"cs\",\"@id\":\"https:\/\/cloakmyads.com\/#\/schema\/logo\/image\/\",\"url\":\"https:\/\/cloakmyads.com\/wp-content\/uploads\/2025\/11\/fav-cloak.jpg\",\"contentUrl\":\"https:\/\/cloakmyads.com\/wp-content\/uploads\/2025\/11\/fav-cloak.jpg\",\"width\":512,\"height\":512,\"caption\":\"Buy Google Ads Accounts\"},\"image\":{\"@id\":\"https:\/\/cloakmyads.com\/#\/schema\/logo\/image\/\"}}]}<\/script>\n<!-- \/ Yoast SEO Premium plugin. -->","yoast_head_json":{"title":"Koupit kreditn\u00ed kartu Facebook Ads - ov\u011b\u0159en\u00e1 virtu\u00e1ln\u00ed karta","description":"Koupit kreditn\u00ed kartu Facebook Ads pro rychl\u00e9 ov\u011b\u0159en\u00ed \u00fa\u010dtu a platby za kampan\u011b. D\u016fv\u011bryhodn\u00e9 \u0159e\u0161en\u00ed virtu\u00e1ln\u00ed karty pro Facebook Ads.","robots":{"index":"index","follow":"follow","max-snippet":"max-snippet:-1","max-image-preview":"max-image-preview:large","max-video-preview":"max-video-preview:-1"},"canonical":"https:\/\/cloakmyads.com\/cs\/koupit\/uctovani-kreditnich-karet-na-facebooku\/","og_locale":"cs_CZ","og_type":"article","og_title":"Facebook Ads Credit Card","og_description":"Buy Facebook Ads Credit Card for fast account verification and campaign payments. Trusted virtual card solution for Facebook Ads.","og_url":"https:\/\/cloakmyads.com\/cs\/koupit\/uctovani-kreditnich-karet-na-facebooku\/","og_site_name":"CloakMyAds","article_modified_time":"2025-11-08T14:42:34+00:00","og_image":[{"width":605,"height":400,"url":"https:\/\/cloakmyads.com\/wp-content\/uploads\/2025\/09\/google-ads-credit-cards.jpg","type":"image\/jpeg"}],"twitter_card":"summary_large_image","twitter_misc":{"Odhadovan\u00e1 doba \u010dten\u00ed":"1 minuta"},"schema":{"@context":"https:\/\/schema.org","@graph":[{"@type":"WebPage","@id":"https:\/\/cloakmyads.com\/buy\/facebook-ads-credit-cards-billing\/","url":"https:\/\/cloakmyads.com\/buy\/facebook-ads-credit-cards-billing\/","name":"Koupit kreditn\u00ed kartu Facebook Ads - ov\u011b\u0159en\u00e1 virtu\u00e1ln\u00ed karta","isPartOf":{"@id":"https:\/\/cloakmyads.com\/#website"},"primaryImageOfPage":{"@id":"https:\/\/cloakmyads.com\/buy\/facebook-ads-credit-cards-billing\/#primaryimage"},"image":{"@id":"https:\/\/cloakmyads.com\/buy\/facebook-ads-credit-cards-billing\/#primaryimage"},"thumbnailUrl":"https:\/\/cloakmyads.com\/wp-content\/uploads\/2025\/09\/google-ads-credit-cards.jpg","datePublished":"2025-09-21T15:22:50+00:00","dateModified":"2025-11-08T14:42:34+00:00","description":"Koupit kreditn\u00ed kartu Facebook Ads pro rychl\u00e9 ov\u011b\u0159en\u00ed \u00fa\u010dtu a platby za kampan\u011b. D\u016fv\u011bryhodn\u00e9 \u0159e\u0161en\u00ed virtu\u00e1ln\u00ed karty pro Facebook Ads.","breadcrumb":{"@id":"https:\/\/cloakmyads.com\/buy\/facebook-ads-credit-cards-billing\/#breadcrumb"},"inLanguage":"cs","potentialAction":[{"@type":"ReadAction","target":["https:\/\/cloakmyads.com\/buy\/facebook-ads-credit-cards-billing\/"]}]},{"@type":"ImageObject","inLanguage":"cs","@id":"https:\/\/cloakmyads.com\/buy\/facebook-ads-credit-cards-billing\/#primaryimage","url":"https:\/\/cloakmyads.com\/wp-content\/uploads\/2025\/09\/google-ads-credit-cards.jpg","contentUrl":"https:\/\/cloakmyads.com\/wp-content\/uploads\/2025\/09\/google-ads-credit-cards.jpg","width":605,"height":400,"caption":"Google Ads Credit Cards"},{"@type":"BreadcrumbList","@id":"https:\/\/cloakmyads.com\/buy\/facebook-ads-credit-cards-billing\/#breadcrumb","itemListElement":[{"@type":"ListItem","position":1,"name":"Home","item":"https:\/\/cloakmyads.com\/"},{"@type":"ListItem","position":2,"name":"Shop","item":"https:\/\/cloakmyads.com\/ar\/%d9%85%d8%aa%d8%ac%d8%b1\/"},{"@type":"ListItem","position":3,"name":"Facebook Ads Credit Card"}]},{"@type":"WebSite","@id":"https:\/\/cloakmyads.com\/#website","url":"https:\/\/cloakmyads.com\/","name":"CloakMyAds","description":"","publisher":{"@id":"https:\/\/cloakmyads.com\/#organization"},"potentialAction":[{"@type":"SearchAction","target":{"@type":"EntryPoint","urlTemplate":"https:\/\/cloakmyads.com\/?s={search_term_string}"},"query-input":{"@type":"PropertyValueSpecification","valueRequired":true,"valueName":"search_term_string"}}],"inLanguage":"cs"},{"@type":"Organization","@id":"https:\/\/cloakmyads.com\/#organization","name":"Koupit \u00fa\u010dty Google Ads","url":"https:\/\/cloakmyads.com\/","logo":{"@type":"ImageObject","inLanguage":"cs","@id":"https:\/\/cloakmyads.com\/#\/schema\/logo\/image\/","url":"https:\/\/cloakmyads.com\/wp-content\/uploads\/2025\/11\/fav-cloak.jpg","contentUrl":"https:\/\/cloakmyads.com\/wp-content\/uploads\/2025\/11\/fav-cloak.jpg","width":512,"height":512,"caption":"Buy Google Ads Accounts"},"image":{"@id":"https:\/\/cloakmyads.com\/#\/schema\/logo\/image\/"}}]}},"_links":{"self":[{"href":"https:\/\/cloakmyads.com\/cs\/wp-json\/wp\/v2\/product\/9531","targetHints":{"allow":["GET"]}}],"collection":[{"href":"https:\/\/cloakmyads.com\/cs\/wp-json\/wp\/v2\/product"}],"about":[{"href":"https:\/\/cloakmyads.com\/cs\/wp-json\/wp\/v2\/types\/product"}],"version-history":[{"count":5,"href":"https:\/\/cloakmyads.com\/cs\/wp-json\/wp\/v2\/product\/9531\/revisions"}],"predecessor-version":[{"id":9866,"href":"https:\/\/cloakmyads.com\/cs\/wp-json\/wp\/v2\/product\/9531\/revisions\/9866"}],"wp:featuredmedia":[{"embeddable":true,"href":"https:\/\/cloakmyads.com\/cs\/wp-json\/wp\/v2\/media\/9453"}],"wp:attachment":[{"href":"https:\/\/cloakmyads.com\/cs\/wp-json\/wp\/v2\/media?parent=9531"}],"wp:term":[{"taxonomy":"product_brand","embeddable":true,"href":"https:\/\/cloakmyads.com\/cs\/wp-json\/wp\/v2\/product_brand?post=9531"},{"taxonomy":"product_cat","embeddable":true,"href":"https:\/\/cloakmyads.com\/cs\/wp-json\/wp\/v2\/product_cat?post=9531"},{"taxonomy":"product_tag","embeddable":true,"href":"https:\/\/cloakmyads.com\/cs\/wp-json\/wp\/v2\/product_tag?post=9531"}],"curies":[{"name":"wp","href":"https:\/\/api.w.org\/{rel}","templated":true}]}}