{"id":9409,"date":"2025-09-21T10:44:44","date_gmt":"2025-09-21T09:44:44","guid":{"rendered":"https:\/\/cloakmyads.com\/?post_type=product&#038;p=9409"},"modified":"2025-10-03T16:14:51","modified_gmt":"2025-10-03T15:14:51","slug":"instagramove-reklamy-maskovaci-ucty","status":"publish","type":"product","link":"https:\/\/cloakmyads.com\/cs\/koupit\/instagramove-reklamy-maskovaci-ucty\/","title":{"rendered":"Maskovac\u00ed \u00fa\u010dty pro reklamy na Instagramu"},"content":{"rendered":"<p data-start=\"313\" data-end=\"724\">Instagram je jednou z nejv\u00fdkonn\u011bj\u0161\u00edch platforem pro partnery, e-shopy a nab\u00eddky s vysokou m\u00edrou zapojen\u00ed, ale jeho proces hodnocen\u00ed reklam je ne\u00faprosn\u00fd. Nov\u00e9 \u00fa\u010dty jsou rychle ozna\u010deny, kreativy jsou na prvn\u00ed pohled zam\u00edtnuty a reklamn\u00ed \u00fa\u010dty jsou \u010dasto zak\u00e1z\u00e1ny je\u0161t\u011b p\u0159ed zah\u00e1jen\u00edm kampan\u00ed. Proto se seri\u00f3zn\u00ed market\u00e9\u0159i rozhodnou <strong data-start=\"630\" data-end=\"660\">koupit \u00fa\u010dty Instagram Ads<\/strong> kter\u00e9 jsou star\u00e9, stabiln\u00ed a vytvo\u0159en\u00e9 pro dlouhou \u017eivotnost skute\u010dn\u00e9 kampan\u011b.<\/p>\n<p data-start=\"726\" data-end=\"1004\">S <strong data-start=\"731\" data-end=\"766\">ov\u011b\u0159en\u00e9 \u00fa\u010dty Instagram Ads<\/strong>, z\u00edsk\u00e1te p\u0159\u00edstup k profil\u016fm v\u00e1zan\u00fdm na podnikatelsk\u00e9 subjekty v USA a Velk\u00e9 Brit\u00e1nii, ve v\u011bku 2022-2024 a bez historie pozastaven\u00ed. Tyto \u00fa\u010dty jsou ji\u017e zkontrolov\u00e1ny z hlediska toto\u017enosti, telefonicky ov\u011b\u0159eny a p\u0159ipraveny k okam\u017eit\u00e9mu p\u0159ipojen\u00ed fakturace.<\/p>\n<p data-start=\"1006\" data-end=\"1299\">V kombinaci s pokro\u010dil\u00fdm maskov\u00e1n\u00edm mohou kampan\u011b Instagram Ads ve v\u00fdklenc\u00edch, jako je nap\u0159. <strong data-start=\"1076\" data-end=\"1131\">nutra, seznamka, loterie, finance a e-commerce<\/strong> m\u016f\u017ee kone\u010dn\u011b p\u0159e\u017e\u00edt i po p\u0159ezkoum\u00e1n\u00ed. Moder\u00e1to\u0159i a roboti vid\u00ed bezpe\u010dnou str\u00e1nku, zat\u00edmco skute\u010dn\u00ed u\u017eivatel\u00e9 jsou p\u0159esm\u011brov\u00e1ni na str\u00e1nku s pen\u011bzi - m\u00e1te tak v\u00edce \u010dasu na roz\u0161i\u0159ov\u00e1n\u00ed a zisk.<\/p>\n<p data-start=\"1301\" data-end=\"1513\">Pokud chcete prodlou\u017eit \u017eivotnost kampan\u011b, sn\u00ed\u017eit po\u010det odm\u00edtnut\u00fdch inzer\u00e1t\u016f a z\u00edskat svobodu agresivn\u00edho \u0161k\u00e1lov\u00e1n\u00ed nab\u00eddek, je nejchyt\u0159ej\u0161\u00ed krok jednoduch\u00fd: <strong data-start=\"1436\" data-end=\"1466\">koupit \u00fa\u010dty Instagram Ads<\/strong> kter\u00e9 jsou ov\u011b\u0159en\u00e9, zest\u00e1rl\u00e9 a p\u0159ipraven\u00e9 k maskov\u00e1n\u00ed.<\/p>","protected":false},"excerpt":{"rendered":"<p>Ov\u011b\u0159en\u00e9 \u00fa\u010dty Instagram Ads p\u0159ipraven\u00e9 pro maskov\u00e1n\u00ed - prosazujte krypto, hazardn\u00ed hry a dal\u0161\u00ed ozna\u010den\u00e9 nab\u00eddky, ani\u017e by v\u00e1m je zav\u0159eli.<\/p>","protected":false},"featured_media":9411,"template":"","meta":{"_acf_changed":false},"product_brand":[],"product_cat":[65],"product_tag":[],"class_list":{"0":"post-9409","1":"product","2":"type-product","3":"status-publish","4":"has-post-thumbnail","6":"product_cat-accounts","8":"first","9":"instock","10":"purchasable","11":"product-type-simple"},"acf":[],"yoast_head":"<!-- This site is optimized with the Yoast SEO Premium plugin v26.6 (Yoast SEO v26.7) - https:\/\/yoast.com\/wordpress\/plugins\/seo\/ -->\n<title>Buy Instagram Ads Cloaking Accounts \u2013 Run Campaigns Safely<\/title>\n<meta name=\"description\" content=\"Buy Instagram Ads Cloaking Accounts to hide restricted creatives from reviewers while showing real offers to users. Reduce bans and scale campaigns.\" \/>\n<meta name=\"robots\" content=\"index, follow, max-snippet:-1, max-image-preview:large, max-video-preview:-1\" \/>\n<link rel=\"canonical\" href=\"https:\/\/cloakmyads.com\/cs\/koupit\/instagramove-reklamy-maskovaci-ucty\/\" \/>\n<meta property=\"og:locale\" content=\"cs_CZ\" \/>\n<meta property=\"og:type\" content=\"article\" \/>\n<meta property=\"og:title\" content=\"Instagram Ads Cloaking Accounts\" \/>\n<meta property=\"og:description\" content=\"Buy Instagram Ads Cloaking Accounts to hide restricted creatives from reviewers while showing real offers to users. Reduce bans and scale campaigns.\" \/>\n<meta property=\"og:url\" content=\"https:\/\/cloakmyads.com\/cs\/koupit\/instagramove-reklamy-maskovaci-ucty\/\" \/>\n<meta property=\"og:site_name\" content=\"CloakMyAds\" \/>\n<meta property=\"article:modified_time\" content=\"2025-10-03T15:14:51+00:00\" \/>\n<meta property=\"og:image\" content=\"https:\/\/cloakmyads.com\/wp-content\/uploads\/2025\/09\/instagram-ads-cloaking.png\" \/>\n\t<meta property=\"og:image:width\" content=\"940\" \/>\n\t<meta property=\"og:image:height\" content=\"640\" \/>\n\t<meta property=\"og:image:type\" content=\"image\/png\" \/>\n<meta name=\"twitter:card\" content=\"summary_large_image\" \/>\n<meta name=\"twitter:label1\" content=\"Odhadovan\u00e1 doba \u010dten\u00ed\" \/>\n\t<meta name=\"twitter:data1\" content=\"1 minuta\" \/>\n<script type=\"application\/ld+json\" class=\"yoast-schema-graph\">{\"@context\":\"https:\/\/schema.org\",\"@graph\":[{\"@type\":\"WebPage\",\"@id\":\"https:\/\/cloakmyads.com\/buy\/instagram-ads-cloaking-accounts\/\",\"url\":\"https:\/\/cloakmyads.com\/buy\/instagram-ads-cloaking-accounts\/\",\"name\":\"Buy Instagram Ads Cloaking Accounts \u2013 Run Campaigns Safely\",\"isPartOf\":{\"@id\":\"https:\/\/cloakmyads.com\/#website\"},\"primaryImageOfPage\":{\"@id\":\"https:\/\/cloakmyads.com\/buy\/instagram-ads-cloaking-accounts\/#primaryimage\"},\"image\":{\"@id\":\"https:\/\/cloakmyads.com\/buy\/instagram-ads-cloaking-accounts\/#primaryimage\"},\"thumbnailUrl\":\"https:\/\/cloakmyads.com\/wp-content\/uploads\/2025\/09\/instagram-ads-cloaking.png\",\"datePublished\":\"2025-09-21T09:44:44+00:00\",\"dateModified\":\"2025-10-03T15:14:51+00:00\",\"description\":\"Buy Instagram Ads Cloaking Accounts to hide restricted creatives from reviewers while showing real offers to users. Reduce bans and scale campaigns.\",\"breadcrumb\":{\"@id\":\"https:\/\/cloakmyads.com\/buy\/instagram-ads-cloaking-accounts\/#breadcrumb\"},\"inLanguage\":\"cs\",\"potentialAction\":[{\"@type\":\"ReadAction\",\"target\":[\"https:\/\/cloakmyads.com\/buy\/instagram-ads-cloaking-accounts\/\"]}]},{\"@type\":\"ImageObject\",\"inLanguage\":\"cs\",\"@id\":\"https:\/\/cloakmyads.com\/buy\/instagram-ads-cloaking-accounts\/#primaryimage\",\"url\":\"https:\/\/cloakmyads.com\/wp-content\/uploads\/2025\/09\/instagram-ads-cloaking.png\",\"contentUrl\":\"https:\/\/cloakmyads.com\/wp-content\/uploads\/2025\/09\/instagram-ads-cloaking.png\",\"width\":940,\"height\":640,\"caption\":\"Instagram Cloaking Ads Accounts\"},{\"@type\":\"BreadcrumbList\",\"@id\":\"https:\/\/cloakmyads.com\/buy\/instagram-ads-cloaking-accounts\/#breadcrumb\",\"itemListElement\":[{\"@type\":\"ListItem\",\"position\":1,\"name\":\"Home\",\"item\":\"https:\/\/cloakmyads.com\/\"},{\"@type\":\"ListItem\",\"position\":2,\"name\":\"Shop\",\"item\":\"https:\/\/cloakmyads.com\/ar\/%d9%85%d8%aa%d8%ac%d8%b1\/\"},{\"@type\":\"ListItem\",\"position\":3,\"name\":\"Instagram Ads Cloaking Accounts\"}]},{\"@type\":\"WebSite\",\"@id\":\"https:\/\/cloakmyads.com\/#website\",\"url\":\"https:\/\/cloakmyads.com\/\",\"name\":\"CloakMyAds\",\"description\":\"\",\"publisher\":{\"@id\":\"https:\/\/cloakmyads.com\/#organization\"},\"potentialAction\":[{\"@type\":\"SearchAction\",\"target\":{\"@type\":\"EntryPoint\",\"urlTemplate\":\"https:\/\/cloakmyads.com\/?s={search_term_string}\"},\"query-input\":{\"@type\":\"PropertyValueSpecification\",\"valueRequired\":true,\"valueName\":\"search_term_string\"}}],\"inLanguage\":\"cs\"},{\"@type\":\"Organization\",\"@id\":\"https:\/\/cloakmyads.com\/#organization\",\"name\":\"Buy Google Ads Accounts\",\"url\":\"https:\/\/cloakmyads.com\/\",\"logo\":{\"@type\":\"ImageObject\",\"inLanguage\":\"cs\",\"@id\":\"https:\/\/cloakmyads.com\/#\/schema\/logo\/image\/\",\"url\":\"https:\/\/cloakmyads.com\/wp-content\/uploads\/2025\/11\/fav-cloak.jpg\",\"contentUrl\":\"https:\/\/cloakmyads.com\/wp-content\/uploads\/2025\/11\/fav-cloak.jpg\",\"width\":512,\"height\":512,\"caption\":\"Buy Google Ads Accounts\"},\"image\":{\"@id\":\"https:\/\/cloakmyads.com\/#\/schema\/logo\/image\/\"}}]}<\/script>\n<!-- \/ Yoast SEO Premium plugin. -->","yoast_head_json":{"title":"Koupit Instagram Ads Cloaking Accounts - Spus\u0165te kampan\u011b bezpe\u010dn\u011b","description":"Koupit Instagram Ads Cloaking Accounts pro skryt\u00ed omezen\u00fdch kreativ p\u0159ed recenzenty a z\u00e1rove\u0148 zobrazov\u00e1n\u00ed skute\u010dn\u00fdch nab\u00eddek u\u017eivatel\u016fm. Omezte z\u00e1kazy a roz\u0161i\u0159te kampan\u011b.","robots":{"index":"index","follow":"follow","max-snippet":"max-snippet:-1","max-image-preview":"max-image-preview:large","max-video-preview":"max-video-preview:-1"},"canonical":"https:\/\/cloakmyads.com\/cs\/koupit\/instagramove-reklamy-maskovaci-ucty\/","og_locale":"cs_CZ","og_type":"article","og_title":"Instagram Ads Cloaking Accounts","og_description":"Buy Instagram Ads Cloaking Accounts to hide restricted creatives from reviewers while showing real offers to users. Reduce bans and scale campaigns.","og_url":"https:\/\/cloakmyads.com\/cs\/koupit\/instagramove-reklamy-maskovaci-ucty\/","og_site_name":"CloakMyAds","article_modified_time":"2025-10-03T15:14:51+00:00","og_image":[{"width":940,"height":640,"url":"https:\/\/cloakmyads.com\/wp-content\/uploads\/2025\/09\/instagram-ads-cloaking.png","type":"image\/png"}],"twitter_card":"summary_large_image","twitter_misc":{"Odhadovan\u00e1 doba \u010dten\u00ed":"1 minuta"},"schema":{"@context":"https:\/\/schema.org","@graph":[{"@type":"WebPage","@id":"https:\/\/cloakmyads.com\/buy\/instagram-ads-cloaking-accounts\/","url":"https:\/\/cloakmyads.com\/buy\/instagram-ads-cloaking-accounts\/","name":"Koupit Instagram Ads Cloaking Accounts - Spus\u0165te kampan\u011b bezpe\u010dn\u011b","isPartOf":{"@id":"https:\/\/cloakmyads.com\/#website"},"primaryImageOfPage":{"@id":"https:\/\/cloakmyads.com\/buy\/instagram-ads-cloaking-accounts\/#primaryimage"},"image":{"@id":"https:\/\/cloakmyads.com\/buy\/instagram-ads-cloaking-accounts\/#primaryimage"},"thumbnailUrl":"https:\/\/cloakmyads.com\/wp-content\/uploads\/2025\/09\/instagram-ads-cloaking.png","datePublished":"2025-09-21T09:44:44+00:00","dateModified":"2025-10-03T15:14:51+00:00","description":"Koupit Instagram Ads Cloaking Accounts pro skryt\u00ed omezen\u00fdch kreativ p\u0159ed recenzenty a z\u00e1rove\u0148 zobrazov\u00e1n\u00ed skute\u010dn\u00fdch nab\u00eddek u\u017eivatel\u016fm. Omezte z\u00e1kazy a roz\u0161i\u0159te kampan\u011b.","breadcrumb":{"@id":"https:\/\/cloakmyads.com\/buy\/instagram-ads-cloaking-accounts\/#breadcrumb"},"inLanguage":"cs","potentialAction":[{"@type":"ReadAction","target":["https:\/\/cloakmyads.com\/buy\/instagram-ads-cloaking-accounts\/"]}]},{"@type":"ImageObject","inLanguage":"cs","@id":"https:\/\/cloakmyads.com\/buy\/instagram-ads-cloaking-accounts\/#primaryimage","url":"https:\/\/cloakmyads.com\/wp-content\/uploads\/2025\/09\/instagram-ads-cloaking.png","contentUrl":"https:\/\/cloakmyads.com\/wp-content\/uploads\/2025\/09\/instagram-ads-cloaking.png","width":940,"height":640,"caption":"Instagram Cloaking Ads Accounts"},{"@type":"BreadcrumbList","@id":"https:\/\/cloakmyads.com\/buy\/instagram-ads-cloaking-accounts\/#breadcrumb","itemListElement":[{"@type":"ListItem","position":1,"name":"Home","item":"https:\/\/cloakmyads.com\/"},{"@type":"ListItem","position":2,"name":"Shop","item":"https:\/\/cloakmyads.com\/ar\/%d9%85%d8%aa%d8%ac%d8%b1\/"},{"@type":"ListItem","position":3,"name":"Instagram Ads Cloaking Accounts"}]},{"@type":"WebSite","@id":"https:\/\/cloakmyads.com\/#website","url":"https:\/\/cloakmyads.com\/","name":"CloakMyAds","description":"","publisher":{"@id":"https:\/\/cloakmyads.com\/#organization"},"potentialAction":[{"@type":"SearchAction","target":{"@type":"EntryPoint","urlTemplate":"https:\/\/cloakmyads.com\/?s={search_term_string}"},"query-input":{"@type":"PropertyValueSpecification","valueRequired":true,"valueName":"search_term_string"}}],"inLanguage":"cs"},{"@type":"Organization","@id":"https:\/\/cloakmyads.com\/#organization","name":"Koupit \u00fa\u010dty Google Ads","url":"https:\/\/cloakmyads.com\/","logo":{"@type":"ImageObject","inLanguage":"cs","@id":"https:\/\/cloakmyads.com\/#\/schema\/logo\/image\/","url":"https:\/\/cloakmyads.com\/wp-content\/uploads\/2025\/11\/fav-cloak.jpg","contentUrl":"https:\/\/cloakmyads.com\/wp-content\/uploads\/2025\/11\/fav-cloak.jpg","width":512,"height":512,"caption":"Buy Google Ads Accounts"},"image":{"@id":"https:\/\/cloakmyads.com\/#\/schema\/logo\/image\/"}}]}},"_links":{"self":[{"href":"https:\/\/cloakmyads.com\/cs\/wp-json\/wp\/v2\/product\/9409","targetHints":{"allow":["GET"]}}],"collection":[{"href":"https:\/\/cloakmyads.com\/cs\/wp-json\/wp\/v2\/product"}],"about":[{"href":"https:\/\/cloakmyads.com\/cs\/wp-json\/wp\/v2\/types\/product"}],"version-history":[{"count":3,"href":"https:\/\/cloakmyads.com\/cs\/wp-json\/wp\/v2\/product\/9409\/revisions"}],"predecessor-version":[{"id":9745,"href":"https:\/\/cloakmyads.com\/cs\/wp-json\/wp\/v2\/product\/9409\/revisions\/9745"}],"wp:featuredmedia":[{"embeddable":true,"href":"https:\/\/cloakmyads.com\/cs\/wp-json\/wp\/v2\/media\/9411"}],"wp:attachment":[{"href":"https:\/\/cloakmyads.com\/cs\/wp-json\/wp\/v2\/media?parent=9409"}],"wp:term":[{"taxonomy":"product_brand","embeddable":true,"href":"https:\/\/cloakmyads.com\/cs\/wp-json\/wp\/v2\/product_brand?post=9409"},{"taxonomy":"product_cat","embeddable":true,"href":"https:\/\/cloakmyads.com\/cs\/wp-json\/wp\/v2\/product_cat?post=9409"},{"taxonomy":"product_tag","embeddable":true,"href":"https:\/\/cloakmyads.com\/cs\/wp-json\/wp\/v2\/product_tag?post=9409"}],"curies":[{"name":"wp","href":"https:\/\/api.w.org\/{rel}","templated":true}]}}