{"id":9404,"date":"2025-09-19T16:14:41","date_gmt":"2025-09-19T15:14:41","guid":{"rendered":"https:\/\/cloakmyads.com\/?post_type=product&#038;p=9404"},"modified":"2025-10-03T16:16:53","modified_gmt":"2025-10-03T15:16:53","slug":"x-reklamy-maskovaci-ucty-twitter","status":"publish","type":"product","link":"https:\/\/cloakmyads.com\/cs\/koupit\/x-reklamy-maskovaci-ucty-twitter\/","title":{"rendered":"X Ads Cloaking Accounts"},"content":{"rendered":"<p data-start=\"298\" data-end=\"675\">X (d\u0159\u00edve Twitter) se stal jedn\u00edm z nej\u017ehav\u011bj\u0161\u00edch zdroj\u016f n\u00e1v\u0161t\u011bvnosti v oblasti kryptografie, financ\u00ed a trendov\u00fdch nab\u00eddek, ale jeho moderov\u00e1n\u00ed je ne\u00faprosn\u00e9. Reklamy se zaseknou v revizi, jsou ozna\u010deny jako \u201ccitliv\u00e9\u201d nebo jsou \u00fa\u010dty pozastaveny ji\u017e po prvn\u00edm spu\u0161t\u011bn\u00ed. To je d\u016fvod, pro\u010d se zku\u0161en\u00ed n\u00e1kup\u010d\u00ed m\u00e9di\u00ed a affiliate partne\u0159i rozhoduj\u00ed pro. <strong data-start=\"608\" data-end=\"630\">koupit \u00fa\u010dty X Ads<\/strong> kter\u00e9 jsou vyzr\u00e1l\u00e9, ov\u011b\u0159en\u00e9 a p\u0159ipraven\u00e9 k provozu.<\/p>\n<p data-start=\"677\" data-end=\"930\">Kdy\u017e pou\u017e\u00edv\u00e1te <strong data-start=\"690\" data-end=\"717\">ov\u011b\u0159en\u00e9 \u00fa\u010dty X Ads<\/strong>, vyhnete se nekone\u010dn\u00fdm ov\u011b\u0159ovac\u00edm smy\u010dk\u00e1m a n\u00e1hl\u00e9mu zamrznut\u00ed \u00fa\u010dtu, kter\u00e9 ni\u010d\u00ed dynamiku. Tyto \u00fa\u010dty jsou v\u00e1z\u00e1ny na podnikatelsk\u00e9 subjekty z USA a Spojen\u00e9ho kr\u00e1lovstv\u00ed, jsou ve v\u011bku 2022-2024 a jsou dod\u00e1v\u00e1ny \u010dist\u00e9 bez pojistn\u00e9 historie.<\/p>\n<p data-start=\"932\" data-end=\"1216\">V kombinaci s pokro\u010dil\u00fdm maskov\u00e1n\u00edm mohou \u00fa\u010dty X Ads kone\u010dn\u011b provozovat vertik\u00e1ln\u00ed slu\u017eby, jako je nap\u0159. <strong data-start=\"1011\" data-end=\"1065\">kryptografie, loterie, datov\u00e1n\u00ed, finance a software.<\/strong> ani\u017e by byl okam\u017eit\u011b odhalen. Recenzenti vid\u00ed v\u00e1\u0161 bezpe\u010dn\u00fd obsah, zat\u00edmco skute\u010dn\u00ed u\u017eivatel\u00e9 jsou p\u0159esm\u011brov\u00e1ni na str\u00e1nku s pen\u011bzi - kampan\u011b tak z\u016fst\u00e1vaj\u00ed ziskov\u00e9.<\/p>\n<p data-start=\"1218\" data-end=\"1399\">Pokud to se \u0161k\u00e1lov\u00e1n\u00edm v syst\u00e9mu X mysl\u00edte v\u00e1\u017en\u011b, neztr\u00e1cejte \u010das s p\u0159ihla\u0161ovac\u00edmi \u00fadaji na vyhozen\u00ed. Jedin\u00fd zp\u016fsob, jak p\u0159e\u017e\u00edt, je <strong data-start=\"1326\" data-end=\"1348\">koupit \u00fa\u010dty X Ads<\/strong> kter\u00e9 jsou ov\u011b\u0159en\u00e9, zest\u00e1rl\u00e9 a vytvo\u0159en\u00e9 pro maskov\u00e1n\u00ed.<\/p>","protected":false},"excerpt":{"rendered":"<p>Skryt\u00e9 \u00fa\u010dty X Ads vytvo\u0159en\u00e9 pro vysoce rizikov\u00e9 obory - obejd\u011bte kontroly reklam na Twitteru, z\u016fsta\u0148te na povrchu v souladu s p\u0159edpisy a p\u0159ive\u010fte skute\u010dnou n\u00e1v\u0161t\u011bvnost na sv\u00e9 str\u00e1nky s pen\u011bzi.<\/p>","protected":false},"featured_media":9406,"template":"","meta":{"_acf_changed":false},"product_brand":[],"product_cat":[65],"product_tag":[],"class_list":{"0":"post-9404","1":"product","2":"type-product","3":"status-publish","4":"has-post-thumbnail","6":"product_cat-accounts","8":"first","9":"instock","10":"purchasable","11":"product-type-simple"},"acf":[],"yoast_head":"<!-- This site is optimized with the Yoast SEO Premium plugin v26.6 (Yoast SEO v26.7) - https:\/\/yoast.com\/wordpress\/plugins\/seo\/ -->\n<title>Buy X Ads Cloaking Accounts \u2013 Buy for Crypto &amp; Forex Ads<\/title>\n<meta name=\"description\" content=\"Buy X Ads Cloaking Accounts to run high-risk campaigns like crypto, forex and betting. Cloak ads to pass reviews and keep campaigns live.\" \/>\n<meta name=\"robots\" content=\"index, follow, max-snippet:-1, max-image-preview:large, max-video-preview:-1\" \/>\n<link rel=\"canonical\" href=\"https:\/\/cloakmyads.com\/cs\/koupit\/x-reklamy-maskovaci-ucty-twitter\/\" \/>\n<meta property=\"og:locale\" content=\"cs_CZ\" \/>\n<meta property=\"og:type\" content=\"article\" \/>\n<meta property=\"og:title\" content=\"X Ads Cloaking Accounts\" \/>\n<meta property=\"og:description\" content=\"Buy X Ads Cloaking Accounts to run high-risk campaigns like crypto, forex and betting. Cloak ads to pass reviews and keep campaigns live.\" \/>\n<meta property=\"og:url\" content=\"https:\/\/cloakmyads.com\/cs\/koupit\/x-reklamy-maskovaci-ucty-twitter\/\" \/>\n<meta property=\"og:site_name\" content=\"CloakMyAds\" \/>\n<meta property=\"article:modified_time\" content=\"2025-10-03T15:16:53+00:00\" \/>\n<meta property=\"og:image\" content=\"https:\/\/cloakmyads.com\/wp-content\/uploads\/2025\/09\/x-ads-cloaking-accounts.png\" \/>\n\t<meta property=\"og:image:width\" content=\"940\" \/>\n\t<meta property=\"og:image:height\" content=\"640\" \/>\n\t<meta property=\"og:image:type\" content=\"image\/png\" \/>\n<meta name=\"twitter:card\" content=\"summary_large_image\" \/>\n<meta name=\"twitter:label1\" content=\"Odhadovan\u00e1 doba \u010dten\u00ed\" \/>\n\t<meta name=\"twitter:data1\" content=\"1 minuta\" \/>\n<script type=\"application\/ld+json\" class=\"yoast-schema-graph\">{\"@context\":\"https:\/\/schema.org\",\"@graph\":[{\"@type\":\"WebPage\",\"@id\":\"https:\/\/cloakmyads.com\/buy\/x-ads-cloaking-accounts-twitter\/\",\"url\":\"https:\/\/cloakmyads.com\/buy\/x-ads-cloaking-accounts-twitter\/\",\"name\":\"Buy X Ads Cloaking Accounts \u2013 Buy for Crypto & Forex Ads\",\"isPartOf\":{\"@id\":\"https:\/\/cloakmyads.com\/#website\"},\"primaryImageOfPage\":{\"@id\":\"https:\/\/cloakmyads.com\/buy\/x-ads-cloaking-accounts-twitter\/#primaryimage\"},\"image\":{\"@id\":\"https:\/\/cloakmyads.com\/buy\/x-ads-cloaking-accounts-twitter\/#primaryimage\"},\"thumbnailUrl\":\"https:\/\/cloakmyads.com\/wp-content\/uploads\/2025\/09\/x-ads-cloaking-accounts.png\",\"datePublished\":\"2025-09-19T15:14:41+00:00\",\"dateModified\":\"2025-10-03T15:16:53+00:00\",\"description\":\"Buy X Ads Cloaking Accounts to run high-risk campaigns like crypto, forex and betting. Cloak ads to pass reviews and keep campaigns live.\",\"breadcrumb\":{\"@id\":\"https:\/\/cloakmyads.com\/buy\/x-ads-cloaking-accounts-twitter\/#breadcrumb\"},\"inLanguage\":\"cs\",\"potentialAction\":[{\"@type\":\"ReadAction\",\"target\":[\"https:\/\/cloakmyads.com\/buy\/x-ads-cloaking-accounts-twitter\/\"]}]},{\"@type\":\"ImageObject\",\"inLanguage\":\"cs\",\"@id\":\"https:\/\/cloakmyads.com\/buy\/x-ads-cloaking-accounts-twitter\/#primaryimage\",\"url\":\"https:\/\/cloakmyads.com\/wp-content\/uploads\/2025\/09\/x-ads-cloaking-accounts.png\",\"contentUrl\":\"https:\/\/cloakmyads.com\/wp-content\/uploads\/2025\/09\/x-ads-cloaking-accounts.png\",\"width\":940,\"height\":640,\"caption\":\"X ads Accounts cloaking\"},{\"@type\":\"BreadcrumbList\",\"@id\":\"https:\/\/cloakmyads.com\/buy\/x-ads-cloaking-accounts-twitter\/#breadcrumb\",\"itemListElement\":[{\"@type\":\"ListItem\",\"position\":1,\"name\":\"Home\",\"item\":\"https:\/\/cloakmyads.com\/\"},{\"@type\":\"ListItem\",\"position\":2,\"name\":\"Shop\",\"item\":\"https:\/\/cloakmyads.com\/ar\/%d9%85%d8%aa%d8%ac%d8%b1\/\"},{\"@type\":\"ListItem\",\"position\":3,\"name\":\"X Ads Cloaking Accounts\"}]},{\"@type\":\"WebSite\",\"@id\":\"https:\/\/cloakmyads.com\/#website\",\"url\":\"https:\/\/cloakmyads.com\/\",\"name\":\"CloakMyAds\",\"description\":\"\",\"publisher\":{\"@id\":\"https:\/\/cloakmyads.com\/#organization\"},\"potentialAction\":[{\"@type\":\"SearchAction\",\"target\":{\"@type\":\"EntryPoint\",\"urlTemplate\":\"https:\/\/cloakmyads.com\/?s={search_term_string}\"},\"query-input\":{\"@type\":\"PropertyValueSpecification\",\"valueRequired\":true,\"valueName\":\"search_term_string\"}}],\"inLanguage\":\"cs\"},{\"@type\":\"Organization\",\"@id\":\"https:\/\/cloakmyads.com\/#organization\",\"name\":\"Buy Google Ads Accounts\",\"url\":\"https:\/\/cloakmyads.com\/\",\"logo\":{\"@type\":\"ImageObject\",\"inLanguage\":\"cs\",\"@id\":\"https:\/\/cloakmyads.com\/#\/schema\/logo\/image\/\",\"url\":\"https:\/\/cloakmyads.com\/wp-content\/uploads\/2025\/11\/fav-cloak.jpg\",\"contentUrl\":\"https:\/\/cloakmyads.com\/wp-content\/uploads\/2025\/11\/fav-cloak.jpg\",\"width\":512,\"height\":512,\"caption\":\"Buy Google Ads Accounts\"},\"image\":{\"@id\":\"https:\/\/cloakmyads.com\/#\/schema\/logo\/image\/\"}}]}<\/script>\n<!-- \/ Yoast SEO Premium plugin. -->","yoast_head_json":{"title":"Koupit X Ads Cloaking Accounts - Koupit pro Crypto &amp; Forex Ads","description":"Kupte si maskovac\u00ed \u00fa\u010dty X Ads a provozujte vysoce rizikov\u00e9 kampan\u011b, jako jsou krypto, forex a s\u00e1zen\u00ed. Skr\u00fdv\u00e1n\u00ed reklam, abyste pro\u0161li recenzemi a udr\u017eeli kampan\u011b v provozu.","robots":{"index":"index","follow":"follow","max-snippet":"max-snippet:-1","max-image-preview":"max-image-preview:large","max-video-preview":"max-video-preview:-1"},"canonical":"https:\/\/cloakmyads.com\/cs\/koupit\/x-reklamy-maskovaci-ucty-twitter\/","og_locale":"cs_CZ","og_type":"article","og_title":"X Ads Cloaking Accounts","og_description":"Buy X Ads Cloaking Accounts to run high-risk campaigns like crypto, forex and betting. Cloak ads to pass reviews and keep campaigns live.","og_url":"https:\/\/cloakmyads.com\/cs\/koupit\/x-reklamy-maskovaci-ucty-twitter\/","og_site_name":"CloakMyAds","article_modified_time":"2025-10-03T15:16:53+00:00","og_image":[{"width":940,"height":640,"url":"https:\/\/cloakmyads.com\/wp-content\/uploads\/2025\/09\/x-ads-cloaking-accounts.png","type":"image\/png"}],"twitter_card":"summary_large_image","twitter_misc":{"Odhadovan\u00e1 doba \u010dten\u00ed":"1 minuta"},"schema":{"@context":"https:\/\/schema.org","@graph":[{"@type":"WebPage","@id":"https:\/\/cloakmyads.com\/buy\/x-ads-cloaking-accounts-twitter\/","url":"https:\/\/cloakmyads.com\/buy\/x-ads-cloaking-accounts-twitter\/","name":"Koupit X Ads Cloaking Accounts - Koupit pro Crypto &amp; Forex Ads","isPartOf":{"@id":"https:\/\/cloakmyads.com\/#website"},"primaryImageOfPage":{"@id":"https:\/\/cloakmyads.com\/buy\/x-ads-cloaking-accounts-twitter\/#primaryimage"},"image":{"@id":"https:\/\/cloakmyads.com\/buy\/x-ads-cloaking-accounts-twitter\/#primaryimage"},"thumbnailUrl":"https:\/\/cloakmyads.com\/wp-content\/uploads\/2025\/09\/x-ads-cloaking-accounts.png","datePublished":"2025-09-19T15:14:41+00:00","dateModified":"2025-10-03T15:16:53+00:00","description":"Kupte si maskovac\u00ed \u00fa\u010dty X Ads a provozujte vysoce rizikov\u00e9 kampan\u011b, jako jsou krypto, forex a s\u00e1zen\u00ed. Skr\u00fdv\u00e1n\u00ed reklam, abyste pro\u0161li recenzemi a udr\u017eeli kampan\u011b v provozu.","breadcrumb":{"@id":"https:\/\/cloakmyads.com\/buy\/x-ads-cloaking-accounts-twitter\/#breadcrumb"},"inLanguage":"cs","potentialAction":[{"@type":"ReadAction","target":["https:\/\/cloakmyads.com\/buy\/x-ads-cloaking-accounts-twitter\/"]}]},{"@type":"ImageObject","inLanguage":"cs","@id":"https:\/\/cloakmyads.com\/buy\/x-ads-cloaking-accounts-twitter\/#primaryimage","url":"https:\/\/cloakmyads.com\/wp-content\/uploads\/2025\/09\/x-ads-cloaking-accounts.png","contentUrl":"https:\/\/cloakmyads.com\/wp-content\/uploads\/2025\/09\/x-ads-cloaking-accounts.png","width":940,"height":640,"caption":"X ads Accounts cloaking"},{"@type":"BreadcrumbList","@id":"https:\/\/cloakmyads.com\/buy\/x-ads-cloaking-accounts-twitter\/#breadcrumb","itemListElement":[{"@type":"ListItem","position":1,"name":"Home","item":"https:\/\/cloakmyads.com\/"},{"@type":"ListItem","position":2,"name":"Shop","item":"https:\/\/cloakmyads.com\/ar\/%d9%85%d8%aa%d8%ac%d8%b1\/"},{"@type":"ListItem","position":3,"name":"X Ads Cloaking Accounts"}]},{"@type":"WebSite","@id":"https:\/\/cloakmyads.com\/#website","url":"https:\/\/cloakmyads.com\/","name":"CloakMyAds","description":"","publisher":{"@id":"https:\/\/cloakmyads.com\/#organization"},"potentialAction":[{"@type":"SearchAction","target":{"@type":"EntryPoint","urlTemplate":"https:\/\/cloakmyads.com\/?s={search_term_string}"},"query-input":{"@type":"PropertyValueSpecification","valueRequired":true,"valueName":"search_term_string"}}],"inLanguage":"cs"},{"@type":"Organization","@id":"https:\/\/cloakmyads.com\/#organization","name":"Koupit \u00fa\u010dty Google Ads","url":"https:\/\/cloakmyads.com\/","logo":{"@type":"ImageObject","inLanguage":"cs","@id":"https:\/\/cloakmyads.com\/#\/schema\/logo\/image\/","url":"https:\/\/cloakmyads.com\/wp-content\/uploads\/2025\/11\/fav-cloak.jpg","contentUrl":"https:\/\/cloakmyads.com\/wp-content\/uploads\/2025\/11\/fav-cloak.jpg","width":512,"height":512,"caption":"Buy Google Ads Accounts"},"image":{"@id":"https:\/\/cloakmyads.com\/#\/schema\/logo\/image\/"}}]}},"_links":{"self":[{"href":"https:\/\/cloakmyads.com\/cs\/wp-json\/wp\/v2\/product\/9404","targetHints":{"allow":["GET"]}}],"collection":[{"href":"https:\/\/cloakmyads.com\/cs\/wp-json\/wp\/v2\/product"}],"about":[{"href":"https:\/\/cloakmyads.com\/cs\/wp-json\/wp\/v2\/types\/product"}],"version-history":[{"count":4,"href":"https:\/\/cloakmyads.com\/cs\/wp-json\/wp\/v2\/product\/9404\/revisions"}],"predecessor-version":[{"id":9743,"href":"https:\/\/cloakmyads.com\/cs\/wp-json\/wp\/v2\/product\/9404\/revisions\/9743"}],"wp:featuredmedia":[{"embeddable":true,"href":"https:\/\/cloakmyads.com\/cs\/wp-json\/wp\/v2\/media\/9406"}],"wp:attachment":[{"href":"https:\/\/cloakmyads.com\/cs\/wp-json\/wp\/v2\/media?parent=9404"}],"wp:term":[{"taxonomy":"product_brand","embeddable":true,"href":"https:\/\/cloakmyads.com\/cs\/wp-json\/wp\/v2\/product_brand?post=9404"},{"taxonomy":"product_cat","embeddable":true,"href":"https:\/\/cloakmyads.com\/cs\/wp-json\/wp\/v2\/product_cat?post=9404"},{"taxonomy":"product_tag","embeddable":true,"href":"https:\/\/cloakmyads.com\/cs\/wp-json\/wp\/v2\/product_tag?post=9404"}],"curies":[{"name":"wp","href":"https:\/\/api.w.org\/{rel}","templated":true}]}}