{"id":9400,"date":"2025-09-19T14:51:20","date_gmt":"2025-09-19T13:51:20","guid":{"rendered":"https:\/\/cloakmyads.com\/?post_type=product&#038;p=9400"},"modified":"2025-10-03T16:18:05","modified_gmt":"2025-10-03T15:18:05","slug":"koupit-linkedin-reklamy-maskovaci-ucty","status":"publish","type":"product","link":"https:\/\/cloakmyads.com\/cs\/koupit\/koupit-linkedin-reklamy-maskovaci-ucty\/","title":{"rendered":"Kryc\u00ed \u00fa\u010dty pro reklamy na Linkedin"},"content":{"rendered":"<p data-start=\"278\" data-end=\"679\">LinkedIn se stal platformou pro generov\u00e1n\u00ed potenci\u00e1ln\u00edch z\u00e1kazn\u00edk\u016f pro B2B, finan\u010dn\u00ed nab\u00eddky, n\u00e1stroje SaaS a slu\u017eby s vysok\u00fdm obratem. Jej\u00ed syst\u00e9m kontroly reklam je v\u0161ak notoricky zn\u00e1m\u00fd svou p\u0159\u00edsnost\u00ed - odm\u00edt\u00e1 nevyhovuj\u00edc\u00ed reklamy, omezuje dosah nebo deaktivuje \u00fa\u010dty po jedin\u00e9m ozna\u010den\u00ed. To je d\u016fvod, pro\u010d seri\u00f3zn\u00ed n\u00e1kup\u010d\u00ed m\u00e9di\u00ed a agentury vol\u00ed tzv. <strong data-start=\"588\" data-end=\"617\">koupit \u00fa\u010dty LinkedIn Ads<\/strong> kter\u00e9 jsou star\u0161\u00ed, stabiln\u00ed a navr\u017een\u00e9 pro hlad\u0161\u00ed schvalov\u00e1n\u00ed.<\/p>\n<p data-start=\"681\" data-end=\"968\">Kdy\u017e spust\u00edte kampan\u011b s <strong data-start=\"709\" data-end=\"743\">ov\u011b\u0159en\u00e9 \u00fa\u010dty LinkedIn Ads<\/strong>, p\u0159esko\u010d\u00edte nekone\u010dn\u00e9 ov\u011b\u0159ovac\u00ed smy\u010dky a n\u00e1hl\u00e9 zadr\u017een\u00ed \u00fa\u010dtu, kter\u00e9 ni\u010d\u00ed \u0161k\u00e1lov\u00e1n\u00ed. Tyto \u00fa\u010dty jsou v\u00e1z\u00e1ny na skute\u010dn\u00e9 podnikatelsk\u00e9 subjekty v USA a Velk\u00e9 Brit\u00e1nii, jsou ve v\u011bku 2022-2024 let a jsou p\u0159ipraveny k okam\u017eit\u00e9mu spu\u0161t\u011bn\u00ed kampan\u011b.<\/p>\n<p data-start=\"970\" data-end=\"1290\">Ve spojen\u00ed s pokro\u010dil\u00fdm maskov\u00e1n\u00edm m\u016f\u017eete provozovat agresivn\u00ed vertik\u00e1ln\u00ed akce, jako je nap\u0159\u00edklad <strong data-start=\"1039\" data-end=\"1095\">kryptografie, finance, zdravotnictv\u00ed, SaaS nebo affiliate lead-gen.<\/strong> bez toho, aby v\u00e1s recenzenti LinkedIn okam\u017eit\u011b vypnuli. Bezpe\u010dn\u00e9 str\u00e1nky se zobrazuj\u00ed moder\u00e1tor\u016fm, zat\u00edmco va\u0161e skute\u010dn\u00e9 vstupn\u00ed str\u00e1nky se dostanou ke skute\u010dn\u00fdm obchodn\u00edm z\u00e1jemc\u016fm - va\u0161e kampan\u011b tak budou d\u00e9le \u017eiv\u00e9.<\/p>\n<p data-start=\"1292\" data-end=\"1511\">Pokud to s dominanc\u00ed na LinkedIn mysl\u00edte v\u00e1\u017en\u011b, kl\u00ed\u010d je jednoduch\u00fd: <strong data-start=\"1364\" data-end=\"1393\">koupit \u00fa\u010dty LinkedIn Ads<\/strong> kter\u00e9 jsou ov\u011b\u0159en\u00e9, zest\u00e1rl\u00e9 a p\u0159ipraven\u00e9 k maskov\u00e1n\u00ed. Jedin\u011b tak se d\u00e1 \u0161k\u00e1lovat bez neust\u00e1l\u00fdch z\u00e1kaz\u016f a zbyte\u010dn\u00fdch v\u00fddaj\u016f na reklamu.<\/p>","protected":false},"excerpt":{"rendered":"<p>Ov\u011b\u0159en\u00e9 \u00fa\u010dty LinkedIn Ads vybaven\u00e9 pokro\u010dil\u00fdm maskov\u00e1n\u00edm - ide\u00e1ln\u00ed pro agresivn\u00ed kampan\u011b v oblasti B2B, kryptom\u011bn nebo fintech.<\/p>","protected":false},"featured_media":9401,"template":"","meta":{"_acf_changed":false},"product_brand":[],"product_cat":[65],"product_tag":[],"class_list":{"0":"post-9400","1":"product","2":"type-product","3":"status-publish","4":"has-post-thumbnail","6":"product_cat-accounts","8":"first","9":"instock","10":"purchasable","11":"product-type-simple"},"acf":[],"yoast_head":"<!-- This site is optimized with the Yoast SEO Premium plugin v26.6 (Yoast SEO v26.7) - https:\/\/yoast.com\/wordpress\/plugins\/seo\/ -->\n<title>Buy LinkedIn Ads Cloaking Accounts \u2013 Crypto &amp; Finance Ads<\/title>\n<meta name=\"description\" content=\"Buy LinkedIn Ads Cloaking Accounts to launch crypto, forex, and finance ads. Reliable cloaking accounts to keep LinkedIn campaigns running.\" \/>\n<meta name=\"robots\" content=\"index, follow, max-snippet:-1, max-image-preview:large, max-video-preview:-1\" \/>\n<link rel=\"canonical\" href=\"https:\/\/cloakmyads.com\/cs\/koupit\/koupit-linkedin-reklamy-maskovaci-ucty\/\" \/>\n<meta property=\"og:locale\" content=\"cs_CZ\" \/>\n<meta property=\"og:type\" content=\"article\" \/>\n<meta property=\"og:title\" content=\"Linkedin Ads Cloaking Accounts\" \/>\n<meta property=\"og:description\" content=\"Buy LinkedIn Ads Cloaking Accounts to launch crypto, forex, and finance ads. Reliable cloaking accounts to keep LinkedIn campaigns running.\" \/>\n<meta property=\"og:url\" content=\"https:\/\/cloakmyads.com\/cs\/koupit\/koupit-linkedin-reklamy-maskovaci-ucty\/\" \/>\n<meta property=\"og:site_name\" content=\"CloakMyAds\" \/>\n<meta property=\"article:modified_time\" content=\"2025-10-03T15:18:05+00:00\" \/>\n<meta property=\"og:image\" content=\"https:\/\/cloakmyads.com\/wp-content\/uploads\/2025\/09\/linkedin-ads-accounts-cloaking.jpg\" \/>\n\t<meta property=\"og:image:width\" content=\"940\" \/>\n\t<meta property=\"og:image:height\" content=\"640\" \/>\n\t<meta property=\"og:image:type\" content=\"image\/jpeg\" \/>\n<meta name=\"twitter:card\" content=\"summary_large_image\" \/>\n<meta name=\"twitter:label1\" content=\"Odhadovan\u00e1 doba \u010dten\u00ed\" \/>\n\t<meta name=\"twitter:data1\" content=\"1 minuta\" \/>\n<script type=\"application\/ld+json\" class=\"yoast-schema-graph\">{\"@context\":\"https:\/\/schema.org\",\"@graph\":[{\"@type\":\"WebPage\",\"@id\":\"https:\/\/cloakmyads.com\/buy\/buy-linkedin-ads-cloaking-accounts\/\",\"url\":\"https:\/\/cloakmyads.com\/buy\/buy-linkedin-ads-cloaking-accounts\/\",\"name\":\"Buy LinkedIn Ads Cloaking Accounts \u2013 Crypto & Finance Ads\",\"isPartOf\":{\"@id\":\"https:\/\/cloakmyads.com\/#website\"},\"primaryImageOfPage\":{\"@id\":\"https:\/\/cloakmyads.com\/buy\/buy-linkedin-ads-cloaking-accounts\/#primaryimage\"},\"image\":{\"@id\":\"https:\/\/cloakmyads.com\/buy\/buy-linkedin-ads-cloaking-accounts\/#primaryimage\"},\"thumbnailUrl\":\"https:\/\/cloakmyads.com\/wp-content\/uploads\/2025\/09\/linkedin-ads-accounts-cloaking.jpg\",\"datePublished\":\"2025-09-19T13:51:20+00:00\",\"dateModified\":\"2025-10-03T15:18:05+00:00\",\"description\":\"Buy LinkedIn Ads Cloaking Accounts to launch crypto, forex, and finance ads. Reliable cloaking accounts to keep LinkedIn campaigns running.\",\"breadcrumb\":{\"@id\":\"https:\/\/cloakmyads.com\/buy\/buy-linkedin-ads-cloaking-accounts\/#breadcrumb\"},\"inLanguage\":\"cs\",\"potentialAction\":[{\"@type\":\"ReadAction\",\"target\":[\"https:\/\/cloakmyads.com\/buy\/buy-linkedin-ads-cloaking-accounts\/\"]}]},{\"@type\":\"ImageObject\",\"inLanguage\":\"cs\",\"@id\":\"https:\/\/cloakmyads.com\/buy\/buy-linkedin-ads-cloaking-accounts\/#primaryimage\",\"url\":\"https:\/\/cloakmyads.com\/wp-content\/uploads\/2025\/09\/linkedin-ads-accounts-cloaking.jpg\",\"contentUrl\":\"https:\/\/cloakmyads.com\/wp-content\/uploads\/2025\/09\/linkedin-ads-accounts-cloaking.jpg\",\"width\":940,\"height\":640},{\"@type\":\"BreadcrumbList\",\"@id\":\"https:\/\/cloakmyads.com\/buy\/buy-linkedin-ads-cloaking-accounts\/#breadcrumb\",\"itemListElement\":[{\"@type\":\"ListItem\",\"position\":1,\"name\":\"Home\",\"item\":\"https:\/\/cloakmyads.com\/\"},{\"@type\":\"ListItem\",\"position\":2,\"name\":\"Shop\",\"item\":\"https:\/\/cloakmyads.com\/ar\/%d9%85%d8%aa%d8%ac%d8%b1\/\"},{\"@type\":\"ListItem\",\"position\":3,\"name\":\"Linkedin Ads Cloaking Accounts\"}]},{\"@type\":\"WebSite\",\"@id\":\"https:\/\/cloakmyads.com\/#website\",\"url\":\"https:\/\/cloakmyads.com\/\",\"name\":\"CloakMyAds\",\"description\":\"\",\"publisher\":{\"@id\":\"https:\/\/cloakmyads.com\/#organization\"},\"potentialAction\":[{\"@type\":\"SearchAction\",\"target\":{\"@type\":\"EntryPoint\",\"urlTemplate\":\"https:\/\/cloakmyads.com\/?s={search_term_string}\"},\"query-input\":{\"@type\":\"PropertyValueSpecification\",\"valueRequired\":true,\"valueName\":\"search_term_string\"}}],\"inLanguage\":\"cs\"},{\"@type\":\"Organization\",\"@id\":\"https:\/\/cloakmyads.com\/#organization\",\"name\":\"Buy Google Ads Accounts\",\"url\":\"https:\/\/cloakmyads.com\/\",\"logo\":{\"@type\":\"ImageObject\",\"inLanguage\":\"cs\",\"@id\":\"https:\/\/cloakmyads.com\/#\/schema\/logo\/image\/\",\"url\":\"https:\/\/cloakmyads.com\/wp-content\/uploads\/2025\/11\/fav-cloak.jpg\",\"contentUrl\":\"https:\/\/cloakmyads.com\/wp-content\/uploads\/2025\/11\/fav-cloak.jpg\",\"width\":512,\"height\":512,\"caption\":\"Buy Google Ads Accounts\"},\"image\":{\"@id\":\"https:\/\/cloakmyads.com\/#\/schema\/logo\/image\/\"}}]}<\/script>\n<!-- \/ Yoast SEO Premium plugin. -->","yoast_head_json":{"title":"Koupit LinkedIn Ads Cloaking Accounts - Crypto &amp; Finance Ads","description":"Kupte si maskovac\u00ed \u00fa\u010dty pro reklamy na LinkedIn a spus\u0165te reklamy na kryptom\u011bny, forex a finance. Spolehliv\u00e9 maskovac\u00ed \u00fa\u010dty pro udr\u017een\u00ed kampan\u00ed na LinkedIn v chodu.","robots":{"index":"index","follow":"follow","max-snippet":"max-snippet:-1","max-image-preview":"max-image-preview:large","max-video-preview":"max-video-preview:-1"},"canonical":"https:\/\/cloakmyads.com\/cs\/koupit\/koupit-linkedin-reklamy-maskovaci-ucty\/","og_locale":"cs_CZ","og_type":"article","og_title":"Linkedin Ads Cloaking Accounts","og_description":"Buy LinkedIn Ads Cloaking Accounts to launch crypto, forex, and finance ads. Reliable cloaking accounts to keep LinkedIn campaigns running.","og_url":"https:\/\/cloakmyads.com\/cs\/koupit\/koupit-linkedin-reklamy-maskovaci-ucty\/","og_site_name":"CloakMyAds","article_modified_time":"2025-10-03T15:18:05+00:00","og_image":[{"width":940,"height":640,"url":"https:\/\/cloakmyads.com\/wp-content\/uploads\/2025\/09\/linkedin-ads-accounts-cloaking.jpg","type":"image\/jpeg"}],"twitter_card":"summary_large_image","twitter_misc":{"Odhadovan\u00e1 doba \u010dten\u00ed":"1 minuta"},"schema":{"@context":"https:\/\/schema.org","@graph":[{"@type":"WebPage","@id":"https:\/\/cloakmyads.com\/buy\/buy-linkedin-ads-cloaking-accounts\/","url":"https:\/\/cloakmyads.com\/buy\/buy-linkedin-ads-cloaking-accounts\/","name":"Koupit LinkedIn Ads Cloaking Accounts - Crypto &amp; Finance Ads","isPartOf":{"@id":"https:\/\/cloakmyads.com\/#website"},"primaryImageOfPage":{"@id":"https:\/\/cloakmyads.com\/buy\/buy-linkedin-ads-cloaking-accounts\/#primaryimage"},"image":{"@id":"https:\/\/cloakmyads.com\/buy\/buy-linkedin-ads-cloaking-accounts\/#primaryimage"},"thumbnailUrl":"https:\/\/cloakmyads.com\/wp-content\/uploads\/2025\/09\/linkedin-ads-accounts-cloaking.jpg","datePublished":"2025-09-19T13:51:20+00:00","dateModified":"2025-10-03T15:18:05+00:00","description":"Kupte si maskovac\u00ed \u00fa\u010dty pro reklamy na LinkedIn a spus\u0165te reklamy na kryptom\u011bny, forex a finance. Spolehliv\u00e9 maskovac\u00ed \u00fa\u010dty pro udr\u017een\u00ed kampan\u00ed na LinkedIn v chodu.","breadcrumb":{"@id":"https:\/\/cloakmyads.com\/buy\/buy-linkedin-ads-cloaking-accounts\/#breadcrumb"},"inLanguage":"cs","potentialAction":[{"@type":"ReadAction","target":["https:\/\/cloakmyads.com\/buy\/buy-linkedin-ads-cloaking-accounts\/"]}]},{"@type":"ImageObject","inLanguage":"cs","@id":"https:\/\/cloakmyads.com\/buy\/buy-linkedin-ads-cloaking-accounts\/#primaryimage","url":"https:\/\/cloakmyads.com\/wp-content\/uploads\/2025\/09\/linkedin-ads-accounts-cloaking.jpg","contentUrl":"https:\/\/cloakmyads.com\/wp-content\/uploads\/2025\/09\/linkedin-ads-accounts-cloaking.jpg","width":940,"height":640},{"@type":"BreadcrumbList","@id":"https:\/\/cloakmyads.com\/buy\/buy-linkedin-ads-cloaking-accounts\/#breadcrumb","itemListElement":[{"@type":"ListItem","position":1,"name":"Home","item":"https:\/\/cloakmyads.com\/"},{"@type":"ListItem","position":2,"name":"Shop","item":"https:\/\/cloakmyads.com\/ar\/%d9%85%d8%aa%d8%ac%d8%b1\/"},{"@type":"ListItem","position":3,"name":"Linkedin Ads Cloaking Accounts"}]},{"@type":"WebSite","@id":"https:\/\/cloakmyads.com\/#website","url":"https:\/\/cloakmyads.com\/","name":"CloakMyAds","description":"","publisher":{"@id":"https:\/\/cloakmyads.com\/#organization"},"potentialAction":[{"@type":"SearchAction","target":{"@type":"EntryPoint","urlTemplate":"https:\/\/cloakmyads.com\/?s={search_term_string}"},"query-input":{"@type":"PropertyValueSpecification","valueRequired":true,"valueName":"search_term_string"}}],"inLanguage":"cs"},{"@type":"Organization","@id":"https:\/\/cloakmyads.com\/#organization","name":"Koupit \u00fa\u010dty Google Ads","url":"https:\/\/cloakmyads.com\/","logo":{"@type":"ImageObject","inLanguage":"cs","@id":"https:\/\/cloakmyads.com\/#\/schema\/logo\/image\/","url":"https:\/\/cloakmyads.com\/wp-content\/uploads\/2025\/11\/fav-cloak.jpg","contentUrl":"https:\/\/cloakmyads.com\/wp-content\/uploads\/2025\/11\/fav-cloak.jpg","width":512,"height":512,"caption":"Buy Google Ads Accounts"},"image":{"@id":"https:\/\/cloakmyads.com\/#\/schema\/logo\/image\/"}}]}},"_links":{"self":[{"href":"https:\/\/cloakmyads.com\/cs\/wp-json\/wp\/v2\/product\/9400","targetHints":{"allow":["GET"]}}],"collection":[{"href":"https:\/\/cloakmyads.com\/cs\/wp-json\/wp\/v2\/product"}],"about":[{"href":"https:\/\/cloakmyads.com\/cs\/wp-json\/wp\/v2\/types\/product"}],"version-history":[{"count":3,"href":"https:\/\/cloakmyads.com\/cs\/wp-json\/wp\/v2\/product\/9400\/revisions"}],"predecessor-version":[{"id":9737,"href":"https:\/\/cloakmyads.com\/cs\/wp-json\/wp\/v2\/product\/9400\/revisions\/9737"}],"wp:featuredmedia":[{"embeddable":true,"href":"https:\/\/cloakmyads.com\/cs\/wp-json\/wp\/v2\/media\/9401"}],"wp:attachment":[{"href":"https:\/\/cloakmyads.com\/cs\/wp-json\/wp\/v2\/media?parent=9400"}],"wp:term":[{"taxonomy":"product_brand","embeddable":true,"href":"https:\/\/cloakmyads.com\/cs\/wp-json\/wp\/v2\/product_brand?post=9400"},{"taxonomy":"product_cat","embeddable":true,"href":"https:\/\/cloakmyads.com\/cs\/wp-json\/wp\/v2\/product_cat?post=9400"},{"taxonomy":"product_tag","embeddable":true,"href":"https:\/\/cloakmyads.com\/cs\/wp-json\/wp\/v2\/product_tag?post=9400"}],"curies":[{"name":"wp","href":"https:\/\/api.w.org\/{rel}","templated":true}]}}