{"id":9396,"date":"2025-09-19T14:44:19","date_gmt":"2025-09-19T13:44:19","guid":{"rendered":"https:\/\/cloakmyads.com\/?post_type=product&#038;p=9396"},"modified":"2025-10-03T16:19:15","modified_gmt":"2025-10-03T15:19:15","slug":"tiktok-reklamy-maskovaci-ucty","status":"publish","type":"product","link":"https:\/\/cloakmyads.com\/cs\/koupit\/tiktok-reklamy-maskovaci-ucty\/","title":{"rendered":"Maskovac\u00ed \u00fa\u010dty TikTok Ads"},"content":{"rendered":"<p data-start=\"371\" data-end=\"692\">TikTok se stal velk\u00fdm zdrojem n\u00e1v\u0161t\u011bvnosti, ale jeho syst\u00e9m hodnocen\u00ed je krut\u00fd - nov\u00e9 \u00fa\u010dty jsou okam\u017eit\u011b ozna\u010deny, reklamy se p\u0159i hodnocen\u00ed zdr\u017euj\u00ed a rizikov\u00e9 nab\u00eddky m\u00e1lokdy vydr\u017e\u00ed d\u00e9le ne\u017e n\u011bkolik hodin. Proto se chytr\u00e9 partnersk\u00e9 spole\u010dnosti a agentury rozhoduj\u00ed pro <strong data-start=\"613\" data-end=\"640\">koupit \u00fa\u010dty TikTok Ads<\/strong> kter\u00e9 jsou ov\u011b\u0159en\u00e9, zest\u00e1rl\u00e9 a stabiln\u00ed.<\/p>\n<p data-start=\"694\" data-end=\"965\">Kdy\u017e pou\u017e\u00edv\u00e1te <strong data-start=\"707\" data-end=\"739\">ov\u011b\u0159en\u00e9 \u00fa\u010dty TikTok Ads<\/strong>, nemus\u00edte se pot\u00fdkat s n\u00e1hodn\u00fdm vyp\u00edn\u00e1n\u00edm nebo nekone\u010dn\u00fdmi smy\u010dkami reviz\u00ed. Tyto \u00fa\u010dty jsou sv\u00e1z\u00e1ny se skute\u010dn\u00fdmi firemn\u00edmi profily, jsou p\u0159edem zkontrolov\u00e1ny z hlediska \u010dist\u00e9 historie a p\u0159ipraveny k propojen\u00ed s fakturac\u00ed, tak\u017ee m\u016f\u017eete okam\u017eit\u011b spustit kampan\u011b.<\/p>\n<p data-start=\"967\" data-end=\"1300\">Kdy\u017e je spoj\u00edte s pokro\u010dil\u00fdm maskov\u00e1n\u00edm, odemknete pln\u00fd potenci\u00e1l n\u00e1v\u0161t\u011bvnosti TikToku - filtrov\u00e1n\u00ed recenzent\u016f, zobrazov\u00e1n\u00ed bezpe\u010dn\u00fdch str\u00e1nek moder\u00e1tor\u016fm a p\u0159esm\u011brov\u00e1n\u00ed skute\u010dn\u00fdch u\u017eivatel\u016f na va\u0161e skute\u010dn\u00e9 nab\u00eddky. A\u0165 u\u017e provozujete <strong data-start=\"1189\" data-end=\"1239\">krypto, nutra, loterie, datov\u00e1n\u00ed nebo finance<\/strong>, tyto \u00fa\u010dty jsou z\u00e1kladem, kter\u00fd udr\u017euje va\u0161e reklamy v provozu.<\/p>\n<p data-start=\"1302\" data-end=\"1504\">Pokud pot\u0159ebujete del\u0161\u00ed \u017eivotnost kampan\u011b, vy\u0161\u0161\u00ed m\u00edru schv\u00e1len\u00ed a m\u00e9n\u011b spou\u0161t\u011b\u010d\u016f reviz\u00ed, \u0159e\u0161en\u00ed je jednoduch\u00e9: <strong data-start=\"1415\" data-end=\"1442\">koupit \u00fa\u010dty TikTok Ads<\/strong> kter\u00e9 jsou otestovan\u00e9, stabiln\u00ed a optimalizovan\u00e9 pro v\u00e1\u017en\u00e9 \u0161k\u00e1lov\u00e1n\u00ed.<\/p>","protected":false},"excerpt":{"rendered":"<p>\u00da\u010dty TikTok Ads s p\u0159edinstalovan\u00fdm pokro\u010dil\u00fdm maskov\u00e1n\u00edm - ide\u00e1ln\u00ed pro kryptografick\u00e9, n\u00e1kupn\u00ed, hazardn\u00ed a nekompatibiln\u00ed vertik\u00e1ln\u00ed slu\u017eby.<\/p>","protected":false},"featured_media":9397,"template":"","meta":{"_acf_changed":false},"product_brand":[],"product_cat":[65],"product_tag":[],"class_list":{"0":"post-9396","1":"product","2":"type-product","3":"status-publish","4":"has-post-thumbnail","6":"product_cat-accounts","8":"first","9":"instock","10":"purchasable","11":"product-type-simple"},"acf":[],"yoast_head":"<!-- This site is optimized with the Yoast SEO Premium plugin v26.6 (Yoast SEO v26.7) - https:\/\/yoast.com\/wordpress\/plugins\/seo\/ -->\n<title>Buy TikTok Ads Cloaking Accounts \u2013 Crypto &amp; Forex Safe<\/title>\n<meta name=\"description\" content=\"uy TikTok Ads Cloaking Accounts for crypto, forex, gambling, and betting campaigns. Reliable cloaking accounts to scale TikTok ads safely.\" \/>\n<meta name=\"robots\" content=\"index, follow, max-snippet:-1, max-image-preview:large, max-video-preview:-1\" \/>\n<link rel=\"canonical\" href=\"https:\/\/cloakmyads.com\/cs\/koupit\/tiktok-reklamy-maskovaci-ucty\/\" \/>\n<meta property=\"og:locale\" content=\"cs_CZ\" \/>\n<meta property=\"og:type\" content=\"article\" \/>\n<meta property=\"og:title\" content=\"TikTok Ads Cloaking Accounts\" \/>\n<meta property=\"og:description\" content=\"uy TikTok Ads Cloaking Accounts for crypto, forex, gambling, and betting campaigns. Reliable cloaking accounts to scale TikTok ads safely.\" \/>\n<meta property=\"og:url\" content=\"https:\/\/cloakmyads.com\/cs\/koupit\/tiktok-reklamy-maskovaci-ucty\/\" \/>\n<meta property=\"og:site_name\" content=\"CloakMyAds\" \/>\n<meta property=\"article:modified_time\" content=\"2025-10-03T15:19:15+00:00\" \/>\n<meta property=\"og:image\" content=\"https:\/\/cloakmyads.com\/wp-content\/uploads\/2025\/09\/tiktok-ads-accounts-cloaking.png\" \/>\n\t<meta property=\"og:image:width\" content=\"940\" \/>\n\t<meta property=\"og:image:height\" content=\"640\" \/>\n\t<meta property=\"og:image:type\" content=\"image\/png\" \/>\n<meta name=\"twitter:card\" content=\"summary_large_image\" \/>\n<meta name=\"twitter:label1\" content=\"Odhadovan\u00e1 doba \u010dten\u00ed\" \/>\n\t<meta name=\"twitter:data1\" content=\"1 minuta\" \/>\n<script type=\"application\/ld+json\" class=\"yoast-schema-graph\">{\"@context\":\"https:\/\/schema.org\",\"@graph\":[{\"@type\":\"WebPage\",\"@id\":\"https:\/\/cloakmyads.com\/buy\/tiktok-ads-cloaking-accounts\/\",\"url\":\"https:\/\/cloakmyads.com\/buy\/tiktok-ads-cloaking-accounts\/\",\"name\":\"Buy TikTok Ads Cloaking Accounts \u2013 Crypto & Forex Safe\",\"isPartOf\":{\"@id\":\"https:\/\/cloakmyads.com\/#website\"},\"primaryImageOfPage\":{\"@id\":\"https:\/\/cloakmyads.com\/buy\/tiktok-ads-cloaking-accounts\/#primaryimage\"},\"image\":{\"@id\":\"https:\/\/cloakmyads.com\/buy\/tiktok-ads-cloaking-accounts\/#primaryimage\"},\"thumbnailUrl\":\"https:\/\/cloakmyads.com\/wp-content\/uploads\/2025\/09\/tiktok-ads-accounts-cloaking.png\",\"datePublished\":\"2025-09-19T13:44:19+00:00\",\"dateModified\":\"2025-10-03T15:19:15+00:00\",\"description\":\"uy TikTok Ads Cloaking Accounts for crypto, forex, gambling, and betting campaigns. Reliable cloaking accounts to scale TikTok ads safely.\",\"breadcrumb\":{\"@id\":\"https:\/\/cloakmyads.com\/buy\/tiktok-ads-cloaking-accounts\/#breadcrumb\"},\"inLanguage\":\"cs\",\"potentialAction\":[{\"@type\":\"ReadAction\",\"target\":[\"https:\/\/cloakmyads.com\/buy\/tiktok-ads-cloaking-accounts\/\"]}]},{\"@type\":\"ImageObject\",\"inLanguage\":\"cs\",\"@id\":\"https:\/\/cloakmyads.com\/buy\/tiktok-ads-cloaking-accounts\/#primaryimage\",\"url\":\"https:\/\/cloakmyads.com\/wp-content\/uploads\/2025\/09\/tiktok-ads-accounts-cloaking.png\",\"contentUrl\":\"https:\/\/cloakmyads.com\/wp-content\/uploads\/2025\/09\/tiktok-ads-accounts-cloaking.png\",\"width\":940,\"height\":640,\"caption\":\"TikTok Ads Accounts Cloaking\"},{\"@type\":\"BreadcrumbList\",\"@id\":\"https:\/\/cloakmyads.com\/buy\/tiktok-ads-cloaking-accounts\/#breadcrumb\",\"itemListElement\":[{\"@type\":\"ListItem\",\"position\":1,\"name\":\"Home\",\"item\":\"https:\/\/cloakmyads.com\/\"},{\"@type\":\"ListItem\",\"position\":2,\"name\":\"Shop\",\"item\":\"https:\/\/cloakmyads.com\/ar\/%d9%85%d8%aa%d8%ac%d8%b1\/\"},{\"@type\":\"ListItem\",\"position\":3,\"name\":\"TikTok Ads Cloaking Accounts\"}]},{\"@type\":\"WebSite\",\"@id\":\"https:\/\/cloakmyads.com\/#website\",\"url\":\"https:\/\/cloakmyads.com\/\",\"name\":\"CloakMyAds\",\"description\":\"\",\"publisher\":{\"@id\":\"https:\/\/cloakmyads.com\/#organization\"},\"potentialAction\":[{\"@type\":\"SearchAction\",\"target\":{\"@type\":\"EntryPoint\",\"urlTemplate\":\"https:\/\/cloakmyads.com\/?s={search_term_string}\"},\"query-input\":{\"@type\":\"PropertyValueSpecification\",\"valueRequired\":true,\"valueName\":\"search_term_string\"}}],\"inLanguage\":\"cs\"},{\"@type\":\"Organization\",\"@id\":\"https:\/\/cloakmyads.com\/#organization\",\"name\":\"Buy Google Ads Accounts\",\"url\":\"https:\/\/cloakmyads.com\/\",\"logo\":{\"@type\":\"ImageObject\",\"inLanguage\":\"cs\",\"@id\":\"https:\/\/cloakmyads.com\/#\/schema\/logo\/image\/\",\"url\":\"https:\/\/cloakmyads.com\/wp-content\/uploads\/2025\/11\/fav-cloak.jpg\",\"contentUrl\":\"https:\/\/cloakmyads.com\/wp-content\/uploads\/2025\/11\/fav-cloak.jpg\",\"width\":512,\"height\":512,\"caption\":\"Buy Google Ads Accounts\"},\"image\":{\"@id\":\"https:\/\/cloakmyads.com\/#\/schema\/logo\/image\/\"}}]}<\/script>\n<!-- \/ Yoast SEO Premium plugin. -->","yoast_head_json":{"title":"Koupit TikTok Ads Cloaking Accounts - Crypto &amp; Forex Safe","description":"uy TikTok Ads Cloaking Accounts pro krypto, forex, hazardn\u00ed hry a s\u00e1zkov\u00e9 kampan\u011b. Spolehliv\u00e9 maskovac\u00ed \u00fa\u010dty pro bezpe\u010dn\u00e9 \u0161k\u00e1lov\u00e1n\u00ed reklam TikTok.","robots":{"index":"index","follow":"follow","max-snippet":"max-snippet:-1","max-image-preview":"max-image-preview:large","max-video-preview":"max-video-preview:-1"},"canonical":"https:\/\/cloakmyads.com\/cs\/koupit\/tiktok-reklamy-maskovaci-ucty\/","og_locale":"cs_CZ","og_type":"article","og_title":"TikTok Ads Cloaking Accounts","og_description":"uy TikTok Ads Cloaking Accounts for crypto, forex, gambling, and betting campaigns. Reliable cloaking accounts to scale TikTok ads safely.","og_url":"https:\/\/cloakmyads.com\/cs\/koupit\/tiktok-reklamy-maskovaci-ucty\/","og_site_name":"CloakMyAds","article_modified_time":"2025-10-03T15:19:15+00:00","og_image":[{"width":940,"height":640,"url":"https:\/\/cloakmyads.com\/wp-content\/uploads\/2025\/09\/tiktok-ads-accounts-cloaking.png","type":"image\/png"}],"twitter_card":"summary_large_image","twitter_misc":{"Odhadovan\u00e1 doba \u010dten\u00ed":"1 minuta"},"schema":{"@context":"https:\/\/schema.org","@graph":[{"@type":"WebPage","@id":"https:\/\/cloakmyads.com\/buy\/tiktok-ads-cloaking-accounts\/","url":"https:\/\/cloakmyads.com\/buy\/tiktok-ads-cloaking-accounts\/","name":"Koupit TikTok Ads Cloaking Accounts - Crypto &amp; Forex Safe","isPartOf":{"@id":"https:\/\/cloakmyads.com\/#website"},"primaryImageOfPage":{"@id":"https:\/\/cloakmyads.com\/buy\/tiktok-ads-cloaking-accounts\/#primaryimage"},"image":{"@id":"https:\/\/cloakmyads.com\/buy\/tiktok-ads-cloaking-accounts\/#primaryimage"},"thumbnailUrl":"https:\/\/cloakmyads.com\/wp-content\/uploads\/2025\/09\/tiktok-ads-accounts-cloaking.png","datePublished":"2025-09-19T13:44:19+00:00","dateModified":"2025-10-03T15:19:15+00:00","description":"uy TikTok Ads Cloaking Accounts pro krypto, forex, hazardn\u00ed hry a s\u00e1zkov\u00e9 kampan\u011b. Spolehliv\u00e9 maskovac\u00ed \u00fa\u010dty pro bezpe\u010dn\u00e9 \u0161k\u00e1lov\u00e1n\u00ed reklam TikTok.","breadcrumb":{"@id":"https:\/\/cloakmyads.com\/buy\/tiktok-ads-cloaking-accounts\/#breadcrumb"},"inLanguage":"cs","potentialAction":[{"@type":"ReadAction","target":["https:\/\/cloakmyads.com\/buy\/tiktok-ads-cloaking-accounts\/"]}]},{"@type":"ImageObject","inLanguage":"cs","@id":"https:\/\/cloakmyads.com\/buy\/tiktok-ads-cloaking-accounts\/#primaryimage","url":"https:\/\/cloakmyads.com\/wp-content\/uploads\/2025\/09\/tiktok-ads-accounts-cloaking.png","contentUrl":"https:\/\/cloakmyads.com\/wp-content\/uploads\/2025\/09\/tiktok-ads-accounts-cloaking.png","width":940,"height":640,"caption":"TikTok Ads Accounts Cloaking"},{"@type":"BreadcrumbList","@id":"https:\/\/cloakmyads.com\/buy\/tiktok-ads-cloaking-accounts\/#breadcrumb","itemListElement":[{"@type":"ListItem","position":1,"name":"Home","item":"https:\/\/cloakmyads.com\/"},{"@type":"ListItem","position":2,"name":"Shop","item":"https:\/\/cloakmyads.com\/ar\/%d9%85%d8%aa%d8%ac%d8%b1\/"},{"@type":"ListItem","position":3,"name":"TikTok Ads Cloaking Accounts"}]},{"@type":"WebSite","@id":"https:\/\/cloakmyads.com\/#website","url":"https:\/\/cloakmyads.com\/","name":"CloakMyAds","description":"","publisher":{"@id":"https:\/\/cloakmyads.com\/#organization"},"potentialAction":[{"@type":"SearchAction","target":{"@type":"EntryPoint","urlTemplate":"https:\/\/cloakmyads.com\/?s={search_term_string}"},"query-input":{"@type":"PropertyValueSpecification","valueRequired":true,"valueName":"search_term_string"}}],"inLanguage":"cs"},{"@type":"Organization","@id":"https:\/\/cloakmyads.com\/#organization","name":"Koupit \u00fa\u010dty Google Ads","url":"https:\/\/cloakmyads.com\/","logo":{"@type":"ImageObject","inLanguage":"cs","@id":"https:\/\/cloakmyads.com\/#\/schema\/logo\/image\/","url":"https:\/\/cloakmyads.com\/wp-content\/uploads\/2025\/11\/fav-cloak.jpg","contentUrl":"https:\/\/cloakmyads.com\/wp-content\/uploads\/2025\/11\/fav-cloak.jpg","width":512,"height":512,"caption":"Buy Google Ads Accounts"},"image":{"@id":"https:\/\/cloakmyads.com\/#\/schema\/logo\/image\/"}}]}},"_links":{"self":[{"href":"https:\/\/cloakmyads.com\/cs\/wp-json\/wp\/v2\/product\/9396","targetHints":{"allow":["GET"]}}],"collection":[{"href":"https:\/\/cloakmyads.com\/cs\/wp-json\/wp\/v2\/product"}],"about":[{"href":"https:\/\/cloakmyads.com\/cs\/wp-json\/wp\/v2\/types\/product"}],"version-history":[{"count":3,"href":"https:\/\/cloakmyads.com\/cs\/wp-json\/wp\/v2\/product\/9396\/revisions"}],"predecessor-version":[{"id":9735,"href":"https:\/\/cloakmyads.com\/cs\/wp-json\/wp\/v2\/product\/9396\/revisions\/9735"}],"wp:featuredmedia":[{"embeddable":true,"href":"https:\/\/cloakmyads.com\/cs\/wp-json\/wp\/v2\/media\/9397"}],"wp:attachment":[{"href":"https:\/\/cloakmyads.com\/cs\/wp-json\/wp\/v2\/media?parent=9396"}],"wp:term":[{"taxonomy":"product_brand","embeddable":true,"href":"https:\/\/cloakmyads.com\/cs\/wp-json\/wp\/v2\/product_brand?post=9396"},{"taxonomy":"product_cat","embeddable":true,"href":"https:\/\/cloakmyads.com\/cs\/wp-json\/wp\/v2\/product_cat?post=9396"},{"taxonomy":"product_tag","embeddable":true,"href":"https:\/\/cloakmyads.com\/cs\/wp-json\/wp\/v2\/product_tag?post=9396"}],"curies":[{"name":"wp","href":"https:\/\/api.w.org\/{rel}","templated":true}]}}