{"id":4939,"date":"2024-04-01T17:25:57","date_gmt":"2024-04-01T16:25:57","guid":{"rendered":"https:\/\/rentaccounts.net\/?post_type=product&#038;p=4939"},"modified":"2025-10-03T16:31:22","modified_gmt":"2025-10-03T15:31:22","slug":"koupit-apple-vyvojarske-ucty-maskovani","status":"publish","type":"product","link":"https:\/\/cloakmyads.com\/cs\/koupit\/koupit-apple-vyvojarske-ucty-maskovani\/","title":{"rendered":"Maskovac\u00ed \u00fa\u010dty v\u00fdvoj\u00e1\u0159\u016f Apple"},"content":{"rendered":"<p data-start=\"349\" data-end=\"789\">Publikov\u00e1n\u00ed v App Storu vy\u017eaduje ov\u011b\u0159en\u00fd v\u00fdvoj\u00e1\u0159sk\u00fd \u00fa\u010det - bez n\u011bj nelze odes\u00edlat aplikace, spou\u0161t\u011bt aktualizace ani spravovat v\u00fdpisy. Ov\u011b\u0159ovac\u00ed proces spole\u010dnosti Apple je p\u0159\u00edsn\u00fd a \u010dasov\u011b n\u00e1ro\u010dn\u00fd a \u010dasto blokuje p\u0159ihl\u00e1\u0161en\u00ed jednotlivc\u016f nebo firem bez \u0159\u00e1dn\u00fdch pov\u011b\u0159en\u00ed. Proto se seri\u00f3zn\u00ed vydavatel\u00e9 aplikac\u00ed, poskytovatel\u00e9 SaaS a partnersk\u00e9 s\u00edt\u011b rozhoduj\u00ed pro tzv. <strong data-start=\"711\" data-end=\"743\">koupit \u00fa\u010dty Apple pro v\u00fdvoj\u00e1\u0159e<\/strong> kter\u00e9 jsou ji\u017e ov\u011b\u0159en\u00e9 a p\u0159ipraven\u00e9 k pou\u017eit\u00ed.<\/p>\n<p data-start=\"791\" data-end=\"1166\">S <strong data-start=\"796\" data-end=\"833\">ov\u011b\u0159en\u00e9 \u00fa\u010dty v\u00fdvoj\u00e1\u0159\u016f Apple<\/strong>, vynech\u00e1te zpo\u017ed\u011bn\u00ed, nekone\u010dn\u00e9 \u017e\u00e1dosti o ov\u011b\u0159en\u00ed a n\u00e1hodn\u00e1 odm\u00edtnut\u00ed. Tyto \u00fa\u010dty jsou v\u00e1z\u00e1ny na podnikatelsk\u00e9 subjekty z USA a Spojen\u00e9ho kr\u00e1lovstv\u00ed, jsou ve v\u011bku 2022-2024 let a jsou pln\u011b ov\u011b\u0159eny pomoc\u00ed telefonn\u00edch, e-mailov\u00fdch a pr\u00e1vn\u00edch \u00fadaj\u016f. Ka\u017ed\u00fd \u00fa\u010det zahrnuje p\u0159\u00edstup do programu Apple Developer Program s mo\u017enost\u00ed publikovat aplikace p\u0159\u00edmo v App Store.<\/p>\n<p data-start=\"1168\" data-end=\"1436\">A\u0165 u\u017e spou\u0161t\u00edte kompatibiln\u00ed aplikaci pro iOS, testujete v\u00edce sestaven\u00ed nebo roz\u0161i\u0159ujete s\u00ed\u0165 aplikac\u00ed, tyto \u00fa\u010dty p\u0159edstavuj\u00ed pot\u0159ebnou infrastrukturu. P\u0159id\u00e1vejte vlastn\u00ed aplikace, spravujte certifik\u00e1ty a profily provisioningu a odes\u00edlejte aktualizace, ani\u017e byste museli \u010dekat t\u00fddny na schv\u00e1len\u00ed.<\/p>\n<p data-start=\"1438\" data-end=\"1613\">Pokud chcete rychlost, spolehlivost a kontrolu, je \u0159e\u0161en\u00ed jednoduch\u00e9: <strong data-start=\"1507\" data-end=\"1539\">koupit \u00fa\u010dty Apple pro v\u00fdvoj\u00e1\u0159e<\/strong> kter\u00e9 jsou ov\u011b\u0159en\u00e9, zest\u00e1rl\u00e9 a zaru\u010den\u011b p\u0159ipraven\u00e9 k publikov\u00e1n\u00ed v App Store.<\/p>","protected":false},"excerpt":{"rendered":"<p>Ov\u011b\u0159en\u00e9 \u00fa\u010dty Apple Developer p\u0159ipraven\u00e9 na odes\u00edl\u00e1n\u00ed aplikac\u00ed, recenze a rychl\u00e9 schvalov\u00e1n\u00ed - ide\u00e1ln\u00ed pro spou\u0161t\u011bn\u00ed skryt\u00fdch aplikac\u00ed, obch\u00e1zen\u00ed omezen\u00ed a skrytou distribuci.<\/p>","protected":false},"featured_media":9383,"template":"","meta":{"_acf_changed":false},"product_brand":[],"product_cat":[327],"product_tag":[],"class_list":{"0":"post-4939","1":"product","2":"type-product","3":"status-publish","4":"has-post-thumbnail","6":"product_cat-app-accounts","8":"first","9":"instock","10":"purchasable","11":"product-type-simple"},"acf":[],"yoast_head":"<!-- This site is optimized with the Yoast SEO Premium plugin v26.6 (Yoast SEO v26.7) - https:\/\/yoast.com\/wordpress\/plugins\/seo\/ -->\n<title>Buy Apple Developer Cloaking Accounts \u2013 Crypto &amp; Gambling<\/title>\n<meta name=\"description\" content=\"Buy Apple Developer Cloaking Accounts for crypto, gambling, dating and IPTV apps. Verified accounts to publish high-risk iOS apps and scale campaigns.\" \/>\n<meta name=\"robots\" content=\"index, follow, max-snippet:-1, max-image-preview:large, max-video-preview:-1\" \/>\n<link rel=\"canonical\" href=\"https:\/\/cloakmyads.com\/cs\/koupit\/koupit-apple-vyvojarske-ucty-maskovani\/\" \/>\n<meta property=\"og:locale\" content=\"cs_CZ\" \/>\n<meta property=\"og:type\" content=\"article\" \/>\n<meta property=\"og:title\" content=\"Apple Developer Cloaking Accounts\" \/>\n<meta property=\"og:description\" content=\"Buy Apple Developer Cloaking Accounts for crypto, gambling, dating and IPTV apps. Verified accounts to publish high-risk iOS apps and scale campaigns.\" \/>\n<meta property=\"og:url\" content=\"https:\/\/cloakmyads.com\/cs\/koupit\/koupit-apple-vyvojarske-ucty-maskovani\/\" \/>\n<meta property=\"og:site_name\" content=\"CloakMyAds\" \/>\n<meta property=\"article:modified_time\" content=\"2025-10-03T15:31:22+00:00\" \/>\n<meta property=\"og:image\" content=\"https:\/\/cloakmyads.com\/wp-content\/uploads\/2024\/04\/apple-developer-accounts-cloaking.png\" \/>\n\t<meta property=\"og:image:width\" content=\"940\" \/>\n\t<meta property=\"og:image:height\" content=\"640\" \/>\n\t<meta property=\"og:image:type\" content=\"image\/png\" \/>\n<meta name=\"twitter:card\" content=\"summary_large_image\" \/>\n<meta name=\"twitter:label1\" content=\"Odhadovan\u00e1 doba \u010dten\u00ed\" \/>\n\t<meta name=\"twitter:data1\" content=\"2 minuty\" \/>\n<script type=\"application\/ld+json\" class=\"yoast-schema-graph\">{\"@context\":\"https:\/\/schema.org\",\"@graph\":[{\"@type\":\"WebPage\",\"@id\":\"https:\/\/cloakmyads.com\/buy\/buy-apple-developer-accounts-cloaking\/\",\"url\":\"https:\/\/cloakmyads.com\/buy\/buy-apple-developer-accounts-cloaking\/\",\"name\":\"Buy Apple Developer Cloaking Accounts \u2013 Crypto & Gambling\",\"isPartOf\":{\"@id\":\"https:\/\/cloakmyads.com\/#website\"},\"primaryImageOfPage\":{\"@id\":\"https:\/\/cloakmyads.com\/buy\/buy-apple-developer-accounts-cloaking\/#primaryimage\"},\"image\":{\"@id\":\"https:\/\/cloakmyads.com\/buy\/buy-apple-developer-accounts-cloaking\/#primaryimage\"},\"thumbnailUrl\":\"https:\/\/cloakmyads.com\/wp-content\/uploads\/2024\/04\/apple-developer-accounts-cloaking.png\",\"datePublished\":\"2024-04-01T16:25:57+00:00\",\"dateModified\":\"2025-10-03T15:31:22+00:00\",\"description\":\"Buy Apple Developer Cloaking Accounts for crypto, gambling, dating and IPTV apps. Verified accounts to publish high-risk iOS apps and scale campaigns.\",\"breadcrumb\":{\"@id\":\"https:\/\/cloakmyads.com\/buy\/buy-apple-developer-accounts-cloaking\/#breadcrumb\"},\"inLanguage\":\"cs\",\"potentialAction\":[{\"@type\":\"ReadAction\",\"target\":[\"https:\/\/cloakmyads.com\/buy\/buy-apple-developer-accounts-cloaking\/\"]}]},{\"@type\":\"ImageObject\",\"inLanguage\":\"cs\",\"@id\":\"https:\/\/cloakmyads.com\/buy\/buy-apple-developer-accounts-cloaking\/#primaryimage\",\"url\":\"https:\/\/cloakmyads.com\/wp-content\/uploads\/2024\/04\/apple-developer-accounts-cloaking.png\",\"contentUrl\":\"https:\/\/cloakmyads.com\/wp-content\/uploads\/2024\/04\/apple-developer-accounts-cloaking.png\",\"width\":940,\"height\":640},{\"@type\":\"BreadcrumbList\",\"@id\":\"https:\/\/cloakmyads.com\/buy\/buy-apple-developer-accounts-cloaking\/#breadcrumb\",\"itemListElement\":[{\"@type\":\"ListItem\",\"position\":1,\"name\":\"Home\",\"item\":\"https:\/\/cloakmyads.com\/\"},{\"@type\":\"ListItem\",\"position\":2,\"name\":\"Shop\",\"item\":\"https:\/\/cloakmyads.com\/ar\/%d9%85%d8%aa%d8%ac%d8%b1\/\"},{\"@type\":\"ListItem\",\"position\":3,\"name\":\"Apple Developer Cloaking Accounts\"}]},{\"@type\":\"WebSite\",\"@id\":\"https:\/\/cloakmyads.com\/#website\",\"url\":\"https:\/\/cloakmyads.com\/\",\"name\":\"CloakMyAds\",\"description\":\"\",\"publisher\":{\"@id\":\"https:\/\/cloakmyads.com\/#organization\"},\"potentialAction\":[{\"@type\":\"SearchAction\",\"target\":{\"@type\":\"EntryPoint\",\"urlTemplate\":\"https:\/\/cloakmyads.com\/?s={search_term_string}\"},\"query-input\":{\"@type\":\"PropertyValueSpecification\",\"valueRequired\":true,\"valueName\":\"search_term_string\"}}],\"inLanguage\":\"cs\"},{\"@type\":\"Organization\",\"@id\":\"https:\/\/cloakmyads.com\/#organization\",\"name\":\"Buy Google Ads Accounts\",\"url\":\"https:\/\/cloakmyads.com\/\",\"logo\":{\"@type\":\"ImageObject\",\"inLanguage\":\"cs\",\"@id\":\"https:\/\/cloakmyads.com\/#\/schema\/logo\/image\/\",\"url\":\"https:\/\/cloakmyads.com\/wp-content\/uploads\/2025\/11\/fav-cloak.jpg\",\"contentUrl\":\"https:\/\/cloakmyads.com\/wp-content\/uploads\/2025\/11\/fav-cloak.jpg\",\"width\":512,\"height\":512,\"caption\":\"Buy Google Ads Accounts\"},\"image\":{\"@id\":\"https:\/\/cloakmyads.com\/#\/schema\/logo\/image\/\"}}]}<\/script>\n<!-- \/ Yoast SEO Premium plugin. -->","yoast_head_json":{"title":"Koupit Apple Developer Cloaking Accounts - Kryptom\u011bny a hazardn\u00ed hry","description":"Koupit Apple Developer Cloaking Accounts pro kryptografick\u00e9, hazardn\u00ed, seznamovac\u00ed a IPTV aplikace. Ov\u011b\u0159en\u00e9 \u00fa\u010dty pro publikov\u00e1n\u00ed vysoce rizikov\u00fdch aplikac\u00ed pro iOS a \u0161k\u00e1lov\u00e1n\u00ed kampan\u00ed.","robots":{"index":"index","follow":"follow","max-snippet":"max-snippet:-1","max-image-preview":"max-image-preview:large","max-video-preview":"max-video-preview:-1"},"canonical":"https:\/\/cloakmyads.com\/cs\/koupit\/koupit-apple-vyvojarske-ucty-maskovani\/","og_locale":"cs_CZ","og_type":"article","og_title":"Apple Developer Cloaking Accounts","og_description":"Buy Apple Developer Cloaking Accounts for crypto, gambling, dating and IPTV apps. Verified accounts to publish high-risk iOS apps and scale campaigns.","og_url":"https:\/\/cloakmyads.com\/cs\/koupit\/koupit-apple-vyvojarske-ucty-maskovani\/","og_site_name":"CloakMyAds","article_modified_time":"2025-10-03T15:31:22+00:00","og_image":[{"width":940,"height":640,"url":"https:\/\/cloakmyads.com\/wp-content\/uploads\/2024\/04\/apple-developer-accounts-cloaking.png","type":"image\/png"}],"twitter_card":"summary_large_image","twitter_misc":{"Odhadovan\u00e1 doba \u010dten\u00ed":"2 minuty"},"schema":{"@context":"https:\/\/schema.org","@graph":[{"@type":"WebPage","@id":"https:\/\/cloakmyads.com\/buy\/buy-apple-developer-accounts-cloaking\/","url":"https:\/\/cloakmyads.com\/buy\/buy-apple-developer-accounts-cloaking\/","name":"Koupit Apple Developer Cloaking Accounts - Kryptom\u011bny a hazardn\u00ed hry","isPartOf":{"@id":"https:\/\/cloakmyads.com\/#website"},"primaryImageOfPage":{"@id":"https:\/\/cloakmyads.com\/buy\/buy-apple-developer-accounts-cloaking\/#primaryimage"},"image":{"@id":"https:\/\/cloakmyads.com\/buy\/buy-apple-developer-accounts-cloaking\/#primaryimage"},"thumbnailUrl":"https:\/\/cloakmyads.com\/wp-content\/uploads\/2024\/04\/apple-developer-accounts-cloaking.png","datePublished":"2024-04-01T16:25:57+00:00","dateModified":"2025-10-03T15:31:22+00:00","description":"Koupit Apple Developer Cloaking Accounts pro kryptografick\u00e9, hazardn\u00ed, seznamovac\u00ed a IPTV aplikace. Ov\u011b\u0159en\u00e9 \u00fa\u010dty pro publikov\u00e1n\u00ed vysoce rizikov\u00fdch aplikac\u00ed pro iOS a \u0161k\u00e1lov\u00e1n\u00ed kampan\u00ed.","breadcrumb":{"@id":"https:\/\/cloakmyads.com\/buy\/buy-apple-developer-accounts-cloaking\/#breadcrumb"},"inLanguage":"cs","potentialAction":[{"@type":"ReadAction","target":["https:\/\/cloakmyads.com\/buy\/buy-apple-developer-accounts-cloaking\/"]}]},{"@type":"ImageObject","inLanguage":"cs","@id":"https:\/\/cloakmyads.com\/buy\/buy-apple-developer-accounts-cloaking\/#primaryimage","url":"https:\/\/cloakmyads.com\/wp-content\/uploads\/2024\/04\/apple-developer-accounts-cloaking.png","contentUrl":"https:\/\/cloakmyads.com\/wp-content\/uploads\/2024\/04\/apple-developer-accounts-cloaking.png","width":940,"height":640},{"@type":"BreadcrumbList","@id":"https:\/\/cloakmyads.com\/buy\/buy-apple-developer-accounts-cloaking\/#breadcrumb","itemListElement":[{"@type":"ListItem","position":1,"name":"Home","item":"https:\/\/cloakmyads.com\/"},{"@type":"ListItem","position":2,"name":"Shop","item":"https:\/\/cloakmyads.com\/ar\/%d9%85%d8%aa%d8%ac%d8%b1\/"},{"@type":"ListItem","position":3,"name":"Apple Developer Cloaking Accounts"}]},{"@type":"WebSite","@id":"https:\/\/cloakmyads.com\/#website","url":"https:\/\/cloakmyads.com\/","name":"CloakMyAds","description":"","publisher":{"@id":"https:\/\/cloakmyads.com\/#organization"},"potentialAction":[{"@type":"SearchAction","target":{"@type":"EntryPoint","urlTemplate":"https:\/\/cloakmyads.com\/?s={search_term_string}"},"query-input":{"@type":"PropertyValueSpecification","valueRequired":true,"valueName":"search_term_string"}}],"inLanguage":"cs"},{"@type":"Organization","@id":"https:\/\/cloakmyads.com\/#organization","name":"Koupit \u00fa\u010dty Google Ads","url":"https:\/\/cloakmyads.com\/","logo":{"@type":"ImageObject","inLanguage":"cs","@id":"https:\/\/cloakmyads.com\/#\/schema\/logo\/image\/","url":"https:\/\/cloakmyads.com\/wp-content\/uploads\/2025\/11\/fav-cloak.jpg","contentUrl":"https:\/\/cloakmyads.com\/wp-content\/uploads\/2025\/11\/fav-cloak.jpg","width":512,"height":512,"caption":"Buy Google Ads Accounts"},"image":{"@id":"https:\/\/cloakmyads.com\/#\/schema\/logo\/image\/"}}]}},"_links":{"self":[{"href":"https:\/\/cloakmyads.com\/cs\/wp-json\/wp\/v2\/product\/4939","targetHints":{"allow":["GET"]}}],"collection":[{"href":"https:\/\/cloakmyads.com\/cs\/wp-json\/wp\/v2\/product"}],"about":[{"href":"https:\/\/cloakmyads.com\/cs\/wp-json\/wp\/v2\/types\/product"}],"version-history":[{"count":5,"href":"https:\/\/cloakmyads.com\/cs\/wp-json\/wp\/v2\/product\/4939\/revisions"}],"predecessor-version":[{"id":9753,"href":"https:\/\/cloakmyads.com\/cs\/wp-json\/wp\/v2\/product\/4939\/revisions\/9753"}],"wp:featuredmedia":[{"embeddable":true,"href":"https:\/\/cloakmyads.com\/cs\/wp-json\/wp\/v2\/media\/9383"}],"wp:attachment":[{"href":"https:\/\/cloakmyads.com\/cs\/wp-json\/wp\/v2\/media?parent=4939"}],"wp:term":[{"taxonomy":"product_brand","embeddable":true,"href":"https:\/\/cloakmyads.com\/cs\/wp-json\/wp\/v2\/product_brand?post=4939"},{"taxonomy":"product_cat","embeddable":true,"href":"https:\/\/cloakmyads.com\/cs\/wp-json\/wp\/v2\/product_cat?post=4939"},{"taxonomy":"product_tag","embeddable":true,"href":"https:\/\/cloakmyads.com\/cs\/wp-json\/wp\/v2\/product_tag?post=4939"}],"curies":[{"name":"wp","href":"https:\/\/api.w.org\/{rel}","templated":true}]}}