{"id":324,"date":"2021-07-13T14:00:43","date_gmt":"2021-07-13T11:00:43","guid":{"rendered":"https:\/\/www.revohackers.net\/?post_type=product&#038;p=324"},"modified":"2025-10-03T16:40:08","modified_gmt":"2025-10-03T15:40:08","slug":"koupit-google-ads-ucty-maskovani","status":"publish","type":"product","link":"https:\/\/cloakmyads.com\/cs\/koupit\/koupit-google-ads-ucty-maskovani\/","title":{"rendered":"\u00da\u010dty pro skryt\u00e9 reklamy Google"},"content":{"rendered":"<p data-start=\"251\" data-end=\"541\">Kdy\u017e si od n\u00e1s koup\u00edte \u00fa\u010dty Google Ads, nez\u00edsk\u00e1te \u010derstv\u00e9 p\u0159ihla\u0161ovac\u00ed \u00fadaje ani nekvalitn\u00ed odpad - z\u00edsk\u00e1te pln\u011b ov\u011b\u0159en\u00e9, star\u0161\u00ed \u00fa\u010dty spojen\u00e9 se skute\u010dn\u00fdmi firmami z USA a Spojen\u00e9ho kr\u00e1lovstv\u00ed. Ka\u017ed\u00fd \u00fa\u010det je p\u0159edeh\u0159\u00e1t\u00fd, stabiln\u00ed a vytvo\u0159en\u00fd tak, aby podporoval maskov\u00e1n\u00ed, agresivn\u00ed \u0161k\u00e1lov\u00e1n\u00ed a rychl\u00e9 spou\u0161t\u011bn\u00ed kampan\u00ed.<\/p>\n<p data-start=\"543\" data-end=\"855\">Syst\u00e9m hodnocen\u00ed spole\u010dnosti Google se stal p\u0159\u00edsn\u011bj\u0161\u00edm ne\u017e kdykoli p\u0159edt\u00edm. \u010cerstv\u00e9 \u00fa\u010dty jsou \u010dasto ozna\u010deny, pozastaveny nebo zam\u00edtnuty je\u0161t\u011b p\u0159ed spu\u0161t\u011bn\u00edm - zejm\u00e9na v rizikov\u00fdch oborech. Proto seri\u00f3zn\u00ed n\u00e1kup\u010d\u00ed m\u00e9di\u00ed, affiliate market\u00e9\u0159i a agenturn\u00ed t\u00fdmy vol\u00ed n\u00e1kup ji\u017e zest\u00e1rl\u00fdch a d\u016fv\u011bryhodn\u00fdch \u00fa\u010dt\u016f Google Ads.<\/p>\n<p data-start=\"857\" data-end=\"1102\">V\u0161echny \u00fa\u010dty poch\u00e1zej\u00ed z obdob\u00ed 2022-2024, obsahuj\u00ed ov\u011b\u0159en\u00e9 faktura\u010dn\u00ed \u00fadaje a nejsou na nich \u017e\u00e1dn\u00e1 poru\u0161en\u00ed z\u00e1sad. M\u016f\u017eete pou\u017e\u00edt vlastn\u00ed platebn\u00ed metodu nebo si vy\u017e\u00e1dat dal\u0161\u00ed slu\u017eby, jako je nastaven\u00ed RDP, faktura\u010dn\u00ed profily a nasazen\u00ed p\u0159ipraven\u00e9 proxy.<\/p>\n<p data-start=\"1104\" data-end=\"1303\">Pokud pot\u0159ebujete rychle spou\u0161t\u011bt reklamy, \u0161k\u00e1lovat maskovan\u00e9 kampan\u011b nebo se vyhnout nekone\u010dn\u00e9 smy\u010dce pozastaven\u00ed, je to spr\u00e1vn\u00fd zp\u016fsob. Kupte si \u00fa\u010dty Google Ads, kter\u00e9 udr\u017e\u00ed va\u0161e reklamy v chodu - a va\u0161e zisky porostou.<\/p>","protected":false},"excerpt":{"rendered":"<p>Obejd\u011bte detek\u010dn\u00ed syst\u00e9my Googlu pomoc\u00ed pokro\u010dil\u00fdch maskovan\u00fdch \u00fa\u010dt\u016f, kter\u00e9 jsou p\u0159ipraveny na provozov\u00e1n\u00ed kryptografick\u00fdch, hazardn\u00edch a forexov\u00fdch nab\u00eddek a \u010dern\u00fdch obchod\u016f, ani\u017e by vyvolaly recenze.<\/p>","protected":false},"featured_media":9353,"template":"","meta":{"_acf_changed":false},"product_brand":[],"product_cat":[65],"product_tag":[],"class_list":{"0":"post-324","1":"product","2":"type-product","3":"status-publish","4":"has-post-thumbnail","6":"product_cat-accounts","8":"first","9":"instock","10":"purchasable","11":"product-type-simple"},"acf":[],"yoast_head":"<!-- This site is optimized with the Yoast SEO Premium plugin v26.6 (Yoast SEO v26.7) - https:\/\/yoast.com\/wordpress\/plugins\/seo\/ -->\n<title>Buy Google Ads Cloaking Accounts \u2013 Crypto &amp; Gambling<\/title>\n<meta name=\"description\" content=\"Buy Google Ads Cloaking Accounts for crypto, gambling, betting, and forex campaigns. Verified cloaking accounts to scale risky ads without bans.\" \/>\n<meta name=\"robots\" content=\"index, follow, max-snippet:-1, max-image-preview:large, max-video-preview:-1\" \/>\n<link rel=\"canonical\" href=\"https:\/\/cloakmyads.com\/cs\/koupit\/koupit-google-ads-ucty-maskovani\/\" \/>\n<meta property=\"og:locale\" content=\"cs_CZ\" \/>\n<meta property=\"og:type\" content=\"article\" \/>\n<meta property=\"og:title\" content=\"Google Ads Cloaking Accounts\" \/>\n<meta property=\"og:description\" content=\"Buy Google Ads Cloaking Accounts for crypto, gambling, betting, and forex campaigns. Verified cloaking accounts to scale risky ads without bans.\" \/>\n<meta property=\"og:url\" content=\"https:\/\/cloakmyads.com\/cs\/koupit\/koupit-google-ads-ucty-maskovani\/\" \/>\n<meta property=\"og:site_name\" content=\"CloakMyAds\" \/>\n<meta property=\"article:modified_time\" content=\"2025-10-03T15:40:08+00:00\" \/>\n<meta property=\"og:image\" content=\"https:\/\/cloakmyads.com\/wp-content\/uploads\/2021\/07\/google-ads-cloaking.png\" \/>\n\t<meta property=\"og:image:width\" content=\"940\" \/>\n\t<meta property=\"og:image:height\" content=\"640\" \/>\n\t<meta property=\"og:image:type\" content=\"image\/png\" \/>\n<meta name=\"twitter:card\" content=\"summary_large_image\" \/>\n<meta name=\"twitter:label1\" content=\"Odhadovan\u00e1 doba \u010dten\u00ed\" \/>\n\t<meta name=\"twitter:data1\" content=\"1 minuta\" \/>\n<script type=\"application\/ld+json\" class=\"yoast-schema-graph\">{\"@context\":\"https:\/\/schema.org\",\"@graph\":[{\"@type\":\"WebPage\",\"@id\":\"https:\/\/cloakmyads.com\/buy\/buy-google-ads-accounts-cloaking\/\",\"url\":\"https:\/\/cloakmyads.com\/buy\/buy-google-ads-accounts-cloaking\/\",\"name\":\"Buy Google Ads Cloaking Accounts \u2013 Crypto & Gambling\",\"isPartOf\":{\"@id\":\"https:\/\/cloakmyads.com\/#website\"},\"primaryImageOfPage\":{\"@id\":\"https:\/\/cloakmyads.com\/buy\/buy-google-ads-accounts-cloaking\/#primaryimage\"},\"image\":{\"@id\":\"https:\/\/cloakmyads.com\/buy\/buy-google-ads-accounts-cloaking\/#primaryimage\"},\"thumbnailUrl\":\"https:\/\/cloakmyads.com\/wp-content\/uploads\/2021\/07\/google-ads-cloaking.png\",\"datePublished\":\"2021-07-13T11:00:43+00:00\",\"dateModified\":\"2025-10-03T15:40:08+00:00\",\"description\":\"Buy Google Ads Cloaking Accounts for crypto, gambling, betting, and forex campaigns. Verified cloaking accounts to scale risky ads without bans.\",\"breadcrumb\":{\"@id\":\"https:\/\/cloakmyads.com\/buy\/buy-google-ads-accounts-cloaking\/#breadcrumb\"},\"inLanguage\":\"cs\",\"potentialAction\":[{\"@type\":\"ReadAction\",\"target\":[\"https:\/\/cloakmyads.com\/buy\/buy-google-ads-accounts-cloaking\/\"]}]},{\"@type\":\"ImageObject\",\"inLanguage\":\"cs\",\"@id\":\"https:\/\/cloakmyads.com\/buy\/buy-google-ads-accounts-cloaking\/#primaryimage\",\"url\":\"https:\/\/cloakmyads.com\/wp-content\/uploads\/2021\/07\/google-ads-cloaking.png\",\"contentUrl\":\"https:\/\/cloakmyads.com\/wp-content\/uploads\/2021\/07\/google-ads-cloaking.png\",\"width\":940,\"height\":640,\"caption\":\"Google Ads Cloaking Gambling Crypto Ads\"},{\"@type\":\"BreadcrumbList\",\"@id\":\"https:\/\/cloakmyads.com\/buy\/buy-google-ads-accounts-cloaking\/#breadcrumb\",\"itemListElement\":[{\"@type\":\"ListItem\",\"position\":1,\"name\":\"Home\",\"item\":\"https:\/\/cloakmyads.com\/\"},{\"@type\":\"ListItem\",\"position\":2,\"name\":\"Shop\",\"item\":\"https:\/\/cloakmyads.com\/ar\/%d9%85%d8%aa%d8%ac%d8%b1\/\"},{\"@type\":\"ListItem\",\"position\":3,\"name\":\"Google Ads Cloaking Accounts\"}]},{\"@type\":\"WebSite\",\"@id\":\"https:\/\/cloakmyads.com\/#website\",\"url\":\"https:\/\/cloakmyads.com\/\",\"name\":\"CloakMyAds\",\"description\":\"\",\"publisher\":{\"@id\":\"https:\/\/cloakmyads.com\/#organization\"},\"potentialAction\":[{\"@type\":\"SearchAction\",\"target\":{\"@type\":\"EntryPoint\",\"urlTemplate\":\"https:\/\/cloakmyads.com\/?s={search_term_string}\"},\"query-input\":{\"@type\":\"PropertyValueSpecification\",\"valueRequired\":true,\"valueName\":\"search_term_string\"}}],\"inLanguage\":\"cs\"},{\"@type\":\"Organization\",\"@id\":\"https:\/\/cloakmyads.com\/#organization\",\"name\":\"Buy Google Ads Accounts\",\"url\":\"https:\/\/cloakmyads.com\/\",\"logo\":{\"@type\":\"ImageObject\",\"inLanguage\":\"cs\",\"@id\":\"https:\/\/cloakmyads.com\/#\/schema\/logo\/image\/\",\"url\":\"https:\/\/cloakmyads.com\/wp-content\/uploads\/2025\/11\/fav-cloak.jpg\",\"contentUrl\":\"https:\/\/cloakmyads.com\/wp-content\/uploads\/2025\/11\/fav-cloak.jpg\",\"width\":512,\"height\":512,\"caption\":\"Buy Google Ads Accounts\"},\"image\":{\"@id\":\"https:\/\/cloakmyads.com\/#\/schema\/logo\/image\/\"}}]}<\/script>\n<!-- \/ Yoast SEO Premium plugin. -->","yoast_head_json":{"title":"Koupit Google Ads Cloaking \u00fa\u010dty - Crypto &amp; Gambling","description":"Kupte si maskovac\u00ed \u00fa\u010dty Google Ads pro kryptografick\u00e9, hazardn\u00ed, s\u00e1zkov\u00e9 a forexov\u00e9 kampan\u011b. Ov\u011b\u0159en\u00e9 maskovac\u00ed \u00fa\u010dty pro \u0161k\u00e1lov\u00e1n\u00ed rizikov\u00fdch reklam bez z\u00e1kaz\u016f.","robots":{"index":"index","follow":"follow","max-snippet":"max-snippet:-1","max-image-preview":"max-image-preview:large","max-video-preview":"max-video-preview:-1"},"canonical":"https:\/\/cloakmyads.com\/cs\/koupit\/koupit-google-ads-ucty-maskovani\/","og_locale":"cs_CZ","og_type":"article","og_title":"Google Ads Cloaking Accounts","og_description":"Buy Google Ads Cloaking Accounts for crypto, gambling, betting, and forex campaigns. Verified cloaking accounts to scale risky ads without bans.","og_url":"https:\/\/cloakmyads.com\/cs\/koupit\/koupit-google-ads-ucty-maskovani\/","og_site_name":"CloakMyAds","article_modified_time":"2025-10-03T15:40:08+00:00","og_image":[{"width":940,"height":640,"url":"https:\/\/cloakmyads.com\/wp-content\/uploads\/2021\/07\/google-ads-cloaking.png","type":"image\/png"}],"twitter_card":"summary_large_image","twitter_misc":{"Odhadovan\u00e1 doba \u010dten\u00ed":"1 minuta"},"schema":{"@context":"https:\/\/schema.org","@graph":[{"@type":"WebPage","@id":"https:\/\/cloakmyads.com\/buy\/buy-google-ads-accounts-cloaking\/","url":"https:\/\/cloakmyads.com\/buy\/buy-google-ads-accounts-cloaking\/","name":"Koupit Google Ads Cloaking \u00fa\u010dty - Crypto &amp; Gambling","isPartOf":{"@id":"https:\/\/cloakmyads.com\/#website"},"primaryImageOfPage":{"@id":"https:\/\/cloakmyads.com\/buy\/buy-google-ads-accounts-cloaking\/#primaryimage"},"image":{"@id":"https:\/\/cloakmyads.com\/buy\/buy-google-ads-accounts-cloaking\/#primaryimage"},"thumbnailUrl":"https:\/\/cloakmyads.com\/wp-content\/uploads\/2021\/07\/google-ads-cloaking.png","datePublished":"2021-07-13T11:00:43+00:00","dateModified":"2025-10-03T15:40:08+00:00","description":"Kupte si maskovac\u00ed \u00fa\u010dty Google Ads pro kryptografick\u00e9, hazardn\u00ed, s\u00e1zkov\u00e9 a forexov\u00e9 kampan\u011b. Ov\u011b\u0159en\u00e9 maskovac\u00ed \u00fa\u010dty pro \u0161k\u00e1lov\u00e1n\u00ed rizikov\u00fdch reklam bez z\u00e1kaz\u016f.","breadcrumb":{"@id":"https:\/\/cloakmyads.com\/buy\/buy-google-ads-accounts-cloaking\/#breadcrumb"},"inLanguage":"cs","potentialAction":[{"@type":"ReadAction","target":["https:\/\/cloakmyads.com\/buy\/buy-google-ads-accounts-cloaking\/"]}]},{"@type":"ImageObject","inLanguage":"cs","@id":"https:\/\/cloakmyads.com\/buy\/buy-google-ads-accounts-cloaking\/#primaryimage","url":"https:\/\/cloakmyads.com\/wp-content\/uploads\/2021\/07\/google-ads-cloaking.png","contentUrl":"https:\/\/cloakmyads.com\/wp-content\/uploads\/2021\/07\/google-ads-cloaking.png","width":940,"height":640,"caption":"Google Ads Cloaking Gambling Crypto Ads"},{"@type":"BreadcrumbList","@id":"https:\/\/cloakmyads.com\/buy\/buy-google-ads-accounts-cloaking\/#breadcrumb","itemListElement":[{"@type":"ListItem","position":1,"name":"Home","item":"https:\/\/cloakmyads.com\/"},{"@type":"ListItem","position":2,"name":"Shop","item":"https:\/\/cloakmyads.com\/ar\/%d9%85%d8%aa%d8%ac%d8%b1\/"},{"@type":"ListItem","position":3,"name":"Google Ads Cloaking Accounts"}]},{"@type":"WebSite","@id":"https:\/\/cloakmyads.com\/#website","url":"https:\/\/cloakmyads.com\/","name":"CloakMyAds","description":"","publisher":{"@id":"https:\/\/cloakmyads.com\/#organization"},"potentialAction":[{"@type":"SearchAction","target":{"@type":"EntryPoint","urlTemplate":"https:\/\/cloakmyads.com\/?s={search_term_string}"},"query-input":{"@type":"PropertyValueSpecification","valueRequired":true,"valueName":"search_term_string"}}],"inLanguage":"cs"},{"@type":"Organization","@id":"https:\/\/cloakmyads.com\/#organization","name":"Koupit \u00fa\u010dty Google Ads","url":"https:\/\/cloakmyads.com\/","logo":{"@type":"ImageObject","inLanguage":"cs","@id":"https:\/\/cloakmyads.com\/#\/schema\/logo\/image\/","url":"https:\/\/cloakmyads.com\/wp-content\/uploads\/2025\/11\/fav-cloak.jpg","contentUrl":"https:\/\/cloakmyads.com\/wp-content\/uploads\/2025\/11\/fav-cloak.jpg","width":512,"height":512,"caption":"Buy Google Ads Accounts"},"image":{"@id":"https:\/\/cloakmyads.com\/#\/schema\/logo\/image\/"}}]}},"_links":{"self":[{"href":"https:\/\/cloakmyads.com\/cs\/wp-json\/wp\/v2\/product\/324","targetHints":{"allow":["GET"]}}],"collection":[{"href":"https:\/\/cloakmyads.com\/cs\/wp-json\/wp\/v2\/product"}],"about":[{"href":"https:\/\/cloakmyads.com\/cs\/wp-json\/wp\/v2\/types\/product"}],"version-history":[{"count":37,"href":"https:\/\/cloakmyads.com\/cs\/wp-json\/wp\/v2\/product\/324\/revisions"}],"predecessor-version":[{"id":9732,"href":"https:\/\/cloakmyads.com\/cs\/wp-json\/wp\/v2\/product\/324\/revisions\/9732"}],"wp:featuredmedia":[{"embeddable":true,"href":"https:\/\/cloakmyads.com\/cs\/wp-json\/wp\/v2\/media\/9353"}],"wp:attachment":[{"href":"https:\/\/cloakmyads.com\/cs\/wp-json\/wp\/v2\/media?parent=324"}],"wp:term":[{"taxonomy":"product_brand","embeddable":true,"href":"https:\/\/cloakmyads.com\/cs\/wp-json\/wp\/v2\/product_brand?post=324"},{"taxonomy":"product_cat","embeddable":true,"href":"https:\/\/cloakmyads.com\/cs\/wp-json\/wp\/v2\/product_cat?post=324"},{"taxonomy":"product_tag","embeddable":true,"href":"https:\/\/cloakmyads.com\/cs\/wp-json\/wp\/v2\/product_tag?post=324"}],"curies":[{"name":"wp","href":"https:\/\/api.w.org\/{rel}","templated":true}]}}